{"id":30785,"date":"2025-03-25T08:23:49","date_gmt":"2025-03-25T12:23:49","guid":{"rendered":"https:\/\/www.precisionot.com\/?post_type=product&#038;p=30785"},"modified":"2025-03-25T08:45:30","modified_gmt":"2025-03-25T12:45:30","slug":"anterior-sfp10g-xgtb-n2i-2","status":"publish","type":"product","link":"https:\/\/www.precisionot.com\/es\/product\/pre-sfp10g-xgtb-n2i-2\/","title":{"rendered":"PRE-SFP10G-XGTB-N2I+"},"content":{"rendered":"<p>El PRE-SFP10G-XGTB-N2I+ es un transceptor OLT XGS-PON de alto rendimiento, dise\u00f1ado para velocidades de datos sim\u00e9tricas de 9,953 Gbps en longitudes de onda de 1577\/1270 nm. Incorpora un transmisor l\u00e1ser EML y un receptor APD en modo r\u00e1faga para una comunicaci\u00f3n fiable de subida y bajada. Con un conector SC\/UPC, monitorizaci\u00f3n DDM\/RSSI y clasificaci\u00f3n I-Temp, garantiza un funcionamiento robusto en entornos exigentes. Dispone de versiones compatibles con BEAD\/BABA, lo que lo hace ideal para proyectos de expansi\u00f3n de banda ancha.<\/p>\n<hr \/>\n<p>El PRE-SFP10G-XGTB-N2I+ es un transceptor OLT XGS-PON de alto rendimiento dise\u00f1ado para redes de fibra hasta el hogar (FTTH). Admite velocidades de datos sim\u00e9tricas de 10G y cumple con la norma ITU-T G.9807.1 Clase N2, lo que garantiza una interoperabilidad fluida con la infraestructura XGS-PON. Dise\u00f1ado para aplicaciones OLT, permite un acceso confiable a banda ancha de alta velocidad. Adem\u00e1s, el m\u00f3dulo cumple con la normativa RoHS, lo que garantiza est\u00e1ndares ambientales y de seguridad para implementaciones de red sostenibles.<\/p>","protected":false},"excerpt":{"rendered":"<p class=\"p2\">El PRE-SFP10G-XGTB-N2I+ es un transceptor OLT XGS-PON de alto rendimiento, compatible con velocidades de datos sim\u00e9tricas de 9,953 Gbps, conformidad con ITU-T G.9807.1 Clase N2 y funcionamiento a temperatura industrial, lo que lo hace ideal para implementaciones FTTH y redes de banda ancha de pr\u00f3xima generaci\u00f3n.<\/p>\n<hr \/>\n<p class=\"p2\"><strong>SFP+, OLT XGS-PON, N2I+, SMF\/SC, I-Temp<\/strong><\/p>","protected":false},"featured_media":30787,"template":"","meta":{"_acf_changed":false,"content-type":"","site-sidebar-layout":"default","site-content-layout":"default","ast-site-content-layout":"default","site-content-style":"default","site-sidebar-style":"default","ast-global-header-display":"","ast-banner-title-visibility":"","ast-main-header-display":"","ast-hfb-above-header-display":"","ast-hfb-below-header-display":"","ast-hfb-mobile-header-display":"","site-post-title":"","ast-breadcrumbs-content":"","ast-featured-img":"","footer-sml-layout":"","ast-disable-related-posts":"","theme-transparent-header-meta":"default","adv-header-id-meta":"","stick-header-meta":"","header-above-stick-meta":"","header-main-stick-meta":"","header-below-stick-meta":"","astra-migrate-meta-layouts":"set","ast-page-background-enabled":"default","ast-page-background-meta":{"desktop":{"background-color":"","background-image":"","background-repeat":"repeat","background-position":"center center","background-size":"auto","background-attachment":"scroll","background-type":"","background-media":"","overlay-type":"","overlay-color":"","overlay-opacity":"","overlay-gradient":""},"tablet":{"background-color":"","background-image":"","background-repeat":"repeat","background-position":"center center","background-size":"auto","background-attachment":"scroll","background-type":"","background-media":"","overlay-type":"","overlay-color":"","overlay-opacity":"","overlay-gradient":""},"mobile":{"background-color":"","background-image":"","background-repeat":"repeat","background-position":"center center","background-size":"auto","background-attachment":"scroll","background-type":"","background-media":"","overlay-type":"","overlay-color":"","overlay-opacity":"","overlay-gradient":""}},"ast-content-background-meta":{"desktop":{"background-color":"var(--ast-global-color-5)","background-image":"","background-repeat":"repeat","background-position":"center center","background-size":"auto","background-attachment":"scroll","background-type":"","background-media":"","overlay-type":"","overlay-color":"","overlay-opacity":"","overlay-gradient":""},"tablet":{"background-color":"var(--ast-global-color-5)","background-image":"","background-repeat":"repeat","background-position":"center center","background-size":"auto","background-attachment":"scroll","background-type":"","background-media":"","overlay-type":"","overlay-color":"","overlay-opacity":"","overlay-gradient":""},"mobile":{"background-color":"var(--ast-global-color-5)","background-image":"","background-repeat":"repeat","background-position":"center center","background-size":"auto","background-attachment":"scroll","background-type":"","background-media":"","overlay-type":"","overlay-color":"","overlay-opacity":"","overlay-gradient":""}}},"product_brand":[],"product_cat":[327],"product_tag":[],"class_list":{"0":"post-30785","1":"product","2":"type-product","3":"status-publish","4":"has-post-thumbnail","6":"product_cat-xgspon","7":"desktop-align-left","8":"tablet-align-left","9":"mobile-align-left","10":"ast-product-gallery-layout-horizontal-slider","11":"ast-product-gallery-with-no-image","12":"ast-product-tabs-layout-horizontal","14":"first","15":"instock","16":"shipping-taxable","17":"purchasable","18":"product-type-simple"},"composite_virtual":false,"composite_layout":"","composite_add_to_cart_form_location":"","composite_editable_in_cart":false,"composite_sold_individually_context":"","composite_shop_price_calc":"","composite_components":[],"composite_scenarios":[],"acf":[],"_links":{"self":[{"href":"https:\/\/www.precisionot.com\/es\/wp-json\/wp\/v2\/product\/30785","targetHints":{"allow":["GET"]}}],"collection":[{"href":"https:\/\/www.precisionot.com\/es\/wp-json\/wp\/v2\/product"}],"about":[{"href":"https:\/\/www.precisionot.com\/es\/wp-json\/wp\/v2\/types\/product"}],"version-history":[{"count":0,"href":"https:\/\/www.precisionot.com\/es\/wp-json\/wp\/v2\/product\/30785\/revisions"}],"wp:featuredmedia":[{"embeddable":true,"href":"https:\/\/www.precisionot.com\/es\/wp-json\/wp\/v2\/media\/30787"}],"wp:attachment":[{"href":"https:\/\/www.precisionot.com\/es\/wp-json\/wp\/v2\/media?parent=30785"}],"wp:term":[{"taxonomy":"product_brand","embeddable":true,"href":"https:\/\/www.precisionot.com\/es\/wp-json\/wp\/v2\/product_brand?post=30785"},{"taxonomy":"product_cat","embeddable":true,"href":"https:\/\/www.precisionot.com\/es\/wp-json\/wp\/v2\/product_cat?post=30785"},{"taxonomy":"product_tag","embeddable":true,"href":"https:\/\/www.precisionot.com\/es\/wp-json\/wp\/v2\/product_tag?post=30785"}],"curies":[{"name":"Gracias","href":"https:\/\/api.w.org\/{rel}","templated":true}]}}