{"id":3063,"date":"2020-12-09T22:51:45","date_gmt":"2020-12-10T03:51:45","guid":{"rendered":"https:\/\/www.precisionot.com\/?post_type=product&#038;p=3063"},"modified":"2025-06-30T09:51:10","modified_gmt":"2025-06-30T13:51:10","slug":"anterior-sfp10g-dxx-80-i","status":"publish","type":"product","link":"https:\/\/www.precisionot.com\/es\/product\/pre-sfp10g-dxx-80-i\/","title":{"rendered":"PRE-SFP10G-Dxx-80(I)"},"content":{"rendered":"<p class=\"p2\"><span class=\"NormalTextRun SCXW209297360 BCX0\">El m\u00f3dulo transceptor \u00f3ptico SFP10G-DXX-80(I) admite transmisi\u00f3n Ethernet 10G a distancias de hasta <\/span><span class=\"NormalTextRun AdvancedProofingIssueV2Themed SCXW209297360 BCX0\">80 kil\u00f3metros<\/span><span class=\"NormalTextRun SCXW209297360 BCX0\"> utilizando tecnolog\u00eda de multiplexaci\u00f3n por divisi\u00f3n de longitud de onda densa (DWDM) en una red de 100 GHz en la banda C. Este m\u00f3dulo es <\/span><span class=\"NormalTextRun SCXW209297360 BCX0\">optimizado<\/span><span class=\"NormalTextRun SCXW209297360 BCX0\"> para aplicaciones de ultra larga distancia en redes de metro, interconexiones de centros de datos e infraestructuras de telecomunicaciones que requieren un uso eficiente de los recursos de fibra y una asignaci\u00f3n precisa de longitudes de onda.<\/span><\/p>\n<hr \/>\n<p class=\"p2\"><span class=\"NormalTextRun SCXW209297360 BCX0\">Dise\u00f1ado para su uso con conectores de fibra monomodo (SMF) y d\u00faplex LC, ofrece transmisi\u00f3n de datos de alta capacidad a largas distancias. El monitoreo de diagn\u00f3stico digital (DDM) integrado proporciona un seguimiento del rendimiento en tiempo real, lo que permite una gesti\u00f3n eficaz de la red. <\/span><span class=\"NormalTextRun ContextualSpellingAndGrammarErrorV2Themed SCXW209297360 BCX0\">Es<\/span><span class=\"NormalTextRun SCXW209297360 BCX0\"> El dise\u00f1o intercambiable en caliente permite una integraci\u00f3n o reemplazo r\u00e1pido y f\u00e1cil sin interrumpir el servicio, lo que hace del SFP10G-DXX-80(I) una soluci\u00f3n vers\u00e1til y confiable para conectividad de alto rendimiento y largo alcance.<\/span><\/p>","protected":false},"excerpt":{"rendered":"<p class=\"p2\"><span class=\"NormalTextRun SCXW53893690 BCX0\">El transceptor \u00f3ptico SFP10G-DXX-80(I) admite Ethernet 10G sobre fibra monomodo con un alcance de hasta <\/span><span class=\"NormalTextRun AdvancedProofingIssueV2Themed SCXW53893690 BCX0\">80 kil\u00f3metros<\/span><span class=\"NormalTextRun SCXW53893690 BCX0\"> utilizando tecnolog\u00eda DWDM en una red de 100 GHz en la banda C.<\/span><\/p>\n<hr \/>\n<p class=\"p2\"><strong>SFP+, ZR, DWDM 100GHz, Banda C, <span class=\"s2\">10G, 80 kil\u00f3metros <\/span><\/strong><\/p>","protected":false},"featured_media":24200,"template":"","meta":{"_acf_changed":false,"content-type":"","site-sidebar-layout":"default","site-content-layout":"default","ast-site-content-layout":"default","site-content-style":"default","site-sidebar-style":"default","ast-global-header-display":"","ast-banner-title-visibility":"","ast-main-header-display":"","ast-hfb-above-header-display":"","ast-hfb-below-header-display":"","ast-hfb-mobile-header-display":"","site-post-title":"","ast-breadcrumbs-content":"","ast-featured-img":"","footer-sml-layout":"","ast-disable-related-posts":"","theme-transparent-header-meta":"default","adv-header-id-meta":"","stick-header-meta":"","header-above-stick-meta":"","header-main-stick-meta":"","header-below-stick-meta":"","astra-migrate-meta-layouts":"set","ast-page-background-enabled":"default","ast-page-background-meta":{"desktop":{"background-color":"","background-image":"","background-repeat":"repeat","background-position":"center center","background-size":"auto","background-attachment":"scroll","background-type":"","background-media":"","overlay-type":"","overlay-color":"","overlay-opacity":"","overlay-gradient":""},"tablet":{"background-color":"","background-image":"","background-repeat":"repeat","background-position":"center center","background-size":"auto","background-attachment":"scroll","background-type":"","background-media":"","overlay-type":"","overlay-color":"","overlay-opacity":"","overlay-gradient":""},"mobile":{"background-color":"","background-image":"","background-repeat":"repeat","background-position":"center center","background-size":"auto","background-attachment":"scroll","background-type":"","background-media":"","overlay-type":"","overlay-color":"","overlay-opacity":"","overlay-gradient":""}},"ast-content-background-meta":{"desktop":{"background-color":"var(--ast-global-color-5)","background-image":"","background-repeat":"repeat","background-position":"center center","background-size":"auto","background-attachment":"scroll","background-type":"","background-media":"","overlay-type":"","overlay-color":"","overlay-opacity":"","overlay-gradient":""},"tablet":{"background-color":"var(--ast-global-color-5)","background-image":"","background-repeat":"repeat","background-position":"center center","background-size":"auto","background-attachment":"scroll","background-type":"","background-media":"","overlay-type":"","overlay-color":"","overlay-opacity":"","overlay-gradient":""},"mobile":{"background-color":"var(--ast-global-color-5)","background-image":"","background-repeat":"repeat","background-position":"center center","background-size":"auto","background-attachment":"scroll","background-type":"","background-media":"","overlay-type":"","overlay-color":"","overlay-opacity":"","overlay-gradient":""}}},"product_brand":[],"product_cat":[317],"product_tag":[208],"class_list":{"0":"post-3063","1":"product","2":"type-product","3":"status-publish","4":"has-post-thumbnail","6":"product_cat-sfp-plus-dwdm","7":"product_tag-datasheets","8":"desktop-align-left","9":"tablet-align-left","10":"mobile-align-left","11":"ast-product-gallery-layout-horizontal-slider","12":"ast-product-gallery-with-no-image","13":"ast-product-single-variable","14":"ast-product-tabs-layout-horizontal","16":"first","17":"instock","18":"shipping-taxable","19":"purchasable","20":"product-type-variable","21":"has-default-attributes"},"composite_virtual":false,"composite_layout":"","composite_add_to_cart_form_location":"","composite_editable_in_cart":false,"composite_sold_individually_context":"","composite_shop_price_calc":"","composite_components":[],"composite_scenarios":[],"acf":[],"_links":{"self":[{"href":"https:\/\/www.precisionot.com\/es\/wp-json\/wp\/v2\/product\/3063","targetHints":{"allow":["GET"]}}],"collection":[{"href":"https:\/\/www.precisionot.com\/es\/wp-json\/wp\/v2\/product"}],"about":[{"href":"https:\/\/www.precisionot.com\/es\/wp-json\/wp\/v2\/types\/product"}],"version-history":[{"count":0,"href":"https:\/\/www.precisionot.com\/es\/wp-json\/wp\/v2\/product\/3063\/revisions"}],"wp:featuredmedia":[{"embeddable":true,"href":"https:\/\/www.precisionot.com\/es\/wp-json\/wp\/v2\/media\/24200"}],"wp:attachment":[{"href":"https:\/\/www.precisionot.com\/es\/wp-json\/wp\/v2\/media?parent=3063"}],"wp:term":[{"taxonomy":"product_brand","embeddable":true,"href":"https:\/\/www.precisionot.com\/es\/wp-json\/wp\/v2\/product_brand?post=3063"},{"taxonomy":"product_cat","embeddable":true,"href":"https:\/\/www.precisionot.com\/es\/wp-json\/wp\/v2\/product_cat?post=3063"},{"taxonomy":"product_tag","embeddable":true,"href":"https:\/\/www.precisionot.com\/es\/wp-json\/wp\/v2\/product_tag?post=3063"}],"curies":[{"name":"Gracias","href":"https:\/\/api.w.org\/{rel}","templated":true}]}}