{"id":3026,"date":"2020-12-09T22:49:54","date_gmt":"2020-12-10T03:49:54","guid":{"rendered":"https:\/\/www.precisionot.com\/?post_type=product&#038;p=3026"},"modified":"2026-02-19T10:00:11","modified_gmt":"2026-02-19T15:00:11","slug":"antes-del-sfp10g-dxx-40","status":"publish","type":"product","link":"https:\/\/www.precisionot.com\/es\/product\/pre-sfp10g-dxx-40\/","title":{"rendered":"PRE-SFP10G-Dxx-40"},"content":{"rendered":"<p><span class=\"NormalTextRun SCXW139496073 BCX0\">El m\u00f3dulo transceptor \u00f3ptico SFP10G-DXX-40 admite transmisi\u00f3n Ethernet 10G a distancias de hasta <\/span><span class=\"NormalTextRun AdvancedProofingIssueV2Themed SCXW139496073 BCX0\">40 kil\u00f3metros<\/span><span class=\"NormalTextRun SCXW139496073 BCX0\"> utilizando tecnolog\u00eda de multiplexaci\u00f3n por divisi\u00f3n de longitud de onda densa (DWDM) en una red de 100 GHz. Operando en una longitud de onda DWDM espec\u00edfica (<\/span><span class=\"NormalTextRun SpellingErrorV2Themed SCXW139496073 BCX0\">xxxx.xx<\/span><span class=\"NormalTextRun SCXW139496073 BCX0\"> nm), este m\u00f3dulo est\u00e1 dise\u00f1ado para transmisi\u00f3n de datos de alta capacidad y larga distancia a trav\u00e9s de fibra monomodo (SMF) con conectores LC d\u00faplex. Es ideal para redes metropolitanas, interconexiones de centros de datos y aplicaciones de telecomunicaciones que requieren un uso eficiente de los recursos de fibra y una asignaci\u00f3n precisa de longitudes de onda.<\/span><\/p>\n<hr \/>\n<p><span class=\"NormalTextRun SCXW139496073 BCX0\">Disponible en variantes de temperatura comercial (C-temp) e industrial (I-temp), el m\u00f3dulo garantiza un rendimiento confiable en diversos entornos operativos. El monitoreo de diagn\u00f3stico digital (DDM) integrado proporciona un seguimiento del rendimiento en tiempo real, lo que permite una administraci\u00f3n eficaz de la red. El dise\u00f1o intercambiable en caliente permite una f\u00e1cil integraci\u00f3n o reemplazo sin interrumpir las operaciones de la red.<\/span><\/p>","protected":false},"excerpt":{"rendered":"<p><span class=\"NormalTextRun SCXW153199833 BCX0\">El transceptor \u00f3ptico SFP10G-DXX-40 admite Ethernet 10G a trav\u00e9s de fibra monomodo con un alcance de hasta <\/span><span class=\"NormalTextRun AdvancedProofingIssueV2Themed SCXW153199833 BCX0\">40 kil\u00f3metros<\/span><span class=\"NormalTextRun SCXW153199833 BCX0\"> utilizando tecnolog\u00eda DWDM en una red de 100 GHz, disponible en <\/span><span class=\"NormalTextRun SpellingErrorV2Themed SCXW153199833 BCX0\">xxxx.xx<\/span><span class=\"NormalTextRun SCXW153199833 BCX0\"> longitudes de onda nm y variantes C-temp\/I-temp.<\/span><\/p>\n<hr \/>\n<p><strong>SFP+, ER, DWDM, 100 GHz, xxxx,xx nm, 10 G, 40 km, SMF\/LC, C-Temp\/I-Temp, DDM<\/strong><\/p>","protected":false},"featured_media":27994,"template":"","meta":{"_acf_changed":false,"content-type":"","site-sidebar-layout":"default","site-content-layout":"default","ast-site-content-layout":"default","site-content-style":"default","site-sidebar-style":"default","ast-global-header-display":"","ast-banner-title-visibility":"","ast-main-header-display":"","ast-hfb-above-header-display":"","ast-hfb-below-header-display":"","ast-hfb-mobile-header-display":"","site-post-title":"","ast-breadcrumbs-content":"","ast-featured-img":"","footer-sml-layout":"","ast-disable-related-posts":"","theme-transparent-header-meta":"default","adv-header-id-meta":"","stick-header-meta":"","header-above-stick-meta":"","header-main-stick-meta":"","header-below-stick-meta":"","astra-migrate-meta-layouts":"set","ast-page-background-enabled":"default","ast-page-background-meta":{"desktop":{"background-color":"","background-image":"","background-repeat":"repeat","background-position":"center center","background-size":"auto","background-attachment":"scroll","background-type":"","background-media":"","overlay-type":"","overlay-color":"","overlay-opacity":"","overlay-gradient":""},"tablet":{"background-color":"","background-image":"","background-repeat":"repeat","background-position":"center center","background-size":"auto","background-attachment":"scroll","background-type":"","background-media":"","overlay-type":"","overlay-color":"","overlay-opacity":"","overlay-gradient":""},"mobile":{"background-color":"","background-image":"","background-repeat":"repeat","background-position":"center center","background-size":"auto","background-attachment":"scroll","background-type":"","background-media":"","overlay-type":"","overlay-color":"","overlay-opacity":"","overlay-gradient":""}},"ast-content-background-meta":{"desktop":{"background-color":"var(--ast-global-color-5)","background-image":"","background-repeat":"repeat","background-position":"center center","background-size":"auto","background-attachment":"scroll","background-type":"","background-media":"","overlay-type":"","overlay-color":"","overlay-opacity":"","overlay-gradient":""},"tablet":{"background-color":"var(--ast-global-color-5)","background-image":"","background-repeat":"repeat","background-position":"center center","background-size":"auto","background-attachment":"scroll","background-type":"","background-media":"","overlay-type":"","overlay-color":"","overlay-opacity":"","overlay-gradient":""},"mobile":{"background-color":"var(--ast-global-color-5)","background-image":"","background-repeat":"repeat","background-position":"center center","background-size":"auto","background-attachment":"scroll","background-type":"","background-media":"","overlay-type":"","overlay-color":"","overlay-opacity":"","overlay-gradient":""}}},"product_brand":[],"product_cat":[317],"product_tag":[208],"class_list":{"0":"post-3026","1":"product","2":"type-product","3":"status-publish","4":"has-post-thumbnail","6":"product_cat-sfp-plus-dwdm","7":"product_tag-datasheets","8":"desktop-align-left","9":"tablet-align-left","10":"mobile-align-left","11":"ast-product-gallery-layout-horizontal-slider","12":"ast-product-gallery-with-no-image","13":"ast-product-single-variable","14":"ast-product-tabs-layout-horizontal","16":"first","17":"instock","18":"shipping-taxable","19":"purchasable","20":"product-type-variable","21":"has-default-attributes"},"composite_virtual":false,"composite_layout":"","composite_add_to_cart_form_location":"","composite_editable_in_cart":false,"composite_sold_individually_context":"","composite_shop_price_calc":"","composite_components":[],"composite_scenarios":[],"acf":[],"_links":{"self":[{"href":"https:\/\/www.precisionot.com\/es\/wp-json\/wp\/v2\/product\/3026","targetHints":{"allow":["GET"]}}],"collection":[{"href":"https:\/\/www.precisionot.com\/es\/wp-json\/wp\/v2\/product"}],"about":[{"href":"https:\/\/www.precisionot.com\/es\/wp-json\/wp\/v2\/types\/product"}],"version-history":[{"count":2,"href":"https:\/\/www.precisionot.com\/es\/wp-json\/wp\/v2\/product\/3026\/revisions"}],"predecessor-version":[{"id":33590,"href":"https:\/\/www.precisionot.com\/es\/wp-json\/wp\/v2\/product\/3026\/revisions\/33590"}],"wp:featuredmedia":[{"embeddable":true,"href":"https:\/\/www.precisionot.com\/es\/wp-json\/wp\/v2\/media\/27994"}],"wp:attachment":[{"href":"https:\/\/www.precisionot.com\/es\/wp-json\/wp\/v2\/media?parent=3026"}],"wp:term":[{"taxonomy":"product_brand","embeddable":true,"href":"https:\/\/www.precisionot.com\/es\/wp-json\/wp\/v2\/product_brand?post=3026"},{"taxonomy":"product_cat","embeddable":true,"href":"https:\/\/www.precisionot.com\/es\/wp-json\/wp\/v2\/product_cat?post=3026"},{"taxonomy":"product_tag","embeddable":true,"href":"https:\/\/www.precisionot.com\/es\/wp-json\/wp\/v2\/product_tag?post=3026"}],"curies":[{"name":"Gracias","href":"https:\/\/api.w.org\/{rel}","templated":true}]}}