{"id":2913,"date":"2020-12-09T22:44:50","date_gmt":"2020-12-10T03:44:50","guid":{"rendered":"https:\/\/www.precisionot.com\/?post_type=product&#038;p=2913"},"modified":"2024-10-28T10:58:50","modified_gmt":"2024-10-28T14:58:50","slug":"pre-sfp-dxx-160","status":"publish","type":"product","link":"https:\/\/www.precisionot.com\/es\/product\/pre-sfp-dxx-160\/","title":{"rendered":"PRE-SFP-Dxx-160"},"content":{"rendered":"<p><span class=\"NormalTextRun SCXW107888518 BCX0\">El m\u00f3dulo transceptor \u00f3ptico SFP-Dxx-160 admite transmisi\u00f3n Ethernet de 1 G a distancias ultralargas de hasta <\/span><span class=\"NormalTextRun SCXW107888518 BCX0\">160 kil\u00f3metros<\/span><span class=\"NormalTextRun SCXW107888518 BCX0\"> utilizando tecnolog\u00eda de multiplexaci\u00f3n por divisi\u00f3n de longitud de onda densa (DWDM) en una red de 100 GHz. Operando en una longitud de onda DWDM espec\u00edfica (<\/span><span class=\"NormalTextRun SpellingErrorV2Themed SCXW107888518 BCX0\">xxxx.xx<\/span><span class=\"NormalTextRun SCXW107888518 BCX0\"> nm), este transceptor es ideal para conectividad de alta capacidad y alcance extendido en redes de telecomunicaciones, centros de datos y empresas.<\/span><\/p>\n<hr \/>\n<p><span class=\"NormalTextRun SCXW107888518 BCX0\">Dise\u00f1ado para fibra monomodo (SMF) con conectores LC d\u00faplex, el SFP-Dxx-160 est\u00e1 disponible en variantes de temperatura comerciales (temperatura C) e industriales (temperatura I), lo que garantiza un rendimiento estable en diversas condiciones ambientales. Diagn\u00f3stico digital integrado <\/span><span class=\"NormalTextRun SCXW107888518 BCX0\">escucha<\/span><span class=\"NormalTextRun SCXW107888518 BCX0\"> (DDM) permite el seguimiento del rendimiento en tiempo real, <\/span><span class=\"NormalTextRun SCXW107888518 BCX0\">facilitando<\/span><span class=\"NormalTextRun SCXW107888518 BCX0\"> gesti\u00f3n proactiva de la red, mientras que el dise\u00f1o intercambiable en caliente permite una f\u00e1cil integraci\u00f3n o reemplazo sin interrupci\u00f3n del servicio.<\/span><\/p>","protected":false},"excerpt":{"rendered":"<p><span class=\"NormalTextRun SCXW114171611 BCX0\">El transceptor SFP-Dxx-160 admite Ethernet 1G a trav\u00e9s de fibra monomodo con un alcance de hasta <\/span><span class=\"NormalTextRun SCXW114171611 BCX0\">160 kil\u00f3metros<\/span><span class=\"NormalTextRun SCXW114171611 BCX0\"> utilizando tecnolog\u00eda DWDM, disponible en longitudes de onda espec\u00edficas de xxxx.xx nm y variantes C-temp\/I-temp con DDM incorporado.<\/span><\/p>\n<hr \/>\n<p><strong>SFP, EZX, DWDM, 100 GHz, xxxx.xx nm, 1G, 160 km, SMF\/LC, C-Temp\/I-Temp, DDM<\/strong><\/p>","protected":false},"featured_media":13013,"template":"","meta":{"_acf_changed":false,"content-type":"","site-sidebar-layout":"default","site-content-layout":"default","ast-site-content-layout":"default","site-content-style":"default","site-sidebar-style":"default","ast-global-header-display":"","ast-banner-title-visibility":"","ast-main-header-display":"","ast-hfb-above-header-display":"","ast-hfb-below-header-display":"","ast-hfb-mobile-header-display":"","site-post-title":"","ast-breadcrumbs-content":"","ast-featured-img":"","footer-sml-layout":"","ast-disable-related-posts":"","theme-transparent-header-meta":"default","adv-header-id-meta":"","stick-header-meta":"","header-above-stick-meta":"","header-main-stick-meta":"","header-below-stick-meta":"","astra-migrate-meta-layouts":"set","ast-page-background-enabled":"default","ast-page-background-meta":{"desktop":{"background-color":"","background-image":"","background-repeat":"repeat","background-position":"center center","background-size":"auto","background-attachment":"scroll","background-type":"","background-media":"","overlay-type":"","overlay-color":"","overlay-opacity":"","overlay-gradient":""},"tablet":{"background-color":"","background-image":"","background-repeat":"repeat","background-position":"center center","background-size":"auto","background-attachment":"scroll","background-type":"","background-media":"","overlay-type":"","overlay-color":"","overlay-opacity":"","overlay-gradient":""},"mobile":{"background-color":"","background-image":"","background-repeat":"repeat","background-position":"center center","background-size":"auto","background-attachment":"scroll","background-type":"","background-media":"","overlay-type":"","overlay-color":"","overlay-opacity":"","overlay-gradient":""}},"ast-content-background-meta":{"desktop":{"background-color":"var(--ast-global-color-5)","background-image":"","background-repeat":"repeat","background-position":"center center","background-size":"auto","background-attachment":"scroll","background-type":"","background-media":"","overlay-type":"","overlay-color":"","overlay-opacity":"","overlay-gradient":""},"tablet":{"background-color":"var(--ast-global-color-5)","background-image":"","background-repeat":"repeat","background-position":"center center","background-size":"auto","background-attachment":"scroll","background-type":"","background-media":"","overlay-type":"","overlay-color":"","overlay-opacity":"","overlay-gradient":""},"mobile":{"background-color":"var(--ast-global-color-5)","background-image":"","background-repeat":"repeat","background-position":"center center","background-size":"auto","background-attachment":"scroll","background-type":"","background-media":"","overlay-type":"","overlay-color":"","overlay-opacity":"","overlay-gradient":""}}},"product_brand":[],"product_cat":[323],"product_tag":[208],"class_list":{"0":"post-2913","1":"product","2":"type-product","3":"status-publish","4":"has-post-thumbnail","6":"product_cat-sfp-dwdm","7":"product_tag-datasheets","8":"desktop-align-left","9":"tablet-align-left","10":"mobile-align-left","11":"ast-product-gallery-layout-horizontal-slider","12":"ast-product-gallery-with-no-image","13":"ast-product-single-variable","14":"ast-product-tabs-layout-horizontal","16":"first","17":"instock","18":"shipping-taxable","19":"purchasable","20":"product-type-variable","21":"has-default-attributes"},"composite_virtual":false,"composite_layout":"","composite_add_to_cart_form_location":"","composite_editable_in_cart":false,"composite_sold_individually_context":"","composite_shop_price_calc":"","composite_components":[],"composite_scenarios":[],"acf":[],"_links":{"self":[{"href":"https:\/\/www.precisionot.com\/es\/wp-json\/wp\/v2\/product\/2913","targetHints":{"allow":["GET"]}}],"collection":[{"href":"https:\/\/www.precisionot.com\/es\/wp-json\/wp\/v2\/product"}],"about":[{"href":"https:\/\/www.precisionot.com\/es\/wp-json\/wp\/v2\/types\/product"}],"version-history":[{"count":0,"href":"https:\/\/www.precisionot.com\/es\/wp-json\/wp\/v2\/product\/2913\/revisions"}],"wp:featuredmedia":[{"embeddable":true,"href":"https:\/\/www.precisionot.com\/es\/wp-json\/wp\/v2\/media\/13013"}],"wp:attachment":[{"href":"https:\/\/www.precisionot.com\/es\/wp-json\/wp\/v2\/media?parent=2913"}],"wp:term":[{"taxonomy":"product_brand","embeddable":true,"href":"https:\/\/www.precisionot.com\/es\/wp-json\/wp\/v2\/product_brand?post=2913"},{"taxonomy":"product_cat","embeddable":true,"href":"https:\/\/www.precisionot.com\/es\/wp-json\/wp\/v2\/product_cat?post=2913"},{"taxonomy":"product_tag","embeddable":true,"href":"https:\/\/www.precisionot.com\/es\/wp-json\/wp\/v2\/product_tag?post=2913"}],"curies":[{"name":"Gracias","href":"https:\/\/api.w.org\/{rel}","templated":true}]}}