{"id":28354,"date":"2024-09-16T12:26:24","date_gmt":"2024-09-16T16:26:24","guid":{"rendered":"https:\/\/www.precisionot.com\/?post_type=product&#038;p=28354"},"modified":"2025-12-05T16:44:24","modified_gmt":"2025-12-05T21:44:24","slug":"pre-qsfp28m-zri","status":"publish","type":"product","link":"https:\/\/www.precisionot.com\/es\/product\/pre-qsfp28m-zri\/","title":{"rendered":"PRE-QSFP28M-ZR(I)"},"content":{"rendered":"<p class=\"p2\">El m\u00f3dulo transceptor \u00f3ptico QSFP28M-ZR(I) est\u00e1 dise\u00f1ado para la transmisi\u00f3n de larga distancia 100GE y OTU4 a distancias de hasta 80 kil\u00f3metros mediante tecnolog\u00eda LAN-WDM (LWDM). Operando sobre fibra monomodo (SMF) con conectores LC d\u00faplex, este m\u00f3dulo es ideal para redes de larga distancia, centros de datos y aplicaciones de telecomunicaciones que requieren conectividad de alto rendimiento y largo alcance.<\/p>\n<hr \/>\n<p class=\"p2\">El transceptor es compatible con los protocolos Ethernet 100G y OTU4, lo que lo hace vers\u00e1til para una variedad de aplicaciones de red. Su dise\u00f1o intercambiable en caliente garantiza una f\u00e1cil instalaci\u00f3n o reemplazo sin interrumpir la red, mientras que el bajo consumo de energ\u00eda contribuye a un funcionamiento energ\u00e9ticamente eficiente.<\/p>","protected":false},"excerpt":{"rendered":"<p>El transceptor \u00f3ptico QSFP28M-ZR(I) admite 100GE\/OTU4 sobre fibra monomodo con un alcance de hasta 80 kil\u00f3metros utilizando tecnolog\u00eda LWDM.<\/p>\n<hr \/>\n<p class=\"p2\"><strong>QSFP28, ZR, -8 dBm, sintonizable, banda C, 100 GE\/OTU4, 80 km, SMF\/LC, CMIS<\/strong><\/p>","protected":false},"featured_media":32760,"template":"","meta":{"_acf_changed":false,"content-type":"","site-sidebar-layout":"default","site-content-layout":"default","ast-site-content-layout":"default","site-content-style":"default","site-sidebar-style":"default","ast-global-header-display":"","ast-banner-title-visibility":"","ast-main-header-display":"","ast-hfb-above-header-display":"","ast-hfb-below-header-display":"","ast-hfb-mobile-header-display":"","site-post-title":"","ast-breadcrumbs-content":"","ast-featured-img":"","footer-sml-layout":"","ast-disable-related-posts":"","theme-transparent-header-meta":"default","adv-header-id-meta":"","stick-header-meta":"","header-above-stick-meta":"","header-main-stick-meta":"","header-below-stick-meta":"","astra-migrate-meta-layouts":"set","ast-page-background-enabled":"default","ast-page-background-meta":{"desktop":{"background-color":"","background-image":"","background-repeat":"repeat","background-position":"center center","background-size":"auto","background-attachment":"scroll","background-type":"","background-media":"","overlay-type":"","overlay-color":"","overlay-opacity":"","overlay-gradient":""},"tablet":{"background-color":"","background-image":"","background-repeat":"repeat","background-position":"center center","background-size":"auto","background-attachment":"scroll","background-type":"","background-media":"","overlay-type":"","overlay-color":"","overlay-opacity":"","overlay-gradient":""},"mobile":{"background-color":"","background-image":"","background-repeat":"repeat","background-position":"center center","background-size":"auto","background-attachment":"scroll","background-type":"","background-media":"","overlay-type":"","overlay-color":"","overlay-opacity":"","overlay-gradient":""}},"ast-content-background-meta":{"desktop":{"background-color":"var(--ast-global-color-5)","background-image":"","background-repeat":"repeat","background-position":"center center","background-size":"auto","background-attachment":"scroll","background-type":"","background-media":"","overlay-type":"","overlay-color":"","overlay-opacity":"","overlay-gradient":""},"tablet":{"background-color":"var(--ast-global-color-5)","background-image":"","background-repeat":"repeat","background-position":"center center","background-size":"auto","background-attachment":"scroll","background-type":"","background-media":"","overlay-type":"","overlay-color":"","overlay-opacity":"","overlay-gradient":""},"mobile":{"background-color":"var(--ast-global-color-5)","background-image":"","background-repeat":"repeat","background-position":"center center","background-size":"auto","background-attachment":"scroll","background-type":"","background-media":"","overlay-type":"","overlay-color":"","overlay-opacity":"","overlay-gradient":""}}},"product_brand":[],"product_cat":[362,367],"product_tag":[],"class_list":{"0":"post-28354","1":"product","2":"type-product","3":"status-publish","4":"has-post-thumbnail","6":"product_cat-qsfp28-wdm","7":"product_cat-qsfp28-coherent","8":"desktop-align-left","9":"tablet-align-left","10":"mobile-align-left","11":"ast-product-gallery-layout-horizontal-slider","12":"ast-product-gallery-with-no-image","13":"ast-product-tabs-layout-horizontal","15":"first","16":"instock","17":"shipping-taxable","18":"purchasable","19":"product-type-simple"},"composite_virtual":false,"composite_layout":"","composite_add_to_cart_form_location":"","composite_editable_in_cart":false,"composite_sold_individually_context":"","composite_shop_price_calc":"","composite_components":[],"composite_scenarios":[],"acf":[],"_links":{"self":[{"href":"https:\/\/www.precisionot.com\/es\/wp-json\/wp\/v2\/product\/28354","targetHints":{"allow":["GET"]}}],"collection":[{"href":"https:\/\/www.precisionot.com\/es\/wp-json\/wp\/v2\/product"}],"about":[{"href":"https:\/\/www.precisionot.com\/es\/wp-json\/wp\/v2\/types\/product"}],"version-history":[{"count":1,"href":"https:\/\/www.precisionot.com\/es\/wp-json\/wp\/v2\/product\/28354\/revisions"}],"predecessor-version":[{"id":33401,"href":"https:\/\/www.precisionot.com\/es\/wp-json\/wp\/v2\/product\/28354\/revisions\/33401"}],"wp:featuredmedia":[{"embeddable":true,"href":"https:\/\/www.precisionot.com\/es\/wp-json\/wp\/v2\/media\/32760"}],"wp:attachment":[{"href":"https:\/\/www.precisionot.com\/es\/wp-json\/wp\/v2\/media?parent=28354"}],"wp:term":[{"taxonomy":"product_brand","embeddable":true,"href":"https:\/\/www.precisionot.com\/es\/wp-json\/wp\/v2\/product_brand?post=28354"},{"taxonomy":"product_cat","embeddable":true,"href":"https:\/\/www.precisionot.com\/es\/wp-json\/wp\/v2\/product_cat?post=28354"},{"taxonomy":"product_tag","embeddable":true,"href":"https:\/\/www.precisionot.com\/es\/wp-json\/wp\/v2\/product_tag?post=28354"}],"curies":[{"name":"Gracias","href":"https:\/\/api.w.org\/{rel}","templated":true}]}}