{"id":28284,"date":"2024-09-09T12:30:58","date_gmt":"2024-09-09T16:30:58","guid":{"rendered":"https:\/\/www.precisionot.com\/?post_type=product&#038;p=28284"},"modified":"2024-11-13T13:09:45","modified_gmt":"2024-11-13T18:09:45","slug":"anterior-xfp-mfctb-80","status":"publish","type":"product","link":"https:\/\/www.precisionot.com\/es\/product\/pre-xfp-mfctb-80\/","title":{"rendered":"PRE-XFP-MFCTB-80(I)"},"content":{"rendered":"<p class=\"p2\"><span class=\"NormalTextRun SCXW38517904 BCX0\">El m\u00f3dulo transceptor \u00f3ptico XFP-MFCTB-80(I) admite transmisi\u00f3n Ethernet de 10 G a distancias de hasta <\/span><span class=\"NormalTextRun AdvancedProofingIssueV2Themed SCXW38517904 BCX0\">80 kil\u00f3metros<\/span><span class=\"NormalTextRun SCXW38517904 BCX0\"> utilizando tecnolog\u00eda C-Band ZR sintonizable. Este m\u00f3dulo permite una longitud de onda din\u00e1mica <\/span><span class=\"NormalTextRun SCXW38517904 BCX0\">selecci\u00f3n<\/span><span class=\"NormalTextRun SCXW38517904 BCX0\"> en todo el espectro de banda C, lo que proporciona flexibilidad en la asignaci\u00f3n de longitudes de onda para aplicaciones de multiplexaci\u00f3n por divisi\u00f3n de longitud de onda densa (DWDM). Es ideal para interconexiones de centros de datos de largo alcance, redes de telecomunicaciones y redes troncales empresariales.<\/span><\/p>\n<hr \/>\n<p class=\"p2\"><span class=\"NormalTextRun SCXW38517904 BCX0\">Dise\u00f1ado para usarse con conectores d\u00faplex LC y fibra monomodo (SMF), este transceptor est\u00e1 disponible en variantes de temperatura est\u00e1ndar e industrial (I-temp), lo que garantiza un rendimiento confiable en entornos dif\u00edciles. El monitoreo de diagn\u00f3stico digital (DDM) integrado brinda seguimiento del rendimiento en tiempo real, lo que permite una administraci\u00f3n eficiente de la red. <\/span><span class=\"NormalTextRun ContextualSpellingAndGrammarErrorV2Themed SCXW38517904 BCX0\">Es<\/span><span class=\"NormalTextRun SCXW38517904 BCX0\"> El dise\u00f1o intercambiable en caliente permite una integraci\u00f3n o reemplazo r\u00e1pido y f\u00e1cil sin interrumpir el servicio.<\/span><\/p>","protected":false},"excerpt":{"rendered":"<p class=\"p2\"><span class=\"NormalTextRun SCXW152116621 BCX0\">El transceptor \u00f3ptico XFP-MFCTB-80(I) admite Ethernet 10G a trav\u00e9s de fibra monomodo con un alcance de hasta <\/span><span class=\"NormalTextRun AdvancedProofingIssueV2Themed SCXW152116621 BCX0\">80 kil\u00f3metros<\/span><span class=\"NormalTextRun SCXW152116621 BCX0\"> utilizando tecnolog\u00eda C-Band ZR sintonizable, disponible en variantes de temperatura est\u00e1ndar e industrial.<\/span><\/p>\n<hr \/>\n<p class=\"p2\"><strong>XFP, banda C sintonizable, ZR, 10 G, 80 km, SMF\/LC<\/strong><\/p>","protected":false},"featured_media":28286,"template":"","meta":{"_acf_changed":false,"content-type":"","site-sidebar-layout":"default","site-content-layout":"default","ast-site-content-layout":"default","site-content-style":"default","site-sidebar-style":"default","ast-global-header-display":"","ast-banner-title-visibility":"","ast-main-header-display":"","ast-hfb-above-header-display":"","ast-hfb-below-header-display":"","ast-hfb-mobile-header-display":"","site-post-title":"","ast-breadcrumbs-content":"","ast-featured-img":"","footer-sml-layout":"","ast-disable-related-posts":"","theme-transparent-header-meta":"default","adv-header-id-meta":"","stick-header-meta":"","header-above-stick-meta":"","header-main-stick-meta":"","header-below-stick-meta":"","astra-migrate-meta-layouts":"set","ast-page-background-enabled":"default","ast-page-background-meta":{"desktop":{"background-color":"","background-image":"","background-repeat":"repeat","background-position":"center center","background-size":"auto","background-attachment":"scroll","background-type":"","background-media":"","overlay-type":"","overlay-color":"","overlay-opacity":"","overlay-gradient":""},"tablet":{"background-color":"","background-image":"","background-repeat":"repeat","background-position":"center center","background-size":"auto","background-attachment":"scroll","background-type":"","background-media":"","overlay-type":"","overlay-color":"","overlay-opacity":"","overlay-gradient":""},"mobile":{"background-color":"","background-image":"","background-repeat":"repeat","background-position":"center center","background-size":"auto","background-attachment":"scroll","background-type":"","background-media":"","overlay-type":"","overlay-color":"","overlay-opacity":"","overlay-gradient":""}},"ast-content-background-meta":{"desktop":{"background-color":"var(--ast-global-color-5)","background-image":"","background-repeat":"repeat","background-position":"center center","background-size":"auto","background-attachment":"scroll","background-type":"","background-media":"","overlay-type":"","overlay-color":"","overlay-opacity":"","overlay-gradient":""},"tablet":{"background-color":"var(--ast-global-color-5)","background-image":"","background-repeat":"repeat","background-position":"center center","background-size":"auto","background-attachment":"scroll","background-type":"","background-media":"","overlay-type":"","overlay-color":"","overlay-opacity":"","overlay-gradient":""},"mobile":{"background-color":"var(--ast-global-color-5)","background-image":"","background-repeat":"repeat","background-position":"center center","background-size":"auto","background-attachment":"scroll","background-type":"","background-media":"","overlay-type":"","overlay-color":"","overlay-opacity":"","overlay-gradient":""}}},"product_brand":[],"product_cat":[368,312],"product_tag":[],"class_list":{"0":"post-28284","1":"product","2":"type-product","3":"status-publish","4":"has-post-thumbnail","6":"product_cat-tunable-xfp","7":"product_cat-xfp-dwdm","8":"desktop-align-left","9":"tablet-align-left","10":"mobile-align-left","11":"ast-product-gallery-layout-horizontal-slider","12":"ast-product-gallery-with-no-image","13":"ast-product-tabs-layout-horizontal","15":"first","16":"instock","17":"shipping-taxable","18":"purchasable","19":"product-type-simple"},"composite_virtual":false,"composite_layout":"","composite_add_to_cart_form_location":"","composite_editable_in_cart":false,"composite_sold_individually_context":"","composite_shop_price_calc":"","composite_components":[],"composite_scenarios":[],"acf":[],"_links":{"self":[{"href":"https:\/\/www.precisionot.com\/es\/wp-json\/wp\/v2\/product\/28284","targetHints":{"allow":["GET"]}}],"collection":[{"href":"https:\/\/www.precisionot.com\/es\/wp-json\/wp\/v2\/product"}],"about":[{"href":"https:\/\/www.precisionot.com\/es\/wp-json\/wp\/v2\/types\/product"}],"version-history":[{"count":0,"href":"https:\/\/www.precisionot.com\/es\/wp-json\/wp\/v2\/product\/28284\/revisions"}],"wp:featuredmedia":[{"embeddable":true,"href":"https:\/\/www.precisionot.com\/es\/wp-json\/wp\/v2\/media\/28286"}],"wp:attachment":[{"href":"https:\/\/www.precisionot.com\/es\/wp-json\/wp\/v2\/media?parent=28284"}],"wp:term":[{"taxonomy":"product_brand","embeddable":true,"href":"https:\/\/www.precisionot.com\/es\/wp-json\/wp\/v2\/product_brand?post=28284"},{"taxonomy":"product_cat","embeddable":true,"href":"https:\/\/www.precisionot.com\/es\/wp-json\/wp\/v2\/product_cat?post=28284"},{"taxonomy":"product_tag","embeddable":true,"href":"https:\/\/www.precisionot.com\/es\/wp-json\/wp\/v2\/product_tag?post=28284"}],"curies":[{"name":"Gracias","href":"https:\/\/api.w.org\/{rel}","templated":true}]}}