{"id":2780,"date":"2020-12-09T22:25:45","date_gmt":"2020-12-10T03:25:45","guid":{"rendered":"https:\/\/www.precisionot.com\/?post_type=product&#038;p=2780"},"modified":"2024-09-20T14:35:53","modified_gmt":"2024-09-20T18:35:53","slug":"antes-de-xfp-cxx-40","status":"publish","type":"product","link":"https:\/\/www.precisionot.com\/es\/product\/pre-xfp-cxx-40\/","title":{"rendered":"PRE-XFP-Cxx-40"},"content":{"rendered":"<p>El m\u00f3dulo transceptor \u00f3ptico XFP-CXX-40 admite la transmisi\u00f3n Ethernet 10G a distancias de hasta 40 kil\u00f3metros mediante tecnolog\u00eda de multiplexaci\u00f3n por divisi\u00f3n de longitud de onda gruesa (CWDM). Funciona a una longitud de onda CWDM espec\u00edfica (xxxx,xx nm) y est\u00e1 dise\u00f1ado para la transmisi\u00f3n de datos a larga distancia a trav\u00e9s de fibra monomodo (SMF) con conectores d\u00faplex LC.<\/p>\n<hr \/>\n<p>Este m\u00f3dulo es ideal para redes metropolitanas, interconexiones de centros de datos y aplicaciones de telecomunicaciones que requieren un uso eficiente de los recursos de fibra. Dise\u00f1ado para entornos de temperatura comercial (C-temp), proporciona un rendimiento confiable en condiciones de funcionamiento est\u00e1ndar. El monitoreo de diagn\u00f3stico digital (DDM) integrado ofrece un seguimiento del rendimiento en tiempo real, lo que permite una gesti\u00f3n eficaz de la red. Su dise\u00f1o intercambiable en caliente permite una f\u00e1cil integraci\u00f3n o reemplazo sin interrupci\u00f3n del servicio.<\/p>","protected":false},"excerpt":{"rendered":"<p><span class=\"NormalTextRun SCXW159714746 BCX0\">El transceptor \u00f3ptico XFP-CXX-40 admite Ethernet 10G a trav\u00e9s de fibra monomodo con un alcance de hasta <\/span><span class=\"NormalTextRun AdvancedProofingIssueV2Themed SCXW159714746 BCX0\">40 kil\u00f3metros<\/span><span class=\"NormalTextRun SCXW159714746 BCX0\"> utilizando tecnolog\u00eda CWDM, disponible en espec\u00edfico <\/span><span class=\"NormalTextRun SpellingErrorV2Themed SCXW159714746 BCX0\">xxxx.xx<\/span><span class=\"NormalTextRun SCXW159714746 BCX0\"> longitudes de onda nm.<\/span><\/p>\n<hr \/>\n<p><strong>XFP, ER, CWDM, xxxx.xx nm, 10G, 40 km, SMF\/LC, temperatura C, DDM<\/strong><\/p>","protected":false},"featured_media":26278,"template":"","meta":{"_acf_changed":false,"content-type":"","site-sidebar-layout":"default","site-content-layout":"default","ast-site-content-layout":"default","site-content-style":"default","site-sidebar-style":"default","ast-global-header-display":"","ast-banner-title-visibility":"","ast-main-header-display":"","ast-hfb-above-header-display":"","ast-hfb-below-header-display":"","ast-hfb-mobile-header-display":"","site-post-title":"","ast-breadcrumbs-content":"","ast-featured-img":"","footer-sml-layout":"","ast-disable-related-posts":"","theme-transparent-header-meta":"default","adv-header-id-meta":"","stick-header-meta":"","header-above-stick-meta":"","header-main-stick-meta":"","header-below-stick-meta":"","astra-migrate-meta-layouts":"set","ast-page-background-enabled":"default","ast-page-background-meta":{"desktop":{"background-color":"","background-image":"","background-repeat":"repeat","background-position":"center center","background-size":"auto","background-attachment":"scroll","background-type":"","background-media":"","overlay-type":"","overlay-color":"","overlay-opacity":"","overlay-gradient":""},"tablet":{"background-color":"","background-image":"","background-repeat":"repeat","background-position":"center center","background-size":"auto","background-attachment":"scroll","background-type":"","background-media":"","overlay-type":"","overlay-color":"","overlay-opacity":"","overlay-gradient":""},"mobile":{"background-color":"","background-image":"","background-repeat":"repeat","background-position":"center center","background-size":"auto","background-attachment":"scroll","background-type":"","background-media":"","overlay-type":"","overlay-color":"","overlay-opacity":"","overlay-gradient":""}},"ast-content-background-meta":{"desktop":{"background-color":"var(--ast-global-color-5)","background-image":"","background-repeat":"repeat","background-position":"center center","background-size":"auto","background-attachment":"scroll","background-type":"","background-media":"","overlay-type":"","overlay-color":"","overlay-opacity":"","overlay-gradient":""},"tablet":{"background-color":"var(--ast-global-color-5)","background-image":"","background-repeat":"repeat","background-position":"center center","background-size":"auto","background-attachment":"scroll","background-type":"","background-media":"","overlay-type":"","overlay-color":"","overlay-opacity":"","overlay-gradient":""},"mobile":{"background-color":"var(--ast-global-color-5)","background-image":"","background-repeat":"repeat","background-position":"center center","background-size":"auto","background-attachment":"scroll","background-type":"","background-media":"","overlay-type":"","overlay-color":"","overlay-opacity":"","overlay-gradient":""}}},"product_brand":[],"product_cat":[311],"product_tag":[208],"class_list":{"0":"post-2780","1":"product","2":"type-product","3":"status-publish","4":"has-post-thumbnail","6":"product_cat-xfp-cwdm","7":"product_tag-datasheets","8":"desktop-align-left","9":"tablet-align-left","10":"mobile-align-left","11":"ast-product-gallery-layout-horizontal-slider","12":"ast-product-gallery-with-no-image","13":"ast-product-single-variable","14":"ast-product-tabs-layout-horizontal","16":"first","17":"instock","18":"shipping-taxable","19":"purchasable","20":"product-type-variable","21":"has-default-attributes"},"composite_virtual":false,"composite_layout":"","composite_add_to_cart_form_location":"","composite_editable_in_cart":false,"composite_sold_individually_context":"","composite_shop_price_calc":"","composite_components":[],"composite_scenarios":[],"acf":[],"_links":{"self":[{"href":"https:\/\/www.precisionot.com\/es\/wp-json\/wp\/v2\/product\/2780","targetHints":{"allow":["GET"]}}],"collection":[{"href":"https:\/\/www.precisionot.com\/es\/wp-json\/wp\/v2\/product"}],"about":[{"href":"https:\/\/www.precisionot.com\/es\/wp-json\/wp\/v2\/types\/product"}],"version-history":[{"count":0,"href":"https:\/\/www.precisionot.com\/es\/wp-json\/wp\/v2\/product\/2780\/revisions"}],"wp:featuredmedia":[{"embeddable":true,"href":"https:\/\/www.precisionot.com\/es\/wp-json\/wp\/v2\/media\/26278"}],"wp:attachment":[{"href":"https:\/\/www.precisionot.com\/es\/wp-json\/wp\/v2\/media?parent=2780"}],"wp:term":[{"taxonomy":"product_brand","embeddable":true,"href":"https:\/\/www.precisionot.com\/es\/wp-json\/wp\/v2\/product_brand?post=2780"},{"taxonomy":"product_cat","embeddable":true,"href":"https:\/\/www.precisionot.com\/es\/wp-json\/wp\/v2\/product_cat?post=2780"},{"taxonomy":"product_tag","embeddable":true,"href":"https:\/\/www.precisionot.com\/es\/wp-json\/wp\/v2\/product_tag?post=2780"}],"curies":[{"name":"Gracias","href":"https:\/\/api.w.org\/{rel}","templated":true}]}}