{"id":25398,"date":"2024-02-29T15:02:22","date_gmt":"2024-02-29T20:02:22","guid":{"rendered":"https:\/\/www.precisionot.com\/?post_type=product&#038;p=25398"},"modified":"2025-12-04T15:47:25","modified_gmt":"2025-12-04T20:47:25","slug":"antes-qsfp28dd-2lr4","status":"publish","type":"product","link":"https:\/\/www.precisionot.com\/es\/product\/pre-qsfp28dd-2lr4\/","title":{"rendered":"PRE-QSFP28DD-2LR4"},"content":{"rendered":"<p><span class=\"TextRun SCXW43588368 BCX0\" lang=\"EN-US\" xml:lang=\"EN-US\" data-contrast=\"auto\"><span class=\"NormalTextRun SCXW43588368 BCX0\">El transceptor \u00f3ptico QSFP28DD-2LR4 es una soluci\u00f3n de alto rendimiento dise\u00f1ada para 400<\/span><span class=\"NormalTextRun SCXW43588368 BCX0\">GRAMO<\/span><span class=\"NormalTextRun SCXW43588368 BCX0\">\u00a0Aplicaciones Ethernet, que ofrecen velocidad y confiabilidad excepcionales para necesidades de redes de largo alcance. Ideal para centros de datos, redes de telecomunicaciones y backbones empresariales, este transceptor avanzado garantiza una conectividad s\u00f3lida con una eficiencia superior.<\/span><\/span><span class=\"EOP SCXW43588368 BCX0\" data-ccp-props=\"{&quot;134233117&quot;:false,&quot;134233118&quot;:false,&quot;201341983&quot;:0,&quot;335551550&quot;:0,&quot;335551620&quot;:0,&quot;335557856&quot;:16777215,&quot;335559738&quot;:0,&quot;335559739&quot;:0,&quot;335559740&quot;:279}\">\u00a0<\/span><\/p>\n<hr \/>\n<p><span class=\"TextRun SCXW98164509 BCX0\" lang=\"EN-US\" xml:lang=\"EN-US\" data-contrast=\"none\"><span class=\"NormalTextRun SCXW98164509 BCX0\">El transceptor \u00f3ptico QSFP28DD-2LR4 est\u00e1 dise\u00f1ado para satisfacer las crecientes demandas de las redes modernas de largo alcance. Con su compatibilidad con Ethernet de 400G, alcance extendido y funciones avanzadas como la configuraci\u00f3n 2x200G-LR4 y DDM, este transceptor es la elecci\u00f3n perfecta para las organizaciones que buscan mejorar su infraestructura de red con una transmisi\u00f3n de datos confiable y de alta velocidad. Experimente el futuro de las redes con el transceptor \u00f3ptico QSFP28DD-2LR4, su socio confiable para conectividad de datos de alta velocidad y largo alcance.<\/span><\/span><span class=\"EOP SCXW98164509 BCX0\" data-ccp-props=\"{&quot;201341983&quot;:0,&quot;335559739&quot;:160,&quot;335559740&quot;:279}\">\u00a0<\/span><\/p>","protected":false},"excerpt":{"rendered":"<p><span class=\"TextRun SCXW59117114 BCX0\" lang=\"EN-US\" xml:lang=\"EN-US\" data-contrast=\"none\"><span class=\"NormalTextRun SCXW59117114 BCX0\">El transceptor \u00f3ptico QSFP28DD-2LR4 est\u00e1 dise\u00f1ado para satisfacer las crecientes demandas de las redes modernas de largo alcance. Con su compatibilidad con Ethernet de 400G, alcance extendido y funciones avanzadas como la configuraci\u00f3n 2x200G-LR4 y DDM, este transceptor es la elecci\u00f3n perfecta para las organizaciones que buscan mejorar su infraestructura de red con una transmisi\u00f3n de datos confiable y de alta velocidad.<\/span><\/span><\/p>\n<p class=\"p2\"><strong>QSFP-DD, 2xLR4, LWDM, 2x100G, 10 km, SMF\/DualCS<\/strong><\/p>","protected":false},"featured_media":25400,"template":"","meta":{"_acf_changed":false,"content-type":"","site-sidebar-layout":"default","site-content-layout":"default","ast-site-content-layout":"default","site-content-style":"default","site-sidebar-style":"default","ast-global-header-display":"","ast-banner-title-visibility":"","ast-main-header-display":"","ast-hfb-above-header-display":"","ast-hfb-below-header-display":"","ast-hfb-mobile-header-display":"","site-post-title":"","ast-breadcrumbs-content":"","ast-featured-img":"","footer-sml-layout":"","ast-disable-related-posts":"","theme-transparent-header-meta":"default","adv-header-id-meta":"","stick-header-meta":"","header-above-stick-meta":"","header-main-stick-meta":"","header-below-stick-meta":"","astra-migrate-meta-layouts":"set","ast-page-background-enabled":"default","ast-page-background-meta":{"desktop":{"background-color":"","background-image":"","background-repeat":"repeat","background-position":"center center","background-size":"auto","background-attachment":"scroll","background-type":"","background-media":"","overlay-type":"","overlay-color":"","overlay-opacity":"","overlay-gradient":""},"tablet":{"background-color":"","background-image":"","background-repeat":"repeat","background-position":"center center","background-size":"auto","background-attachment":"scroll","background-type":"","background-media":"","overlay-type":"","overlay-color":"","overlay-opacity":"","overlay-gradient":""},"mobile":{"background-color":"","background-image":"","background-repeat":"repeat","background-position":"center center","background-size":"auto","background-attachment":"scroll","background-type":"","background-media":"","overlay-type":"","overlay-color":"","overlay-opacity":"","overlay-gradient":""}},"ast-content-background-meta":{"desktop":{"background-color":"var(--ast-global-color-5)","background-image":"","background-repeat":"repeat","background-position":"center center","background-size":"auto","background-attachment":"scroll","background-type":"","background-media":"","overlay-type":"","overlay-color":"","overlay-opacity":"","overlay-gradient":""},"tablet":{"background-color":"var(--ast-global-color-5)","background-image":"","background-repeat":"repeat","background-position":"center center","background-size":"auto","background-attachment":"scroll","background-type":"","background-media":"","overlay-type":"","overlay-color":"","overlay-opacity":"","overlay-gradient":""},"mobile":{"background-color":"var(--ast-global-color-5)","background-image":"","background-repeat":"repeat","background-position":"center center","background-size":"auto","background-attachment":"scroll","background-type":"","background-media":"","overlay-type":"","overlay-color":"","overlay-opacity":"","overlay-gradient":""}}},"product_brand":[],"product_cat":[434],"product_tag":[],"class_list":{"0":"post-25398","1":"product","2":"type-product","3":"status-publish","4":"has-post-thumbnail","6":"product_cat-qsfp-dd-200g-standard","7":"desktop-align-left","8":"tablet-align-left","9":"mobile-align-left","10":"ast-product-gallery-layout-horizontal-slider","11":"ast-product-gallery-with-no-image","12":"ast-product-tabs-layout-horizontal","14":"first","15":"instock","16":"shipping-taxable","17":"purchasable","18":"product-type-simple"},"composite_virtual":false,"composite_layout":"","composite_add_to_cart_form_location":"","composite_editable_in_cart":false,"composite_sold_individually_context":"","composite_shop_price_calc":"","composite_components":[],"composite_scenarios":[],"acf":[],"_links":{"self":[{"href":"https:\/\/www.precisionot.com\/es\/wp-json\/wp\/v2\/product\/25398","targetHints":{"allow":["GET"]}}],"collection":[{"href":"https:\/\/www.precisionot.com\/es\/wp-json\/wp\/v2\/product"}],"about":[{"href":"https:\/\/www.precisionot.com\/es\/wp-json\/wp\/v2\/types\/product"}],"version-history":[{"count":1,"href":"https:\/\/www.precisionot.com\/es\/wp-json\/wp\/v2\/product\/25398\/revisions"}],"predecessor-version":[{"id":33400,"href":"https:\/\/www.precisionot.com\/es\/wp-json\/wp\/v2\/product\/25398\/revisions\/33400"}],"wp:featuredmedia":[{"embeddable":true,"href":"https:\/\/www.precisionot.com\/es\/wp-json\/wp\/v2\/media\/25400"}],"wp:attachment":[{"href":"https:\/\/www.precisionot.com\/es\/wp-json\/wp\/v2\/media?parent=25398"}],"wp:term":[{"taxonomy":"product_brand","embeddable":true,"href":"https:\/\/www.precisionot.com\/es\/wp-json\/wp\/v2\/product_brand?post=25398"},{"taxonomy":"product_cat","embeddable":true,"href":"https:\/\/www.precisionot.com\/es\/wp-json\/wp\/v2\/product_cat?post=25398"},{"taxonomy":"product_tag","embeddable":true,"href":"https:\/\/www.precisionot.com\/es\/wp-json\/wp\/v2\/product_tag?post=25398"}],"curies":[{"name":"Gracias","href":"https:\/\/api.w.org\/{rel}","templated":true}]}}