{"id":24650,"date":"2024-01-22T14:18:54","date_gmt":"2024-01-22T19:18:54","guid":{"rendered":"https:\/\/www.precisionot.com\/?post_type=product&#038;p=24650"},"modified":"2025-01-09T11:12:20","modified_gmt":"2025-01-09T16:12:20","slug":"antes-de-sfp10g-30-ti","status":"publish","type":"product","link":"https:\/\/www.precisionot.com\/es\/product\/pre-sfp10g-30-ti\/","title":{"rendered":"PRE-SFP10G-30-T(I)"},"content":{"rendered":"<p class=\"p2\"><span class=\"NormalTextRun SCXW152717098 BCX0\">El PRE-SFP10G-30-T(I) es un transceptor de cobre de m\u00faltiples velocidades que admite transmisi\u00f3n Ethernet de 10G, 5G, 2,5G y 1G a distancias de hasta <\/span><span class=\"NormalTextRun SCXW152717098 BCX0\">100 metros<\/span><span class=\"NormalTextRun SCXW152717098 BCX0\"> utilizando cables de cobre est\u00e1ndar de categor\u00eda 6a\/7 y un conector RJ45.<\/span><\/p>\n<hr \/>\n<p class=\"p2\"><span class=\"NormalTextRun SCXW152717098 BCX0\">Este vers\u00e1til transceptor SFP+ proporciona una soluci\u00f3n rentable y de bajo consumo energ\u00e9tico para redes de alta velocidad en centros de datos, redes empresariales y entornos de campus. <\/span><span class=\"NormalTextRun SCXW152717098 BCX0\">opera<\/span><span class=\"NormalTextRun SCXW152717098 BCX0\"> en condiciones I-temp y C-temp y ofrece instalaci\u00f3n plug-and-play para una integraci\u00f3n o reemplazo sin problemas sin necesidad de <\/span><span class=\"NormalTextRun SCXW152717098 BCX0\">adicional<\/span><span class=\"NormalTextRun SCXW152717098 BCX0\"> hardware.<\/span><\/p>","protected":false},"excerpt":{"rendered":"<p class=\"p2\"><span class=\"NormalTextRun SCXW153069788 BCX0\">El transceptor PRE-SFP10G-30-T(I) admite Ethernet de m\u00faltiples velocidades a trav\u00e9s de cables de cobre con un alcance de hasta <\/span><span class=\"NormalTextRun SCXW153069788 BCX0\">100 metros<\/span><span class=\"NormalTextRun SCXW153069788 BCX0\"> utilizando un conector RJ45.<\/span><\/p>\n<hr \/>\n<p class=\"p2\"><strong>SFP+, cobre, multivelocidad, 100 m, RJ45<\/strong><\/p>","protected":false},"featured_media":24652,"template":"","meta":{"_acf_changed":false,"content-type":"","site-sidebar-layout":"default","site-content-layout":"default","ast-site-content-layout":"default","site-content-style":"default","site-sidebar-style":"default","ast-global-header-display":"","ast-banner-title-visibility":"","ast-main-header-display":"","ast-hfb-above-header-display":"","ast-hfb-below-header-display":"","ast-hfb-mobile-header-display":"","site-post-title":"","ast-breadcrumbs-content":"","ast-featured-img":"","footer-sml-layout":"","ast-disable-related-posts":"","theme-transparent-header-meta":"default","adv-header-id-meta":"","stick-header-meta":"","header-above-stick-meta":"","header-main-stick-meta":"","header-below-stick-meta":"","astra-migrate-meta-layouts":"set","ast-page-background-enabled":"default","ast-page-background-meta":{"desktop":{"background-color":"","background-image":"","background-repeat":"repeat","background-position":"center center","background-size":"auto","background-attachment":"scroll","background-type":"","background-media":"","overlay-type":"","overlay-color":"","overlay-opacity":"","overlay-gradient":""},"tablet":{"background-color":"","background-image":"","background-repeat":"repeat","background-position":"center center","background-size":"auto","background-attachment":"scroll","background-type":"","background-media":"","overlay-type":"","overlay-color":"","overlay-opacity":"","overlay-gradient":""},"mobile":{"background-color":"","background-image":"","background-repeat":"repeat","background-position":"center center","background-size":"auto","background-attachment":"scroll","background-type":"","background-media":"","overlay-type":"","overlay-color":"","overlay-opacity":"","overlay-gradient":""}},"ast-content-background-meta":{"desktop":{"background-color":"var(--ast-global-color-5)","background-image":"","background-repeat":"repeat","background-position":"center center","background-size":"auto","background-attachment":"scroll","background-type":"","background-media":"","overlay-type":"","overlay-color":"","overlay-opacity":"","overlay-gradient":""},"tablet":{"background-color":"var(--ast-global-color-5)","background-image":"","background-repeat":"repeat","background-position":"center center","background-size":"auto","background-attachment":"scroll","background-type":"","background-media":"","overlay-type":"","overlay-color":"","overlay-opacity":"","overlay-gradient":""},"mobile":{"background-color":"var(--ast-global-color-5)","background-image":"","background-repeat":"repeat","background-position":"center center","background-size":"auto","background-attachment":"scroll","background-type":"","background-media":"","overlay-type":"","overlay-color":"","overlay-opacity":"","overlay-gradient":""}}},"product_brand":[],"product_cat":[319],"product_tag":[],"class_list":{"0":"post-24650","1":"product","2":"type-product","3":"status-publish","4":"has-post-thumbnail","6":"product_cat-sfp-plus-specialty","7":"desktop-align-left","8":"tablet-align-left","9":"mobile-align-left","10":"ast-product-gallery-layout-horizontal-slider","11":"ast-product-gallery-with-no-image","12":"ast-product-tabs-layout-horizontal","14":"first","15":"instock","16":"shipping-taxable","17":"purchasable","18":"product-type-simple"},"composite_virtual":false,"composite_layout":"","composite_add_to_cart_form_location":"","composite_editable_in_cart":false,"composite_sold_individually_context":"","composite_shop_price_calc":"","composite_components":[],"composite_scenarios":[],"acf":[],"_links":{"self":[{"href":"https:\/\/www.precisionot.com\/es\/wp-json\/wp\/v2\/product\/24650","targetHints":{"allow":["GET"]}}],"collection":[{"href":"https:\/\/www.precisionot.com\/es\/wp-json\/wp\/v2\/product"}],"about":[{"href":"https:\/\/www.precisionot.com\/es\/wp-json\/wp\/v2\/types\/product"}],"version-history":[{"count":0,"href":"https:\/\/www.precisionot.com\/es\/wp-json\/wp\/v2\/product\/24650\/revisions"}],"wp:featuredmedia":[{"embeddable":true,"href":"https:\/\/www.precisionot.com\/es\/wp-json\/wp\/v2\/media\/24652"}],"wp:attachment":[{"href":"https:\/\/www.precisionot.com\/es\/wp-json\/wp\/v2\/media?parent=24650"}],"wp:term":[{"taxonomy":"product_brand","embeddable":true,"href":"https:\/\/www.precisionot.com\/es\/wp-json\/wp\/v2\/product_brand?post=24650"},{"taxonomy":"product_cat","embeddable":true,"href":"https:\/\/www.precisionot.com\/es\/wp-json\/wp\/v2\/product_cat?post=24650"},{"taxonomy":"product_tag","embeddable":true,"href":"https:\/\/www.precisionot.com\/es\/wp-json\/wp\/v2\/product_tag?post=24650"}],"curies":[{"name":"Gracias","href":"https:\/\/api.w.org\/{rel}","templated":true}]}}