{"id":24255,"date":"2023-12-20T13:28:42","date_gmt":"2023-12-20T18:28:42","guid":{"rendered":"https:\/\/www.precisionot.com\/?post_type=product&#038;p=24255"},"modified":"2024-11-13T12:02:20","modified_gmt":"2024-11-13T17:02:20","slug":"antes-qsfp28-blh-elr1","status":"publish","type":"product","link":"https:\/\/www.precisionot.com\/es\/product\/pre-qsfp28-blh-elr1\/","title":{"rendered":"PRE-QSFP28-BL(H)-ELR1"},"content":{"rendered":"<p class=\"p2\">El m\u00f3dulo transceptor \u00f3ptico QSFP28-BL(H)-ELR1 permite la transmisi\u00f3n Ethernet de 100 G a distancias de hasta 20 kil\u00f3metros mediante modulaci\u00f3n PAM4 y tecnolog\u00eda bidireccional (BIDI). Opera en longitudes de onda de 1271 nm y 1331 nm, lo que permite una transmisi\u00f3n y recepci\u00f3n de datos eficientes a trav\u00e9s de una sola fibra, lo que lo hace ideal para redes empresariales de larga distancia y metropolitanas.<\/p>\n<hr \/>\n<p class=\"p2\">El dise\u00f1o intercambiable en caliente del m\u00f3dulo garantiza una f\u00e1cil instalaci\u00f3n o reemplazo sin interrumpir las operaciones de la red. Con su dise\u00f1o de bajo consumo de energ\u00eda, este transceptor proporciona una transmisi\u00f3n de datos rentable y de alto rendimiento a distancias m\u00e1s largas.<\/p>","protected":false},"excerpt":{"rendered":"<p>El transceptor \u00f3ptico QSFP28-BL(H)-ELR1 admite Ethernet 100G sobre fibra monomodo con un alcance de hasta 20 kil\u00f3metros utilizando tecnolog\u00eda BIDI.<\/p>\n<hr \/>\n<p class=\"p2\"><strong>QSFP28, PAM4, BIDI, 100G, 20 km, 1271\/1331 nm<\/strong><\/p>","protected":false},"featured_media":24264,"template":"","meta":{"_acf_changed":false,"content-type":"","site-sidebar-layout":"default","site-content-layout":"default","ast-site-content-layout":"default","site-content-style":"default","site-sidebar-style":"default","ast-global-header-display":"","ast-banner-title-visibility":"","ast-main-header-display":"","ast-hfb-above-header-display":"","ast-hfb-below-header-display":"","ast-hfb-mobile-header-display":"","site-post-title":"","ast-breadcrumbs-content":"","ast-featured-img":"","footer-sml-layout":"","ast-disable-related-posts":"","theme-transparent-header-meta":"default","adv-header-id-meta":"","stick-header-meta":"","header-above-stick-meta":"","header-main-stick-meta":"","header-below-stick-meta":"","astra-migrate-meta-layouts":"set","ast-page-background-enabled":"default","ast-page-background-meta":{"desktop":{"background-color":"","background-image":"","background-repeat":"repeat","background-position":"center center","background-size":"auto","background-attachment":"scroll","background-type":"","background-media":"","overlay-type":"","overlay-color":"","overlay-opacity":"","overlay-gradient":""},"tablet":{"background-color":"","background-image":"","background-repeat":"repeat","background-position":"center center","background-size":"auto","background-attachment":"scroll","background-type":"","background-media":"","overlay-type":"","overlay-color":"","overlay-opacity":"","overlay-gradient":""},"mobile":{"background-color":"","background-image":"","background-repeat":"repeat","background-position":"center center","background-size":"auto","background-attachment":"scroll","background-type":"","background-media":"","overlay-type":"","overlay-color":"","overlay-opacity":"","overlay-gradient":""}},"ast-content-background-meta":{"desktop":{"background-color":"var(--ast-global-color-5)","background-image":"","background-repeat":"repeat","background-position":"center center","background-size":"auto","background-attachment":"scroll","background-type":"","background-media":"","overlay-type":"","overlay-color":"","overlay-opacity":"","overlay-gradient":""},"tablet":{"background-color":"var(--ast-global-color-5)","background-image":"","background-repeat":"repeat","background-position":"center center","background-size":"auto","background-attachment":"scroll","background-type":"","background-media":"","overlay-type":"","overlay-color":"","overlay-opacity":"","overlay-gradient":""},"mobile":{"background-color":"var(--ast-global-color-5)","background-image":"","background-repeat":"repeat","background-position":"center center","background-size":"auto","background-attachment":"scroll","background-type":"","background-media":"","overlay-type":"","overlay-color":"","overlay-opacity":"","overlay-gradient":""}}},"product_brand":[],"product_cat":[361],"product_tag":[],"class_list":{"0":"post-24255","1":"product","2":"type-product","3":"status-publish","4":"has-post-thumbnail","6":"product_cat-qsfp28-bidirectional","7":"desktop-align-left","8":"tablet-align-left","9":"mobile-align-left","10":"ast-product-gallery-layout-horizontal-slider","11":"ast-product-gallery-with-no-image","12":"ast-product-tabs-layout-horizontal","14":"first","15":"instock","16":"shipping-taxable","17":"purchasable","18":"product-type-simple"},"composite_virtual":false,"composite_layout":"","composite_add_to_cart_form_location":"","composite_editable_in_cart":false,"composite_sold_individually_context":"","composite_shop_price_calc":"","composite_components":[],"composite_scenarios":[],"acf":[],"_links":{"self":[{"href":"https:\/\/www.precisionot.com\/es\/wp-json\/wp\/v2\/product\/24255","targetHints":{"allow":["GET"]}}],"collection":[{"href":"https:\/\/www.precisionot.com\/es\/wp-json\/wp\/v2\/product"}],"about":[{"href":"https:\/\/www.precisionot.com\/es\/wp-json\/wp\/v2\/types\/product"}],"version-history":[{"count":0,"href":"https:\/\/www.precisionot.com\/es\/wp-json\/wp\/v2\/product\/24255\/revisions"}],"wp:featuredmedia":[{"embeddable":true,"href":"https:\/\/www.precisionot.com\/es\/wp-json\/wp\/v2\/media\/24264"}],"wp:attachment":[{"href":"https:\/\/www.precisionot.com\/es\/wp-json\/wp\/v2\/media?parent=24255"}],"wp:term":[{"taxonomy":"product_brand","embeddable":true,"href":"https:\/\/www.precisionot.com\/es\/wp-json\/wp\/v2\/product_brand?post=24255"},{"taxonomy":"product_cat","embeddable":true,"href":"https:\/\/www.precisionot.com\/es\/wp-json\/wp\/v2\/product_cat?post=24255"},{"taxonomy":"product_tag","embeddable":true,"href":"https:\/\/www.precisionot.com\/es\/wp-json\/wp\/v2\/product_tag?post=24255"}],"curies":[{"name":"Gracias","href":"https:\/\/api.w.org\/{rel}","templated":true}]}}