{"id":23698,"date":"2023-12-04T08:23:37","date_gmt":"2023-12-04T13:23:37","guid":{"rendered":"https:\/\/www.precisionot.com\/?post_type=product&#038;p=23698"},"modified":"2024-09-17T16:37:27","modified_gmt":"2024-09-17T20:37:27","slug":"previo-a-qsfp-swdm4","status":"publish","type":"product","link":"https:\/\/www.precisionot.com\/es\/product\/pre-qsfp-swdm4\/","title":{"rendered":"PRE-QSFP-SWDM4"},"content":{"rendered":"<p class=\"p2\"><span class=\"NormalTextRun SCXW8425092 BCX0\">El transceptor \u00f3ptico QSFP-SWDM4 de Precision OT admite Ethernet de 40 G mediante tecnolog\u00eda avanzada de multiplexaci\u00f3n por divisi\u00f3n de longitud de onda densa (SWDM) de onda corta, lo que admite distancias de transmisi\u00f3n de hasta <\/span><span class=\"NormalTextRun AdvancedProofingIssueV2Themed SCXW8425092 BCX0\">100 metros<\/span><span class=\"NormalTextRun SCXW8425092 BCX0\"> sobre fibra multimodo (MMF). El QSFP-SWDM4 est\u00e1 dise\u00f1ado para admitir interconexiones de centros de datos y conexiones de red de alta velocidad. Al aprovechar la tecnolog\u00eda SWDM, el m\u00f3dulo permite canales de longitud de onda de alta densidad en una sola fibra, lo que optimiza la red. <\/span><span class=\"NormalTextRun SCXW8425092 BCX0\">capacidad<\/span><span class=\"NormalTextRun SCXW8425092 BCX0\"> y eficiencia.<\/span><\/p>\n<hr \/>\n<p class=\"p2\"><span class=\"NormalTextRun SCXW8425092 BCX0\">Incluye monitoreo de diagn\u00f3stico digital (DDM) para el monitoreo de m\u00e9tricas clave, lo que garantiza la estabilidad de la red y simplifica el mantenimiento. Con un dise\u00f1o intercambiable en caliente, el QSFP-SWDM4 permite una r\u00e1pida instalaci\u00f3n y reemplazo sin interrumpir las operaciones de la red. <\/span><span class=\"NormalTextRun SCXW8425092 BCX0\">optimo<\/span><span class=\"NormalTextRun SCXW8425092 BCX0\"> para centros de datos modernos y redes de alta velocidad, con el objetivo de reducir la complejidad y los costos de la fibra.<\/span><\/p>","protected":false},"excerpt":{"rendered":"<p><span class=\"NormalTextRun SCXW169398180 BCX0\">El transceptor \u00f3ptico QSFP-SWDM4 admite Ethernet 40G mediante tecnolog\u00eda avanzada de multiplexaci\u00f3n por divisi\u00f3n de longitud de onda densa (SWDM) de onda corta, lo que admite distancias de transmisi\u00f3n de hasta <\/span><span class=\"NormalTextRun AdvancedProofingIssueV2Themed SCXW169398180 BCX0\">100 metros<\/span><span class=\"NormalTextRun SCXW169398180 BCX0\"> sobre fibra multimodo (MMF)<\/span><span class=\"NormalTextRun SCXW169398180 BCX0\">.<\/span><\/p>\n<hr \/>\n<p class=\"p2\"><strong>QSFP, SWDM4, 850 nm, 40 G, 350 m, MMF\/LC<\/strong><\/p>","protected":false},"featured_media":26800,"template":"","meta":{"_acf_changed":false,"content-type":"","site-sidebar-layout":"default","site-content-layout":"default","ast-site-content-layout":"default","site-content-style":"default","site-sidebar-style":"default","ast-global-header-display":"","ast-banner-title-visibility":"","ast-main-header-display":"","ast-hfb-above-header-display":"","ast-hfb-below-header-display":"","ast-hfb-mobile-header-display":"","site-post-title":"","ast-breadcrumbs-content":"","ast-featured-img":"","footer-sml-layout":"","ast-disable-related-posts":"","theme-transparent-header-meta":"default","adv-header-id-meta":"","stick-header-meta":"","header-above-stick-meta":"","header-main-stick-meta":"","header-below-stick-meta":"","astra-migrate-meta-layouts":"set","ast-page-background-enabled":"default","ast-page-background-meta":{"desktop":{"background-color":"","background-image":"","background-repeat":"repeat","background-position":"center center","background-size":"auto","background-attachment":"scroll","background-type":"","background-media":"","overlay-type":"","overlay-color":"","overlay-opacity":"","overlay-gradient":""},"tablet":{"background-color":"","background-image":"","background-repeat":"repeat","background-position":"center center","background-size":"auto","background-attachment":"scroll","background-type":"","background-media":"","overlay-type":"","overlay-color":"","overlay-opacity":"","overlay-gradient":""},"mobile":{"background-color":"","background-image":"","background-repeat":"repeat","background-position":"center center","background-size":"auto","background-attachment":"scroll","background-type":"","background-media":"","overlay-type":"","overlay-color":"","overlay-opacity":"","overlay-gradient":""}},"ast-content-background-meta":{"desktop":{"background-color":"var(--ast-global-color-5)","background-image":"","background-repeat":"repeat","background-position":"center center","background-size":"auto","background-attachment":"scroll","background-type":"","background-media":"","overlay-type":"","overlay-color":"","overlay-opacity":"","overlay-gradient":""},"tablet":{"background-color":"var(--ast-global-color-5)","background-image":"","background-repeat":"repeat","background-position":"center center","background-size":"auto","background-attachment":"scroll","background-type":"","background-media":"","overlay-type":"","overlay-color":"","overlay-opacity":"","overlay-gradient":""},"mobile":{"background-color":"var(--ast-global-color-5)","background-image":"","background-repeat":"repeat","background-position":"center center","background-size":"auto","background-attachment":"scroll","background-type":"","background-media":"","overlay-type":"","overlay-color":"","overlay-opacity":"","overlay-gradient":""}}},"product_brand":[],"product_cat":[300],"product_tag":[],"class_list":{"0":"post-23698","1":"product","2":"type-product","3":"status-publish","4":"has-post-thumbnail","6":"product_cat-qsfp-standard","7":"desktop-align-left","8":"tablet-align-left","9":"mobile-align-left","10":"ast-product-gallery-layout-horizontal-slider","11":"ast-product-gallery-with-no-image","12":"ast-product-tabs-layout-horizontal","14":"first","15":"instock","16":"shipping-taxable","17":"purchasable","18":"product-type-simple"},"composite_virtual":false,"composite_layout":"","composite_add_to_cart_form_location":"","composite_editable_in_cart":false,"composite_sold_individually_context":"","composite_shop_price_calc":"","composite_components":[],"composite_scenarios":[],"acf":[],"_links":{"self":[{"href":"https:\/\/www.precisionot.com\/es\/wp-json\/wp\/v2\/product\/23698","targetHints":{"allow":["GET"]}}],"collection":[{"href":"https:\/\/www.precisionot.com\/es\/wp-json\/wp\/v2\/product"}],"about":[{"href":"https:\/\/www.precisionot.com\/es\/wp-json\/wp\/v2\/types\/product"}],"version-history":[{"count":0,"href":"https:\/\/www.precisionot.com\/es\/wp-json\/wp\/v2\/product\/23698\/revisions"}],"wp:featuredmedia":[{"embeddable":true,"href":"https:\/\/www.precisionot.com\/es\/wp-json\/wp\/v2\/media\/26800"}],"wp:attachment":[{"href":"https:\/\/www.precisionot.com\/es\/wp-json\/wp\/v2\/media?parent=23698"}],"wp:term":[{"taxonomy":"product_brand","embeddable":true,"href":"https:\/\/www.precisionot.com\/es\/wp-json\/wp\/v2\/product_brand?post=23698"},{"taxonomy":"product_cat","embeddable":true,"href":"https:\/\/www.precisionot.com\/es\/wp-json\/wp\/v2\/product_cat?post=23698"},{"taxonomy":"product_tag","embeddable":true,"href":"https:\/\/www.precisionot.com\/es\/wp-json\/wp\/v2\/product_tag?post=23698"}],"curies":[{"name":"Gracias","href":"https:\/\/api.w.org\/{rel}","templated":true}]}}