{"id":23642,"date":"2023-11-28T09:24:22","date_gmt":"2023-11-28T14:24:22","guid":{"rendered":"https:\/\/www.precisionot.com\/?post_type=product&#038;p=23642"},"modified":"2025-12-05T17:04:55","modified_gmt":"2025-12-05T22:04:55","slug":"anterior-qsfp56dd-zrxt","status":"publish","type":"product","link":"https:\/\/www.precisionot.com\/es\/product\/pre-qsfp56dd-zrxt\/","title":{"rendered":"PRE-QSFP56DD-ZRXT"},"content":{"rendered":"<p><span data-contrast=\"auto\">El transceptor \u00f3ptico QSFP56DD-ZRXT es una soluci\u00f3n de alto rendimiento dise\u00f1ada para aplicaciones Ethernet de 400G, que ofrece velocidad y confiabilidad excepcionales para necesidades de redes de alcance ultralargo. Ideal para centros de datos, redes de telecomunicaciones y backbones empresariales, este transceptor avanzado garantiza una conectividad s\u00f3lida con una eficiencia superior.<\/span><\/p>\n<hr \/>\n<p><span data-contrast=\"auto\">El transceptor \u00f3ptico QSFP56DD-ZRXT est\u00e1 dise\u00f1ado para satisfacer las crecientes demandas de las redes modernas de ultra largo alcance. Con soporte para Ethernet de 400G, alcance extendido y caracter\u00edsticas avanzadas como cumplimiento con el est\u00e1ndar OIF ZR, alta potencia de transmisi\u00f3n y operaci\u00f3n a 193,7 THz, este transceptor es la elecci\u00f3n perfecta para organizaciones que buscan mejorar su infraestructura de red con alta velocidad, transmisi\u00f3n de datos confiable. Experimente el futuro de las redes con el transceptor \u00f3ptico QSFP56DD-ZRXT, su socio confiable para conectividad de datos de alta velocidad y alcance ultralargo.<\/span><span data-ccp-props=\"{&quot;134233117&quot;:false,&quot;134233118&quot;:false,&quot;201341983&quot;:0,&quot;335557856&quot;:16777215,&quot;335559738&quot;:0,&quot;335559739&quot;:0,&quot;335559740&quot;:279}\">\u00a0<\/span><\/p>","protected":false},"excerpt":{"rendered":"<p><span data-contrast=\"auto\">El transceptor \u00f3ptico QSFP56DD-ZRXT est\u00e1 dise\u00f1ado para satisfacer las crecientes demandas de las redes modernas de ultra largo alcance. Con soporte para Ethernet de 400G, alcance extendido y funciones avanzadas como el cumplimiento del est\u00e1ndar OIF ZR, alta potencia de transmisi\u00f3n y funcionamiento a 193,7 THz.\u00a0<\/span><\/p>\n<hr \/>\n<p><b><span data-contrast=\"none\">QSFP-DD, OIF ZR, 400G, 120km, transmisi\u00f3n de 4dBm, 193,7THz<\/span><\/b><span data-ccp-props=\"{&quot;134233117&quot;:false,&quot;134233118&quot;:false,&quot;201341983&quot;:0,&quot;335557856&quot;:16777215,&quot;335559738&quot;:0,&quot;335559739&quot;:0,&quot;335559740&quot;:279}\">\u00a0<\/span><\/p>","protected":false},"featured_media":23644,"template":"","meta":{"_acf_changed":false,"content-type":"","site-sidebar-layout":"default","site-content-layout":"default","ast-site-content-layout":"default","site-content-style":"default","site-sidebar-style":"default","ast-global-header-display":"","ast-banner-title-visibility":"","ast-main-header-display":"","ast-hfb-above-header-display":"","ast-hfb-below-header-display":"","ast-hfb-mobile-header-display":"","site-post-title":"","ast-breadcrumbs-content":"","ast-featured-img":"","footer-sml-layout":"","ast-disable-related-posts":"","theme-transparent-header-meta":"default","adv-header-id-meta":"","stick-header-meta":"","header-above-stick-meta":"","header-main-stick-meta":"","header-below-stick-meta":"","astra-migrate-meta-layouts":"set","ast-page-background-enabled":"default","ast-page-background-meta":{"desktop":{"background-color":"","background-image":"","background-repeat":"repeat","background-position":"center center","background-size":"auto","background-attachment":"scroll","background-type":"","background-media":"","overlay-type":"","overlay-color":"","overlay-opacity":"","overlay-gradient":""},"tablet":{"background-color":"","background-image":"","background-repeat":"repeat","background-position":"center center","background-size":"auto","background-attachment":"scroll","background-type":"","background-media":"","overlay-type":"","overlay-color":"","overlay-opacity":"","overlay-gradient":""},"mobile":{"background-color":"","background-image":"","background-repeat":"repeat","background-position":"center center","background-size":"auto","background-attachment":"scroll","background-type":"","background-media":"","overlay-type":"","overlay-color":"","overlay-opacity":"","overlay-gradient":""}},"ast-content-background-meta":{"desktop":{"background-color":"var(--ast-global-color-5)","background-image":"","background-repeat":"repeat","background-position":"center center","background-size":"auto","background-attachment":"scroll","background-type":"","background-media":"","overlay-type":"","overlay-color":"","overlay-opacity":"","overlay-gradient":""},"tablet":{"background-color":"var(--ast-global-color-5)","background-image":"","background-repeat":"repeat","background-position":"center center","background-size":"auto","background-attachment":"scroll","background-type":"","background-media":"","overlay-type":"","overlay-color":"","overlay-opacity":"","overlay-gradient":""},"mobile":{"background-color":"var(--ast-global-color-5)","background-image":"","background-repeat":"repeat","background-position":"center center","background-size":"auto","background-attachment":"scroll","background-type":"","background-media":"","overlay-type":"","overlay-color":"","overlay-opacity":"","overlay-gradient":""}}},"product_brand":[],"product_cat":[260,288,371],"product_tag":[],"class_list":{"0":"post-23642","1":"product","2":"type-product","3":"status-publish","4":"has-post-thumbnail","6":"product_cat-featured","7":"product_cat-qsfp-dd-specialty","8":"product_cat-tunable-qsfp-dd-coherent","9":"desktop-align-left","10":"tablet-align-left","11":"mobile-align-left","12":"ast-product-gallery-layout-horizontal-slider","13":"ast-product-gallery-with-no-image","14":"ast-product-tabs-layout-horizontal","16":"first","17":"instock","18":"shipping-taxable","19":"purchasable","20":"product-type-simple"},"composite_virtual":false,"composite_layout":"","composite_add_to_cart_form_location":"","composite_editable_in_cart":false,"composite_sold_individually_context":"","composite_shop_price_calc":"","composite_components":[],"composite_scenarios":[],"acf":[],"_links":{"self":[{"href":"https:\/\/www.precisionot.com\/es\/wp-json\/wp\/v2\/product\/23642","targetHints":{"allow":["GET"]}}],"collection":[{"href":"https:\/\/www.precisionot.com\/es\/wp-json\/wp\/v2\/product"}],"about":[{"href":"https:\/\/www.precisionot.com\/es\/wp-json\/wp\/v2\/types\/product"}],"version-history":[{"count":1,"href":"https:\/\/www.precisionot.com\/es\/wp-json\/wp\/v2\/product\/23642\/revisions"}],"predecessor-version":[{"id":33411,"href":"https:\/\/www.precisionot.com\/es\/wp-json\/wp\/v2\/product\/23642\/revisions\/33411"}],"wp:featuredmedia":[{"embeddable":true,"href":"https:\/\/www.precisionot.com\/es\/wp-json\/wp\/v2\/media\/23644"}],"wp:attachment":[{"href":"https:\/\/www.precisionot.com\/es\/wp-json\/wp\/v2\/media?parent=23642"}],"wp:term":[{"taxonomy":"product_brand","embeddable":true,"href":"https:\/\/www.precisionot.com\/es\/wp-json\/wp\/v2\/product_brand?post=23642"},{"taxonomy":"product_cat","embeddable":true,"href":"https:\/\/www.precisionot.com\/es\/wp-json\/wp\/v2\/product_cat?post=23642"},{"taxonomy":"product_tag","embeddable":true,"href":"https:\/\/www.precisionot.com\/es\/wp-json\/wp\/v2\/product_tag?post=23642"}],"curies":[{"name":"Gracias","href":"https:\/\/api.w.org\/{rel}","templated":true}]}}