{"id":23506,"date":"2023-11-09T12:02:14","date_gmt":"2023-11-09T17:02:14","guid":{"rendered":"https:\/\/www.precisionot.com\/?post_type=product&#038;p=23506"},"modified":"2026-03-05T09:54:41","modified_gmt":"2026-03-05T14:54:41","slug":"antes-qsfp56dd-zrpht","status":"publish","type":"product","link":"https:\/\/www.precisionot.com\/es\/product\/pre-qsfp56dd-zrpht\/","title":{"rendered":"PRE-QSFP56DD-ZRPHT"},"content":{"rendered":"<p><span data-contrast=\"auto\">El transceptor \u00f3ptico QSFP56DD-ZRPHT es una soluci\u00f3n de alto rendimiento dise\u00f1ada para aplicaciones Ethernet de 400G, que ofrece velocidad y confiabilidad excepcionales para necesidades de redes de largo alcance y alta capacidad. Ideal para centros de datos, redes de telecomunicaciones y backbones empresariales, este transceptor avanzado garantiza una conectividad s\u00f3lida con una eficiencia superior.<\/span><\/p>\n<hr \/>\n<p><span data-contrast=\"auto\">El transceptor \u00f3ptico QSFP56DD-ZRPHT est\u00e1 dise\u00f1ado para satisfacer las crecientes demandas de las redes modernas de largo alcance y alta capacidad. Con soporte para Ethernet 400G, cumplimiento del est\u00e1ndar OpenZR+ y funciones avanzadas como potencia de transmisi\u00f3n de +1 dBm, tecnolog\u00eda DWDM sintonizable y tecnolog\u00eda coherente, este transceptor es la elecci\u00f3n perfecta para organizaciones que buscan mejorar su infraestructura de red con alta velocidad y confiabilidad. transmisi\u00f3n de datos. Experimente el futuro de las redes con el transceptor \u00f3ptico QSFP56DD-ZRPHT, su socio confiable para conectividad de datos de alta velocidad, largo alcance y alta capacidad.<\/span><span data-ccp-props=\"{&quot;134233117&quot;:false,&quot;134233118&quot;:false,&quot;201341983&quot;:0,&quot;335557856&quot;:16777215,&quot;335559738&quot;:0,&quot;335559739&quot;:0,&quot;335559740&quot;:279}\">\u00a0<\/span><\/p>","protected":false},"excerpt":{"rendered":"<p><span data-contrast=\"auto\">El transceptor \u00f3ptico QSFP56DD-ZRPHT es una soluci\u00f3n de alto rendimiento dise\u00f1ada para aplicaciones Ethernet de 400G, que ofrece velocidad y confiabilidad excepcionales para necesidades de redes de largo alcance y alta capacidad. Ideal para centros de datos, redes de telecomunicaciones y backbones empresariales, este transceptor avanzado garantiza una conectividad s\u00f3lida con una eficiencia superior.<\/span><\/p>\n<hr \/>\n<p><b><span data-contrast=\"none\">QSFP-DD, OpenZR+, +1dBm TX, sintonizable, DWDM, 400G, coherente<\/span><\/b><span data-ccp-props=\"{&quot;134233117&quot;:false,&quot;134233118&quot;:false,&quot;201341983&quot;:0,&quot;335557856&quot;:16777215,&quot;335559738&quot;:0,&quot;335559739&quot;:0,&quot;335559740&quot;:279}\">\u00a0<\/span><\/p>","protected":false},"featured_media":33680,"template":"","meta":{"_acf_changed":false,"content-type":"","site-sidebar-layout":"default","site-content-layout":"default","ast-site-content-layout":"default","site-content-style":"default","site-sidebar-style":"default","ast-global-header-display":"","ast-banner-title-visibility":"","ast-main-header-display":"","ast-hfb-above-header-display":"","ast-hfb-below-header-display":"","ast-hfb-mobile-header-display":"","site-post-title":"","ast-breadcrumbs-content":"","ast-featured-img":"","footer-sml-layout":"","ast-disable-related-posts":"","theme-transparent-header-meta":"default","adv-header-id-meta":"","stick-header-meta":"","header-above-stick-meta":"","header-main-stick-meta":"","header-below-stick-meta":"","astra-migrate-meta-layouts":"set","ast-page-background-enabled":"default","ast-page-background-meta":{"desktop":{"background-color":"","background-image":"","background-repeat":"repeat","background-position":"center center","background-size":"auto","background-attachment":"scroll","background-type":"","background-media":"","overlay-type":"","overlay-color":"","overlay-opacity":"","overlay-gradient":""},"tablet":{"background-color":"","background-image":"","background-repeat":"repeat","background-position":"center center","background-size":"auto","background-attachment":"scroll","background-type":"","background-media":"","overlay-type":"","overlay-color":"","overlay-opacity":"","overlay-gradient":""},"mobile":{"background-color":"","background-image":"","background-repeat":"repeat","background-position":"center center","background-size":"auto","background-attachment":"scroll","background-type":"","background-media":"","overlay-type":"","overlay-color":"","overlay-opacity":"","overlay-gradient":""}},"ast-content-background-meta":{"desktop":{"background-color":"var(--ast-global-color-5)","background-image":"","background-repeat":"repeat","background-position":"center center","background-size":"auto","background-attachment":"scroll","background-type":"","background-media":"","overlay-type":"","overlay-color":"","overlay-opacity":"","overlay-gradient":""},"tablet":{"background-color":"var(--ast-global-color-5)","background-image":"","background-repeat":"repeat","background-position":"center center","background-size":"auto","background-attachment":"scroll","background-type":"","background-media":"","overlay-type":"","overlay-color":"","overlay-opacity":"","overlay-gradient":""},"mobile":{"background-color":"var(--ast-global-color-5)","background-image":"","background-repeat":"repeat","background-position":"center center","background-size":"auto","background-attachment":"scroll","background-type":"","background-media":"","overlay-type":"","overlay-color":"","overlay-opacity":"","overlay-gradient":""}}},"product_brand":[],"product_cat":[260,288,371],"product_tag":[],"class_list":{"0":"post-23506","1":"product","2":"type-product","3":"status-publish","4":"has-post-thumbnail","6":"product_cat-featured","7":"product_cat-qsfp-dd-specialty","8":"product_cat-tunable-qsfp-dd-coherent","9":"desktop-align-left","10":"tablet-align-left","11":"mobile-align-left","12":"ast-product-gallery-layout-horizontal-slider","13":"ast-product-gallery-with-no-image","14":"ast-product-tabs-layout-horizontal","16":"first","17":"instock","18":"shipping-taxable","19":"purchasable","20":"product-type-simple"},"composite_virtual":false,"composite_layout":"","composite_add_to_cart_form_location":"","composite_editable_in_cart":false,"composite_sold_individually_context":"","composite_shop_price_calc":"","composite_components":[],"composite_scenarios":[],"acf":[],"_links":{"self":[{"href":"https:\/\/www.precisionot.com\/es\/wp-json\/wp\/v2\/product\/23506","targetHints":{"allow":["GET"]}}],"collection":[{"href":"https:\/\/www.precisionot.com\/es\/wp-json\/wp\/v2\/product"}],"about":[{"href":"https:\/\/www.precisionot.com\/es\/wp-json\/wp\/v2\/types\/product"}],"version-history":[{"count":2,"href":"https:\/\/www.precisionot.com\/es\/wp-json\/wp\/v2\/product\/23506\/revisions"}],"predecessor-version":[{"id":33700,"href":"https:\/\/www.precisionot.com\/es\/wp-json\/wp\/v2\/product\/23506\/revisions\/33700"}],"wp:featuredmedia":[{"embeddable":true,"href":"https:\/\/www.precisionot.com\/es\/wp-json\/wp\/v2\/media\/33680"}],"wp:attachment":[{"href":"https:\/\/www.precisionot.com\/es\/wp-json\/wp\/v2\/media?parent=23506"}],"wp:term":[{"taxonomy":"product_brand","embeddable":true,"href":"https:\/\/www.precisionot.com\/es\/wp-json\/wp\/v2\/product_brand?post=23506"},{"taxonomy":"product_cat","embeddable":true,"href":"https:\/\/www.precisionot.com\/es\/wp-json\/wp\/v2\/product_cat?post=23506"},{"taxonomy":"product_tag","embeddable":true,"href":"https:\/\/www.precisionot.com\/es\/wp-json\/wp\/v2\/product_tag?post=23506"}],"curies":[{"name":"Gracias","href":"https:\/\/api.w.org\/{rel}","templated":true}]}}