{"id":17475,"date":"2023-03-31T14:06:39","date_gmt":"2023-03-31T18:06:39","guid":{"rendered":"https:\/\/www.precisionot.com\/?post_type=product&#038;p=17475"},"modified":"2024-09-18T16:48:56","modified_gmt":"2024-09-18T20:48:56","slug":"pre-cvr-qsfp28-sfp28-a","status":"publish","type":"product","link":"https:\/\/www.precisionot.com\/es\/product\/pre-cvr-qsfp28-sfp28-a\/","title":{"rendered":"PRE-CVR-QSFP28-SFP28-A"},"content":{"rendered":"<p class=\"p2\"><span class=\"NormalTextRun SCXW93017744 BCX0\">El convertidor de paso CVR-QSFP28-SFP28-A permite una conversi\u00f3n perfecta entre un puerto QSFP28 de 100 G y una interfaz SFP28 de 25 G de un solo carril. Este m\u00f3dulo est\u00e1 dise\u00f1ado para <\/span><span class=\"NormalTextRun SCXW93017744 BCX0\">facilitar<\/span><span class=\"NormalTextRun SCXW93017744 BCX0\"> interconectividad de alta velocidad, que permite que los equipos de red de 100G admitan enlaces de 25G.<\/span><\/p>\n<hr \/>\n<p class=\"p2\"><span class=\"NormalTextRun SCXW93017744 BCX0\">Proporciona una soluci\u00f3n rentable para los operadores de red que buscan maximizar su infraestructura existente sin la necesidad de actualizaciones costosas. El dise\u00f1o intercambiable en caliente permite una instalaci\u00f3n o reemplazo r\u00e1pido sin interrumpir las operaciones de la red y es compatible con varias aplicaciones de telecomunicaciones y centros de datos, lo que ofrece flexibilidad en una amplia gama de entornos.<\/span><\/p>","protected":false},"excerpt":{"rendered":"<p><span class=\"TextRun SCXW228551148 BCX0\" lang=\"EN-US\" xml:lang=\"EN-US\" data-contrast=\"auto\"><span class=\"NormalTextRun SCXW228551148 BCX0\">El convertidor CVR-QSFP28-SFP28-A permite la conversi\u00f3n de paso de 100G QSFP28 a 25G SFP28, lo que proporciona una soluci\u00f3n rentable para una integraci\u00f3n de red perfecta.<\/span><\/span><\/p>\n<hr \/>\n<p class=\"p2\"><strong>Convertidor de paso de 100G QSFP28 a Single Lane SFP28 25G<\/strong><\/p>","protected":false},"featured_media":24030,"template":"","meta":{"_acf_changed":false,"content-type":"","site-sidebar-layout":"default","site-content-layout":"default","ast-site-content-layout":"default","site-content-style":"default","site-sidebar-style":"default","ast-global-header-display":"","ast-banner-title-visibility":"","ast-main-header-display":"","ast-hfb-above-header-display":"","ast-hfb-below-header-display":"","ast-hfb-mobile-header-display":"","site-post-title":"","ast-breadcrumbs-content":"","ast-featured-img":"","footer-sml-layout":"","ast-disable-related-posts":"","theme-transparent-header-meta":"default","adv-header-id-meta":"","stick-header-meta":"","header-above-stick-meta":"","header-main-stick-meta":"","header-below-stick-meta":"","astra-migrate-meta-layouts":"set","ast-page-background-enabled":"default","ast-page-background-meta":{"desktop":{"background-color":"","background-image":"","background-repeat":"repeat","background-position":"center center","background-size":"auto","background-attachment":"scroll","background-type":"","background-media":"","overlay-type":"","overlay-color":"","overlay-opacity":"","overlay-gradient":""},"tablet":{"background-color":"","background-image":"","background-repeat":"repeat","background-position":"center center","background-size":"auto","background-attachment":"scroll","background-type":"","background-media":"","overlay-type":"","overlay-color":"","overlay-opacity":"","overlay-gradient":""},"mobile":{"background-color":"","background-image":"","background-repeat":"repeat","background-position":"center center","background-size":"auto","background-attachment":"scroll","background-type":"","background-media":"","overlay-type":"","overlay-color":"","overlay-opacity":"","overlay-gradient":""}},"ast-content-background-meta":{"desktop":{"background-color":"var(--ast-global-color-5)","background-image":"","background-repeat":"repeat","background-position":"center center","background-size":"auto","background-attachment":"scroll","background-type":"","background-media":"","overlay-type":"","overlay-color":"","overlay-opacity":"","overlay-gradient":""},"tablet":{"background-color":"var(--ast-global-color-5)","background-image":"","background-repeat":"repeat","background-position":"center center","background-size":"auto","background-attachment":"scroll","background-type":"","background-media":"","overlay-type":"","overlay-color":"","overlay-opacity":"","overlay-gradient":""},"mobile":{"background-color":"var(--ast-global-color-5)","background-image":"","background-repeat":"repeat","background-position":"center center","background-size":"auto","background-attachment":"scroll","background-type":"","background-media":"","overlay-type":"","overlay-color":"","overlay-opacity":"","overlay-gradient":""}}},"product_brand":[],"product_cat":[293],"product_tag":[],"class_list":{"0":"post-17475","1":"product","2":"type-product","3":"status-publish","4":"has-post-thumbnail","6":"product_cat-qsfp28-specialty","7":"desktop-align-left","8":"tablet-align-left","9":"mobile-align-left","10":"ast-product-gallery-layout-horizontal-slider","11":"ast-product-gallery-with-no-image","12":"ast-product-tabs-layout-horizontal","14":"first","15":"instock","16":"shipping-taxable","17":"purchasable","18":"product-type-simple"},"composite_virtual":false,"composite_layout":"","composite_add_to_cart_form_location":"","composite_editable_in_cart":false,"composite_sold_individually_context":"","composite_shop_price_calc":"","composite_components":[],"composite_scenarios":[],"acf":[],"_links":{"self":[{"href":"https:\/\/www.precisionot.com\/es\/wp-json\/wp\/v2\/product\/17475","targetHints":{"allow":["GET"]}}],"collection":[{"href":"https:\/\/www.precisionot.com\/es\/wp-json\/wp\/v2\/product"}],"about":[{"href":"https:\/\/www.precisionot.com\/es\/wp-json\/wp\/v2\/types\/product"}],"version-history":[{"count":0,"href":"https:\/\/www.precisionot.com\/es\/wp-json\/wp\/v2\/product\/17475\/revisions"}],"wp:featuredmedia":[{"embeddable":true,"href":"https:\/\/www.precisionot.com\/es\/wp-json\/wp\/v2\/media\/24030"}],"wp:attachment":[{"href":"https:\/\/www.precisionot.com\/es\/wp-json\/wp\/v2\/media?parent=17475"}],"wp:term":[{"taxonomy":"product_brand","embeddable":true,"href":"https:\/\/www.precisionot.com\/es\/wp-json\/wp\/v2\/product_brand?post=17475"},{"taxonomy":"product_cat","embeddable":true,"href":"https:\/\/www.precisionot.com\/es\/wp-json\/wp\/v2\/product_cat?post=17475"},{"taxonomy":"product_tag","embeddable":true,"href":"https:\/\/www.precisionot.com\/es\/wp-json\/wp\/v2\/product_tag?post=17475"}],"curies":[{"name":"Gracias","href":"https:\/\/api.w.org\/{rel}","templated":true}]}}