{"id":16821,"date":"2023-03-17T10:33:02","date_gmt":"2023-03-17T14:33:02","guid":{"rendered":"https:\/\/www.precisionot.com\/?post_type=product&#038;p=16821"},"modified":"2024-10-28T11:09:24","modified_gmt":"2024-10-28T15:09:24","slug":"previo-al-sfp-dxx-oc48-80i","status":"publish","type":"product","link":"https:\/\/www.precisionot.com\/es\/product\/pre-sfp-dxx-oc48-80i\/","title":{"rendered":"PRE-SFP-Dxx-OC48-80(I)"},"content":{"rendered":"<p class=\"p2\"><span class=\"NormalTextRun SCXW146845569 BCX0\">El m\u00f3dulo transceptor \u00f3ptico SFP-Dxx-OC48-80(I) admite transmisi\u00f3n OC-48\/STM-16 a 2,5 Gbps en distancias de hasta <\/span><span class=\"NormalTextRun SCXW146845569 BCX0\">80 kil\u00f3metros<\/span><span class=\"NormalTextRun SCXW146845569 BCX0\"> Utilizando tecnolog\u00eda de multiplexaci\u00f3n por divisi\u00f3n de longitud de onda densa (DWDM) con espaciado de canal de 100 GHz. Este transceptor, que opera en el rango de longitud de onda DWDM de 1528,77 nm a 1563,86 nm, es <\/span><span class=\"NormalTextRun SCXW146845569 BCX0\">optimizado<\/span><span class=\"NormalTextRun SCXW146845569 BCX0\"> Para redes de mediano a largo alcance y alta capacidad en infraestructuras de telecomunicaciones, centros de datos y empresas.<\/span><\/p>\n<hr \/>\n<p class=\"p2\"><span class=\"NormalTextRun SCXW146845569 BCX0\">Dise\u00f1ado para fibra monomodo (SMF) con conectores d\u00faplex LC, el m\u00f3dulo est\u00e1 disponible en variantes de temperatura comerciales (temperatura C) e industriales (temperatura I), lo que garantiza un rendimiento confiable en diversas condiciones ambientales. El dise\u00f1o intercambiable en caliente permite una integraci\u00f3n o reemplazo sin inconvenientes sin tiempo de inactividad de la red, lo que convierte al SFP-Dxx-OC48-80(I) en una soluci\u00f3n flexible para aplicaciones DWDM OC-48.<\/span><\/p>","protected":false},"excerpt":{"rendered":"<p class=\"p2\"><span class=\"s2\"><span class=\"NormalTextRun SCXW78105890 BCX0\">El transceptor SFP-Dxx-OC48-80(I) admite la transmisi\u00f3n OC-48\/STM-16 a trav\u00e9s de fibra monomodo con un alcance de hasta <\/span><span class=\"NormalTextRun SCXW78105890 BCX0\">80 kil\u00f3metros<\/span><span class=\"NormalTextRun SCXW78105890 BCX0\"> utilizando tecnolog\u00eda DWDM, disponible en longitudes de onda de 1528,77 nm a 1563,86 nm y variantes C-temp\/I-temp.<\/span><\/span><\/p>\n<hr \/>\n<p class=\"p2\"><strong><span class=\"s2\">SFP, DWDM 100 GHz, <\/span>1528.77nm - 1563.86nm, 2.5G, 80km, SMF\/LC<\/strong><\/p>","protected":false},"featured_media":24167,"template":"","meta":{"_acf_changed":false,"content-type":"","site-sidebar-layout":"default","site-content-layout":"default","ast-site-content-layout":"default","site-content-style":"default","site-sidebar-style":"default","ast-global-header-display":"","ast-banner-title-visibility":"","ast-main-header-display":"","ast-hfb-above-header-display":"","ast-hfb-below-header-display":"","ast-hfb-mobile-header-display":"","site-post-title":"","ast-breadcrumbs-content":"","ast-featured-img":"","footer-sml-layout":"","ast-disable-related-posts":"","theme-transparent-header-meta":"default","adv-header-id-meta":"","stick-header-meta":"","header-above-stick-meta":"","header-main-stick-meta":"","header-below-stick-meta":"","astra-migrate-meta-layouts":"set","ast-page-background-enabled":"default","ast-page-background-meta":{"desktop":{"background-color":"","background-image":"","background-repeat":"repeat","background-position":"center center","background-size":"auto","background-attachment":"scroll","background-type":"","background-media":"","overlay-type":"","overlay-color":"","overlay-opacity":"","overlay-gradient":""},"tablet":{"background-color":"","background-image":"","background-repeat":"repeat","background-position":"center center","background-size":"auto","background-attachment":"scroll","background-type":"","background-media":"","overlay-type":"","overlay-color":"","overlay-opacity":"","overlay-gradient":""},"mobile":{"background-color":"","background-image":"","background-repeat":"repeat","background-position":"center center","background-size":"auto","background-attachment":"scroll","background-type":"","background-media":"","overlay-type":"","overlay-color":"","overlay-opacity":"","overlay-gradient":""}},"ast-content-background-meta":{"desktop":{"background-color":"var(--ast-global-color-5)","background-image":"","background-repeat":"repeat","background-position":"center center","background-size":"auto","background-attachment":"scroll","background-type":"","background-media":"","overlay-type":"","overlay-color":"","overlay-opacity":"","overlay-gradient":""},"tablet":{"background-color":"var(--ast-global-color-5)","background-image":"","background-repeat":"repeat","background-position":"center center","background-size":"auto","background-attachment":"scroll","background-type":"","background-media":"","overlay-type":"","overlay-color":"","overlay-opacity":"","overlay-gradient":""},"mobile":{"background-color":"var(--ast-global-color-5)","background-image":"","background-repeat":"repeat","background-position":"center center","background-size":"auto","background-attachment":"scroll","background-type":"","background-media":"","overlay-type":"","overlay-color":"","overlay-opacity":"","overlay-gradient":""}}},"product_brand":[],"product_cat":[323],"product_tag":[208],"class_list":{"0":"post-16821","1":"product","2":"type-product","3":"status-publish","4":"has-post-thumbnail","6":"product_cat-sfp-dwdm","7":"product_tag-datasheets","8":"desktop-align-left","9":"tablet-align-left","10":"mobile-align-left","11":"ast-product-gallery-layout-horizontal-slider","12":"ast-product-gallery-with-no-image","13":"ast-product-single-variable","14":"ast-product-tabs-layout-horizontal","16":"first","17":"instock","18":"shipping-taxable","19":"purchasable","20":"product-type-variable","21":"has-default-attributes"},"composite_virtual":false,"composite_layout":"","composite_add_to_cart_form_location":"","composite_editable_in_cart":false,"composite_sold_individually_context":"","composite_shop_price_calc":"","composite_components":[],"composite_scenarios":[],"acf":[],"_links":{"self":[{"href":"https:\/\/www.precisionot.com\/es\/wp-json\/wp\/v2\/product\/16821","targetHints":{"allow":["GET"]}}],"collection":[{"href":"https:\/\/www.precisionot.com\/es\/wp-json\/wp\/v2\/product"}],"about":[{"href":"https:\/\/www.precisionot.com\/es\/wp-json\/wp\/v2\/types\/product"}],"version-history":[{"count":0,"href":"https:\/\/www.precisionot.com\/es\/wp-json\/wp\/v2\/product\/16821\/revisions"}],"wp:featuredmedia":[{"embeddable":true,"href":"https:\/\/www.precisionot.com\/es\/wp-json\/wp\/v2\/media\/24167"}],"wp:attachment":[{"href":"https:\/\/www.precisionot.com\/es\/wp-json\/wp\/v2\/media?parent=16821"}],"wp:term":[{"taxonomy":"product_brand","embeddable":true,"href":"https:\/\/www.precisionot.com\/es\/wp-json\/wp\/v2\/product_brand?post=16821"},{"taxonomy":"product_cat","embeddable":true,"href":"https:\/\/www.precisionot.com\/es\/wp-json\/wp\/v2\/product_cat?post=16821"},{"taxonomy":"product_tag","embeddable":true,"href":"https:\/\/www.precisionot.com\/es\/wp-json\/wp\/v2\/product_tag?post=16821"}],"curies":[{"name":"Gracias","href":"https:\/\/api.w.org\/{rel}","templated":true}]}}