{"id":15869,"date":"2023-02-23T10:43:58","date_gmt":"2023-02-23T15:43:58","guid":{"rendered":"https:\/\/www.precisionot.com\/?post_type=product&#038;p=15869"},"modified":"2024-09-18T11:43:25","modified_gmt":"2024-09-18T15:43:25","slug":"antes-qsfp28-clr4","status":"publish","type":"product","link":"https:\/\/www.precisionot.com\/es\/product\/pre-qsfp28-clr4\/","title":{"rendered":"PRE-QSFP28-CLR4"},"content":{"rendered":"<p class=\"p2\"><span class=\"TextRun SCXW177201291 BCX0\" lang=\"EN-US\" xml:lang=\"EN-US\" data-contrast=\"auto\"><span class=\"NormalTextRun SCXW177201291 BCX0\">El m\u00f3dulo transceptor \u00f3ptico QSFP28-CLR4 est\u00e1 dise\u00f1ado para la transmisi\u00f3n Ethernet de 100 G de alta velocidad a distancias de hasta 2 kil\u00f3metros mediante tecnolog\u00eda de multiplexaci\u00f3n por divisi\u00f3n de longitud de onda gruesa (CWDM). Este m\u00f3dulo <\/span><span class=\"NormalTextRun SCXW177201291 BCX0\">opera<\/span><span class=\"NormalTextRun SCXW177201291 BCX0\"> sin correcci\u00f3n de errores hacia adelante (FEC) y es <\/span><span class=\"NormalTextRun SCXW177201291 BCX0\">optimizado<\/span><span class=\"NormalTextRun SCXW177201291 BCX0\"> para aplicaciones que requieren transmisi\u00f3n de baja latencia.<\/span><\/span><\/p>\n<hr \/>\n<p class=\"p2\"><span class=\"TextRun SCXW177201291 BCX0\" lang=\"EN-US\" xml:lang=\"EN-US\" data-contrast=\"auto\"><span class=\"NormalTextRun SCXW177201291 BCX0\">Admite fibra monomodo (SMF) con conectores LC, lo que lo hace ideal para centros de datos y redes empresariales que priorizan el alto rendimiento en distancias cortas a medias. El monitoreo de diagn\u00f3stico digital (DDM) integrado proporciona datos de rendimiento en tiempo real, lo que permite a los usuarios <\/span><span class=\"NormalTextRun SCXW177201291 BCX0\">mantener<\/span><span class=\"NormalTextRun SCXW177201291 BCX0\"> y administrar el estado de la red de manera eficiente. El dise\u00f1o intercambiable en caliente permite una r\u00e1pida instalaci\u00f3n y reemplazo, lo que minimiza el tiempo de inactividad, mientras que el bajo consumo de energ\u00eda del m\u00f3dulo garantiza un funcionamiento energ\u00e9ticamente eficiente.<\/span><\/span><span class=\"EOP SCXW177201291 BCX0\" data-ccp-props=\"{&quot;134233117&quot;:false,&quot;134233118&quot;:false,&quot;201341983&quot;:0,&quot;335557856&quot;:16777215,&quot;335559738&quot;:0,&quot;335559739&quot;:0,&quot;335559740&quot;:279}\">\u00a0<\/span><\/p>","protected":false},"excerpt":{"rendered":"<p>El m\u00f3dulo transceptor \u00f3ptico QSFP28-CLR4 admite Ethernet 100G a trav\u00e9s de fibra monomodo, con transmisi\u00f3n de baja latencia en distancias de hasta 2 kil\u00f3metros.<\/p>\n<hr \/>\n<p class=\"p2\"><strong>QSFP28, CLR4, CWDM, 100G, 2 km (sin FEC), SMF\/LC, C-Temp, DDM<\/strong><\/p>","protected":false},"featured_media":24253,"template":"","meta":{"_acf_changed":false,"content-type":"","site-sidebar-layout":"default","site-content-layout":"default","ast-site-content-layout":"default","site-content-style":"default","site-sidebar-style":"default","ast-global-header-display":"","ast-banner-title-visibility":"","ast-main-header-display":"","ast-hfb-above-header-display":"","ast-hfb-below-header-display":"","ast-hfb-mobile-header-display":"","site-post-title":"","ast-breadcrumbs-content":"","ast-featured-img":"","footer-sml-layout":"","ast-disable-related-posts":"","theme-transparent-header-meta":"default","adv-header-id-meta":"","stick-header-meta":"","header-above-stick-meta":"","header-main-stick-meta":"","header-below-stick-meta":"","astra-migrate-meta-layouts":"set","ast-page-background-enabled":"default","ast-page-background-meta":{"desktop":{"background-color":"","background-image":"","background-repeat":"repeat","background-position":"center center","background-size":"auto","background-attachment":"scroll","background-type":"","background-media":"","overlay-type":"","overlay-color":"","overlay-opacity":"","overlay-gradient":""},"tablet":{"background-color":"","background-image":"","background-repeat":"repeat","background-position":"center center","background-size":"auto","background-attachment":"scroll","background-type":"","background-media":"","overlay-type":"","overlay-color":"","overlay-opacity":"","overlay-gradient":""},"mobile":{"background-color":"","background-image":"","background-repeat":"repeat","background-position":"center center","background-size":"auto","background-attachment":"scroll","background-type":"","background-media":"","overlay-type":"","overlay-color":"","overlay-opacity":"","overlay-gradient":""}},"ast-content-background-meta":{"desktop":{"background-color":"var(--ast-global-color-5)","background-image":"","background-repeat":"repeat","background-position":"center center","background-size":"auto","background-attachment":"scroll","background-type":"","background-media":"","overlay-type":"","overlay-color":"","overlay-opacity":"","overlay-gradient":""},"tablet":{"background-color":"var(--ast-global-color-5)","background-image":"","background-repeat":"repeat","background-position":"center center","background-size":"auto","background-attachment":"scroll","background-type":"","background-media":"","overlay-type":"","overlay-color":"","overlay-opacity":"","overlay-gradient":""},"mobile":{"background-color":"var(--ast-global-color-5)","background-image":"","background-repeat":"repeat","background-position":"center center","background-size":"auto","background-attachment":"scroll","background-type":"","background-media":"","overlay-type":"","overlay-color":"","overlay-opacity":"","overlay-gradient":""}}},"product_brand":[],"product_cat":[290],"product_tag":[],"class_list":{"0":"post-15869","1":"product","2":"type-product","3":"status-publish","4":"has-post-thumbnail","6":"product_cat-qsfp28-standard","7":"desktop-align-left","8":"tablet-align-left","9":"mobile-align-left","10":"ast-product-gallery-layout-horizontal-slider","11":"ast-product-gallery-with-no-image","12":"ast-product-tabs-layout-horizontal","14":"first","15":"instock","16":"shipping-taxable","17":"purchasable","18":"product-type-simple"},"composite_virtual":false,"composite_layout":"","composite_add_to_cart_form_location":"","composite_editable_in_cart":false,"composite_sold_individually_context":"","composite_shop_price_calc":"","composite_components":[],"composite_scenarios":[],"acf":[],"_links":{"self":[{"href":"https:\/\/www.precisionot.com\/es\/wp-json\/wp\/v2\/product\/15869","targetHints":{"allow":["GET"]}}],"collection":[{"href":"https:\/\/www.precisionot.com\/es\/wp-json\/wp\/v2\/product"}],"about":[{"href":"https:\/\/www.precisionot.com\/es\/wp-json\/wp\/v2\/types\/product"}],"version-history":[{"count":0,"href":"https:\/\/www.precisionot.com\/es\/wp-json\/wp\/v2\/product\/15869\/revisions"}],"wp:featuredmedia":[{"embeddable":true,"href":"https:\/\/www.precisionot.com\/es\/wp-json\/wp\/v2\/media\/24253"}],"wp:attachment":[{"href":"https:\/\/www.precisionot.com\/es\/wp-json\/wp\/v2\/media?parent=15869"}],"wp:term":[{"taxonomy":"product_brand","embeddable":true,"href":"https:\/\/www.precisionot.com\/es\/wp-json\/wp\/v2\/product_brand?post=15869"},{"taxonomy":"product_cat","embeddable":true,"href":"https:\/\/www.precisionot.com\/es\/wp-json\/wp\/v2\/product_cat?post=15869"},{"taxonomy":"product_tag","embeddable":true,"href":"https:\/\/www.precisionot.com\/es\/wp-json\/wp\/v2\/product_tag?post=15869"}],"curies":[{"name":"Gracias","href":"https:\/\/api.w.org\/{rel}","templated":true}]}}