{"id":13190,"date":"2022-12-16T09:12:30","date_gmt":"2022-12-16T14:12:30","guid":{"rendered":"https:\/\/www.precisionot.com\/?post_type=product&#038;p=13190"},"modified":"2024-12-06T12:02:31","modified_gmt":"2024-12-06T17:02:31","slug":"previo-a-la-sfp-b4554-120","status":"publish","type":"product","link":"https:\/\/www.precisionot.com\/es\/product\/pre-sfp-b4554-120\/","title":{"rendered":"PRE-SFP-B45(54)-120(I)"},"content":{"rendered":"<p><span class=\"NormalTextRun SCXW208066009 BCX0\">El m\u00f3dulo transceptor \u00f3ptico SFP-B45(54)-120(I) admite transmisi\u00f3n Ethernet de 1 G a distancias ultralargas de hasta <\/span><span class=\"NormalTextRun SCXW208066009 BCX0\">120 kil\u00f3metros<\/span><span class=\"NormalTextRun SCXW208066009 BCX0\"> Utilizando tecnolog\u00eda bidireccional (BIDI). Al operar con longitudes de onda duales de 1550 nm (Tx) y 1490 nm (Rx), o viceversa, este transceptor permite una transmisi\u00f3n y recepci\u00f3n de datos eficientes a trav\u00e9s de una sola fibra, maximizando la transmisi\u00f3n de datos. <\/span><span class=\"NormalTextRun SCXW208066009 BCX0\">utilizaci\u00f3n<\/span><span class=\"NormalTextRun SCXW208066009 BCX0\"> para redes empresariales y de telecomunicaciones de larga distancia.<\/span><\/p>\n<hr \/>\n<p><span class=\"NormalTextRun SCXW208066009 BCX0\">Dise\u00f1ado para fibra monomodo (SMF) con un conector LC, el SFP-B45(54)-120(I) est\u00e1 dise\u00f1ado para aplicaciones de rango extendido y est\u00e1 disponible en variantes de temperatura comerciales (C-temp) e industriales (I-temp). El m\u00f3dulo incluye diagn\u00f3sticos digitales <\/span><span class=\"NormalTextRun SCXW208066009 BCX0\">escucha<\/span><span class=\"NormalTextRun SCXW208066009 BCX0\"> (DDM) para el seguimiento del rendimiento en tiempo real, garantizando una gesti\u00f3n proactiva de la red. <\/span><span class=\"NormalTextRun ContextualSpellingAndGrammarErrorV2Themed SCXW208066009 BCX0\">Es<\/span><span class=\"NormalTextRun SCXW208066009 BCX0\"> dise\u00f1o intercambiable en caliente <\/span><span class=\"NormalTextRun SCXW208066009 BCX0\">facilita<\/span><span class=\"NormalTextRun SCXW208066009 BCX0\"> F\u00e1cil integraci\u00f3n o reemplazo sin interrumpir las operaciones de la red.<\/span><\/p>","protected":false},"excerpt":{"rendered":"<p><span class=\"NormalTextRun SCXW46355280 BCX0\">El transceptor SFP-B45(54)-120(I) admite Ethernet 1G a trav\u00e9s de fibra monomodo con un alcance de hasta <\/span><span class=\"NormalTextRun SCXW46355280 BCX0\">120 kil\u00f3metros<\/span><span class=\"NormalTextRun SCXW46355280 BCX0\"> utilizando tecnolog\u00eda BIDI con longitudes de onda de 1550 nm y 1490 nm, disponible en variantes C-temp e I-temp con DDM incorporado.<\/span><\/p>\n<hr \/>\n<p><strong>SFP, EZX, BIDI, 1550\/1490nm (1490\/1550nm), 1G, 120km, SMF\/LC, temperatura C, DDM<\/strong><\/p>","protected":false},"featured_media":29688,"template":"","meta":{"_acf_changed":false,"content-type":"","site-sidebar-layout":"default","site-content-layout":"default","ast-site-content-layout":"default","site-content-style":"default","site-sidebar-style":"default","ast-global-header-display":"","ast-banner-title-visibility":"","ast-main-header-display":"","ast-hfb-above-header-display":"","ast-hfb-below-header-display":"","ast-hfb-mobile-header-display":"","site-post-title":"","ast-breadcrumbs-content":"","ast-featured-img":"","footer-sml-layout":"","ast-disable-related-posts":"","theme-transparent-header-meta":"default","adv-header-id-meta":"","stick-header-meta":"","header-above-stick-meta":"","header-main-stick-meta":"","header-below-stick-meta":"","astra-migrate-meta-layouts":"set","ast-page-background-enabled":"default","ast-page-background-meta":{"desktop":{"background-color":"","background-image":"","background-repeat":"repeat","background-position":"center center","background-size":"auto","background-attachment":"scroll","background-type":"","background-media":"","overlay-type":"","overlay-color":"","overlay-opacity":"","overlay-gradient":""},"tablet":{"background-color":"","background-image":"","background-repeat":"repeat","background-position":"center center","background-size":"auto","background-attachment":"scroll","background-type":"","background-media":"","overlay-type":"","overlay-color":"","overlay-opacity":"","overlay-gradient":""},"mobile":{"background-color":"","background-image":"","background-repeat":"repeat","background-position":"center center","background-size":"auto","background-attachment":"scroll","background-type":"","background-media":"","overlay-type":"","overlay-color":"","overlay-opacity":"","overlay-gradient":""}},"ast-content-background-meta":{"desktop":{"background-color":"var(--ast-global-color-5)","background-image":"","background-repeat":"repeat","background-position":"center center","background-size":"auto","background-attachment":"scroll","background-type":"","background-media":"","overlay-type":"","overlay-color":"","overlay-opacity":"","overlay-gradient":""},"tablet":{"background-color":"var(--ast-global-color-5)","background-image":"","background-repeat":"repeat","background-position":"center center","background-size":"auto","background-attachment":"scroll","background-type":"","background-media":"","overlay-type":"","overlay-color":"","overlay-opacity":"","overlay-gradient":""},"mobile":{"background-color":"var(--ast-global-color-5)","background-image":"","background-repeat":"repeat","background-position":"center center","background-size":"auto","background-attachment":"scroll","background-type":"","background-media":"","overlay-type":"","overlay-color":"","overlay-opacity":"","overlay-gradient":""}}},"product_brand":[],"product_cat":[59],"product_tag":[],"class_list":{"0":"post-13190","1":"product","2":"type-product","3":"status-publish","4":"has-post-thumbnail","6":"product_cat-1g-sfp-bidirectional","7":"desktop-align-left","8":"tablet-align-left","9":"mobile-align-left","10":"ast-product-gallery-layout-horizontal-slider","11":"ast-product-gallery-with-no-image","12":"ast-product-tabs-layout-horizontal","14":"first","15":"instock","16":"shipping-taxable","17":"purchasable","18":"product-type-simple"},"composite_virtual":false,"composite_layout":"","composite_add_to_cart_form_location":"","composite_editable_in_cart":false,"composite_sold_individually_context":"","composite_shop_price_calc":"","composite_components":[],"composite_scenarios":[],"acf":[],"_links":{"self":[{"href":"https:\/\/www.precisionot.com\/es\/wp-json\/wp\/v2\/product\/13190","targetHints":{"allow":["GET"]}}],"collection":[{"href":"https:\/\/www.precisionot.com\/es\/wp-json\/wp\/v2\/product"}],"about":[{"href":"https:\/\/www.precisionot.com\/es\/wp-json\/wp\/v2\/types\/product"}],"version-history":[{"count":0,"href":"https:\/\/www.precisionot.com\/es\/wp-json\/wp\/v2\/product\/13190\/revisions"}],"wp:featuredmedia":[{"embeddable":true,"href":"https:\/\/www.precisionot.com\/es\/wp-json\/wp\/v2\/media\/29688"}],"wp:attachment":[{"href":"https:\/\/www.precisionot.com\/es\/wp-json\/wp\/v2\/media?parent=13190"}],"wp:term":[{"taxonomy":"product_brand","embeddable":true,"href":"https:\/\/www.precisionot.com\/es\/wp-json\/wp\/v2\/product_brand?post=13190"},{"taxonomy":"product_cat","embeddable":true,"href":"https:\/\/www.precisionot.com\/es\/wp-json\/wp\/v2\/product_cat?post=13190"},{"taxonomy":"product_tag","embeddable":true,"href":"https:\/\/www.precisionot.com\/es\/wp-json\/wp\/v2\/product_tag?post=13190"}],"curies":[{"name":"Gracias","href":"https:\/\/api.w.org\/{rel}","templated":true}]}}