{"id":13183,"date":"2022-12-16T09:10:46","date_gmt":"2022-12-16T14:10:46","guid":{"rendered":"https:\/\/www.precisionot.com\/?post_type=product&#038;p=13183"},"modified":"2024-10-28T11:52:19","modified_gmt":"2024-10-28T15:52:19","slug":"antes-de-sfp-b3443-60i","status":"publish","type":"product","link":"https:\/\/www.precisionot.com\/es\/product\/pre-sfp-b3443-60i\/","title":{"rendered":"PRE-SFP-B34(43)-60(I)"},"content":{"rendered":"<p><span class=\"NormalTextRun SCXW109959603 BCX0\">El m\u00f3dulo transceptor \u00f3ptico SFP-B34(43)-60(I) admite transmisi\u00f3n Ethernet de 1 G a distancias de hasta <\/span><span class=\"NormalTextRun SCXW109959603 BCX0\">60 kil\u00f3metros<\/span><span class=\"NormalTextRun SCXW109959603 BCX0\"> Utilizando tecnolog\u00eda bidireccional (BIDI), este transceptor, que funciona con longitudes de onda duales de 1310 nm (Tx) y 1490 nm (Rx), o viceversa, permite la transmisi\u00f3n y recepci\u00f3n eficiente de datos a trav\u00e9s de una sola fibra, maximizando los recursos de fibra en redes de telecomunicaciones y empresariales.<\/span><\/p>\n<hr \/>\n<p><span class=\"NormalTextRun SCXW109959603 BCX0\">Dise\u00f1ado para fibra monomodo (SMF) con un conector LC, este m\u00f3dulo es ideal para aplicaciones de largo alcance y est\u00e1 disponible en variantes de temperatura comerciales (C-temp) e industriales (I-temp). El diagn\u00f3stico digital integrado <\/span><span class=\"NormalTextRun SCXW109959603 BCX0\">escucha<\/span><span class=\"NormalTextRun SCXW109959603 BCX0\"> (DDM) proporciona seguimiento del rendimiento en tiempo real para una gesti\u00f3n proactiva de la red, mientras que el dise\u00f1o intercambiable en caliente permite una f\u00e1cil integraci\u00f3n o reemplazo sin interrumpir las operaciones de la red.<\/span><\/p>","protected":false},"excerpt":{"rendered":"<p><span class=\"NormalTextRun SCXW192878574 BCX0\">El transceptor SFP-B34(43)-60(I) admite Ethernet 1G a trav\u00e9s de fibra monomodo con un alcance de hasta <\/span><span class=\"NormalTextRun SCXW192878574 BCX0\">60 kil\u00f3metros<\/span><span class=\"NormalTextRun SCXW192878574 BCX0\"> utilizando tecnolog\u00eda BIDI con longitudes de onda de 1310 nm y 1490 nm, disponible en variantes C-temp e I-temp con DDM incorporado.<\/span><\/p>\n<hr \/>\n<p><strong>SFP, EX, BIDI, 1310\/1490nm (1490\/1310nm), 1G, 60km, SMF\/LC, C-Temp\/I-Temp, DDM<\/strong><\/p>","protected":false},"featured_media":0,"template":"","meta":{"_acf_changed":false,"content-type":"","site-sidebar-layout":"default","site-content-layout":"default","ast-site-content-layout":"default","site-content-style":"default","site-sidebar-style":"default","ast-global-header-display":"","ast-banner-title-visibility":"","ast-main-header-display":"","ast-hfb-above-header-display":"","ast-hfb-below-header-display":"","ast-hfb-mobile-header-display":"","site-post-title":"","ast-breadcrumbs-content":"","ast-featured-img":"","footer-sml-layout":"","ast-disable-related-posts":"","theme-transparent-header-meta":"default","adv-header-id-meta":"","stick-header-meta":"","header-above-stick-meta":"","header-main-stick-meta":"","header-below-stick-meta":"","astra-migrate-meta-layouts":"set","ast-page-background-enabled":"default","ast-page-background-meta":{"desktop":{"background-color":"","background-image":"","background-repeat":"repeat","background-position":"center center","background-size":"auto","background-attachment":"scroll","background-type":"","background-media":"","overlay-type":"","overlay-color":"","overlay-opacity":"","overlay-gradient":""},"tablet":{"background-color":"","background-image":"","background-repeat":"repeat","background-position":"center center","background-size":"auto","background-attachment":"scroll","background-type":"","background-media":"","overlay-type":"","overlay-color":"","overlay-opacity":"","overlay-gradient":""},"mobile":{"background-color":"","background-image":"","background-repeat":"repeat","background-position":"center center","background-size":"auto","background-attachment":"scroll","background-type":"","background-media":"","overlay-type":"","overlay-color":"","overlay-opacity":"","overlay-gradient":""}},"ast-content-background-meta":{"desktop":{"background-color":"var(--ast-global-color-5)","background-image":"","background-repeat":"repeat","background-position":"center center","background-size":"auto","background-attachment":"scroll","background-type":"","background-media":"","overlay-type":"","overlay-color":"","overlay-opacity":"","overlay-gradient":""},"tablet":{"background-color":"var(--ast-global-color-5)","background-image":"","background-repeat":"repeat","background-position":"center center","background-size":"auto","background-attachment":"scroll","background-type":"","background-media":"","overlay-type":"","overlay-color":"","overlay-opacity":"","overlay-gradient":""},"mobile":{"background-color":"var(--ast-global-color-5)","background-image":"","background-repeat":"repeat","background-position":"center center","background-size":"auto","background-attachment":"scroll","background-type":"","background-media":"","overlay-type":"","overlay-color":"","overlay-opacity":"","overlay-gradient":""}}},"product_brand":[],"product_cat":[59],"product_tag":[],"class_list":{"0":"post-13183","1":"product","2":"type-product","3":"status-publish","5":"product_cat-1g-sfp-bidirectional","6":"desktop-align-left","7":"tablet-align-left","8":"mobile-align-left","9":"ast-product-gallery-layout-horizontal-slider","10":"ast-product-gallery-with-no-image","11":"ast-product-tabs-layout-horizontal","13":"first","14":"instock","15":"shipping-taxable","16":"purchasable","17":"product-type-simple"},"composite_virtual":false,"composite_layout":"","composite_add_to_cart_form_location":"","composite_editable_in_cart":false,"composite_sold_individually_context":"","composite_shop_price_calc":"","composite_components":[],"composite_scenarios":[],"acf":[],"_links":{"self":[{"href":"https:\/\/www.precisionot.com\/es\/wp-json\/wp\/v2\/product\/13183","targetHints":{"allow":["GET"]}}],"collection":[{"href":"https:\/\/www.precisionot.com\/es\/wp-json\/wp\/v2\/product"}],"about":[{"href":"https:\/\/www.precisionot.com\/es\/wp-json\/wp\/v2\/types\/product"}],"version-history":[{"count":0,"href":"https:\/\/www.precisionot.com\/es\/wp-json\/wp\/v2\/product\/13183\/revisions"}],"wp:attachment":[{"href":"https:\/\/www.precisionot.com\/es\/wp-json\/wp\/v2\/media?parent=13183"}],"wp:term":[{"taxonomy":"product_brand","embeddable":true,"href":"https:\/\/www.precisionot.com\/es\/wp-json\/wp\/v2\/product_brand?post=13183"},{"taxonomy":"product_cat","embeddable":true,"href":"https:\/\/www.precisionot.com\/es\/wp-json\/wp\/v2\/product_cat?post=13183"},{"taxonomy":"product_tag","embeddable":true,"href":"https:\/\/www.precisionot.com\/es\/wp-json\/wp\/v2\/product_tag?post=13183"}],"curies":[{"name":"Gracias","href":"https:\/\/api.w.org\/{rel}","templated":true}]}}