{"id":13101,"date":"2022-12-14T16:54:34","date_gmt":"2022-12-14T21:54:34","guid":{"rendered":"https:\/\/www.precisionot.com\/?post_type=product&#038;p=13101"},"modified":"2025-02-14T16:41:36","modified_gmt":"2025-02-14T21:41:36","slug":"previo-al-sfp-dr5t-dxx-80h-2","status":"publish","type":"product","link":"https:\/\/www.precisionot.com\/es\/product\/pre-sfp-dr5t-dxx-80h-2\/","title":{"rendered":"PRE-SFP-DR5T-Dxx-80H"},"content":{"rendered":"<p><span class=\"NormalTextRun SCXW1217963 BCX0\">El m\u00f3dulo transceptor \u00f3ptico SFP-DR5T-Dxx-80H admite transmisi\u00f3n de retorno digital 5G a distancias de hasta <\/span><span class=\"NormalTextRun SCXW1217963 BCX0\">80 kil\u00f3metros<\/span><span class=\"NormalTextRun SCXW1217963 BCX0\"> utilizando tecnolog\u00eda de multiplexaci\u00f3n por divisi\u00f3n de longitud de onda densa (DWDM) en una red de 100 GHz. Operando en una longitud de onda DWDM espec\u00edfica (<\/span><span class=\"NormalTextRun SpellingErrorV2Themed SCXW1217963 BCX0\">xxxx.xx<\/span><span class=\"NormalTextRun SCXW1217963 BCX0\"> nm), este transceptor es ideal para aplicaciones de retorno digital de largo alcance y alta capacidad en redes industriales y de telecomunicaciones.<\/span><\/p>\n<hr \/>\n<p><span class=\"NormalTextRun SCXW1217963 BCX0\">Dise\u00f1ado para soportar condiciones extremas, es <\/span><span class=\"NormalTextRun SCXW1217963 BCX0\">opera<\/span><span class=\"NormalTextRun SCXW1217963 BCX0\"> Funciona de forma fiable a temperaturas de hasta 92 \u00b0C, lo que lo hace adecuado para entornos de red exigentes. Diagn\u00f3stico digital integrado <\/span><span class=\"NormalTextRun SCXW1217963 BCX0\">escucha<\/span><span class=\"NormalTextRun SCXW1217963 BCX0\"> (DDM) proporciona seguimiento del rendimiento en tiempo real para la gesti\u00f3n proactiva de la red y su dise\u00f1o intercambiable en caliente <\/span><span class=\"NormalTextRun SCXW1217963 BCX0\">facilita<\/span><span class=\"NormalTextRun SCXW1217963 BCX0\"> Integraci\u00f3n o reemplazo sin problemas sin interrumpir las operaciones.<\/span><\/p>","protected":false},"excerpt":{"rendered":"<p><span class=\"NormalTextRun SCXW195278011 BCX0\">El transceptor SFP-DR5T-Dxx-80H admite retorno digital 5G a trav\u00e9s de fibra monomodo con un alcance de hasta <\/span><span class=\"NormalTextRun SCXW195278011 BCX0\">80 kil\u00f3metros<\/span><span class=\"NormalTextRun SCXW195278011 BCX0\"> utilizando tecnolog\u00eda DWDM, dise\u00f1ado para condiciones de alta temperatura de hasta 92\u00b0C.<\/span><\/p>\n<hr \/>\n<p><strong>SFP, retorno digital, DWDM, 100 GHz, xxxx.xxnm, 5G, 80 km, SMF\/LC, 92 \u00b0C, DDM<\/strong><\/p>","protected":false},"featured_media":13102,"template":"","meta":{"_acf_changed":false,"content-type":"","site-sidebar-layout":"default","site-content-layout":"default","ast-site-content-layout":"default","site-content-style":"default","site-sidebar-style":"default","ast-global-header-display":"","ast-banner-title-visibility":"","ast-main-header-display":"","ast-hfb-above-header-display":"","ast-hfb-below-header-display":"","ast-hfb-mobile-header-display":"","site-post-title":"","ast-breadcrumbs-content":"","ast-featured-img":"","footer-sml-layout":"","ast-disable-related-posts":"","theme-transparent-header-meta":"default","adv-header-id-meta":"","stick-header-meta":"","header-above-stick-meta":"","header-main-stick-meta":"","header-below-stick-meta":"","astra-migrate-meta-layouts":"set","ast-page-background-enabled":"default","ast-page-background-meta":{"desktop":{"background-color":"","background-image":"","background-repeat":"repeat","background-position":"center center","background-size":"auto","background-attachment":"scroll","background-type":"","background-media":"","overlay-type":"","overlay-color":"","overlay-opacity":"","overlay-gradient":""},"tablet":{"background-color":"","background-image":"","background-repeat":"repeat","background-position":"center center","background-size":"auto","background-attachment":"scroll","background-type":"","background-media":"","overlay-type":"","overlay-color":"","overlay-opacity":"","overlay-gradient":""},"mobile":{"background-color":"","background-image":"","background-repeat":"repeat","background-position":"center center","background-size":"auto","background-attachment":"scroll","background-type":"","background-media":"","overlay-type":"","overlay-color":"","overlay-opacity":"","overlay-gradient":""}},"ast-content-background-meta":{"desktop":{"background-color":"var(--ast-global-color-5)","background-image":"","background-repeat":"repeat","background-position":"center center","background-size":"auto","background-attachment":"scroll","background-type":"","background-media":"","overlay-type":"","overlay-color":"","overlay-opacity":"","overlay-gradient":""},"tablet":{"background-color":"var(--ast-global-color-5)","background-image":"","background-repeat":"repeat","background-position":"center center","background-size":"auto","background-attachment":"scroll","background-type":"","background-media":"","overlay-type":"","overlay-color":"","overlay-opacity":"","overlay-gradient":""},"mobile":{"background-color":"var(--ast-global-color-5)","background-image":"","background-repeat":"repeat","background-position":"center center","background-size":"auto","background-attachment":"scroll","background-type":"","background-media":"","overlay-type":"","overlay-color":"","overlay-opacity":"","overlay-gradient":""}}},"product_brand":[],"product_cat":[320,323],"product_tag":[],"class_list":{"0":"post-13101","1":"product","2":"type-product","3":"status-publish","4":"has-post-thumbnail","6":"product_cat-sfp","7":"product_cat-sfp-dwdm","8":"desktop-align-left","9":"tablet-align-left","10":"mobile-align-left","11":"ast-product-gallery-layout-horizontal-slider","12":"ast-product-gallery-with-no-image","13":"ast-product-tabs-layout-horizontal","15":"first","16":"instock","17":"shipping-taxable","18":"purchasable","19":"product-type-simple"},"composite_virtual":false,"composite_layout":"","composite_add_to_cart_form_location":"","composite_editable_in_cart":false,"composite_sold_individually_context":"","composite_shop_price_calc":"","composite_components":[],"composite_scenarios":[],"acf":[],"_links":{"self":[{"href":"https:\/\/www.precisionot.com\/es\/wp-json\/wp\/v2\/product\/13101","targetHints":{"allow":["GET"]}}],"collection":[{"href":"https:\/\/www.precisionot.com\/es\/wp-json\/wp\/v2\/product"}],"about":[{"href":"https:\/\/www.precisionot.com\/es\/wp-json\/wp\/v2\/types\/product"}],"version-history":[{"count":0,"href":"https:\/\/www.precisionot.com\/es\/wp-json\/wp\/v2\/product\/13101\/revisions"}],"wp:featuredmedia":[{"embeddable":true,"href":"https:\/\/www.precisionot.com\/es\/wp-json\/wp\/v2\/media\/13102"}],"wp:attachment":[{"href":"https:\/\/www.precisionot.com\/es\/wp-json\/wp\/v2\/media?parent=13101"}],"wp:term":[{"taxonomy":"product_brand","embeddable":true,"href":"https:\/\/www.precisionot.com\/es\/wp-json\/wp\/v2\/product_brand?post=13101"},{"taxonomy":"product_cat","embeddable":true,"href":"https:\/\/www.precisionot.com\/es\/wp-json\/wp\/v2\/product_cat?post=13101"},{"taxonomy":"product_tag","embeddable":true,"href":"https:\/\/www.precisionot.com\/es\/wp-json\/wp\/v2\/product_tag?post=13101"}],"curies":[{"name":"Gracias","href":"https:\/\/api.w.org\/{rel}","templated":true}]}}