{"id":13033,"date":"2022-12-14T16:16:22","date_gmt":"2022-12-14T21:16:22","guid":{"rendered":"https:\/\/www.precisionot.com\/?post_type=product&#038;p=13033"},"modified":"2025-12-02T12:12:17","modified_gmt":"2025-12-02T17:12:17","slug":"antes-qsfp28m-lr4","status":"publish","type":"product","link":"https:\/\/www.precisionot.com\/es\/product\/pre-qsfp28m-lr4\/","title":{"rendered":"PRE-QSFP28M-LR4"},"content":{"rendered":"<p class=\"p2\"><span class=\"NormalTextRun SCXW77436924 BCX0\">El Precision OT QSFP28-LR4 es un sensor \u00f3ptico de alto rendimiento <\/span><span class=\"NormalTextRun SCXW77436924 BCX0\">transceptor<\/span> <span class=\"NormalTextRun ContextualSpellingAndGrammarErrorV2Themed SCXW77436924 BCX0\">m\u00f3dulo<\/span><span class=\"NormalTextRun SCXW77436924 BCX0\"> Admite aplicaciones Ethernet de 100 Gigabit hasta una distancia de hasta<\/span><span class=\"NormalTextRun SCXW77436924 BCX0\">ces de <\/span><span class=\"NormalTextRun AdvancedProofingIssueV2Themed SCXW77436924 BCX0\">10 kilos<\/span><span class=\"NormalTextRun AdvancedProofingIssueV2Themed SCXW77436924 BCX0\">metros<\/span><span class=\"NormalTextRun SCXW77436924 BCX0\"> a trav\u00e9s de fibra monomodo (SMF). Proporciona una comunicaci\u00f3n confiable de largo alcance y cuenta con monitoreo de diagn\u00f3stico digital (DDM) y un bajo consumo de energ\u00eda de &lt;4,0 W, lo que garantiza tanto confiabilidad como rendimiento \u00f3ptico.<\/span><\/p>\n<hr \/>\n<p class=\"p2\"><span class=\"NormalTextRun SCXW77436924 BCX0\">El m\u00f3dulo es ideal para conexiones Ethernet de 100 G y transporte OTN. El m\u00f3dulo tambi\u00e9n admite CWDM (multiplexaci\u00f3n por divisi\u00f3n de longitud de onda gruesa) y su dise\u00f1o intercambiable en caliente permite una f\u00e1cil instalaci\u00f3n y actualizaciones sin interrumpir las operaciones de la red.\u00a0<\/span><\/p>","protected":false},"excerpt":{"rendered":"<p><span data-contrast=\"none\">Descripci\u00f3n breve del producto: El m\u00f3dulo transceptor \u00f3ptico QSFP28M-LR4 admite aplicaciones Ethernet de 100 Gigabit hasta 10 km a trav\u00e9s de fibra monomodo.<\/span><\/p>\n<hr \/>\n<p>QSFP28, LR4, LWDM, 112G, 10 km, SMF\/LC, OTU4, temperatura C, DDM<\/p>","protected":false},"featured_media":24107,"template":"","meta":{"_acf_changed":false,"content-type":"","site-sidebar-layout":"default","site-content-layout":"default","ast-site-content-layout":"default","site-content-style":"default","site-sidebar-style":"default","ast-global-header-display":"","ast-banner-title-visibility":"","ast-main-header-display":"","ast-hfb-above-header-display":"","ast-hfb-below-header-display":"","ast-hfb-mobile-header-display":"","site-post-title":"","ast-breadcrumbs-content":"","ast-featured-img":"","footer-sml-layout":"","ast-disable-related-posts":"","theme-transparent-header-meta":"default","adv-header-id-meta":"","stick-header-meta":"","header-above-stick-meta":"","header-main-stick-meta":"","header-below-stick-meta":"","astra-migrate-meta-layouts":"set","ast-page-background-enabled":"default","ast-page-background-meta":{"desktop":{"background-color":"","background-image":"","background-repeat":"repeat","background-position":"center center","background-size":"auto","background-attachment":"scroll","background-type":"","background-media":"","overlay-type":"","overlay-color":"","overlay-opacity":"","overlay-gradient":""},"tablet":{"background-color":"","background-image":"","background-repeat":"repeat","background-position":"center center","background-size":"auto","background-attachment":"scroll","background-type":"","background-media":"","overlay-type":"","overlay-color":"","overlay-opacity":"","overlay-gradient":""},"mobile":{"background-color":"","background-image":"","background-repeat":"repeat","background-position":"center center","background-size":"auto","background-attachment":"scroll","background-type":"","background-media":"","overlay-type":"","overlay-color":"","overlay-opacity":"","overlay-gradient":""}},"ast-content-background-meta":{"desktop":{"background-color":"var(--ast-global-color-5)","background-image":"","background-repeat":"repeat","background-position":"center center","background-size":"auto","background-attachment":"scroll","background-type":"","background-media":"","overlay-type":"","overlay-color":"","overlay-opacity":"","overlay-gradient":""},"tablet":{"background-color":"var(--ast-global-color-5)","background-image":"","background-repeat":"repeat","background-position":"center center","background-size":"auto","background-attachment":"scroll","background-type":"","background-media":"","overlay-type":"","overlay-color":"","overlay-opacity":"","overlay-gradient":""},"mobile":{"background-color":"var(--ast-global-color-5)","background-image":"","background-repeat":"repeat","background-position":"center center","background-size":"auto","background-attachment":"scroll","background-type":"","background-media":"","overlay-type":"","overlay-color":"","overlay-opacity":"","overlay-gradient":""}}},"product_brand":[],"product_cat":[290],"product_tag":[],"class_list":{"0":"post-13033","1":"product","2":"type-product","3":"status-publish","4":"has-post-thumbnail","6":"product_cat-qsfp28-standard","7":"desktop-align-left","8":"tablet-align-left","9":"mobile-align-left","10":"ast-product-gallery-layout-horizontal-slider","11":"ast-product-gallery-with-no-image","12":"ast-product-tabs-layout-horizontal","14":"first","15":"instock","16":"shipping-taxable","17":"purchasable","18":"product-type-simple"},"composite_virtual":false,"composite_layout":"","composite_add_to_cart_form_location":"","composite_editable_in_cart":false,"composite_sold_individually_context":"","composite_shop_price_calc":"","composite_components":[],"composite_scenarios":[],"acf":[],"_links":{"self":[{"href":"https:\/\/www.precisionot.com\/es\/wp-json\/wp\/v2\/product\/13033","targetHints":{"allow":["GET"]}}],"collection":[{"href":"https:\/\/www.precisionot.com\/es\/wp-json\/wp\/v2\/product"}],"about":[{"href":"https:\/\/www.precisionot.com\/es\/wp-json\/wp\/v2\/types\/product"}],"version-history":[{"count":2,"href":"https:\/\/www.precisionot.com\/es\/wp-json\/wp\/v2\/product\/13033\/revisions"}],"predecessor-version":[{"id":33377,"href":"https:\/\/www.precisionot.com\/es\/wp-json\/wp\/v2\/product\/13033\/revisions\/33377"}],"wp:featuredmedia":[{"embeddable":true,"href":"https:\/\/www.precisionot.com\/es\/wp-json\/wp\/v2\/media\/24107"}],"wp:attachment":[{"href":"https:\/\/www.precisionot.com\/es\/wp-json\/wp\/v2\/media?parent=13033"}],"wp:term":[{"taxonomy":"product_brand","embeddable":true,"href":"https:\/\/www.precisionot.com\/es\/wp-json\/wp\/v2\/product_brand?post=13033"},{"taxonomy":"product_cat","embeddable":true,"href":"https:\/\/www.precisionot.com\/es\/wp-json\/wp\/v2\/product_cat?post=13033"},{"taxonomy":"product_tag","embeddable":true,"href":"https:\/\/www.precisionot.com\/es\/wp-json\/wp\/v2\/product_tag?post=13033"}],"curies":[{"name":"Gracias","href":"https:\/\/api.w.org\/{rel}","templated":true}]}}