{"id":13031,"date":"2022-12-14T16:14:09","date_gmt":"2022-12-14T21:14:09","guid":{"rendered":"https:\/\/www.precisionot.com\/?post_type=product&#038;p=13031"},"modified":"2024-12-06T16:45:35","modified_gmt":"2024-12-06T21:45:35","slug":"antes-de-qsfp28-esr4","status":"publish","type":"product","link":"https:\/\/www.precisionot.com\/es\/product\/pre-qsfp28-esr4\/","title":{"rendered":"PRE-QSFP28-ESR4"},"content":{"rendered":"<p><span class=\"NormalTextRun SCXW202286075 BCX0\">El m\u00f3dulo transceptor \u00f3ptico QSFP28-ESR4 de Precision OT est\u00e1 dise\u00f1ado para ofrecer un rendimiento de red Ethernet de 100 G de alta velocidad y confiable en distancias cortas. Dise\u00f1ado para una transmisi\u00f3n de datos eficiente, este m\u00f3dulo admite distancias de hasta <\/span><span class=\"NormalTextRun AdvancedProofingIssueV2Themed SCXW202286075 BCX0\">300 metros<\/span><span class=\"NormalTextRun SCXW202286075 BCX0\"> Utiliza fibra multimodo (MMF) y presenta un factor de forma QSFP28 compacto, ideal para entornos que requieren implementaciones de alta densidad, como centros de datos y redes empresariales.<\/span><\/p>\n<hr \/>\n<p><span class=\"NormalTextRun SCXW202286075 BCX0\">El transceptor <\/span><span class=\"NormalTextRun SCXW202286075 BCX0\">opera<\/span><span class=\"NormalTextRun SCXW202286075 BCX0\"> a una longitud de onda de 850 nm y utiliza conectores MPO-12, lo que proporciona una integraci\u00f3n perfecta con la infraestructura de fibra existente. Adem\u00e1s, el monitoreo de diagn\u00f3stico digital (DDM) integrado permite el seguimiento del rendimiento en tiempo real, lo que garantiza una gesti\u00f3n proactiva de la red. <\/span><span class=\"NormalTextRun ContextualSpellingAndGrammarErrorV2Themed SCXW202286075 BCX0\">Es<\/span><span class=\"NormalTextRun SCXW202286075 BCX0\"> dise\u00f1o intercambiable en caliente <\/span><span class=\"NormalTextRun SCXW202286075 BCX0\">facilita<\/span><span class=\"NormalTextRun SCXW202286075 BCX0\"> instalaci\u00f3n o reemplazo r\u00e1pido y sencillo sin interrumpir las operaciones de la red en curso, mientras que su bajo consumo de energ\u00eda mejora la eficiencia energ\u00e9tica general.<\/span><\/p>","protected":false},"excerpt":{"rendered":"<p><span data-contrast=\"auto\">El m\u00f3dulo transceptor \u00f3ptico QSFP28-ESR4 est\u00e1 dise\u00f1ado para redes Ethernet 100G de corta distancia sobre fibra multimodo.<\/span><\/p>\n<hr \/>\n<p><strong>QSFP28, eSR4, 850nm, 100G, 300m, MMF\/MPO12, temperatura C, DDM<\/strong><\/p>","protected":false},"featured_media":24092,"template":"","meta":{"_acf_changed":false,"content-type":"","site-sidebar-layout":"default","site-content-layout":"default","ast-site-content-layout":"default","site-content-style":"default","site-sidebar-style":"default","ast-global-header-display":"","ast-banner-title-visibility":"","ast-main-header-display":"","ast-hfb-above-header-display":"","ast-hfb-below-header-display":"","ast-hfb-mobile-header-display":"","site-post-title":"","ast-breadcrumbs-content":"","ast-featured-img":"","footer-sml-layout":"","ast-disable-related-posts":"","theme-transparent-header-meta":"default","adv-header-id-meta":"","stick-header-meta":"","header-above-stick-meta":"","header-main-stick-meta":"","header-below-stick-meta":"","astra-migrate-meta-layouts":"set","ast-page-background-enabled":"default","ast-page-background-meta":{"desktop":{"background-color":"","background-image":"","background-repeat":"repeat","background-position":"center center","background-size":"auto","background-attachment":"scroll","background-type":"","background-media":"","overlay-type":"","overlay-color":"","overlay-opacity":"","overlay-gradient":""},"tablet":{"background-color":"","background-image":"","background-repeat":"repeat","background-position":"center center","background-size":"auto","background-attachment":"scroll","background-type":"","background-media":"","overlay-type":"","overlay-color":"","overlay-opacity":"","overlay-gradient":""},"mobile":{"background-color":"","background-image":"","background-repeat":"repeat","background-position":"center center","background-size":"auto","background-attachment":"scroll","background-type":"","background-media":"","overlay-type":"","overlay-color":"","overlay-opacity":"","overlay-gradient":""}},"ast-content-background-meta":{"desktop":{"background-color":"var(--ast-global-color-5)","background-image":"","background-repeat":"repeat","background-position":"center center","background-size":"auto","background-attachment":"scroll","background-type":"","background-media":"","overlay-type":"","overlay-color":"","overlay-opacity":"","overlay-gradient":""},"tablet":{"background-color":"var(--ast-global-color-5)","background-image":"","background-repeat":"repeat","background-position":"center center","background-size":"auto","background-attachment":"scroll","background-type":"","background-media":"","overlay-type":"","overlay-color":"","overlay-opacity":"","overlay-gradient":""},"mobile":{"background-color":"var(--ast-global-color-5)","background-image":"","background-repeat":"repeat","background-position":"center center","background-size":"auto","background-attachment":"scroll","background-type":"","background-media":"","overlay-type":"","overlay-color":"","overlay-opacity":"","overlay-gradient":""}}},"product_brand":[],"product_cat":[290],"product_tag":[],"class_list":{"0":"post-13031","1":"product","2":"type-product","3":"status-publish","4":"has-post-thumbnail","6":"product_cat-qsfp28-standard","7":"desktop-align-left","8":"tablet-align-left","9":"mobile-align-left","10":"ast-product-gallery-layout-horizontal-slider","11":"ast-product-gallery-with-no-image","12":"ast-product-tabs-layout-horizontal","14":"first","15":"instock","16":"shipping-taxable","17":"purchasable","18":"product-type-simple"},"composite_virtual":false,"composite_layout":"","composite_add_to_cart_form_location":"","composite_editable_in_cart":false,"composite_sold_individually_context":"","composite_shop_price_calc":"","composite_components":[],"composite_scenarios":[],"acf":[],"_links":{"self":[{"href":"https:\/\/www.precisionot.com\/es\/wp-json\/wp\/v2\/product\/13031","targetHints":{"allow":["GET"]}}],"collection":[{"href":"https:\/\/www.precisionot.com\/es\/wp-json\/wp\/v2\/product"}],"about":[{"href":"https:\/\/www.precisionot.com\/es\/wp-json\/wp\/v2\/types\/product"}],"version-history":[{"count":0,"href":"https:\/\/www.precisionot.com\/es\/wp-json\/wp\/v2\/product\/13031\/revisions"}],"wp:featuredmedia":[{"embeddable":true,"href":"https:\/\/www.precisionot.com\/es\/wp-json\/wp\/v2\/media\/24092"}],"wp:attachment":[{"href":"https:\/\/www.precisionot.com\/es\/wp-json\/wp\/v2\/media?parent=13031"}],"wp:term":[{"taxonomy":"product_brand","embeddable":true,"href":"https:\/\/www.precisionot.com\/es\/wp-json\/wp\/v2\/product_brand?post=13031"},{"taxonomy":"product_cat","embeddable":true,"href":"https:\/\/www.precisionot.com\/es\/wp-json\/wp\/v2\/product_cat?post=13031"},{"taxonomy":"product_tag","embeddable":true,"href":"https:\/\/www.precisionot.com\/es\/wp-json\/wp\/v2\/product_tag?post=13031"}],"curies":[{"name":"Gracias","href":"https:\/\/api.w.org\/{rel}","templated":true}]}}