{"id":13025,"date":"2022-12-14T16:08:34","date_gmt":"2022-12-14T21:08:34","guid":{"rendered":"https:\/\/www.precisionot.com\/?post_type=product&#038;p=13025"},"modified":"2024-11-13T11:26:20","modified_gmt":"2024-11-13T16:26:20","slug":"antes-qsfp56dd-4lr1","status":"publish","type":"product","link":"https:\/\/www.precisionot.com\/es\/product\/pre-qsfp56dd-4lr1\/","title":{"rendered":"PRE-QSFP56DD-4LR1"},"content":{"rendered":"<p>QSFP-DD, 4xLR1, 1310 nm, 4x100G, 10 km, temperatura C<\/p>\n<p><span data-contrast=\"auto\">los\u00a0<\/span><span data-contrast=\"none\">QSFP56DD-4LR1\/QSFP56DD-SN-4LR1<\/span><span data-contrast=\"auto\">\u00a0El transceptor \u00f3ptico es una soluci\u00f3n de alto rendimiento dise\u00f1ada para aplicaciones Ethernet de largo alcance de 400G, que ofrece velocidad y confiabilidad excepcionales para las necesidades de redes de largo alcance. Ideal para centros de datos, redes de telecomunicaciones y backbones empresariales, este transceptor avanzado garantiza una conectividad s\u00f3lida con una eficiencia superior.<\/span><span data-ccp-props=\"{&quot;134233117&quot;:false,&quot;134233118&quot;:false,&quot;201341983&quot;:0,&quot;335551550&quot;:0,&quot;335551620&quot;:0,&quot;335557856&quot;:16777215,&quot;335559738&quot;:0,&quot;335559739&quot;:0,&quot;335559740&quot;:279}\">\u00a0<\/span><\/p>\n<p><span data-contrast=\"auto\">El QSFP56DD-4LR1\/QSFP56DD-SN-4LR1<\/span><span data-contrast=\"auto\"> El transceptor \u00f3ptico QSFP56DD-4LR1\/QSFP56DD-SN-4LR1 est\u00e1 dise\u00f1ado para satisfacer las crecientes demandas de las redes modernas de largo alcance. Con su compatibilidad con Ethernet de 400 G, alcance extendido y funciones avanzadas como la longitud de onda de 1310 nm y DDM, este transceptor es la opci\u00f3n perfecta para las organizaciones que buscan mejorar su infraestructura de red con transmisi\u00f3n de datos confiable y de alta velocidad. Experimente el futuro de las redes con el QSFP56DD-4LR1\/QSFP56DD-SN-4LR1<\/span><span data-contrast=\"auto\">\u00a0transceptor \u00f3ptico, su socio confiable para conectividad de datos de alta velocidad y largo alcance.<\/span><span data-ccp-props=\"{&quot;134233117&quot;:false,&quot;134233118&quot;:false,&quot;201341983&quot;:0,&quot;335551550&quot;:0,&quot;335551620&quot;:0,&quot;335557856&quot;:16777215,&quot;335559738&quot;:0,&quot;335559739&quot;:0,&quot;335559740&quot;:279}\">\u00a0<\/span><\/p>","protected":false},"excerpt":{"rendered":"<p>QSFP-DD, 4xLR1, 1310 nm, 4x100G, 10 km, temperatura C<\/p>\n<p><span class=\"TextRun SCXW49760202 BCX0\" lang=\"EN-US\" xml:lang=\"EN-US\" data-contrast=\"auto\"><span class=\"NormalTextRun SCXW49760202 BCX0\">los <span data-contrast=\"none\">QSFP56DD-4LR1\/QSFP56DD-SN-4LR1 <\/span><\/span><\/span><span class=\"TextRun SCXW49760202 BCX0\" lang=\"EN-US\" xml:lang=\"EN-US\" data-contrast=\"auto\"><span class=\"NormalTextRun SCXW49760202 BCX0\">El transceptor \u00f3ptico es una soluci\u00f3n de alto rendimiento dise\u00f1ada para aplicaciones Ethernet de largo alcance de 400G, que ofrece velocidad y confiabilidad excepcionales para las necesidades de redes de largo alcance. Ideal para centros de datos, redes de telecomunicaciones y backbones empresariales, este transceptor avanzado garantiza una conectividad s\u00f3lida con una eficiencia superior.<\/span><\/span><\/p>\n<p class=\"p2\">","protected":false},"featured_media":23951,"template":"","meta":{"_acf_changed":false,"content-type":"","site-sidebar-layout":"default","site-content-layout":"default","ast-site-content-layout":"default","site-content-style":"default","site-sidebar-style":"default","ast-global-header-display":"","ast-banner-title-visibility":"","ast-main-header-display":"","ast-hfb-above-header-display":"","ast-hfb-below-header-display":"","ast-hfb-mobile-header-display":"","site-post-title":"","ast-breadcrumbs-content":"","ast-featured-img":"","footer-sml-layout":"","ast-disable-related-posts":"","theme-transparent-header-meta":"default","adv-header-id-meta":"","stick-header-meta":"","header-above-stick-meta":"","header-main-stick-meta":"","header-below-stick-meta":"","astra-migrate-meta-layouts":"set","ast-page-background-enabled":"default","ast-page-background-meta":{"desktop":{"background-color":"","background-image":"","background-repeat":"repeat","background-position":"center center","background-size":"auto","background-attachment":"scroll","background-type":"","background-media":"","overlay-type":"","overlay-color":"","overlay-opacity":"","overlay-gradient":""},"tablet":{"background-color":"","background-image":"","background-repeat":"repeat","background-position":"center center","background-size":"auto","background-attachment":"scroll","background-type":"","background-media":"","overlay-type":"","overlay-color":"","overlay-opacity":"","overlay-gradient":""},"mobile":{"background-color":"","background-image":"","background-repeat":"repeat","background-position":"center center","background-size":"auto","background-attachment":"scroll","background-type":"","background-media":"","overlay-type":"","overlay-color":"","overlay-opacity":"","overlay-gradient":""}},"ast-content-background-meta":{"desktop":{"background-color":"var(--ast-global-color-5)","background-image":"","background-repeat":"repeat","background-position":"center center","background-size":"auto","background-attachment":"scroll","background-type":"","background-media":"","overlay-type":"","overlay-color":"","overlay-opacity":"","overlay-gradient":""},"tablet":{"background-color":"var(--ast-global-color-5)","background-image":"","background-repeat":"repeat","background-position":"center center","background-size":"auto","background-attachment":"scroll","background-type":"","background-media":"","overlay-type":"","overlay-color":"","overlay-opacity":"","overlay-gradient":""},"mobile":{"background-color":"var(--ast-global-color-5)","background-image":"","background-repeat":"repeat","background-position":"center center","background-size":"auto","background-attachment":"scroll","background-type":"","background-media":"","overlay-type":"","overlay-color":"","overlay-opacity":"","overlay-gradient":""}}},"product_brand":[],"product_cat":[286],"product_tag":[],"class_list":{"0":"post-13025","1":"product","2":"type-product","3":"status-publish","4":"has-post-thumbnail","6":"product_cat-qsfp-dd-400g-standard","7":"desktop-align-left","8":"tablet-align-left","9":"mobile-align-left","10":"ast-product-gallery-layout-horizontal-slider","11":"ast-product-gallery-with-no-image","12":"ast-product-tabs-layout-horizontal","14":"first","15":"instock","16":"shipping-taxable","17":"purchasable","18":"product-type-simple"},"composite_virtual":false,"composite_layout":"","composite_add_to_cart_form_location":"","composite_editable_in_cart":false,"composite_sold_individually_context":"","composite_shop_price_calc":"","composite_components":[],"composite_scenarios":[],"acf":[],"_links":{"self":[{"href":"https:\/\/www.precisionot.com\/es\/wp-json\/wp\/v2\/product\/13025","targetHints":{"allow":["GET"]}}],"collection":[{"href":"https:\/\/www.precisionot.com\/es\/wp-json\/wp\/v2\/product"}],"about":[{"href":"https:\/\/www.precisionot.com\/es\/wp-json\/wp\/v2\/types\/product"}],"version-history":[{"count":0,"href":"https:\/\/www.precisionot.com\/es\/wp-json\/wp\/v2\/product\/13025\/revisions"}],"wp:featuredmedia":[{"embeddable":true,"href":"https:\/\/www.precisionot.com\/es\/wp-json\/wp\/v2\/media\/23951"}],"wp:attachment":[{"href":"https:\/\/www.precisionot.com\/es\/wp-json\/wp\/v2\/media?parent=13025"}],"wp:term":[{"taxonomy":"product_brand","embeddable":true,"href":"https:\/\/www.precisionot.com\/es\/wp-json\/wp\/v2\/product_brand?post=13025"},{"taxonomy":"product_cat","embeddable":true,"href":"https:\/\/www.precisionot.com\/es\/wp-json\/wp\/v2\/product_cat?post=13025"},{"taxonomy":"product_tag","embeddable":true,"href":"https:\/\/www.precisionot.com\/es\/wp-json\/wp\/v2\/product_tag?post=13025"}],"curies":[{"name":"Gracias","href":"https:\/\/api.w.org\/{rel}","templated":true}]}}