{"id":10089,"date":"2022-09-21T09:18:04","date_gmt":"2022-09-21T13:18:04","guid":{"rendered":"https:\/\/www.precisionot.com\/?post_type=product&#038;p=10089"},"modified":"2026-02-27T11:35:02","modified_gmt":"2026-02-27T16:35:02","slug":"sfp10g-eponu-pr30i","status":"publish","type":"product","link":"https:\/\/www.precisionot.com\/es\/product\/sfp10g-eponu-pr30i\/","title":{"rendered":"PRE-SFP10G-EPONU-PR30I"},"content":{"rendered":"<p class=\"p2\"><span class=\"NormalTextRun SCXW44013041 BCX0\">El SFP10G-EPONU-PR30I es un m\u00f3dulo transceptor \u00f3ptico SFP+ dise\u00f1ado para aplicaciones de ONU (unidad de red \u00f3ptica) EPON 10G, compatible con el est\u00e1ndar PR30. Dise\u00f1ado para fibra monomodo (SMF) con un conector SC-UPC, este transceptor admite la transmisi\u00f3n de datos a alta velocidad en redes de fibra hasta el hogar (FTTH) y fibra hasta las instalaciones (FTTP).<\/span><\/p>\n<hr \/>\n<p class=\"p2\"><span class=\"NormalTextRun SCXW44013041 BCX0\">Construido para <\/span><span class=\"NormalTextRun SCXW44013041 BCX0\">funcionar<\/span><span class=\"NormalTextRun SCXW44013041 BCX0\"> En condiciones de temperatura industrial (I-temp), el SFP10G-EPONU-PR30I garantiza un rendimiento confiable incluso en entornos desafiantes. <\/span><span class=\"NormalTextRun ContextualSpellingAndGrammarErrorV2Themed SCXW44013041 BCX0\">Es<\/span><span class=\"NormalTextRun SCXW44013041 BCX0\"> El dise\u00f1o intercambiable en caliente permite una r\u00e1pida integraci\u00f3n o reemplazo, <\/span><span class=\"NormalTextRun SCXW44013041 BCX0\">facilitando<\/span><span class=\"NormalTextRun SCXW44013041 BCX0\"> Operaciones de red sin interrupciones y sin interrupci\u00f3n del servicio.<\/span><\/p>","protected":false},"excerpt":{"rendered":"<p class=\"p2\"><span class=\"TextRun SCXW215054909 BCX0\" lang=\"EN-US\" xml:lang=\"EN-US\" data-contrast=\"auto\"><span class=\"NormalTextRun SCXW215054909 BCX0\">El transceptor SFP10G-EPONU-PR30I admite aplicaciones ONU EPON 10G sobre fibra monomodo con est\u00e1ndar PR30, conector SC-UPC, dise\u00f1ado para entornos I-temp.<\/span><\/span><\/p>\n<hr \/>\n<p class=\"p2\"><strong>SFP+, EPON ONU, 10G, PR30 SC-UPC, I-Temp<\/strong><\/p>","protected":false},"featured_media":33676,"template":"","meta":{"_acf_changed":false,"content-type":"","site-sidebar-layout":"default","site-content-layout":"default","ast-site-content-layout":"default","site-content-style":"default","site-sidebar-style":"default","ast-global-header-display":"","ast-banner-title-visibility":"","ast-main-header-display":"","ast-hfb-above-header-display":"","ast-hfb-below-header-display":"","ast-hfb-mobile-header-display":"","site-post-title":"","ast-breadcrumbs-content":"","ast-featured-img":"","footer-sml-layout":"","ast-disable-related-posts":"","theme-transparent-header-meta":"default","adv-header-id-meta":"","stick-header-meta":"","header-above-stick-meta":"","header-main-stick-meta":"","header-below-stick-meta":"","astra-migrate-meta-layouts":"set","ast-page-background-enabled":"default","ast-page-background-meta":{"desktop":{"background-color":"","background-image":"","background-repeat":"repeat","background-position":"center center","background-size":"auto","background-attachment":"scroll","background-type":"","background-media":"","overlay-type":"","overlay-color":"","overlay-opacity":"","overlay-gradient":""},"tablet":{"background-color":"","background-image":"","background-repeat":"repeat","background-position":"center center","background-size":"auto","background-attachment":"scroll","background-type":"","background-media":"","overlay-type":"","overlay-color":"","overlay-opacity":"","overlay-gradient":""},"mobile":{"background-color":"","background-image":"","background-repeat":"repeat","background-position":"center center","background-size":"auto","background-attachment":"scroll","background-type":"","background-media":"","overlay-type":"","overlay-color":"","overlay-opacity":"","overlay-gradient":""}},"ast-content-background-meta":{"desktop":{"background-color":"var(--ast-global-color-5)","background-image":"","background-repeat":"repeat","background-position":"center center","background-size":"auto","background-attachment":"scroll","background-type":"","background-media":"","overlay-type":"","overlay-color":"","overlay-opacity":"","overlay-gradient":""},"tablet":{"background-color":"var(--ast-global-color-5)","background-image":"","background-repeat":"repeat","background-position":"center center","background-size":"auto","background-attachment":"scroll","background-type":"","background-media":"","overlay-type":"","overlay-color":"","overlay-opacity":"","overlay-gradient":""},"mobile":{"background-color":"var(--ast-global-color-5)","background-image":"","background-repeat":"repeat","background-position":"center center","background-size":"auto","background-attachment":"scroll","background-type":"","background-media":"","overlay-type":"","overlay-color":"","overlay-opacity":"","overlay-gradient":""}}},"product_brand":[],"product_cat":[326,229],"product_tag":[],"class_list":{"0":"post-10089","1":"product","2":"type-product","3":"status-publish","4":"has-post-thumbnail","6":"product_cat-epon","7":"product_cat-xpon","8":"desktop-align-left","9":"tablet-align-left","10":"mobile-align-left","11":"ast-product-gallery-layout-horizontal-slider","12":"ast-product-gallery-with-no-image","13":"ast-product-tabs-layout-horizontal","15":"first","16":"instock","17":"shipping-taxable","18":"purchasable","19":"product-type-simple"},"composite_virtual":false,"composite_layout":"","composite_add_to_cart_form_location":"","composite_editable_in_cart":false,"composite_sold_individually_context":"","composite_shop_price_calc":"","composite_components":[],"composite_scenarios":[],"acf":[],"_links":{"self":[{"href":"https:\/\/www.precisionot.com\/es\/wp-json\/wp\/v2\/product\/10089","targetHints":{"allow":["GET"]}}],"collection":[{"href":"https:\/\/www.precisionot.com\/es\/wp-json\/wp\/v2\/product"}],"about":[{"href":"https:\/\/www.precisionot.com\/es\/wp-json\/wp\/v2\/types\/product"}],"version-history":[{"count":1,"href":"https:\/\/www.precisionot.com\/es\/wp-json\/wp\/v2\/product\/10089\/revisions"}],"predecessor-version":[{"id":33677,"href":"https:\/\/www.precisionot.com\/es\/wp-json\/wp\/v2\/product\/10089\/revisions\/33677"}],"wp:featuredmedia":[{"embeddable":true,"href":"https:\/\/www.precisionot.com\/es\/wp-json\/wp\/v2\/media\/33676"}],"wp:attachment":[{"href":"https:\/\/www.precisionot.com\/es\/wp-json\/wp\/v2\/media?parent=10089"}],"wp:term":[{"taxonomy":"product_brand","embeddable":true,"href":"https:\/\/www.precisionot.com\/es\/wp-json\/wp\/v2\/product_brand?post=10089"},{"taxonomy":"product_cat","embeddable":true,"href":"https:\/\/www.precisionot.com\/es\/wp-json\/wp\/v2\/product_cat?post=10089"},{"taxonomy":"product_tag","embeddable":true,"href":"https:\/\/www.precisionot.com\/es\/wp-json\/wp\/v2\/product_tag?post=10089"}],"curies":[{"name":"Gracias","href":"https:\/\/api.w.org\/{rel}","templated":true}]}}