{"id":215,"date":"2020-10-13T06:30:36","date_gmt":"2020-10-13T06:30:36","guid":{"rendered":"https:\/\/www.precisionot.com\/?page_id=215"},"modified":"2025-06-05T15:59:44","modified_gmt":"2025-06-05T19:59:44","slug":"prensa","status":"publish","type":"page","link":"https:\/\/www.precisionot.com\/es\/press\/","title":{"rendered":"Prensa"},"content":{"rendered":"<div data-elementor-type=\"wp-post\" data-elementor-id=\"215\" class=\"elementor elementor-215\" data-elementor-post-type=\"page\">\n\t\t\t\t<div class=\"elementor-element elementor-element-bdeb350 e-flex e-con-boxed e-con e-parent\" data-id=\"bdeb350\" data-element_type=\"container\" data-e-type=\"container\" data-settings=\"{&quot;background_background&quot;:&quot;classic&quot;}\">\n\t\t\t\t\t<div class=\"e-con-inner\">\n\t\t\t\t<div class=\"elementor-element elementor-element-b3510a1 elementor-widget__width-auto elementor-widget elementor-widget-heading\" data-id=\"b3510a1\" data-element_type=\"widget\" data-e-type=\"widget\" data-widget_type=\"heading.default\">\n\t\t\t\t<div class=\"elementor-widget-container\">\n\t\t\t\t\t<h1 class=\"elementor-heading-title elementor-size-default\">Prensa<\/h1>\t\t\t\t<\/div>\n\t\t\t\t<\/div>\n\t\t\t\t\t<\/div>\n\t\t\t\t<\/div>\n\t\t<div class=\"elementor-element elementor-element-35cabf8 e-flex e-con-boxed e-con e-parent\" data-id=\"35cabf8\" data-element_type=\"container\" data-e-type=\"container\" data-settings=\"{&quot;background_background&quot;:&quot;classic&quot;}\">\n\t\t\t\t\t<div class=\"e-con-inner\">\n\t\t<div class=\"elementor-element elementor-element-4bd74d7 e-con-full e-flex e-con e-child\" data-id=\"4bd74d7\" data-element_type=\"container\" data-e-type=\"container\">\n\t\t\t\t<div class=\"elementor-element elementor-element-ff3a7a4 elementor-grid-1 elementor-grid-tablet-1 elementor-posts--thumbnail-right elementor-grid-mobile-1 elementor-widget elementor-widget-posts\" data-id=\"ff3a7a4\" data-element_type=\"widget\" data-e-type=\"widget\" data-settings=\"{&quot;pagination_type&quot;:&quot;numbers&quot;,&quot;classic_columns&quot;:&quot;1&quot;,&quot;classic_columns_tablet&quot;:&quot;1&quot;,&quot;classic_row_gap&quot;:{&quot;unit&quot;:&quot;px&quot;,&quot;size&quot;:75,&quot;sizes&quot;:[]},&quot;classic_columns_mobile&quot;:&quot;1&quot;,&quot;classic_row_gap_tablet&quot;:{&quot;unit&quot;:&quot;px&quot;,&quot;size&quot;:&quot;&quot;,&quot;sizes&quot;:[]},&quot;classic_row_gap_mobile&quot;:{&quot;unit&quot;:&quot;px&quot;,&quot;size&quot;:&quot;&quot;,&quot;sizes&quot;:[]}}\" data-widget_type=\"posts.classic\">\n\t\t\t\t<div class=\"elementor-widget-container\">\n\t\t\t\t\t\t\t<div class=\"elementor-posts-container elementor-posts elementor-posts--skin-classic elementor-grid\" role=\"list\">\n\t\t\t\t<article class=\"elementor-post elementor-grid-item post-29494 post type-post status-publish format-standard has-post-thumbnail hentry category-press-releases tag-coherent tag-dwdm tag-tunable tag-zr\" role=\"listitem\">\n\t\t\t\t<a class=\"elementor-post__thumbnail__link\" href=\"https:\/\/www.precisionot.com\/es\/announces-ga-of-qsfp28-100zr-coherent\/\" tabindex=\"-1\">\n\t\t\t<div class=\"elementor-post__thumbnail\"><img fetchpriority=\"high\" decoding=\"async\" width=\"768\" height=\"402\" src=\"https:\/\/www.precisionot.com\/wp-content\/uploads\/100G-ZR-Coherent-GA-PR-2-768x402.png\" class=\"attachment-medium_large size-medium_large wp-image-29516\" alt=\"QSFP28 100ZR coherente\" srcset=\"https:\/\/www.precisionot.com\/wp-content\/uploads\/100G-ZR-Coherent-GA-PR-2-768x402.png 768w, https:\/\/www.precisionot.com\/wp-content\/uploads\/100G-ZR-Coherent-GA-PR-2-300x157.png 300w, https:\/\/www.precisionot.com\/wp-content\/uploads\/100G-ZR-Coherent-GA-PR-2-1024x536.png 1024w, https:\/\/www.precisionot.com\/wp-content\/uploads\/100G-ZR-Coherent-GA-PR-2-18x9.png 18w, https:\/\/www.precisionot.com\/wp-content\/uploads\/100G-ZR-Coherent-GA-PR-2-600x314.png 600w, https:\/\/www.precisionot.com\/wp-content\/uploads\/100G-ZR-Coherent-GA-PR-2-64x33.png 64w, https:\/\/www.precisionot.com\/wp-content\/uploads\/100G-ZR-Coherent-GA-PR-2.png 1200w\" sizes=\"(max-width: 768px) 100vw, 768px\" \/><\/div>\n\t\t<\/a>\n\t\t\t\t<div class=\"elementor-post__text\">\n\t\t\t\t<h3 class=\"elementor-post__title\">\n\t\t\t<a href=\"https:\/\/www.precisionot.com\/es\/announces-ga-of-qsfp28-100zr-coherent\/\">\n\t\t\t\tPrecision Optical Technologies anuncia la disponibilidad general de los transceptores DWDM sintonizables coherentes QSFP28 100ZR\t\t\t<\/a>\n\t\t<\/h3>\n\t\t\t\t<div class=\"elementor-post__meta-data\">\n\t\t\t\t\t<span class=\"elementor-post-date\">\n\t\t\t19 de noviembre de 2024\t\t<\/span>\n\t\t\t\t<\/div>\n\t\t\t\t<div class=\"elementor-post__excerpt\">\n\t\t\t<p>Rochester, NY \u2014 19 de noviembre de 2024 \u2014 Precision OT, una submarca central dentro de la cartera de soluciones de banda ancha de Belden, anuncia la disponibilidad general de su DWDM sintonizable coherente QSFP28 100ZR<\/p>\n\t\t<\/div>\n\t\t\n\t\t<a class=\"elementor-post__read-more\" href=\"https:\/\/www.precisionot.com\/es\/announces-ga-of-qsfp28-100zr-coherent\/\" aria-label=\"Lea m\u00e1s sobre Precision Optical Technologies anuncia la disponibilidad general de los transceptores DWDM sintonizables coherentes QSFP28 100ZR\" tabindex=\"-1\">\n\t\t\tLee mas &quot;\t\t<\/a>\n\n\t\t\t\t<\/div>\n\t\t\t\t<\/article>\n\t\t\t\t<article class=\"elementor-post elementor-grid-item post-28072 post type-post status-publish format-standard has-post-thumbnail hentry category-press-releases\" role=\"listitem\">\n\t\t\t\t<a class=\"elementor-post__thumbnail__link\" href=\"https:\/\/www.precisionot.com\/es\/ise-network-innovators-awards\/\" tabindex=\"-1\">\n\t\t\t<div class=\"elementor-post__thumbnail\"><img decoding=\"async\" width=\"768\" height=\"419\" src=\"https:\/\/www.precisionot.com\/wp-content\/uploads\/ISE-Award-PR.png\" class=\"attachment-medium_large size-medium_large wp-image-28077\" alt=\"ISE\" srcset=\"https:\/\/www.precisionot.com\/wp-content\/uploads\/ISE-Award-PR.png 768w, https:\/\/www.precisionot.com\/wp-content\/uploads\/ISE-Award-PR-300x164.png 300w, https:\/\/www.precisionot.com\/wp-content\/uploads\/ISE-Award-PR-18x10.png 18w, https:\/\/www.precisionot.com\/wp-content\/uploads\/ISE-Award-PR-600x327.png 600w, https:\/\/www.precisionot.com\/wp-content\/uploads\/ISE-Award-PR-64x35.png 64w\" sizes=\"(max-width: 768px) 100vw, 768px\" \/><\/div>\n\t\t<\/a>\n\t\t\t\t<div class=\"elementor-post__text\">\n\t\t\t\t<h3 class=\"elementor-post__title\">\n\t\t\t<a href=\"https:\/\/www.precisionot.com\/es\/ise-network-innovators-awards\/\">\n\t\t\t\tEl ASIC de compensaci\u00f3n de dispersi\u00f3n Genesee\u2122 de Precision Optical Technologies recibi\u00f3 el reconocimiento de los premios ISE Network Innovators&#039; Awards de 2024\t\t\t<\/a>\n\t\t<\/h3>\n\t\t\t\t<div class=\"elementor-post__meta-data\">\n\t\t\t\t\t<span class=\"elementor-post-date\">\n\t\t\t26 de agosto de 2024\t\t<\/span>\n\t\t\t\t<\/div>\n\t\t\t\t<div class=\"elementor-post__excerpt\">\n\t\t\t<p>Rochester, NY \u2014 26 de agosto de 2024 \u2014 Precision Optical Technologies, una marca clave en la cartera de soluciones de banda ancha de Belden, anuncia con orgullo que su vanguardista Genesee\u2122 Dispersion<\/p>\n\t\t<\/div>\n\t\t\n\t\t<a class=\"elementor-post__read-more\" href=\"https:\/\/www.precisionot.com\/es\/ise-network-innovators-awards\/\" aria-label=\"Obtenga m\u00e1s informaci\u00f3n sobre el ASIC de compensaci\u00f3n de dispersi\u00f3n Genesee\u2122 de Precision Optical Technologies, galardonado en los premios ISE Network Innovators&#039; Awards de 2024.\" tabindex=\"-1\">\n\t\t\tLee mas &quot;\t\t<\/a>\n\n\t\t\t\t<\/div>\n\t\t\t\t<\/article>\n\t\t\t\t<article class=\"elementor-post elementor-grid-item post-27766 post type-post status-publish format-standard has-post-thumbnail hentry category-press-releases\" role=\"listitem\">\n\t\t\t\t<a class=\"elementor-post__thumbnail__link\" href=\"https:\/\/www.precisionot.com\/es\/stratus-networks-precision-ot\/\" tabindex=\"-1\">\n\t\t\t<div class=\"elementor-post__thumbnail\"><img decoding=\"async\" width=\"768\" height=\"419\" src=\"https:\/\/www.precisionot.com\/wp-content\/uploads\/Stratus-Networks-PR-1.png\" class=\"attachment-medium_large size-medium_large wp-image-27770\" alt=\"Redes de estratos\" srcset=\"https:\/\/www.precisionot.com\/wp-content\/uploads\/Stratus-Networks-PR-1.png 768w, https:\/\/www.precisionot.com\/wp-content\/uploads\/Stratus-Networks-PR-1-300x164.png 300w, https:\/\/www.precisionot.com\/wp-content\/uploads\/Stratus-Networks-PR-1-18x10.png 18w, https:\/\/www.precisionot.com\/wp-content\/uploads\/Stratus-Networks-PR-1-600x327.png 600w, https:\/\/www.precisionot.com\/wp-content\/uploads\/Stratus-Networks-PR-1-64x35.png 64w\" sizes=\"(max-width: 768px) 100vw, 768px\" \/><\/div>\n\t\t<\/a>\n\t\t\t\t<div class=\"elementor-post__text\">\n\t\t\t\t<h3 class=\"elementor-post__title\">\n\t\t\t<a href=\"https:\/\/www.precisionot.com\/es\/stratus-networks-precision-ot\/\">\n\t\t\t\tStratus Networks selecciona la soluci\u00f3n de acceso a la red \u00f3ptica pasiva de Precision Optical Technologies: OpenPath\u2122 para ampliar la red de fibra\t\t\t<\/a>\n\t\t<\/h3>\n\t\t\t\t<div class=\"elementor-post__meta-data\">\n\t\t\t\t\t<span class=\"elementor-post-date\">\n\t\t\t25 de julio de 2024\t\t<\/span>\n\t\t\t\t<\/div>\n\t\t\t\t<div class=\"elementor-post__excerpt\">\n\t\t\t<p>Rochester, NY - 25 de julio de 2024 - Precision OT, una marca clave en la cartera de soluciones de banda ancha de Belden, anuncia que Stratus Networks, una empresa l\u00edder en datos y<\/p>\n\t\t<\/div>\n\t\t\n\t\t<a class=\"elementor-post__read-more\" href=\"https:\/\/www.precisionot.com\/es\/stratus-networks-precision-ot\/\" aria-label=\"Lea m\u00e1s sobre Stratus Networks selecciona la soluci\u00f3n de acceso a la red \u00f3ptica pasiva de Precision Optical Technologies: OpenPath\u2122 para expandir la red de fibra\" tabindex=\"-1\">\n\t\t\tLee mas &quot;\t\t<\/a>\n\n\t\t\t\t<\/div>\n\t\t\t\t<\/article>\n\t\t\t\t<article class=\"elementor-post elementor-grid-item post-25872 post type-post status-publish format-standard has-post-thumbnail hentry category-press-releases\" role=\"listitem\">\n\t\t\t\t<a class=\"elementor-post__thumbnail__link\" href=\"https:\/\/www.precisionot.com\/es\/precision-ot-participates-in-oif-2024-pll-interop-demonstration-at-ofc-2024\/\" tabindex=\"-1\">\n\t\t\t<div class=\"elementor-post__thumbnail\"><img loading=\"lazy\" decoding=\"async\" width=\"768\" height=\"419\" src=\"https:\/\/www.precisionot.com\/wp-content\/uploads\/OIF-PR-Post-Show.png\" class=\"attachment-medium_large size-medium_large wp-image-25877\" alt=\"\" srcset=\"https:\/\/www.precisionot.com\/wp-content\/uploads\/OIF-PR-Post-Show.png 768w, https:\/\/www.precisionot.com\/wp-content\/uploads\/OIF-PR-Post-Show-300x164.png 300w, https:\/\/www.precisionot.com\/wp-content\/uploads\/OIF-PR-Post-Show-18x10.png 18w, https:\/\/www.precisionot.com\/wp-content\/uploads\/OIF-PR-Post-Show-600x327.png 600w, https:\/\/www.precisionot.com\/wp-content\/uploads\/OIF-PR-Post-Show-64x35.png 64w\" sizes=\"(max-width: 768px) 100vw, 768px\" \/><\/div>\n\t\t<\/a>\n\t\t\t\t<div class=\"elementor-post__text\">\n\t\t\t\t<h3 class=\"elementor-post__title\">\n\t\t\t<a href=\"https:\/\/www.precisionot.com\/es\/precision-ot-participates-in-oif-2024-pll-interop-demonstration-at-ofc-2024\/\">\n\t\t\t\tPrecision OT participa en la demostraci\u00f3n de interoperabilidad PLL de OIF 2024 en OFC 2024\t\t\t<\/a>\n\t\t<\/h3>\n\t\t\t\t<div class=\"elementor-post__meta-data\">\n\t\t\t\t\t<span class=\"elementor-post-date\">\n\t\t\t3 de abril de 2024\t\t<\/span>\n\t\t\t\t<\/div>\n\t\t\t\t<div class=\"elementor-post__excerpt\">\n\t\t\t<p>Rochester, NY \u20143 de abril\u2014 Precision OT, una empresa global de integraci\u00f3n e ingenier\u00eda de sistemas \u00f3pticos, anuncia que ha participado con \u00e9xito en OIF PLL Interop<\/p>\n\t\t<\/div>\n\t\t\n\t\t<a class=\"elementor-post__read-more\" href=\"https:\/\/www.precisionot.com\/es\/precision-ot-participates-in-oif-2024-pll-interop-demonstration-at-ofc-2024\/\" aria-label=\"Lea m\u00e1s sobre Precision OT participa en la demostraci\u00f3n de interoperabilidad PLL de OIF 2024 en OFC 2024\" tabindex=\"-1\">\n\t\t\tLee mas &quot;\t\t<\/a>\n\n\t\t\t\t<\/div>\n\t\t\t\t<\/article>\n\t\t\t\t<article class=\"elementor-post elementor-grid-item post-24797 post type-post status-publish format-standard has-post-thumbnail hentry category-press-releases\" role=\"listitem\">\n\t\t\t\t<a class=\"elementor-post__thumbnail__link\" href=\"https:\/\/www.precisionot.com\/es\/genesee-asic-technology-award\/\" tabindex=\"-1\">\n\t\t\t<div class=\"elementor-post__thumbnail\"><img loading=\"lazy\" decoding=\"async\" width=\"768\" height=\"419\" src=\"https:\/\/www.precisionot.com\/wp-content\/uploads\/ASICPR2024.webp\" class=\"attachment-medium_large size-medium_large wp-image-25216\" alt=\"\" srcset=\"https:\/\/www.precisionot.com\/wp-content\/uploads\/ASICPR2024.webp 768w, https:\/\/www.precisionot.com\/wp-content\/uploads\/ASICPR2024-300x164.webp 300w, https:\/\/www.precisionot.com\/wp-content\/uploads\/ASICPR2024-18x10.webp 18w, https:\/\/www.precisionot.com\/wp-content\/uploads\/ASICPR2024-600x327.webp 600w, https:\/\/www.precisionot.com\/wp-content\/uploads\/ASICPR2024-64x35.webp 64w\" sizes=\"(max-width: 768px) 100vw, 768px\" \/><\/div>\n\t\t<\/a>\n\t\t\t\t<div class=\"elementor-post__text\">\n\t\t\t\t<h3 class=\"elementor-post__title\">\n\t\t\t<a href=\"https:\/\/www.precisionot.com\/es\/genesee-asic-technology-award\/\">\n\t\t\t\tLa tecnolog\u00eda Genesee ASIC de Precision OT galardonada con las revisiones de innovaci\u00f3n Lightwave de 2024\t\t\t<\/a>\n\t\t<\/h3>\n\t\t\t\t<div class=\"elementor-post__meta-data\">\n\t\t\t\t\t<span class=\"elementor-post-date\">\n\t\t\tfebrero 22, 2024\t\t<\/span>\n\t\t\t\t<\/div>\n\t\t\t\t<div class=\"elementor-post__excerpt\">\n\t\t\t<p>Rochester, NY \u2013 22 de febrero de 2024 \u2013 Precision Optical Technologies, un innovador l\u00edder en comunicaciones \u00f3pticas, anuncia con orgullo que su ASIC de compensaci\u00f3n de dispersi\u00f3n Genesee de vanguardia<\/p>\n\t\t<\/div>\n\t\t\n\t\t<a class=\"elementor-post__read-more\" href=\"https:\/\/www.precisionot.com\/es\/genesee-asic-technology-award\/\" aria-label=\"Lea m\u00e1s sobre la tecnolog\u00eda Genesee ASIC de Precision OT galardonada con las rese\u00f1as de innovaci\u00f3n Lightwave de 2024\" tabindex=\"-1\">\n\t\t\tLee mas &quot;\t\t<\/a>\n\n\t\t\t\t<\/div>\n\t\t\t\t<\/article>\n\t\t\t\t<article class=\"elementor-post elementor-grid-item post-24952 post type-post status-publish format-standard has-post-thumbnail hentry category-press-releases\" role=\"listitem\">\n\t\t\t\t<a class=\"elementor-post__thumbnail__link\" href=\"https:\/\/www.precisionot.com\/es\/oif_ofc_2024_1\/\" tabindex=\"-1\">\n\t\t\t<div class=\"elementor-post__thumbnail\"><img loading=\"lazy\" decoding=\"async\" width=\"768\" height=\"419\" src=\"https:\/\/www.precisionot.com\/wp-content\/uploads\/OIF2024PR.webp\" class=\"attachment-medium_large size-medium_large wp-image-24953\" alt=\"OIF 2024 PR 1\" srcset=\"https:\/\/www.precisionot.com\/wp-content\/uploads\/OIF2024PR.webp 768w, https:\/\/www.precisionot.com\/wp-content\/uploads\/OIF2024PR-300x164.webp 300w, https:\/\/www.precisionot.com\/wp-content\/uploads\/OIF2024PR-18x10.webp 18w, https:\/\/www.precisionot.com\/wp-content\/uploads\/OIF2024PR-600x327.webp 600w, https:\/\/www.precisionot.com\/wp-content\/uploads\/OIF2024PR-64x35.webp 64w\" sizes=\"(max-width: 768px) 100vw, 768px\" \/><\/div>\n\t\t<\/a>\n\t\t\t\t<div class=\"elementor-post__text\">\n\t\t\t\t<h3 class=\"elementor-post__title\">\n\t\t\t<a href=\"https:\/\/www.precisionot.com\/es\/oif_ofc_2024_1\/\">\n\t\t\t\tPrecision OT participar\u00e1 en una demostraci\u00f3n de interoperabilidad de m\u00faltiples proveedores en OFC 2024\t\t\t<\/a>\n\t\t<\/h3>\n\t\t\t\t<div class=\"elementor-post__meta-data\">\n\t\t\t\t\t<span class=\"elementor-post-date\">\n\t\t\tfebrero 8, 2024\t\t<\/span>\n\t\t\t\t<\/div>\n\t\t\t\t<div class=\"elementor-post__excerpt\">\n\t\t\t<p>Rochester, NY - 8 de febrero de 2024 - Precision OT, una empresa global de integraci\u00f3n e ingenier\u00eda de sistemas \u00f3pticos, anuncia su participaci\u00f3n en la demostraci\u00f3n de interoperabilidad PLL de OIF organizada<\/p>\n\t\t<\/div>\n\t\t\n\t\t<a class=\"elementor-post__read-more\" href=\"https:\/\/www.precisionot.com\/es\/oif_ofc_2024_1\/\" aria-label=\"Lea m\u00e1s sobre Precision OT participar\u00e1 en una demostraci\u00f3n de interoperabilidad de m\u00faltiples proveedores en OFC 2024\" tabindex=\"-1\">\n\t\t\tLee mas &quot;\t\t<\/a>\n\n\t\t\t\t<\/div>\n\t\t\t\t<\/article>\n\t\t\t\t<\/div>\n\t\t\n\t\t\t\t<div class=\"e-load-more-anchor\" data-page=\"1\" data-max-page=\"6\" data-next-page=\"https:\/\/www.precisionot.com\/es\/wp-json\/wp\/v2\/pages\/215\/page\/2\/\"><\/div>\n\t\t\t\t<nav class=\"elementor-pagination\" aria-label=\"Paginaci\u00f3n\">\n\t\t\t<span aria-current=\"page\" class=\"page-numbers current\"><span class=\"elementor-screen-only\">P\u00e1gina<\/span>1<\/span>\n<a class=\"page-numbers\" href=\"https:\/\/www.precisionot.com\/es\/wp-json\/wp\/v2\/pages\/215\/page\/2\/\"><span class=\"elementor-screen-only\">P\u00e1gina<\/span>2<\/a>\n<a class=\"page-numbers\" href=\"https:\/\/www.precisionot.com\/es\/wp-json\/wp\/v2\/pages\/215\/page\/3\/\"><span class=\"elementor-screen-only\">P\u00e1gina<\/span>3<\/a>\n<a class=\"page-numbers\" href=\"https:\/\/www.precisionot.com\/es\/wp-json\/wp\/v2\/pages\/215\/page\/4\/\"><span class=\"elementor-screen-only\">P\u00e1gina<\/span>4<\/a>\n<a class=\"page-numbers\" href=\"https:\/\/www.precisionot.com\/es\/wp-json\/wp\/v2\/pages\/215\/page\/5\/\"><span class=\"elementor-screen-only\">P\u00e1gina<\/span>5<\/a>\n<a class=\"page-numbers\" href=\"https:\/\/www.precisionot.com\/es\/wp-json\/wp\/v2\/pages\/215\/page\/6\/\"><span class=\"elementor-screen-only\">P\u00e1gina<\/span>6<\/a>\t\t<\/nav>\n\t\t\t\t\t\t<\/div>\n\t\t\t\t<\/div>\n\t\t\t\t<\/div>\n\t\t\t\t\t<\/div>\n\t\t\t\t<\/div>\n\t\t\t\t<\/div>","protected":false},"excerpt":{"rendered":"<p>Prensa<\/p>","protected":false},"author":1,"featured_media":0,"parent":0,"menu_order":0,"comment_status":"closed","ping_status":"closed","template":"","meta":{"_acf_changed":false,"content-type":"","site-sidebar-layout":"no-sidebar","site-content-layout":"page-builder","ast-site-content-layout":"default","site-content-style":"default","site-sidebar-style":"default","ast-global-header-display":"","ast-banner-title-visibility":"","ast-main-header-display":"","ast-hfb-above-header-display":"","ast-hfb-below-header-display":"","ast-hfb-mobile-header-display":"","site-post-title":"disabled","ast-breadcrumbs-content":"","ast-featured-img":"disabled","footer-sml-layout":"","ast-disable-related-posts":"","theme-transparent-header-meta":"","adv-header-id-meta":"","stick-header-meta":"","header-above-stick-meta":"","header-main-stick-meta":"","header-below-stick-meta":"","astra-migrate-meta-layouts":"default","ast-page-background-enabled":"default","ast-page-background-meta":{"desktop":{"background-color":"","background-image":"","background-repeat":"repeat","background-position":"center center","background-size":"auto","background-attachment":"scroll","background-type":"","background-media":"","overlay-type":"","overlay-color":"","overlay-opacity":"","overlay-gradient":""},"tablet":{"background-color":"","background-image":"","background-repeat":"repeat","background-position":"center center","background-size":"auto","background-attachment":"scroll","background-type":"","background-media":"","overlay-type":"","overlay-color":"","overlay-opacity":"","overlay-gradient":""},"mobile":{"background-color":"","background-image":"","background-repeat":"repeat","background-position":"center center","background-size":"auto","background-attachment":"scroll","background-type":"","background-media":"","overlay-type":"","overlay-color":"","overlay-opacity":"","overlay-gradient":""}},"ast-content-background-meta":{"desktop":{"background-color":"var(--ast-global-color-5)","background-image":"","background-repeat":"repeat","background-position":"center center","background-size":"auto","background-attachment":"scroll","background-type":"","background-media":"","overlay-type":"","overlay-color":"","overlay-opacity":"","overlay-gradient":""},"tablet":{"background-color":"var(--ast-global-color-5)","background-image":"","background-repeat":"repeat","background-position":"center center","background-size":"auto","background-attachment":"scroll","background-type":"","background-media":"","overlay-type":"","overlay-color":"","overlay-opacity":"","overlay-gradient":""},"mobile":{"background-color":"var(--ast-global-color-5)","background-image":"","background-repeat":"repeat","background-position":"center center","background-size":"auto","background-attachment":"scroll","background-type":"","background-media":"","overlay-type":"","overlay-color":"","overlay-opacity":"","overlay-gradient":""}},"footnotes":""},"class_list":["post-215","page","type-page","status-publish","hentry"],"acf":[],"_links":{"self":[{"href":"https:\/\/www.precisionot.com\/es\/wp-json\/wp\/v2\/pages\/215","targetHints":{"allow":["GET"]}}],"collection":[{"href":"https:\/\/www.precisionot.com\/es\/wp-json\/wp\/v2\/pages"}],"about":[{"href":"https:\/\/www.precisionot.com\/es\/wp-json\/wp\/v2\/types\/page"}],"author":[{"embeddable":true,"href":"https:\/\/www.precisionot.com\/es\/wp-json\/wp\/v2\/users\/1"}],"replies":[{"embeddable":true,"href":"https:\/\/www.precisionot.com\/es\/wp-json\/wp\/v2\/comments?post=215"}],"version-history":[{"count":0,"href":"https:\/\/www.precisionot.com\/es\/wp-json\/wp\/v2\/pages\/215\/revisions"}],"wp:attachment":[{"href":"https:\/\/www.precisionot.com\/es\/wp-json\/wp\/v2\/media?parent=215"}],"curies":[{"name":"Gracias","href":"https:\/\/api.w.org\/{rel}","templated":true}]}}