{"id":99,"date":"2020-10-10T17:29:02","date_gmt":"2020-10-10T21:29:02","guid":{"rendered":"https:\/\/www.precisionot.com\/?post_type=product&#038;p=99"},"modified":"2024-11-14T09:05:56","modified_gmt":"2024-11-14T14:05:56","slug":"vor-sfpdr21dxx-120i","status":"publish","type":"product","link":"https:\/\/www.precisionot.com\/de\/product\/pre-sfpdr21dxx-120i\/","title":{"rendered":"PRE-SFPDR21-Dxx-120I"},"content":{"rendered":"<p><span class=\"NormalTextRun SCXW91213565 BCX0\">Das optische Transceivermodul SFPDR21-Dxx-120I unterst\u00fctzt die digitale R\u00fcck\u00fcbertragung von 2,125 G \u00fcber Entfernungen von bis zu <\/span><span class=\"NormalTextRun SCXW91213565 BCX0\">120 Kilometer<\/span><span class=\"NormalTextRun SCXW91213565 BCX0\"> Verwendung der DWDM-Technologie (Dense Wavelength Division Multiplexing) in einem 100-GHz-Raster. Der Betrieb bei einer bestimmten DWDM-Wellenl\u00e4nge (<\/span><span class=\"NormalTextRun SpellingErrorV2Themed SCXW91213565 BCX0\">xxxx.xx<\/span><span class=\"NormalTextRun SCXW91213565 BCX0\"> nm), dieser Transceiver ist <\/span><span class=\"NormalTextRun SCXW91213565 BCX0\">optimiert<\/span><span class=\"NormalTextRun SCXW91213565 BCX0\"> f\u00fcr digitale R\u00fcckkanalanwendungen mit hoher Kapazit\u00e4t und gro\u00dfer Reichweite in Telekommunikations- und Industrienetzwerken.<\/span><\/p>\n<hr \/>\n<p><span class=\"NormalTextRun SCXW91213565 BCX0\">Es wurde f\u00fcr den Einsatz in industriellen Temperaturumgebungen (I-Temp) entwickelt und gew\u00e4hrleistet eine zuverl\u00e4ssige Leistung unter anspruchsvollen Bedingungen. Die integrierte digitale Diagnose <\/span><span class=\"NormalTextRun SCXW91213565 BCX0\">\u00dcberwachung<\/span><span class=\"NormalTextRun SCXW91213565 BCX0\"> (DDM) bietet Leistungsverfolgung in Echtzeit f\u00fcr proaktives Netzwerkmanagement und das Hot-Swap-Design erm\u00f6glicht eine schnelle Integration oder einen schnellen Austausch ohne Dienstunterbrechung.<\/span><\/p>","protected":false},"excerpt":{"rendered":"<p><span class=\"NormalTextRun SCXW245398606 BCX0\">Der SFPDR21-Dxx-120I-Transceiver unterst\u00fctzt 2,125G Digital Return \u00fcber Singlemode-Glasfaser mit einer Reichweite von bis zu <\/span><span class=\"NormalTextRun SCXW245398606 BCX0\">120 Kilometer<\/span><span class=\"NormalTextRun SCXW245398606 BCX0\"> mit DWDM-Technologie, entwickelt f\u00fcr I-Temp-Umgebungen mit integriertem DDM.<\/span><\/p>\n<hr \/>\n<p><strong>SFP, Digital Return, DWDM 100 GHz, xxxx.xxnm, 2,125 G, 120 km, SMF\/LC, I-Temp, DDM<\/strong><\/p>","protected":false},"featured_media":13099,"template":"","meta":{"_acf_changed":false,"content-type":"","site-sidebar-layout":"default","site-content-layout":"default","ast-site-content-layout":"default","site-content-style":"default","site-sidebar-style":"default","ast-global-header-display":"","ast-banner-title-visibility":"","ast-main-header-display":"","ast-hfb-above-header-display":"","ast-hfb-below-header-display":"","ast-hfb-mobile-header-display":"","site-post-title":"","ast-breadcrumbs-content":"","ast-featured-img":"","footer-sml-layout":"","ast-disable-related-posts":"","theme-transparent-header-meta":"default","adv-header-id-meta":"","stick-header-meta":"","header-above-stick-meta":"","header-main-stick-meta":"","header-below-stick-meta":"","astra-migrate-meta-layouts":"set","ast-page-background-enabled":"default","ast-page-background-meta":{"desktop":{"background-color":"","background-image":"","background-repeat":"repeat","background-position":"center center","background-size":"auto","background-attachment":"scroll","background-type":"","background-media":"","overlay-type":"","overlay-color":"","overlay-opacity":"","overlay-gradient":""},"tablet":{"background-color":"","background-image":"","background-repeat":"repeat","background-position":"center center","background-size":"auto","background-attachment":"scroll","background-type":"","background-media":"","overlay-type":"","overlay-color":"","overlay-opacity":"","overlay-gradient":""},"mobile":{"background-color":"","background-image":"","background-repeat":"repeat","background-position":"center center","background-size":"auto","background-attachment":"scroll","background-type":"","background-media":"","overlay-type":"","overlay-color":"","overlay-opacity":"","overlay-gradient":""}},"ast-content-background-meta":{"desktop":{"background-color":"var(--ast-global-color-5)","background-image":"","background-repeat":"repeat","background-position":"center center","background-size":"auto","background-attachment":"scroll","background-type":"","background-media":"","overlay-type":"","overlay-color":"","overlay-opacity":"","overlay-gradient":""},"tablet":{"background-color":"var(--ast-global-color-5)","background-image":"","background-repeat":"repeat","background-position":"center center","background-size":"auto","background-attachment":"scroll","background-type":"","background-media":"","overlay-type":"","overlay-color":"","overlay-opacity":"","overlay-gradient":""},"mobile":{"background-color":"var(--ast-global-color-5)","background-image":"","background-repeat":"repeat","background-position":"center center","background-size":"auto","background-attachment":"scroll","background-type":"","background-media":"","overlay-type":"","overlay-color":"","overlay-opacity":"","overlay-gradient":""}}},"product_brand":[],"product_cat":[320,323],"product_tag":[],"class_list":{"0":"post-99","1":"product","2":"type-product","3":"status-publish","4":"has-post-thumbnail","6":"product_cat-sfp","7":"product_cat-sfp-dwdm","8":"desktop-align-left","9":"tablet-align-left","10":"mobile-align-left","11":"ast-product-gallery-layout-horizontal-slider","12":"ast-product-gallery-with-no-image","13":"ast-product-tabs-layout-horizontal","15":"first","16":"instock","17":"shipping-taxable","18":"purchasable","19":"product-type-simple"},"composite_virtual":false,"composite_layout":"","composite_add_to_cart_form_location":"","composite_editable_in_cart":false,"composite_sold_individually_context":"","composite_shop_price_calc":"","composite_components":[],"composite_scenarios":[],"acf":[],"_links":{"self":[{"href":"https:\/\/www.precisionot.com\/de\/wp-json\/wp\/v2\/product\/99","targetHints":{"allow":["GET"]}}],"collection":[{"href":"https:\/\/www.precisionot.com\/de\/wp-json\/wp\/v2\/product"}],"about":[{"href":"https:\/\/www.precisionot.com\/de\/wp-json\/wp\/v2\/types\/product"}],"version-history":[{"count":0,"href":"https:\/\/www.precisionot.com\/de\/wp-json\/wp\/v2\/product\/99\/revisions"}],"wp:featuredmedia":[{"embeddable":true,"href":"https:\/\/www.precisionot.com\/de\/wp-json\/wp\/v2\/media\/13099"}],"wp:attachment":[{"href":"https:\/\/www.precisionot.com\/de\/wp-json\/wp\/v2\/media?parent=99"}],"wp:term":[{"taxonomy":"product_brand","embeddable":true,"href":"https:\/\/www.precisionot.com\/de\/wp-json\/wp\/v2\/product_brand?post=99"},{"taxonomy":"product_cat","embeddable":true,"href":"https:\/\/www.precisionot.com\/de\/wp-json\/wp\/v2\/product_cat?post=99"},{"taxonomy":"product_tag","embeddable":true,"href":"https:\/\/www.precisionot.com\/de\/wp-json\/wp\/v2\/product_tag?post=99"}],"curies":[{"name":"wp","href":"https:\/\/api.w.org\/{rel}","templated":true}]}}