{"id":91,"date":"2020-10-10T17:05:13","date_gmt":"2020-10-10T21:05:13","guid":{"rendered":"https:\/\/www.precisionot.com\/?post_type=product&#038;p=91"},"modified":"2024-06-26T11:37:06","modified_gmt":"2024-06-26T15:37:06","slug":"vor-qsfp56dd-dr4","status":"publish","type":"product","link":"https:\/\/www.precisionot.com\/de\/product\/pre-qsfp56dd-dr4\/","title":{"rendered":"PRE-QSFP56DD-DR4"},"content":{"rendered":"<div class=\"l-product_desc\">\n<div class=\"l-product_desc\">\n<p><span data-contrast=\"auto\">Der optische Transceiver QSFP56DD-DR4 ist eine Hochleistungsl\u00f6sung f\u00fcr 400G-Ethernet-Anwendungen und bietet au\u00dfergew\u00f6hnliche Geschwindigkeit und Zuverl\u00e4ssigkeit f\u00fcr Netzwerkanforderungen mittlerer Reichweite. Dieser fortschrittliche Transceiver ist ideal f\u00fcr Rechenzentren, Hochleistungscomputerumgebungen und Unternehmensnetzwerke und gew\u00e4hrleistet robuste Konnektivit\u00e4t mit \u00fcberlegener Effizienz.<\/span><\/p>\n<hr \/>\n<p><span data-contrast=\"auto\">Der optische Transceiver QSFP56DD-DR4 wurde entwickelt, um den wachsenden Anforderungen moderner Netzwerke mittlerer Reichweite gerecht zu werden. Mit seiner Unterst\u00fctzung f\u00fcr 400G Ethernet, erweiterter Reichweite und erweiterten Funktionen wie der 4x100G-Konfiguration und DDM ist dieser Transceiver die perfekte Wahl f\u00fcr Unternehmen, die ihre Netzwerkinfrastruktur mit schneller, zuverl\u00e4ssiger Daten\u00fcbertragung verbessern m\u00f6chten. Erleben Sie die Zukunft der Vernetzung mit dem optischen Transceiver QSFP56DD-DR4, Ihrem zuverl\u00e4ssigen Partner f\u00fcr schnelle Datenverbindungen mittlerer Reichweite.<\/span><span data-ccp-props=\"{&quot;134233117&quot;:false,&quot;134233118&quot;:false,&quot;201341983&quot;:0,&quot;335551550&quot;:0,&quot;335551620&quot;:0,&quot;335557856&quot;:16777215,&quot;335559738&quot;:0,&quot;335559739&quot;:0,&quot;335559740&quot;:279}\">\u00a0<\/span><\/p>\n<\/div>\n<\/div>","protected":false},"excerpt":{"rendered":"<div class=\"l-product_desc\">\n<p><span class=\"TextRun SCXW155565449 BCX0\" lang=\"EN-US\" xml:lang=\"EN-US\" data-contrast=\"auto\"><span class=\"NormalTextRun SCXW155565449 BCX0\">Der optische Transceiver QSFP56DD-DR4 ist eine Hochleistungsl\u00f6sung f\u00fcr 400G-Ethernet-Anwendungen und bietet au\u00dfergew\u00f6hnliche Geschwindigkeit und Zuverl\u00e4ssigkeit f\u00fcr Netzwerkanforderungen mittlerer Reichweite. Dieser fortschrittliche Transceiver ist ideal f\u00fcr Rechenzentren, Hochleistungscomputerumgebungen und Unternehmensnetzwerke und gew\u00e4hrleistet robuste Konnektivit\u00e4t mit \u00fcberlegener Effizienz.<\/span><\/span><span class=\"EOP SCXW155565449 BCX0\" data-ccp-props=\"{&quot;134233117&quot;:false,&quot;134233118&quot;:false,&quot;201341983&quot;:0,&quot;335551550&quot;:0,&quot;335551620&quot;:0,&quot;335557856&quot;:16777215,&quot;335559738&quot;:0,&quot;335559739&quot;:0,&quot;335559740&quot;:279}\">\u00a0<\/span><\/p>\n<hr \/>\n<p><strong>QSFPDD, DR4, 1310nm, 400G, 500m, SMF\/MPO12, C-Temp, DDM<\/strong><\/p>\n<\/div>","protected":false},"featured_media":23182,"template":"","meta":{"_acf_changed":false,"content-type":"","site-sidebar-layout":"default","site-content-layout":"default","ast-site-content-layout":"default","site-content-style":"default","site-sidebar-style":"default","ast-global-header-display":"","ast-banner-title-visibility":"","ast-main-header-display":"","ast-hfb-above-header-display":"","ast-hfb-below-header-display":"","ast-hfb-mobile-header-display":"","site-post-title":"","ast-breadcrumbs-content":"","ast-featured-img":"","footer-sml-layout":"","ast-disable-related-posts":"","theme-transparent-header-meta":"default","adv-header-id-meta":"","stick-header-meta":"","header-above-stick-meta":"","header-main-stick-meta":"","header-below-stick-meta":"","astra-migrate-meta-layouts":"set","ast-page-background-enabled":"default","ast-page-background-meta":{"desktop":{"background-color":"","background-image":"","background-repeat":"repeat","background-position":"center center","background-size":"auto","background-attachment":"scroll","background-type":"","background-media":"","overlay-type":"","overlay-color":"","overlay-opacity":"","overlay-gradient":""},"tablet":{"background-color":"","background-image":"","background-repeat":"repeat","background-position":"center center","background-size":"auto","background-attachment":"scroll","background-type":"","background-media":"","overlay-type":"","overlay-color":"","overlay-opacity":"","overlay-gradient":""},"mobile":{"background-color":"","background-image":"","background-repeat":"repeat","background-position":"center center","background-size":"auto","background-attachment":"scroll","background-type":"","background-media":"","overlay-type":"","overlay-color":"","overlay-opacity":"","overlay-gradient":""}},"ast-content-background-meta":{"desktop":{"background-color":"var(--ast-global-color-5)","background-image":"","background-repeat":"repeat","background-position":"center center","background-size":"auto","background-attachment":"scroll","background-type":"","background-media":"","overlay-type":"","overlay-color":"","overlay-opacity":"","overlay-gradient":""},"tablet":{"background-color":"var(--ast-global-color-5)","background-image":"","background-repeat":"repeat","background-position":"center center","background-size":"auto","background-attachment":"scroll","background-type":"","background-media":"","overlay-type":"","overlay-color":"","overlay-opacity":"","overlay-gradient":""},"mobile":{"background-color":"var(--ast-global-color-5)","background-image":"","background-repeat":"repeat","background-position":"center center","background-size":"auto","background-attachment":"scroll","background-type":"","background-media":"","overlay-type":"","overlay-color":"","overlay-opacity":"","overlay-gradient":""}}},"product_brand":[],"product_cat":[286],"product_tag":[],"class_list":{"0":"post-91","1":"product","2":"type-product","3":"status-publish","4":"has-post-thumbnail","6":"product_cat-qsfp-dd-400g-standard","7":"desktop-align-left","8":"tablet-align-left","9":"mobile-align-left","10":"ast-product-gallery-layout-horizontal-slider","11":"ast-product-gallery-with-no-image","12":"ast-product-tabs-layout-horizontal","14":"first","15":"instock","16":"shipping-taxable","17":"purchasable","18":"product-type-simple"},"composite_virtual":false,"composite_layout":"","composite_add_to_cart_form_location":"","composite_editable_in_cart":false,"composite_sold_individually_context":"","composite_shop_price_calc":"","composite_components":[],"composite_scenarios":[],"acf":[],"_links":{"self":[{"href":"https:\/\/www.precisionot.com\/de\/wp-json\/wp\/v2\/product\/91","targetHints":{"allow":["GET"]}}],"collection":[{"href":"https:\/\/www.precisionot.com\/de\/wp-json\/wp\/v2\/product"}],"about":[{"href":"https:\/\/www.precisionot.com\/de\/wp-json\/wp\/v2\/types\/product"}],"version-history":[{"count":0,"href":"https:\/\/www.precisionot.com\/de\/wp-json\/wp\/v2\/product\/91\/revisions"}],"wp:featuredmedia":[{"embeddable":true,"href":"https:\/\/www.precisionot.com\/de\/wp-json\/wp\/v2\/media\/23182"}],"wp:attachment":[{"href":"https:\/\/www.precisionot.com\/de\/wp-json\/wp\/v2\/media?parent=91"}],"wp:term":[{"taxonomy":"product_brand","embeddable":true,"href":"https:\/\/www.precisionot.com\/de\/wp-json\/wp\/v2\/product_brand?post=91"},{"taxonomy":"product_cat","embeddable":true,"href":"https:\/\/www.precisionot.com\/de\/wp-json\/wp\/v2\/product_cat?post=91"},{"taxonomy":"product_tag","embeddable":true,"href":"https:\/\/www.precisionot.com\/de\/wp-json\/wp\/v2\/product_tag?post=91"}],"curies":[{"name":"wp","href":"https:\/\/api.w.org\/{rel}","templated":true}]}}