{"id":8135,"date":"2022-06-02T14:58:47","date_gmt":"2022-06-02T18:58:47","guid":{"rendered":"https:\/\/www.precisionot.com\/?post_type=product&#038;p=8135"},"modified":"2024-05-31T09:51:51","modified_gmt":"2024-05-31T13:51:51","slug":"cwdm_5_8_osp","status":"publish","type":"product","link":"https:\/\/www.precisionot.com\/de\/product\/cwdm_5_8_osp\/","title":{"rendered":"CWDM 5 &amp; 8-KANAL OSP"},"content":{"rendered":"<p>5- oder 8-Kanal-CWDM-Filter mit folgenden Optionen:<\/p>\n<ul>\n<li>Express-\/Testports<\/li>\n<li>1310-Breitband-Ports<\/li>\n<li>Mehrfachkassette<\/li>\n<li>Gr\u00f6\u00dfen\/Pigtail-L\u00e4ngen<\/li>\n<li>UPC\/APC-Anschl\u00fcsse<\/li>\n<\/ul>\n<p>Das 5- oder 8-Kanal-CWDM-OSP von Precision OT ist eine branchenf\u00fchrende passive Technologie f\u00fcr den Au\u00dfenbereich, die Wellenl\u00e4ngen von 1431 bis 1611 nm \u00fcber 5 oder 8 separate Kan\u00e4le auf einer einzigen Faser unterst\u00fctzt, wobei kundenspezifische Konfigurationen von 1271 bis 1611 nm verf\u00fcgbar sind. Der Filter verf\u00fcgt \u00fcber verschiedene Ports und ist eine optimale Wahl, um die Bandbreite bei minimalem Glasfaserverbrauch zu maximieren.<\/p>","protected":false},"excerpt":{"rendered":"<p>5- oder 8-Kanal-CWDM-Filter mit folgenden Optionen:<\/p>\n<ul>\n<li>Express-\/Testports<\/li>\n<li>1310-Breitband-Ports<\/li>\n<li>Mehrfachkassette<\/li>\n<li>Gr\u00f6\u00dfen\/Pigtail-L\u00e4ngen<\/li>\n<li>UPC\/APC-Anschl\u00fcsse<\/li>\n<\/ul>\n<p>Das 5- oder 8-Kanal-CWDM-OSP von Precision OT ist eine branchenf\u00fchrende passive Technologie f\u00fcr den Au\u00dfenbereich, die Wellenl\u00e4ngen von 1431 bis 1611 nm \u00fcber 5 oder 8 separate Kan\u00e4le auf einer einzigen Faser unterst\u00fctzt, wobei kundenspezifische Konfigurationen von 1271 bis 1611 nm verf\u00fcgbar sind. Der Filter verf\u00fcgt \u00fcber verschiedene Ports und ist eine optimale Wahl, um die Bandbreite bei minimalem Glasfaserverbrauch zu maximieren.<\/p>","protected":false},"featured_media":26025,"template":"","meta":{"_acf_changed":false,"content-type":"","site-sidebar-layout":"default","site-content-layout":"default","ast-site-content-layout":"default","site-content-style":"default","site-sidebar-style":"default","ast-global-header-display":"","ast-banner-title-visibility":"","ast-main-header-display":"","ast-hfb-above-header-display":"","ast-hfb-below-header-display":"","ast-hfb-mobile-header-display":"","site-post-title":"","ast-breadcrumbs-content":"","ast-featured-img":"","footer-sml-layout":"","ast-disable-related-posts":"","theme-transparent-header-meta":"default","adv-header-id-meta":"","stick-header-meta":"","header-above-stick-meta":"","header-main-stick-meta":"","header-below-stick-meta":"","astra-migrate-meta-layouts":"set","ast-page-background-enabled":"default","ast-page-background-meta":{"desktop":{"background-color":"","background-image":"","background-repeat":"repeat","background-position":"center center","background-size":"auto","background-attachment":"scroll","background-type":"","background-media":"","overlay-type":"","overlay-color":"","overlay-opacity":"","overlay-gradient":""},"tablet":{"background-color":"","background-image":"","background-repeat":"repeat","background-position":"center center","background-size":"auto","background-attachment":"scroll","background-type":"","background-media":"","overlay-type":"","overlay-color":"","overlay-opacity":"","overlay-gradient":""},"mobile":{"background-color":"","background-image":"","background-repeat":"repeat","background-position":"center center","background-size":"auto","background-attachment":"scroll","background-type":"","background-media":"","overlay-type":"","overlay-color":"","overlay-opacity":"","overlay-gradient":""}},"ast-content-background-meta":{"desktop":{"background-color":"var(--ast-global-color-5)","background-image":"","background-repeat":"repeat","background-position":"center center","background-size":"auto","background-attachment":"scroll","background-type":"","background-media":"","overlay-type":"","overlay-color":"","overlay-opacity":"","overlay-gradient":""},"tablet":{"background-color":"var(--ast-global-color-5)","background-image":"","background-repeat":"repeat","background-position":"center center","background-size":"auto","background-attachment":"scroll","background-type":"","background-media":"","overlay-type":"","overlay-color":"","overlay-opacity":"","overlay-gradient":""},"mobile":{"background-color":"var(--ast-global-color-5)","background-image":"","background-repeat":"repeat","background-position":"center center","background-size":"auto","background-attachment":"scroll","background-type":"","background-media":"","overlay-type":"","overlay-color":"","overlay-opacity":"","overlay-gradient":""}}},"product_brand":[],"product_cat":[270],"product_tag":[274,273],"class_list":{"0":"post-8135","1":"product","2":"type-product","3":"status-publish","4":"has-post-thumbnail","6":"product_cat-cwdm-osp","7":"product_tag-cwdm-8-channel-mux","8":"product_tag-cwdm-mux","9":"desktop-align-left","10":"tablet-align-left","11":"mobile-align-left","12":"ast-product-gallery-layout-horizontal-slider","13":"ast-product-gallery-with-no-image","14":"ast-product-tabs-layout-horizontal","16":"first","17":"instock","18":"shipping-taxable","19":"purchasable","20":"product-type-simple"},"composite_virtual":false,"composite_layout":"","composite_add_to_cart_form_location":"","composite_editable_in_cart":false,"composite_sold_individually_context":"","composite_shop_price_calc":"","composite_components":[],"composite_scenarios":[],"acf":[],"_links":{"self":[{"href":"https:\/\/www.precisionot.com\/de\/wp-json\/wp\/v2\/product\/8135","targetHints":{"allow":["GET"]}}],"collection":[{"href":"https:\/\/www.precisionot.com\/de\/wp-json\/wp\/v2\/product"}],"about":[{"href":"https:\/\/www.precisionot.com\/de\/wp-json\/wp\/v2\/types\/product"}],"version-history":[{"count":0,"href":"https:\/\/www.precisionot.com\/de\/wp-json\/wp\/v2\/product\/8135\/revisions"}],"wp:featuredmedia":[{"embeddable":true,"href":"https:\/\/www.precisionot.com\/de\/wp-json\/wp\/v2\/media\/26025"}],"wp:attachment":[{"href":"https:\/\/www.precisionot.com\/de\/wp-json\/wp\/v2\/media?parent=8135"}],"wp:term":[{"taxonomy":"product_brand","embeddable":true,"href":"https:\/\/www.precisionot.com\/de\/wp-json\/wp\/v2\/product_brand?post=8135"},{"taxonomy":"product_cat","embeddable":true,"href":"https:\/\/www.precisionot.com\/de\/wp-json\/wp\/v2\/product_cat?post=8135"},{"taxonomy":"product_tag","embeddable":true,"href":"https:\/\/www.precisionot.com\/de\/wp-json\/wp\/v2\/product_tag?post=8135"}],"curies":[{"name":"wp","href":"https:\/\/api.w.org\/{rel}","templated":true}]}}