{"id":8123,"date":"2022-06-02T14:46:14","date_gmt":"2022-06-02T18:46:14","guid":{"rendered":"https:\/\/www.precisionot.com\/?post_type=product&#038;p=8123"},"modified":"2024-05-31T11:52:10","modified_gmt":"2024-05-31T15:52:10","slug":"dwdm_16_20_isp","status":"publish","type":"product","link":"https:\/\/www.precisionot.com\/de\/product\/dwdm_16_20_isp\/","title":{"rendered":"DWDM 16- und 20-KANAL-ISP"},"content":{"rendered":"<p>16- und 20-Kanal-ISP-DWDM-D\u00fcnnschichtfilter mit den folgenden Optionen:<\/p>\n<ul>\n<li>Upgrade\/Express\/Testports<\/li>\n<li>Single\/Dual\/Twin LGX-Formfaktor<\/li>\n<li>UPC\/APC-Anschl\u00fcsse<\/li>\n<li>Industriell temperaturgeh\u00e4rtet<\/li>\n<\/ul>\n<p>Die 16- und 20-Kanal-ISP-D\u00fcnnschichtfilter von Precision OT unterst\u00fctzen Wellenl\u00e4ngen von ITU-Kanal 14 bis Kanal 62 und sind f\u00fcr die Verwendung in Innenr\u00e4umen vorgesehen. Precision OT bietet au\u00dferdem benutzerdefinierte Konfigurationen aller DWDM-Kan\u00e4le und Unterst\u00fctzung au\u00dferhalb des C-Bands von 1260 bis 1635 nm. Mit DWDM\/Upgrade\/Express-Ports und UPC\/APC-Anschl\u00fcssen ist der Filter eine leistungsstarke, kosteng\u00fcnstige L\u00f6sung f\u00fcr heutige Netzwerke.<\/p>","protected":false},"excerpt":{"rendered":"<p>16- und 20-Kanal-ISP-DWDM-D\u00fcnnschichtfilter mit den folgenden Optionen:<\/p>\n<ul>\n<li>Upgrade\/Express\/Testports<\/li>\n<li>Single\/Dual\/Twin LGX-Formfaktor<\/li>\n<li>UPC\/APC-Anschl\u00fcsse<\/li>\n<li>Industriell temperaturgeh\u00e4rtet<\/li>\n<\/ul>\n<p>Die 16- und 20-Kanal-ISP-D\u00fcnnschichtfilter von Precision OT unterst\u00fctzen Wellenl\u00e4ngen von ITU-Kanal 14 bis Kanal 62 und sind f\u00fcr die Verwendung in Innenr\u00e4umen vorgesehen. Precision OT bietet au\u00dferdem benutzerdefinierte Konfigurationen aller DWDM-Kan\u00e4le und Unterst\u00fctzung au\u00dferhalb des C-Bands von 1260 bis 1635 nm. Mit DWDM\/Upgrade\/Express-Ports und UPC\/APC-Anschl\u00fcssen ist der Filter eine leistungsstarke, kosteng\u00fcnstige L\u00f6sung f\u00fcr heutige Netzwerke.<\/p>","protected":false},"featured_media":26002,"template":"","meta":{"_acf_changed":false,"content-type":"","site-sidebar-layout":"default","site-content-layout":"default","ast-site-content-layout":"default","site-content-style":"default","site-sidebar-style":"default","ast-global-header-display":"","ast-banner-title-visibility":"","ast-main-header-display":"","ast-hfb-above-header-display":"","ast-hfb-below-header-display":"","ast-hfb-mobile-header-display":"","site-post-title":"","ast-breadcrumbs-content":"","ast-featured-img":"","footer-sml-layout":"","ast-disable-related-posts":"","theme-transparent-header-meta":"default","adv-header-id-meta":"","stick-header-meta":"","header-above-stick-meta":"","header-main-stick-meta":"","header-below-stick-meta":"","astra-migrate-meta-layouts":"set","ast-page-background-enabled":"default","ast-page-background-meta":{"desktop":{"background-color":"","background-image":"","background-repeat":"repeat","background-position":"center center","background-size":"auto","background-attachment":"scroll","background-type":"","background-media":"","overlay-type":"","overlay-color":"","overlay-opacity":"","overlay-gradient":""},"tablet":{"background-color":"","background-image":"","background-repeat":"repeat","background-position":"center center","background-size":"auto","background-attachment":"scroll","background-type":"","background-media":"","overlay-type":"","overlay-color":"","overlay-opacity":"","overlay-gradient":""},"mobile":{"background-color":"","background-image":"","background-repeat":"repeat","background-position":"center center","background-size":"auto","background-attachment":"scroll","background-type":"","background-media":"","overlay-type":"","overlay-color":"","overlay-opacity":"","overlay-gradient":""}},"ast-content-background-meta":{"desktop":{"background-color":"var(--ast-global-color-5)","background-image":"","background-repeat":"repeat","background-position":"center center","background-size":"auto","background-attachment":"scroll","background-type":"","background-media":"","overlay-type":"","overlay-color":"","overlay-opacity":"","overlay-gradient":""},"tablet":{"background-color":"var(--ast-global-color-5)","background-image":"","background-repeat":"repeat","background-position":"center center","background-size":"auto","background-attachment":"scroll","background-type":"","background-media":"","overlay-type":"","overlay-color":"","overlay-opacity":"","overlay-gradient":""},"mobile":{"background-color":"var(--ast-global-color-5)","background-image":"","background-repeat":"repeat","background-position":"center center","background-size":"auto","background-attachment":"scroll","background-type":"","background-media":"","overlay-type":"","overlay-color":"","overlay-opacity":"","overlay-gradient":""}}},"product_brand":[],"product_cat":[268],"product_tag":[],"class_list":{"0":"post-8123","1":"product","2":"type-product","3":"status-publish","4":"has-post-thumbnail","6":"product_cat-dwdm-isp","7":"desktop-align-left","8":"tablet-align-left","9":"mobile-align-left","10":"ast-product-gallery-layout-horizontal-slider","11":"ast-product-gallery-with-no-image","12":"ast-product-tabs-layout-horizontal","14":"first","15":"instock","16":"shipping-taxable","17":"purchasable","18":"product-type-simple"},"composite_virtual":false,"composite_layout":"","composite_add_to_cart_form_location":"","composite_editable_in_cart":false,"composite_sold_individually_context":"","composite_shop_price_calc":"","composite_components":[],"composite_scenarios":[],"acf":[],"_links":{"self":[{"href":"https:\/\/www.precisionot.com\/de\/wp-json\/wp\/v2\/product\/8123","targetHints":{"allow":["GET"]}}],"collection":[{"href":"https:\/\/www.precisionot.com\/de\/wp-json\/wp\/v2\/product"}],"about":[{"href":"https:\/\/www.precisionot.com\/de\/wp-json\/wp\/v2\/types\/product"}],"version-history":[{"count":0,"href":"https:\/\/www.precisionot.com\/de\/wp-json\/wp\/v2\/product\/8123\/revisions"}],"wp:featuredmedia":[{"embeddable":true,"href":"https:\/\/www.precisionot.com\/de\/wp-json\/wp\/v2\/media\/26002"}],"wp:attachment":[{"href":"https:\/\/www.precisionot.com\/de\/wp-json\/wp\/v2\/media?parent=8123"}],"wp:term":[{"taxonomy":"product_brand","embeddable":true,"href":"https:\/\/www.precisionot.com\/de\/wp-json\/wp\/v2\/product_brand?post=8123"},{"taxonomy":"product_cat","embeddable":true,"href":"https:\/\/www.precisionot.com\/de\/wp-json\/wp\/v2\/product_cat?post=8123"},{"taxonomy":"product_tag","embeddable":true,"href":"https:\/\/www.precisionot.com\/de\/wp-json\/wp\/v2\/product_tag?post=8123"}],"curies":[{"name":"wp","href":"https:\/\/api.w.org\/{rel}","templated":true}]}}