{"id":7093,"date":"2022-05-06T12:07:27","date_gmt":"2022-05-06T16:07:27","guid":{"rendered":"https:\/\/www.precisionot.com\/?post_type=product&#038;p=7093"},"modified":"2024-10-25T12:27:54","modified_gmt":"2024-10-25T16:27:54","slug":"vor-sfp-cxx-80-2","status":"publish","type":"product","link":"https:\/\/www.precisionot.com\/de\/product\/pre-sfp-cxx-80-2\/","title":{"rendered":"VOR-SFP-Cxx-80(I)"},"content":{"rendered":"<p class=\"p2\"><span class=\"NormalTextRun SCXW137025768 BCX0\">Das optische Transceivermodul SFP-Cxx-80(I) unterst\u00fctzt 1G-Ethernet-\u00dcbertragung \u00fcber Entfernungen von bis zu 80 Kilometern mithilfe der CWDM-Technologie (Coarse Wavelength Division Multiplexing). Dieses Modul arbeitet im CWDM-Wellenl\u00e4ngenbereich von 1470 nm bis 1610 nm und eignet sich ideal f\u00fcr hochleistungsf\u00e4hige Verbindungen \u00fcber gro\u00dfe Entfernungen in Telekommunikations-, Rechenzentrums- und Unternehmensnetzwerken.<\/span><\/p>\n<hr \/>\n<p class=\"p2\"><span class=\"NormalTextRun SCXW137025768 BCX0\">Der SFP-Cxx-80(I) wurde f\u00fcr die Verwendung mit Singlemode-Glasfasern (SMF) und LC-Duplex-Anschl\u00fcssen entwickelt und bietet w\u00e4hlbare Wellenl\u00e4ngen f\u00fcr eine optimierte Netzwerkbereitstellung. Der Transceiver ist sowohl in kommerziellen (C-temp) als auch industriellen (I-temp) Varianten erh\u00e4ltlich und gew\u00e4hrleistet zuverl\u00e4ssige Leistung unter unterschiedlichen Umgebungsbedingungen. <\/span><span class=\"NormalTextRun ContextualSpellingAndGrammarErrorV2Themed SCXW137025768 BCX0\">Es ist<\/span><span class=\"NormalTextRun SCXW137025768 BCX0\"> Das Hot-Swap-Design erm\u00f6glicht eine nahtlose Integration oder einen Austausch ohne Unterbrechung des Netzwerkbetriebs.<\/span><\/p>","protected":false},"excerpt":{"rendered":"<p class=\"p2\"><span class=\"s2\"><span class=\"TextRun SCXW222191922 BCX0\" lang=\"EN-US\" xml:lang=\"EN-US\" data-contrast=\"auto\"><span class=\"NormalTextRun SCXW222191922 BCX0\">Der SFP-Cxx-80(I)-Transceiver unterst\u00fctzt 1G-Ethernet \u00fcber Singlemode-Glasfaser mit einer Reichweite von bis zu 80 Kilometern unter Verwendung der CWDM-Technologie und ist in Wellenl\u00e4ngen von 1470 nm bis 1610 nm und in den Varianten C-Temp\/I-Temp erh\u00e4ltlich.<\/span><\/span><\/span><\/p>\n<hr \/>\n<p class=\"p2\"><span class=\"s2\"><strong>SFP, CWDM, <\/strong><\/span><strong>1470 \u2013 1610 nm, 1G, 80 km, SMF\/LC<\/strong><\/p>","protected":false},"featured_media":24161,"template":"","meta":{"_acf_changed":false,"content-type":"","site-sidebar-layout":"default","site-content-layout":"default","ast-site-content-layout":"default","site-content-style":"default","site-sidebar-style":"default","ast-global-header-display":"","ast-banner-title-visibility":"","ast-main-header-display":"","ast-hfb-above-header-display":"","ast-hfb-below-header-display":"","ast-hfb-mobile-header-display":"","site-post-title":"","ast-breadcrumbs-content":"","ast-featured-img":"","footer-sml-layout":"","ast-disable-related-posts":"","theme-transparent-header-meta":"default","adv-header-id-meta":"","stick-header-meta":"","header-above-stick-meta":"","header-main-stick-meta":"","header-below-stick-meta":"","astra-migrate-meta-layouts":"set","ast-page-background-enabled":"default","ast-page-background-meta":{"desktop":{"background-color":"","background-image":"","background-repeat":"repeat","background-position":"center center","background-size":"auto","background-attachment":"scroll","background-type":"","background-media":"","overlay-type":"","overlay-color":"","overlay-opacity":"","overlay-gradient":""},"tablet":{"background-color":"","background-image":"","background-repeat":"repeat","background-position":"center center","background-size":"auto","background-attachment":"scroll","background-type":"","background-media":"","overlay-type":"","overlay-color":"","overlay-opacity":"","overlay-gradient":""},"mobile":{"background-color":"","background-image":"","background-repeat":"repeat","background-position":"center center","background-size":"auto","background-attachment":"scroll","background-type":"","background-media":"","overlay-type":"","overlay-color":"","overlay-opacity":"","overlay-gradient":""}},"ast-content-background-meta":{"desktop":{"background-color":"var(--ast-global-color-5)","background-image":"","background-repeat":"repeat","background-position":"center center","background-size":"auto","background-attachment":"scroll","background-type":"","background-media":"","overlay-type":"","overlay-color":"","overlay-opacity":"","overlay-gradient":""},"tablet":{"background-color":"var(--ast-global-color-5)","background-image":"","background-repeat":"repeat","background-position":"center center","background-size":"auto","background-attachment":"scroll","background-type":"","background-media":"","overlay-type":"","overlay-color":"","overlay-opacity":"","overlay-gradient":""},"mobile":{"background-color":"var(--ast-global-color-5)","background-image":"","background-repeat":"repeat","background-position":"center center","background-size":"auto","background-attachment":"scroll","background-type":"","background-media":"","overlay-type":"","overlay-color":"","overlay-opacity":"","overlay-gradient":""}}},"product_brand":[],"product_cat":[322],"product_tag":[],"class_list":{"0":"post-7093","1":"product","2":"type-product","3":"status-publish","4":"has-post-thumbnail","6":"product_cat-sfp-cwdm","7":"desktop-align-left","8":"tablet-align-left","9":"mobile-align-left","10":"ast-product-gallery-layout-horizontal-slider","11":"ast-product-gallery-with-no-image","12":"ast-product-tabs-layout-horizontal","14":"first","15":"instock","16":"shipping-taxable","17":"purchasable","18":"product-type-simple"},"composite_virtual":false,"composite_layout":"","composite_add_to_cart_form_location":"","composite_editable_in_cart":false,"composite_sold_individually_context":"","composite_shop_price_calc":"","composite_components":[],"composite_scenarios":[],"acf":[],"_links":{"self":[{"href":"https:\/\/www.precisionot.com\/de\/wp-json\/wp\/v2\/product\/7093","targetHints":{"allow":["GET"]}}],"collection":[{"href":"https:\/\/www.precisionot.com\/de\/wp-json\/wp\/v2\/product"}],"about":[{"href":"https:\/\/www.precisionot.com\/de\/wp-json\/wp\/v2\/types\/product"}],"version-history":[{"count":0,"href":"https:\/\/www.precisionot.com\/de\/wp-json\/wp\/v2\/product\/7093\/revisions"}],"wp:featuredmedia":[{"embeddable":true,"href":"https:\/\/www.precisionot.com\/de\/wp-json\/wp\/v2\/media\/24161"}],"wp:attachment":[{"href":"https:\/\/www.precisionot.com\/de\/wp-json\/wp\/v2\/media?parent=7093"}],"wp:term":[{"taxonomy":"product_brand","embeddable":true,"href":"https:\/\/www.precisionot.com\/de\/wp-json\/wp\/v2\/product_brand?post=7093"},{"taxonomy":"product_cat","embeddable":true,"href":"https:\/\/www.precisionot.com\/de\/wp-json\/wp\/v2\/product_cat?post=7093"},{"taxonomy":"product_tag","embeddable":true,"href":"https:\/\/www.precisionot.com\/de\/wp-json\/wp\/v2\/product_tag?post=7093"}],"curies":[{"name":"wp","href":"https:\/\/api.w.org\/{rel}","templated":true}]}}