{"id":6781,"date":"2022-04-19T10:32:08","date_gmt":"2022-04-19T14:32:08","guid":{"rendered":"https:\/\/www.precisionot.com\/?post_type=product&#038;p=6781"},"modified":"2024-10-08T10:51:11","modified_gmt":"2024-10-08T14:51:11","slug":"vor-sfp10gaocxxm-2","status":"publish","type":"product","link":"https:\/\/www.precisionot.com\/de\/product\/pre-sfp10gaocxxm-2\/","title":{"rendered":"PRE-SFP10G-AOCxxM"},"content":{"rendered":"<p class=\"p2\"><span class=\"NormalTextRun SCXW125172358 BCX0\">Das aktive optische Kabel (AOC) SFP10G-AOCXXM unterst\u00fctzt 10G-Ethernet-\u00dcbertragung \u00fcber kurze Distanzen mithilfe von Multimode-Glasfasern (MMF). Dieses AOC arbeitet mit einer Wellenl\u00e4nge von 850 nm und bietet zuverl\u00e4ssige Hochgeschwindigkeitsverbindungen f\u00fcr Rechenzentren, Unternehmensnetzwerke und Hochleistungs-Computeranwendungen.<\/span><\/p>\n<hr \/>\n<p class=\"p2\"><span class=\"NormalTextRun SCXW125172358 BCX0\">Das AOC ist f\u00fcr die Plug-and-Play-Installation konzipiert und integriert SFP+-Transceiver an beiden Enden. <\/span><span class=\"NormalTextRun SCXW125172358 BCX0\">Beseitigung<\/span><span class=\"NormalTextRun SCXW125172358 BCX0\"> die Notwendigkeit f\u00fcr <\/span><span class=\"NormalTextRun SCXW125172358 BCX0\">zus\u00e4tzlich<\/span><span class=\"NormalTextRun SCXW125172358 BCX0\"> Transceiver und reduziert den Gesamtstromverbrauch. Der SFP10G-AOCXXM ist in anpassbaren L\u00e4ngen (xx Meter) erh\u00e4ltlich und bietet flexible und kosteng\u00fcnstige L\u00f6sungen f\u00fcr hochdichte Netzwerkbereitstellungen mit kurzer Reichweite. Das Hot-Swap-Design erm\u00f6glicht eine schnelle und einfache Integration oder einen Austausch ohne Dienstunterbrechung.<\/span><\/p>","protected":false},"excerpt":{"rendered":"<p class=\"p2\"><span class=\"s2\"><span class=\"TextRun SCXW178461028 BCX0\" lang=\"EN-US\" xml:lang=\"EN-US\" data-contrast=\"auto\"><span class=\"NormalTextRun SCXW178461028 BCX0\">Das aktive optische Kabel SFP10G-AOCXXM unterst\u00fctzt 10G-Ethernet \u00fcber Multimode-Glasfaser mit anpassbaren L\u00e4ngen, ideal f\u00fcr Anwendungen mit kurzer Reichweite und hoher Geschwindigkeit.<\/span><\/span><span class=\"EOP SCXW178461028 BCX0\" data-ccp-props=\"{&quot;134233117&quot;:false,&quot;134233118&quot;:false,&quot;201341983&quot;:0,&quot;335557856&quot;:16777215,&quot;335559738&quot;:0,&quot;335559739&quot;:0,&quot;335559740&quot;:279}\">\u00a0<\/span><\/span><\/p>\n<hr \/>\n<p class=\"p2\"><strong><span class=\"s2\">SFP+, AOC, <\/span>850 nm, 10 G, MMF<\/strong><\/p>","protected":false},"featured_media":24209,"template":"","meta":{"_acf_changed":false,"content-type":"","site-sidebar-layout":"default","site-content-layout":"default","ast-site-content-layout":"default","site-content-style":"default","site-sidebar-style":"default","ast-global-header-display":"","ast-banner-title-visibility":"","ast-main-header-display":"","ast-hfb-above-header-display":"","ast-hfb-below-header-display":"","ast-hfb-mobile-header-display":"","site-post-title":"","ast-breadcrumbs-content":"","ast-featured-img":"","footer-sml-layout":"","ast-disable-related-posts":"","theme-transparent-header-meta":"default","adv-header-id-meta":"","stick-header-meta":"","header-above-stick-meta":"","header-main-stick-meta":"","header-below-stick-meta":"","astra-migrate-meta-layouts":"set","ast-page-background-enabled":"default","ast-page-background-meta":{"desktop":{"background-color":"","background-image":"","background-repeat":"repeat","background-position":"center center","background-size":"auto","background-attachment":"scroll","background-type":"","background-media":"","overlay-type":"","overlay-color":"","overlay-opacity":"","overlay-gradient":""},"tablet":{"background-color":"","background-image":"","background-repeat":"repeat","background-position":"center center","background-size":"auto","background-attachment":"scroll","background-type":"","background-media":"","overlay-type":"","overlay-color":"","overlay-opacity":"","overlay-gradient":""},"mobile":{"background-color":"","background-image":"","background-repeat":"repeat","background-position":"center center","background-size":"auto","background-attachment":"scroll","background-type":"","background-media":"","overlay-type":"","overlay-color":"","overlay-opacity":"","overlay-gradient":""}},"ast-content-background-meta":{"desktop":{"background-color":"var(--ast-global-color-5)","background-image":"","background-repeat":"repeat","background-position":"center center","background-size":"auto","background-attachment":"scroll","background-type":"","background-media":"","overlay-type":"","overlay-color":"","overlay-opacity":"","overlay-gradient":""},"tablet":{"background-color":"var(--ast-global-color-5)","background-image":"","background-repeat":"repeat","background-position":"center center","background-size":"auto","background-attachment":"scroll","background-type":"","background-media":"","overlay-type":"","overlay-color":"","overlay-opacity":"","overlay-gradient":""},"mobile":{"background-color":"var(--ast-global-color-5)","background-image":"","background-repeat":"repeat","background-position":"center center","background-size":"auto","background-attachment":"scroll","background-type":"","background-media":"","overlay-type":"","overlay-color":"","overlay-opacity":"","overlay-gradient":""}}},"product_brand":[],"product_cat":[318],"product_tag":[],"class_list":{"0":"post-6781","1":"product","2":"type-product","3":"status-publish","4":"has-post-thumbnail","6":"product_cat-sfp-plus-dac-aoc","7":"desktop-align-left","8":"tablet-align-left","9":"mobile-align-left","10":"ast-product-gallery-layout-horizontal-slider","11":"ast-product-gallery-with-no-image","12":"ast-product-tabs-layout-horizontal","14":"first","15":"instock","16":"shipping-taxable","17":"purchasable","18":"product-type-simple"},"composite_virtual":false,"composite_layout":"","composite_add_to_cart_form_location":"","composite_editable_in_cart":false,"composite_sold_individually_context":"","composite_shop_price_calc":"","composite_components":[],"composite_scenarios":[],"acf":[],"_links":{"self":[{"href":"https:\/\/www.precisionot.com\/de\/wp-json\/wp\/v2\/product\/6781","targetHints":{"allow":["GET"]}}],"collection":[{"href":"https:\/\/www.precisionot.com\/de\/wp-json\/wp\/v2\/product"}],"about":[{"href":"https:\/\/www.precisionot.com\/de\/wp-json\/wp\/v2\/types\/product"}],"version-history":[{"count":0,"href":"https:\/\/www.precisionot.com\/de\/wp-json\/wp\/v2\/product\/6781\/revisions"}],"wp:featuredmedia":[{"embeddable":true,"href":"https:\/\/www.precisionot.com\/de\/wp-json\/wp\/v2\/media\/24209"}],"wp:attachment":[{"href":"https:\/\/www.precisionot.com\/de\/wp-json\/wp\/v2\/media?parent=6781"}],"wp:term":[{"taxonomy":"product_brand","embeddable":true,"href":"https:\/\/www.precisionot.com\/de\/wp-json\/wp\/v2\/product_brand?post=6781"},{"taxonomy":"product_cat","embeddable":true,"href":"https:\/\/www.precisionot.com\/de\/wp-json\/wp\/v2\/product_cat?post=6781"},{"taxonomy":"product_tag","embeddable":true,"href":"https:\/\/www.precisionot.com\/de\/wp-json\/wp\/v2\/product_tag?post=6781"}],"curies":[{"name":"wp","href":"https:\/\/api.w.org\/{rel}","templated":true}]}}