{"id":592,"date":"2020-10-25T21:01:11","date_gmt":"2020-10-26T01:01:11","guid":{"rendered":"https:\/\/www.precisionot.com\/?post_type=product&#038;p=592"},"modified":"2024-10-28T17:04:17","modified_gmt":"2024-10-28T21:04:17","slug":"vor-csfp2-b43-40","status":"publish","type":"product","link":"https:\/\/www.precisionot.com\/de\/product\/pre-csfp2-b43-40\/","title":{"rendered":"PRE-CSFP2-B34(43)-40(I)"},"content":{"rendered":"<div class=\"l-product_desc\">\n<p class=\"p2\"><span class=\"NormalTextRun SCXW61827437 BCX0\">Das kompakte Small Form-Factor Pluggable (CSFP)-Modul CSFP2-B34(43)-40(I) unterst\u00fctzt duale 1G-Ethernet-Kan\u00e4le \u00fcber Singlemode-Glasfasern (SMF) unter Verwendung bidirektionaler (BIDI) Technologie. Dieser Transceiver nutzt Wellenl\u00e4ngen von 1310 nm und 1490 nm und erm\u00f6glicht die gleichzeitige Daten\u00fcbertragung und den Empfang \u00fcber eine einzige Glasfaser. Dies maximiert die Effizienz in Telekommunikations- und Unternehmensnetzwerken mit eingeschr\u00e4nkter Glasfasernutzung.<\/span><\/p>\n<hr \/>\n<p class=\"p2\"><span class=\"NormalTextRun SCXW61827437 BCX0\">Entwickelt f\u00fcr Verbindungen \u00fcber gro\u00dfe Entfernungen bis zu <\/span><span class=\"NormalTextRun SCXW61827437 BCX0\">40 Kilometer<\/span><span class=\"NormalTextRun SCXW61827437 BCX0\"> Mit LC-Anschl\u00fcssen ist der CSFP2-B34(43)-40(I) in einer Industrietemperaturvariante (I-temp) erh\u00e4ltlich und gew\u00e4hrleistet eine stabile Leistung auch in anspruchsvollen Umgebungen. Das Hot-Swap-f\u00e4hige Design erm\u00f6glicht eine schnelle und nahtlose Integration oder einen Austausch ohne Netzwerkunterbrechung.<\/span><\/p>\n<\/div>","protected":false},"excerpt":{"rendered":"<p class=\"p2\"><span class=\"NormalTextRun SCXW243198611 BCX0\">Der CSFP2-B34(43)-40(I)-Transceiver unterst\u00fctzt duale 1G-Ethernet-Kan\u00e4le \u00fcber Singlemode-Glasfaser mit einer Reichweite von bis zu <\/span><span class=\"NormalTextRun SCXW243198611 BCX0\">40 Kilometer<\/span><span class=\"NormalTextRun SCXW243198611 BCX0\"> mit BIDI-Technologie mit 1310 nm und 1490 nm Wellenl\u00e4nge, verf\u00fcgbar in einer I-Temp-Variante.<\/span><\/p>\n<hr \/>\n<p class=\"p2\"><strong>CSFP, Dual BIDI, 1310 nm\/1490 nm, 1G, 40 km, SMF\/LC<\/strong><\/p>","protected":false},"featured_media":24617,"template":"","meta":{"_acf_changed":false,"content-type":"","site-sidebar-layout":"default","site-content-layout":"default","ast-site-content-layout":"default","site-content-style":"default","site-sidebar-style":"default","ast-global-header-display":"","ast-banner-title-visibility":"","ast-main-header-display":"","ast-hfb-above-header-display":"","ast-hfb-below-header-display":"","ast-hfb-mobile-header-display":"","site-post-title":"","ast-breadcrumbs-content":"","ast-featured-img":"","footer-sml-layout":"","ast-disable-related-posts":"","theme-transparent-header-meta":"default","adv-header-id-meta":"","stick-header-meta":"","header-above-stick-meta":"","header-main-stick-meta":"","header-below-stick-meta":"","astra-migrate-meta-layouts":"set","ast-page-background-enabled":"default","ast-page-background-meta":{"desktop":{"background-color":"","background-image":"","background-repeat":"repeat","background-position":"center center","background-size":"auto","background-attachment":"scroll","background-type":"","background-media":"","overlay-type":"","overlay-color":"","overlay-opacity":"","overlay-gradient":""},"tablet":{"background-color":"","background-image":"","background-repeat":"repeat","background-position":"center center","background-size":"auto","background-attachment":"scroll","background-type":"","background-media":"","overlay-type":"","overlay-color":"","overlay-opacity":"","overlay-gradient":""},"mobile":{"background-color":"","background-image":"","background-repeat":"repeat","background-position":"center center","background-size":"auto","background-attachment":"scroll","background-type":"","background-media":"","overlay-type":"","overlay-color":"","overlay-opacity":"","overlay-gradient":""}},"ast-content-background-meta":{"desktop":{"background-color":"var(--ast-global-color-5)","background-image":"","background-repeat":"repeat","background-position":"center center","background-size":"auto","background-attachment":"scroll","background-type":"","background-media":"","overlay-type":"","overlay-color":"","overlay-opacity":"","overlay-gradient":""},"tablet":{"background-color":"var(--ast-global-color-5)","background-image":"","background-repeat":"repeat","background-position":"center center","background-size":"auto","background-attachment":"scroll","background-type":"","background-media":"","overlay-type":"","overlay-color":"","overlay-opacity":"","overlay-gradient":""},"mobile":{"background-color":"var(--ast-global-color-5)","background-image":"","background-repeat":"repeat","background-position":"center center","background-size":"auto","background-attachment":"scroll","background-type":"","background-media":"","overlay-type":"","overlay-color":"","overlay-opacity":"","overlay-gradient":""}}},"product_brand":[],"product_cat":[59],"product_tag":[],"class_list":{"0":"post-592","1":"product","2":"type-product","3":"status-publish","4":"has-post-thumbnail","6":"product_cat-1g-sfp-bidirectional","7":"desktop-align-left","8":"tablet-align-left","9":"mobile-align-left","10":"ast-product-gallery-layout-horizontal-slider","11":"ast-product-gallery-with-no-image","12":"ast-product-tabs-layout-horizontal","14":"first","15":"instock","16":"shipping-taxable","17":"purchasable","18":"product-type-simple"},"composite_virtual":false,"composite_layout":"","composite_add_to_cart_form_location":"","composite_editable_in_cart":false,"composite_sold_individually_context":"","composite_shop_price_calc":"","composite_components":[],"composite_scenarios":[],"acf":[],"_links":{"self":[{"href":"https:\/\/www.precisionot.com\/de\/wp-json\/wp\/v2\/product\/592","targetHints":{"allow":["GET"]}}],"collection":[{"href":"https:\/\/www.precisionot.com\/de\/wp-json\/wp\/v2\/product"}],"about":[{"href":"https:\/\/www.precisionot.com\/de\/wp-json\/wp\/v2\/types\/product"}],"version-history":[{"count":0,"href":"https:\/\/www.precisionot.com\/de\/wp-json\/wp\/v2\/product\/592\/revisions"}],"wp:featuredmedia":[{"embeddable":true,"href":"https:\/\/www.precisionot.com\/de\/wp-json\/wp\/v2\/media\/24617"}],"wp:attachment":[{"href":"https:\/\/www.precisionot.com\/de\/wp-json\/wp\/v2\/media?parent=592"}],"wp:term":[{"taxonomy":"product_brand","embeddable":true,"href":"https:\/\/www.precisionot.com\/de\/wp-json\/wp\/v2\/product_brand?post=592"},{"taxonomy":"product_cat","embeddable":true,"href":"https:\/\/www.precisionot.com\/de\/wp-json\/wp\/v2\/product_cat?post=592"},{"taxonomy":"product_tag","embeddable":true,"href":"https:\/\/www.precisionot.com\/de\/wp-json\/wp\/v2\/product_tag?post=592"}],"curies":[{"name":"wp","href":"https:\/\/api.w.org\/{rel}","templated":true}]}}