{"id":589,"date":"2020-10-25T20:59:08","date_gmt":"2020-10-26T00:59:08","guid":{"rendered":"https:\/\/www.precisionot.com\/?post_type=product&#038;p=589"},"modified":"2024-10-28T16:58:44","modified_gmt":"2024-10-28T20:58:44","slug":"vor-csfp2-b3443-20i","status":"publish","type":"product","link":"https:\/\/www.precisionot.com\/de\/product\/pre-csfp2-b3443-20i\/","title":{"rendered":"PRE-CSFP2-B34(43)-20(I)"},"content":{"rendered":"<p><span class=\"NormalTextRun SCXW161053160 BCX0\">Das kompakte Small Form-Factor Pluggable (CSFP)-Modul CSFP2-B34(43)-20(I) unterst\u00fctzt duale 1G-Ethernet-Kan\u00e4le \u00fcber Singlemode-Glasfasern (SMF) unter Verwendung bidirektionaler (BIDI) Technologie. Dieser Transceiver arbeitet mit Wellenl\u00e4ngen von 1310 nm und 1490 nm und erm\u00f6glicht die gleichzeitige Daten\u00fcbertragung und den Empfang \u00fcber eine einzige Glasfaser. Damit ist er eine effiziente L\u00f6sung f\u00fcr Telekommunikations- und Unternehmensnetzwerke mit eingeschr\u00e4nkter Glasfaserverf\u00fcgbarkeit.<\/span><\/p>\n<hr \/>\n<p><span class=\"NormalTextRun SCXW161053160 BCX0\">Ausgelegt f\u00fcr gr\u00f6\u00dfere Entfernungen bis zu <\/span><span class=\"NormalTextRun SCXW161053160 BCX0\">20 Kilometer<\/span><span class=\"NormalTextRun SCXW161053160 BCX0\"> mit LC-Anschl\u00fcssen ist das CSFP2-B34(43)-20(I) in einer Variante f\u00fcr den industriellen Temperaturbereich (I-Temp) erh\u00e4ltlich und gew\u00e4hrleistet eine konstante Leistung in anspruchsvollen Umgebungen. <\/span><span class=\"NormalTextRun ContextualSpellingAndGrammarErrorV2Themed SCXW161053160 BCX0\">Es ist<\/span><span class=\"NormalTextRun SCXW161053160 BCX0\"> Das Hot-Swap-Design erm\u00f6glicht eine schnelle Integration oder einen schnellen Austausch ohne Netzwerkunterbrechung.<\/span><\/p>","protected":false},"excerpt":{"rendered":"<p><span class=\"NormalTextRun SCXW111677559 BCX0\">Der CSFP2-B34(43)-20(I) Transceiver unterst\u00fctzt duale 1G Ethernet-Kan\u00e4le \u00fcber Singlemode-Glasfaser mit einer Reichweite von bis zu <\/span><span class=\"NormalTextRun SCXW111677559 BCX0\">20 Kilometer<\/span><span class=\"NormalTextRun SCXW111677559 BCX0\"> mit BIDI-Technologie mit 1310 nm und 1490 nm Wellenl\u00e4nge, verf\u00fcgbar in einer I-Temp-Variante.<\/span><\/p>\n<hr \/>\n<p><strong>CSFP, Dual BIDI, 1310 nm\/1490 nm, 1G, 20 km, SMF\/LC<\/strong><\/p>","protected":false},"featured_media":24623,"template":"","meta":{"_acf_changed":false,"content-type":"","site-sidebar-layout":"default","site-content-layout":"default","ast-site-content-layout":"default","site-content-style":"default","site-sidebar-style":"default","ast-global-header-display":"","ast-banner-title-visibility":"","ast-main-header-display":"","ast-hfb-above-header-display":"","ast-hfb-below-header-display":"","ast-hfb-mobile-header-display":"","site-post-title":"","ast-breadcrumbs-content":"","ast-featured-img":"","footer-sml-layout":"","ast-disable-related-posts":"","theme-transparent-header-meta":"default","adv-header-id-meta":"","stick-header-meta":"","header-above-stick-meta":"","header-main-stick-meta":"","header-below-stick-meta":"","astra-migrate-meta-layouts":"set","ast-page-background-enabled":"default","ast-page-background-meta":{"desktop":{"background-color":"","background-image":"","background-repeat":"repeat","background-position":"center center","background-size":"auto","background-attachment":"scroll","background-type":"","background-media":"","overlay-type":"","overlay-color":"","overlay-opacity":"","overlay-gradient":""},"tablet":{"background-color":"","background-image":"","background-repeat":"repeat","background-position":"center center","background-size":"auto","background-attachment":"scroll","background-type":"","background-media":"","overlay-type":"","overlay-color":"","overlay-opacity":"","overlay-gradient":""},"mobile":{"background-color":"","background-image":"","background-repeat":"repeat","background-position":"center center","background-size":"auto","background-attachment":"scroll","background-type":"","background-media":"","overlay-type":"","overlay-color":"","overlay-opacity":"","overlay-gradient":""}},"ast-content-background-meta":{"desktop":{"background-color":"var(--ast-global-color-5)","background-image":"","background-repeat":"repeat","background-position":"center center","background-size":"auto","background-attachment":"scroll","background-type":"","background-media":"","overlay-type":"","overlay-color":"","overlay-opacity":"","overlay-gradient":""},"tablet":{"background-color":"var(--ast-global-color-5)","background-image":"","background-repeat":"repeat","background-position":"center center","background-size":"auto","background-attachment":"scroll","background-type":"","background-media":"","overlay-type":"","overlay-color":"","overlay-opacity":"","overlay-gradient":""},"mobile":{"background-color":"var(--ast-global-color-5)","background-image":"","background-repeat":"repeat","background-position":"center center","background-size":"auto","background-attachment":"scroll","background-type":"","background-media":"","overlay-type":"","overlay-color":"","overlay-opacity":"","overlay-gradient":""}}},"product_brand":[],"product_cat":[59],"product_tag":[],"class_list":{"0":"post-589","1":"product","2":"type-product","3":"status-publish","4":"has-post-thumbnail","6":"product_cat-1g-sfp-bidirectional","7":"desktop-align-left","8":"tablet-align-left","9":"mobile-align-left","10":"ast-product-gallery-layout-horizontal-slider","11":"ast-product-gallery-with-no-image","12":"ast-product-tabs-layout-horizontal","14":"first","15":"instock","16":"shipping-taxable","17":"purchasable","18":"product-type-simple"},"composite_virtual":false,"composite_layout":"","composite_add_to_cart_form_location":"","composite_editable_in_cart":false,"composite_sold_individually_context":"","composite_shop_price_calc":"","composite_components":[],"composite_scenarios":[],"acf":[],"_links":{"self":[{"href":"https:\/\/www.precisionot.com\/de\/wp-json\/wp\/v2\/product\/589","targetHints":{"allow":["GET"]}}],"collection":[{"href":"https:\/\/www.precisionot.com\/de\/wp-json\/wp\/v2\/product"}],"about":[{"href":"https:\/\/www.precisionot.com\/de\/wp-json\/wp\/v2\/types\/product"}],"version-history":[{"count":0,"href":"https:\/\/www.precisionot.com\/de\/wp-json\/wp\/v2\/product\/589\/revisions"}],"wp:featuredmedia":[{"embeddable":true,"href":"https:\/\/www.precisionot.com\/de\/wp-json\/wp\/v2\/media\/24623"}],"wp:attachment":[{"href":"https:\/\/www.precisionot.com\/de\/wp-json\/wp\/v2\/media?parent=589"}],"wp:term":[{"taxonomy":"product_brand","embeddable":true,"href":"https:\/\/www.precisionot.com\/de\/wp-json\/wp\/v2\/product_brand?post=589"},{"taxonomy":"product_cat","embeddable":true,"href":"https:\/\/www.precisionot.com\/de\/wp-json\/wp\/v2\/product_cat?post=589"},{"taxonomy":"product_tag","embeddable":true,"href":"https:\/\/www.precisionot.com\/de\/wp-json\/wp\/v2\/product_tag?post=589"}],"curies":[{"name":"wp","href":"https:\/\/api.w.org\/{rel}","templated":true}]}}