{"id":529,"date":"2020-10-25T20:00:02","date_gmt":"2020-10-26T00:00:02","guid":{"rendered":"https:\/\/www.precisionot.com\/?post_type=product&#038;p=529"},"modified":"2024-09-20T13:45:28","modified_gmt":"2024-09-20T17:45:28","slug":"vor-xfp-sr","status":"publish","type":"product","link":"https:\/\/www.precisionot.com\/de\/product\/pre-xfp-sr\/","title":{"rendered":"VOR XFP-SR(I)"},"content":{"rendered":"<p><span class=\"NormalTextRun SCXW261938362 BCX0\">Das optische Transceivermodul XFP-SR(I) unterst\u00fctzt 10G Ethernet-\u00dcbertragung \u00fcber Entfernungen von bis zu <\/span><span class=\"NormalTextRun SCXW261938362 BCX0\">300 Meter<\/span><span class=\"NormalTextRun SCXW261938362 BCX0\"> mit Multimode-Glasfaser (MMF) und LC-Duplex-Anschl\u00fcssen. Dieses Modul arbeitet bei einer Wellenl\u00e4nge von 850 nm und ist <\/span><span class=\"NormalTextRun SCXW261938362 BCX0\">optimiert<\/span><span class=\"NormalTextRun SCXW261938362 BCX0\"> f\u00fcr Hochgeschwindigkeitsverbindungen im Nahbereich in Rechenzentren und Unternehmensnetzwerken.<\/span><\/p>\n<hr \/>\n<p><span class=\"NormalTextRun SCXW261938362 BCX0\">Es ist sowohl in den Varianten f\u00fcr kommerzielle Temperaturen (C-temp) als auch f\u00fcr industrielle Temperaturen (I-temp) erh\u00e4ltlich und gew\u00e4hrleistet eine zuverl\u00e4ssige Leistung unter unterschiedlichen Umgebungsbedingungen. Die integrierte digitale Diagnose\u00fcberwachung (DDM) erm\u00f6glicht eine Leistungsverfolgung in Echtzeit und damit eine effiziente Netzwerkverwaltung. <\/span><span class=\"NormalTextRun SCXW261938362 BCX0\">Es ist<\/span><span class=\"NormalTextRun SCXW261938362 BCX0\"> Das Hot-Swap-Design erm\u00f6glicht eine schnelle und einfache Integration oder einen Austausch ohne Unterbrechung des Netzwerkbetriebs.<\/span><\/p>","protected":false},"excerpt":{"rendered":"<p><span class=\"NormalTextRun SCXW62130080 BCX0\">Der optische Transceiver XFP-SR(I) unterst\u00fctzt 10G Ethernet \u00fcber Multimode-Glasfaser mit einer Reichweite von bis zu <\/span><span class=\"NormalTextRun SCXW62130080 BCX0\">300 Meter<\/span><span class=\"NormalTextRun SCXW62130080 BCX0\"> mit einer Wellenl\u00e4nge von 850 nm, verf\u00fcgbar in den Varianten C-Temp und I-Temp.<\/span><\/p>\n<hr \/>\n<p><strong>XFP, SR, 850 nm, 10G, 300 m, MMF\/LC<\/strong><\/p>","protected":false},"featured_media":27620,"template":"","meta":{"_acf_changed":false,"content-type":"","site-sidebar-layout":"default","site-content-layout":"default","ast-site-content-layout":"default","site-content-style":"default","site-sidebar-style":"default","ast-global-header-display":"","ast-banner-title-visibility":"","ast-main-header-display":"","ast-hfb-above-header-display":"","ast-hfb-below-header-display":"","ast-hfb-mobile-header-display":"","site-post-title":"","ast-breadcrumbs-content":"","ast-featured-img":"","footer-sml-layout":"","ast-disable-related-posts":"","theme-transparent-header-meta":"default","adv-header-id-meta":"","stick-header-meta":"","header-above-stick-meta":"","header-main-stick-meta":"","header-below-stick-meta":"","astra-migrate-meta-layouts":"set","ast-page-background-enabled":"default","ast-page-background-meta":{"desktop":{"background-color":"","background-image":"","background-repeat":"repeat","background-position":"center center","background-size":"auto","background-attachment":"scroll","background-type":"","background-media":"","overlay-type":"","overlay-color":"","overlay-opacity":"","overlay-gradient":""},"tablet":{"background-color":"","background-image":"","background-repeat":"repeat","background-position":"center center","background-size":"auto","background-attachment":"scroll","background-type":"","background-media":"","overlay-type":"","overlay-color":"","overlay-opacity":"","overlay-gradient":""},"mobile":{"background-color":"","background-image":"","background-repeat":"repeat","background-position":"center center","background-size":"auto","background-attachment":"scroll","background-type":"","background-media":"","overlay-type":"","overlay-color":"","overlay-opacity":"","overlay-gradient":""}},"ast-content-background-meta":{"desktop":{"background-color":"var(--ast-global-color-5)","background-image":"","background-repeat":"repeat","background-position":"center center","background-size":"auto","background-attachment":"scroll","background-type":"","background-media":"","overlay-type":"","overlay-color":"","overlay-opacity":"","overlay-gradient":""},"tablet":{"background-color":"var(--ast-global-color-5)","background-image":"","background-repeat":"repeat","background-position":"center center","background-size":"auto","background-attachment":"scroll","background-type":"","background-media":"","overlay-type":"","overlay-color":"","overlay-opacity":"","overlay-gradient":""},"mobile":{"background-color":"var(--ast-global-color-5)","background-image":"","background-repeat":"repeat","background-position":"center center","background-size":"auto","background-attachment":"scroll","background-type":"","background-media":"","overlay-type":"","overlay-color":"","overlay-opacity":"","overlay-gradient":""}}},"product_brand":[],"product_cat":[310],"product_tag":[],"class_list":{"0":"post-529","1":"product","2":"type-product","3":"status-publish","4":"has-post-thumbnail","6":"product_cat-xfp-standard","7":"desktop-align-left","8":"tablet-align-left","9":"mobile-align-left","10":"ast-product-gallery-layout-horizontal-slider","11":"ast-product-gallery-with-no-image","12":"ast-product-tabs-layout-horizontal","14":"first","15":"instock","16":"shipping-taxable","17":"purchasable","18":"product-type-simple"},"composite_virtual":false,"composite_layout":"","composite_add_to_cart_form_location":"","composite_editable_in_cart":false,"composite_sold_individually_context":"","composite_shop_price_calc":"","composite_components":[],"composite_scenarios":[],"acf":[],"_links":{"self":[{"href":"https:\/\/www.precisionot.com\/de\/wp-json\/wp\/v2\/product\/529","targetHints":{"allow":["GET"]}}],"collection":[{"href":"https:\/\/www.precisionot.com\/de\/wp-json\/wp\/v2\/product"}],"about":[{"href":"https:\/\/www.precisionot.com\/de\/wp-json\/wp\/v2\/types\/product"}],"version-history":[{"count":0,"href":"https:\/\/www.precisionot.com\/de\/wp-json\/wp\/v2\/product\/529\/revisions"}],"wp:featuredmedia":[{"embeddable":true,"href":"https:\/\/www.precisionot.com\/de\/wp-json\/wp\/v2\/media\/27620"}],"wp:attachment":[{"href":"https:\/\/www.precisionot.com\/de\/wp-json\/wp\/v2\/media?parent=529"}],"wp:term":[{"taxonomy":"product_brand","embeddable":true,"href":"https:\/\/www.precisionot.com\/de\/wp-json\/wp\/v2\/product_brand?post=529"},{"taxonomy":"product_cat","embeddable":true,"href":"https:\/\/www.precisionot.com\/de\/wp-json\/wp\/v2\/product_cat?post=529"},{"taxonomy":"product_tag","embeddable":true,"href":"https:\/\/www.precisionot.com\/de\/wp-json\/wp\/v2\/product_tag?post=529"}],"curies":[{"name":"wp","href":"https:\/\/api.w.org\/{rel}","templated":true}]}}