{"id":5030,"date":"2021-10-01T12:42:50","date_gmt":"2021-10-01T16:42:50","guid":{"rendered":"https:\/\/www.precisionot.com\/?post_type=product&#038;p=5030"},"modified":"2024-09-19T10:25:22","modified_gmt":"2024-09-19T14:25:22","slug":"vor-qsfp284sfp25g-cuxxyym","status":"publish","type":"product","link":"https:\/\/www.precisionot.com\/de\/product\/pre-qsfp284sfp25g-cuxxyym\/","title":{"rendered":"PRE-QSFP28-4SFP25G-CUxxyyM"},"content":{"rendered":"<p><span class=\"NormalTextRun SCXW258414921 BCX0\">Das passive Direct Attach Copper (DAC) Breakout-Kabel QSFP28-4SFP25G-CUXXYYM erm\u00f6glicht High-Speed-100G-Ethernet-Konnektivit\u00e4t von einem einzelnen QSFP28-Port zu vier 25G SFP28-Ports. Diese Kabelbaugruppe unterst\u00fctzt die \u00dcbertragung \u00fcber Entfernungen von bis zu <\/span><span class=\"NormalTextRun SpellingErrorV2Themed SCXW258414921 BCX0\">JJ<\/span><span class=\"NormalTextRun SCXW258414921 BCX0\"> Meter mit xx AWG-Kupferleitern, wodurch es ideal f\u00fcr Verbindungen im Nahbereich in Umgebungen mit industriellen Temperaturen (I-Temp) ist.<\/span><\/p>\n<hr \/>\n<p><span class=\"NormalTextRun SCXW258414921 BCX0\">Es eignet sich perfekt f\u00fcr Rechenzentren mit hoher Dichte, Unternehmensnetzwerke und Telekommunikationsanwendungen, bei denen kosteng\u00fcnstige L\u00f6sungen mit geringer Latenz erforderlich sind. <\/span><span class=\"NormalTextRun SCXW258414921 BCX0\">erforderlich<\/span><span class=\"NormalTextRun SCXW258414921 BCX0\">Das Plug-and-Play-Design erm\u00f6glicht eine einfache Bereitstellung ohne <\/span><span class=\"NormalTextRun SCXW258414921 BCX0\">zus\u00e4tzlich<\/span><span class=\"NormalTextRun SCXW258414921 BCX0\"> Transceiver oder aktive Komponenten und bieten eine zuverl\u00e4ssige und effiziente M\u00f6glichkeit, mehrere Ger\u00e4te zu verbinden.<\/span><\/p>","protected":false},"excerpt":{"rendered":"<p><span class=\"NormalTextRun SCXW90534442 BCX0\">Das passive Breakout-DAC-Kabel QSFP28-4SFP25G-CUXXYYM verbindet einen einzelnen QSFP28-Port mit vier 25G SFP28-Ports \u00fcber xx AWG Kupfer f\u00fcr bis zu <\/span><span class=\"NormalTextRun SpellingErrorV2Themed SCXW90534442 BCX0\">JJ<\/span><span class=\"NormalTextRun SCXW90534442 BCX0\"> Messger\u00e4te in industriellen Temperaturumgebungen.<\/span><\/p>\n<hr \/>\n<p><strong>QSFP28, Passiv, DAC, BREAKOUT, xx AWG, 100G, yy m, I-Temp<\/strong><\/p>","protected":false},"featured_media":5020,"template":"","meta":{"_acf_changed":false,"content-type":"","site-sidebar-layout":"default","site-content-layout":"default","ast-site-content-layout":"default","site-content-style":"default","site-sidebar-style":"default","ast-global-header-display":"","ast-banner-title-visibility":"","ast-main-header-display":"","ast-hfb-above-header-display":"","ast-hfb-below-header-display":"","ast-hfb-mobile-header-display":"","site-post-title":"","ast-breadcrumbs-content":"","ast-featured-img":"","footer-sml-layout":"","ast-disable-related-posts":"","theme-transparent-header-meta":"default","adv-header-id-meta":"","stick-header-meta":"","header-above-stick-meta":"","header-main-stick-meta":"","header-below-stick-meta":"","astra-migrate-meta-layouts":"set","ast-page-background-enabled":"default","ast-page-background-meta":{"desktop":{"background-color":"","background-image":"","background-repeat":"repeat","background-position":"center center","background-size":"auto","background-attachment":"scroll","background-type":"","background-media":"","overlay-type":"","overlay-color":"","overlay-opacity":"","overlay-gradient":""},"tablet":{"background-color":"","background-image":"","background-repeat":"repeat","background-position":"center center","background-size":"auto","background-attachment":"scroll","background-type":"","background-media":"","overlay-type":"","overlay-color":"","overlay-opacity":"","overlay-gradient":""},"mobile":{"background-color":"","background-image":"","background-repeat":"repeat","background-position":"center center","background-size":"auto","background-attachment":"scroll","background-type":"","background-media":"","overlay-type":"","overlay-color":"","overlay-opacity":"","overlay-gradient":""}},"ast-content-background-meta":{"desktop":{"background-color":"var(--ast-global-color-5)","background-image":"","background-repeat":"repeat","background-position":"center center","background-size":"auto","background-attachment":"scroll","background-type":"","background-media":"","overlay-type":"","overlay-color":"","overlay-opacity":"","overlay-gradient":""},"tablet":{"background-color":"var(--ast-global-color-5)","background-image":"","background-repeat":"repeat","background-position":"center center","background-size":"auto","background-attachment":"scroll","background-type":"","background-media":"","overlay-type":"","overlay-color":"","overlay-opacity":"","overlay-gradient":""},"mobile":{"background-color":"var(--ast-global-color-5)","background-image":"","background-repeat":"repeat","background-position":"center center","background-size":"auto","background-attachment":"scroll","background-type":"","background-media":"","overlay-type":"","overlay-color":"","overlay-opacity":"","overlay-gradient":""}}},"product_brand":[],"product_cat":[291],"product_tag":[],"class_list":{"0":"post-5030","1":"product","2":"type-product","3":"status-publish","4":"has-post-thumbnail","6":"product_cat-qsfp28-dac-aoc","7":"desktop-align-left","8":"tablet-align-left","9":"mobile-align-left","10":"ast-product-gallery-layout-horizontal-slider","11":"ast-product-gallery-with-no-image","12":"ast-product-tabs-layout-horizontal","14":"first","15":"instock","16":"shipping-taxable","17":"purchasable","18":"product-type-simple"},"composite_virtual":false,"composite_layout":"","composite_add_to_cart_form_location":"","composite_editable_in_cart":false,"composite_sold_individually_context":"","composite_shop_price_calc":"","composite_components":[],"composite_scenarios":[],"acf":[],"_links":{"self":[{"href":"https:\/\/www.precisionot.com\/de\/wp-json\/wp\/v2\/product\/5030","targetHints":{"allow":["GET"]}}],"collection":[{"href":"https:\/\/www.precisionot.com\/de\/wp-json\/wp\/v2\/product"}],"about":[{"href":"https:\/\/www.precisionot.com\/de\/wp-json\/wp\/v2\/types\/product"}],"version-history":[{"count":0,"href":"https:\/\/www.precisionot.com\/de\/wp-json\/wp\/v2\/product\/5030\/revisions"}],"wp:featuredmedia":[{"embeddable":true,"href":"https:\/\/www.precisionot.com\/de\/wp-json\/wp\/v2\/media\/5020"}],"wp:attachment":[{"href":"https:\/\/www.precisionot.com\/de\/wp-json\/wp\/v2\/media?parent=5030"}],"wp:term":[{"taxonomy":"product_brand","embeddable":true,"href":"https:\/\/www.precisionot.com\/de\/wp-json\/wp\/v2\/product_brand?post=5030"},{"taxonomy":"product_cat","embeddable":true,"href":"https:\/\/www.precisionot.com\/de\/wp-json\/wp\/v2\/product_cat?post=5030"},{"taxonomy":"product_tag","embeddable":true,"href":"https:\/\/www.precisionot.com\/de\/wp-json\/wp\/v2\/product_tag?post=5030"}],"curies":[{"name":"wp","href":"https:\/\/api.w.org\/{rel}","templated":true}]}}