{"id":5015,"date":"2021-10-01T12:26:29","date_gmt":"2021-10-01T16:26:29","guid":{"rendered":"https:\/\/www.precisionot.com\/?post_type=product&#038;p=5015"},"modified":"2024-09-17T16:48:23","modified_gmt":"2024-09-17T20:48:23","slug":"vor-qsfp4sfp10g-cuxxyym","status":"publish","type":"product","link":"https:\/\/www.precisionot.com\/de\/product\/pre-qsfp4sfp10g-cuxxyym\/","title":{"rendered":"PRE-QSFP-4SFP10G-CUxxyyM"},"content":{"rendered":"<p><span class=\"TextRun SCXW218580692 BCX0\" lang=\"EN-US\" xml:lang=\"EN-US\" data-contrast=\"none\"><span class=\"NormalTextRun SCXW218580692 BCX0\">Das Breakout-Direktanschlusskabel QSFP-4SFP10G-CUXXYYM von Precision OT unterst\u00fctzt 40G-Ethernet-Anwendungen, die sich auf bis zu 5 m in 4 SFP10G-Transceiver aufteilen. Dieses Kabel verf\u00fcgt \u00fcber ein robustes Kabeldesign mit Zugentlastung, verschiedene AWG, die sich an unterschiedliche Anwendungsanforderungen anpassen lassen, w\u00e4hrend es gleichzeitig eine Abschirmung f\u00fcr die Signalintegrit\u00e4t bietet, und eine kommerzielle Betriebstemperatur von bis zu 70\u00b0<\/span><span class=\"NormalTextRun SCXW218580692 BCX0\">C.\u00a0<\/span><\/span><\/p>\n<hr \/>\n<p><span class=\"TextRun SCXW218580692 BCX0\" lang=\"EN-US\" xml:lang=\"EN-US\" data-contrast=\"none\"><span class=\"NormalTextRun SCXW218580692 BCX0\">Dieses passive Kupferkabel ist ideal f\u00fcr Anwendungen in Rechenzentren, Unternehmensnetzwerken und Storage Area Networks (SANs), wo eine effiziente und hochdichte Konnektivit\u00e4t erforderlich ist. Sein kompakter Formfaktor und sein geringer Stromverbrauch machen es <\/span><span class=\"NormalTextRun ContextualSpellingAndGrammarErrorV2Themed SCXW218580692 BCX0\">Gro\u00dfartig<\/span><span class=\"NormalTextRun SCXW218580692 BCX0\"> Wahl f\u00fcr Umgebungen, in denen Platz Mangelware ist und Energieeffizienz Priorit\u00e4t hat.<\/span><\/span><span class=\"EOP SCXW218580692 BCX0\" data-ccp-props=\"{&quot;134233117&quot;:false,&quot;134233118&quot;:false,&quot;201341983&quot;:0,&quot;335557856&quot;:16777215,&quot;335559738&quot;:0,&quot;335559739&quot;:0,&quot;335559740&quot;:279}\">\u00a0<\/span><\/p>","protected":false},"excerpt":{"rendered":"<p><span class=\"TextRun SCXW150818549 BCX0\" lang=\"EN-US\" xml:lang=\"EN-US\" data-contrast=\"none\"><span class=\"NormalTextRun SCXW150818549 BCX0\">Das Breakout-Direktanschlusskabel PRE-QSFP-4SFP10G-CUXXYYM von Precision OT unterst\u00fctzt 40G-Ethernet-Anwendungen, die <\/span><span class=\"NormalTextRun ContextualSpellingAndGrammarErrorV2Themed SCXW150818549 BCX0\">Pausen<\/span><span class=\"NormalTextRun SCXW150818549 BCX0\"> auf 4 SFP10G-Transceiver f\u00fcr bis zu 5<\/span><span class=\"NormalTextRun SCXW150818549 BCX0\">M.\u00a0\u00a0<\/span><\/span><span class=\"EOP SCXW150818549 BCX0\" data-ccp-props=\"{&quot;134233117&quot;:false,&quot;134233118&quot;:false,&quot;201341983&quot;:0,&quot;335557856&quot;:16777215,&quot;335559738&quot;:0,&quot;335559739&quot;:0,&quot;335559740&quot;:279}\">\u00a0<\/span><\/p>\n<hr \/>\n<p><strong>QSFP+, Passiv, DAC, BREAKOUT, xx AWG, 40G, yy m, I-Temp<\/strong><\/p>","protected":false},"featured_media":12160,"template":"","meta":{"_acf_changed":false,"content-type":"","site-sidebar-layout":"default","site-content-layout":"default","ast-site-content-layout":"default","site-content-style":"default","site-sidebar-style":"default","ast-global-header-display":"","ast-banner-title-visibility":"","ast-main-header-display":"","ast-hfb-above-header-display":"","ast-hfb-below-header-display":"","ast-hfb-mobile-header-display":"","site-post-title":"","ast-breadcrumbs-content":"","ast-featured-img":"","footer-sml-layout":"","ast-disable-related-posts":"","theme-transparent-header-meta":"default","adv-header-id-meta":"","stick-header-meta":"","header-above-stick-meta":"","header-main-stick-meta":"","header-below-stick-meta":"","astra-migrate-meta-layouts":"set","ast-page-background-enabled":"default","ast-page-background-meta":{"desktop":{"background-color":"","background-image":"","background-repeat":"repeat","background-position":"center center","background-size":"auto","background-attachment":"scroll","background-type":"","background-media":"","overlay-type":"","overlay-color":"","overlay-opacity":"","overlay-gradient":""},"tablet":{"background-color":"","background-image":"","background-repeat":"repeat","background-position":"center center","background-size":"auto","background-attachment":"scroll","background-type":"","background-media":"","overlay-type":"","overlay-color":"","overlay-opacity":"","overlay-gradient":""},"mobile":{"background-color":"","background-image":"","background-repeat":"repeat","background-position":"center center","background-size":"auto","background-attachment":"scroll","background-type":"","background-media":"","overlay-type":"","overlay-color":"","overlay-opacity":"","overlay-gradient":""}},"ast-content-background-meta":{"desktop":{"background-color":"var(--ast-global-color-5)","background-image":"","background-repeat":"repeat","background-position":"center center","background-size":"auto","background-attachment":"scroll","background-type":"","background-media":"","overlay-type":"","overlay-color":"","overlay-opacity":"","overlay-gradient":""},"tablet":{"background-color":"var(--ast-global-color-5)","background-image":"","background-repeat":"repeat","background-position":"center center","background-size":"auto","background-attachment":"scroll","background-type":"","background-media":"","overlay-type":"","overlay-color":"","overlay-opacity":"","overlay-gradient":""},"mobile":{"background-color":"var(--ast-global-color-5)","background-image":"","background-repeat":"repeat","background-position":"center center","background-size":"auto","background-attachment":"scroll","background-type":"","background-media":"","overlay-type":"","overlay-color":"","overlay-opacity":"","overlay-gradient":""}}},"product_brand":[],"product_cat":[301],"product_tag":[],"class_list":{"0":"post-5015","1":"product","2":"type-product","3":"status-publish","4":"has-post-thumbnail","6":"product_cat-qsfp-dac-aoc","7":"desktop-align-left","8":"tablet-align-left","9":"mobile-align-left","10":"ast-product-gallery-layout-horizontal-slider","11":"ast-product-gallery-with-no-image","12":"ast-product-tabs-layout-horizontal","14":"first","15":"instock","16":"shipping-taxable","17":"purchasable","18":"product-type-simple"},"composite_virtual":false,"composite_layout":"","composite_add_to_cart_form_location":"","composite_editable_in_cart":false,"composite_sold_individually_context":"","composite_shop_price_calc":"","composite_components":[],"composite_scenarios":[],"acf":[],"_links":{"self":[{"href":"https:\/\/www.precisionot.com\/de\/wp-json\/wp\/v2\/product\/5015","targetHints":{"allow":["GET"]}}],"collection":[{"href":"https:\/\/www.precisionot.com\/de\/wp-json\/wp\/v2\/product"}],"about":[{"href":"https:\/\/www.precisionot.com\/de\/wp-json\/wp\/v2\/types\/product"}],"version-history":[{"count":0,"href":"https:\/\/www.precisionot.com\/de\/wp-json\/wp\/v2\/product\/5015\/revisions"}],"wp:featuredmedia":[{"embeddable":true,"href":"https:\/\/www.precisionot.com\/de\/wp-json\/wp\/v2\/media\/12160"}],"wp:attachment":[{"href":"https:\/\/www.precisionot.com\/de\/wp-json\/wp\/v2\/media?parent=5015"}],"wp:term":[{"taxonomy":"product_brand","embeddable":true,"href":"https:\/\/www.precisionot.com\/de\/wp-json\/wp\/v2\/product_brand?post=5015"},{"taxonomy":"product_cat","embeddable":true,"href":"https:\/\/www.precisionot.com\/de\/wp-json\/wp\/v2\/product_cat?post=5015"},{"taxonomy":"product_tag","embeddable":true,"href":"https:\/\/www.precisionot.com\/de\/wp-json\/wp\/v2\/product_tag?post=5015"}],"curies":[{"name":"wp","href":"https:\/\/api.w.org\/{rel}","templated":true}]}}