{"id":4971,"date":"2021-09-17T15:29:37","date_gmt":"2021-09-17T19:29:37","guid":{"rendered":"https:\/\/www.precisionot.com\/?post_type=product&#038;p=4971"},"modified":"2026-05-01T17:04:43","modified_gmt":"2026-05-01T21:04:43","slug":"vor-tsfp25g-15i-2","status":"publish","type":"product","link":"https:\/\/www.precisionot.com\/de\/product\/pre-tsfp25g-15i-2\/","title":{"rendered":"TSFP25G-15(I)"},"content":{"rendered":"<p class=\"p2\"><span class=\"NormalTextRun SCXW61740561 BCX0\">Das optische Transceivermodul TSFP25G-15(I) unterst\u00fctzt 25G Ethernet-\u00dcbertragung \u00fcber Entfernungen von bis zu <\/span><span class=\"NormalTextRun AdvancedProofingIssueV2Themed SCXW61740561 BCX0\">15 Kilometer<\/span><span class=\"NormalTextRun SCXW61740561 BCX0\"> verwendet DWDM-Technologie (Dense Wavelength Division Multiplexing) mit einstellbaren Wellenl\u00e4ngen \u00fcber die ITU-Kan\u00e4le 21 bis 60. Dieses einstellbare SFP28-Modul bietet Flexibilit\u00e4t beim Netzwerkdesign, indem es Betreibern erm\u00f6glicht, die gew\u00fcnschte Wellenl\u00e4nge f\u00fcr eine effiziente Nutzung der Glasfaserressourcen bei Langstreckenanwendungen auszuw\u00e4hlen.<\/span><\/p>\n<hr \/>\n<p class=\"p2\"><span class=\"NormalTextRun SCXW61740561 BCX0\">Es eignet sich ideal f\u00fcr Metronetze, Rechenzentrumsverbindungen und Telekommunikationsanwendungen, die eine hohe Bandbreite und dynamische Wellenl\u00e4ngenzuweisung erfordern. Die Variante mit Industrietemperatur (I-temp) gew\u00e4hrleistet zuverl\u00e4ssige Leistung in anspruchsvollen Umgebungen. Das Modul verf\u00fcgt \u00fcber eine integrierte digitale Diagnose\u00fcberwachung (DDM) zur Leistungsverfolgung in Echtzeit und erm\u00f6glicht so eine effiziente Netzwerkverwaltung. <\/span><span class=\"NormalTextRun ContextualSpellingAndGrammarErrorV2Themed SCXW61740561 BCX0\">Es ist<\/span><span class=\"NormalTextRun SCXW61740561 BCX0\"> Das Hot-Swap-Design erm\u00f6glicht eine schnelle Integration oder einen schnellen Austausch ohne Unterbrechung des Netzwerkbetriebs.<\/span><\/p>","protected":false},"excerpt":{"rendered":"<p class=\"p2\"><span class=\"NormalTextRun SCXW185513220 BCX0\">Der optische Transceiver TSFP25G-15(I) unterst\u00fctzt 25G Ethernet \u00fcber Singlemode-Glasfaser mit einer Reichweite von bis zu <\/span><span class=\"NormalTextRun AdvancedProofingIssueV2Themed SCXW185513220 BCX0\">15 Kilometer<\/span><span class=\"NormalTextRun SCXW185513220 BCX0\">, mit abstimmbarer DWDM-Technologie \u00fcber die ITU-Kan\u00e4le 21\u201360.<\/span><\/p>\n<hr \/>\n<p class=\"p2\"><strong>SFP28, DWDM Tunable (ITU 21-60), SMF\/LC, 15 km, 25 Gbit\/s<\/strong><\/p>","protected":false},"featured_media":30095,"template":"","meta":{"_acf_changed":false,"content-type":"","site-sidebar-layout":"default","site-content-layout":"default","ast-site-content-layout":"default","site-content-style":"default","site-sidebar-style":"default","ast-global-header-display":"","ast-banner-title-visibility":"","ast-main-header-display":"","ast-hfb-above-header-display":"","ast-hfb-below-header-display":"","ast-hfb-mobile-header-display":"","site-post-title":"","ast-breadcrumbs-content":"","ast-featured-img":"","footer-sml-layout":"","ast-disable-related-posts":"","theme-transparent-header-meta":"default","adv-header-id-meta":"","stick-header-meta":"","header-above-stick-meta":"","header-main-stick-meta":"","header-below-stick-meta":"","astra-migrate-meta-layouts":"set","ast-page-background-enabled":"default","ast-page-background-meta":{"desktop":{"background-color":"","background-image":"","background-repeat":"repeat","background-position":"center center","background-size":"auto","background-attachment":"scroll","background-type":"","background-media":"","overlay-type":"","overlay-color":"","overlay-opacity":"","overlay-gradient":""},"tablet":{"background-color":"","background-image":"","background-repeat":"repeat","background-position":"center center","background-size":"auto","background-attachment":"scroll","background-type":"","background-media":"","overlay-type":"","overlay-color":"","overlay-opacity":"","overlay-gradient":""},"mobile":{"background-color":"","background-image":"","background-repeat":"repeat","background-position":"center center","background-size":"auto","background-attachment":"scroll","background-type":"","background-media":"","overlay-type":"","overlay-color":"","overlay-opacity":"","overlay-gradient":""}},"ast-content-background-meta":{"desktop":{"background-color":"var(--ast-global-color-5)","background-image":"","background-repeat":"repeat","background-position":"center center","background-size":"auto","background-attachment":"scroll","background-type":"","background-media":"","overlay-type":"","overlay-color":"","overlay-opacity":"","overlay-gradient":""},"tablet":{"background-color":"var(--ast-global-color-5)","background-image":"","background-repeat":"repeat","background-position":"center center","background-size":"auto","background-attachment":"scroll","background-type":"","background-media":"","overlay-type":"","overlay-color":"","overlay-opacity":"","overlay-gradient":""},"mobile":{"background-color":"var(--ast-global-color-5)","background-image":"","background-repeat":"repeat","background-position":"center center","background-size":"auto","background-attachment":"scroll","background-type":"","background-media":"","overlay-type":"","overlay-color":"","overlay-opacity":"","overlay-gradient":""}}},"product_brand":[],"product_cat":[306,370],"product_tag":[],"class_list":{"0":"post-4971","1":"product","2":"type-product","3":"status-publish","4":"has-post-thumbnail","6":"product_cat-sfp28-dwdm","7":"product_cat-tunable-sfp28","8":"desktop-align-left","9":"tablet-align-left","10":"mobile-align-left","11":"ast-product-gallery-layout-horizontal-slider","12":"ast-product-gallery-with-no-image","13":"ast-product-tabs-layout-horizontal","15":"first","16":"instock","17":"shipping-taxable","18":"purchasable","19":"product-type-simple"},"composite_virtual":false,"composite_layout":"","composite_add_to_cart_form_location":"","composite_editable_in_cart":false,"composite_sold_individually_context":"","composite_shop_price_calc":"","composite_components":[],"composite_scenarios":[],"acf":[],"_links":{"self":[{"href":"https:\/\/www.precisionot.com\/de\/wp-json\/wp\/v2\/product\/4971","targetHints":{"allow":["GET"]}}],"collection":[{"href":"https:\/\/www.precisionot.com\/de\/wp-json\/wp\/v2\/product"}],"about":[{"href":"https:\/\/www.precisionot.com\/de\/wp-json\/wp\/v2\/types\/product"}],"version-history":[{"count":1,"href":"https:\/\/www.precisionot.com\/de\/wp-json\/wp\/v2\/product\/4971\/revisions"}],"predecessor-version":[{"id":33772,"href":"https:\/\/www.precisionot.com\/de\/wp-json\/wp\/v2\/product\/4971\/revisions\/33772"}],"wp:featuredmedia":[{"embeddable":true,"href":"https:\/\/www.precisionot.com\/de\/wp-json\/wp\/v2\/media\/30095"}],"wp:attachment":[{"href":"https:\/\/www.precisionot.com\/de\/wp-json\/wp\/v2\/media?parent=4971"}],"wp:term":[{"taxonomy":"product_brand","embeddable":true,"href":"https:\/\/www.precisionot.com\/de\/wp-json\/wp\/v2\/product_brand?post=4971"},{"taxonomy":"product_cat","embeddable":true,"href":"https:\/\/www.precisionot.com\/de\/wp-json\/wp\/v2\/product_cat?post=4971"},{"taxonomy":"product_tag","embeddable":true,"href":"https:\/\/www.precisionot.com\/de\/wp-json\/wp\/v2\/product_tag?post=4971"}],"curies":[{"name":"wp","href":"https:\/\/api.w.org\/{rel}","templated":true}]}}