{"id":485,"date":"2020-10-25T19:25:22","date_gmt":"2020-10-25T23:25:22","guid":{"rendered":"https:\/\/www.precisionot.com\/?post_type=product&#038;p=485"},"modified":"2024-09-23T14:48:42","modified_gmt":"2024-09-23T18:48:42","slug":"vor-sfp10g-80","status":"publish","type":"product","link":"https:\/\/www.precisionot.com\/de\/product\/pre-sfp10g-80\/","title":{"rendered":"PRE-SFP10G-80"},"content":{"rendered":"<p class=\"p2\"><span class=\"NormalTextRun SCXW143882415 BCX0\">Das optische Transceivermodul SFP10G-80 unterst\u00fctzt 10G-Ethernet-\u00dcbertragung \u00fcber Entfernungen von bis zu <\/span><span class=\"NormalTextRun AdvancedProofingIssueV2Themed SCXW143882415 BCX0\">80 Kilometer<\/span><span class=\"NormalTextRun SCXW143882415 BCX0\"> unter Verwendung von Singlemode-Fasern (SMF) mit LC-Duplex-Anschl\u00fcssen. Dieses Modul arbeitet bei einer Wellenl\u00e4nge von 1550 nm und ist f\u00fcr Anwendungen mit extrem gro\u00dfer Reichweite in Rechenzentren, Unternehmensnetzwerken und Telekommunikationsumgebungen konzipiert.<\/span><\/p>\n<hr \/>\n<p class=\"p2\"><span class=\"NormalTextRun SCXW143882415 BCX0\">Es verf\u00fcgt \u00fcber eine integrierte digitale Diagnose\u00fcberwachung (DDM) zur Leistungsverfolgung in Echtzeit und erm\u00f6glicht so eine proaktive Netzwerkverwaltung. Das Hot-Swap-f\u00e4hige Design erm\u00f6glicht eine schnelle und einfache Integration oder einen Austausch ohne Dienstunterbrechung und macht den SFP10G-80 zu einer zuverl\u00e4ssigen L\u00f6sung f\u00fcr leistungsstarke Konnektivit\u00e4t \u00fcber gro\u00dfe Entfernungen.<\/span><\/p>","protected":false},"excerpt":{"rendered":"<p class=\"p2\"><span class=\"s2\"><span class=\"NormalTextRun SCXW77916389 BCX0\">Der optische Transceiver SFP10G-80 unterst\u00fctzt 10G Ethernet \u00fcber Singlemode-Glasfaser mit einer Reichweite von bis zu <\/span><span class=\"NormalTextRun AdvancedProofingIssueV2Themed SCXW77916389 BCX0\">80 Kilometer<\/span><span class=\"NormalTextRun SCXW77916389 BCX0\"> mit einer Wellenl\u00e4nge von 1550\u00a0nm und integriertem DDM.<\/span><\/span><\/p>\n<hr \/>\n<p class=\"p2\"><strong><span class=\"s2\">SFP+, ZR, <\/span>1550 nm, 10 G, 80 km, SMF\/LC, DDM<\/strong><\/p>","protected":false},"featured_media":24187,"template":"","meta":{"_acf_changed":false,"content-type":"","site-sidebar-layout":"default","site-content-layout":"default","ast-site-content-layout":"default","site-content-style":"default","site-sidebar-style":"default","ast-global-header-display":"","ast-banner-title-visibility":"","ast-main-header-display":"","ast-hfb-above-header-display":"","ast-hfb-below-header-display":"","ast-hfb-mobile-header-display":"","site-post-title":"","ast-breadcrumbs-content":"","ast-featured-img":"","footer-sml-layout":"","ast-disable-related-posts":"","theme-transparent-header-meta":"default","adv-header-id-meta":"","stick-header-meta":"","header-above-stick-meta":"","header-main-stick-meta":"","header-below-stick-meta":"","astra-migrate-meta-layouts":"set","ast-page-background-enabled":"default","ast-page-background-meta":{"desktop":{"background-color":"","background-image":"","background-repeat":"repeat","background-position":"center center","background-size":"auto","background-attachment":"scroll","background-type":"","background-media":"","overlay-type":"","overlay-color":"","overlay-opacity":"","overlay-gradient":""},"tablet":{"background-color":"","background-image":"","background-repeat":"repeat","background-position":"center center","background-size":"auto","background-attachment":"scroll","background-type":"","background-media":"","overlay-type":"","overlay-color":"","overlay-opacity":"","overlay-gradient":""},"mobile":{"background-color":"","background-image":"","background-repeat":"repeat","background-position":"center center","background-size":"auto","background-attachment":"scroll","background-type":"","background-media":"","overlay-type":"","overlay-color":"","overlay-opacity":"","overlay-gradient":""}},"ast-content-background-meta":{"desktop":{"background-color":"var(--ast-global-color-5)","background-image":"","background-repeat":"repeat","background-position":"center center","background-size":"auto","background-attachment":"scroll","background-type":"","background-media":"","overlay-type":"","overlay-color":"","overlay-opacity":"","overlay-gradient":""},"tablet":{"background-color":"var(--ast-global-color-5)","background-image":"","background-repeat":"repeat","background-position":"center center","background-size":"auto","background-attachment":"scroll","background-type":"","background-media":"","overlay-type":"","overlay-color":"","overlay-opacity":"","overlay-gradient":""},"mobile":{"background-color":"var(--ast-global-color-5)","background-image":"","background-repeat":"repeat","background-position":"center center","background-size":"auto","background-attachment":"scroll","background-type":"","background-media":"","overlay-type":"","overlay-color":"","overlay-opacity":"","overlay-gradient":""}}},"product_brand":[],"product_cat":[315],"product_tag":[],"class_list":{"0":"post-485","1":"product","2":"type-product","3":"status-publish","4":"has-post-thumbnail","6":"product_cat-sfp-plus-standard","7":"desktop-align-left","8":"tablet-align-left","9":"mobile-align-left","10":"ast-product-gallery-layout-horizontal-slider","11":"ast-product-gallery-with-no-image","12":"ast-product-tabs-layout-horizontal","14":"first","15":"instock","16":"shipping-taxable","17":"purchasable","18":"product-type-simple"},"composite_virtual":false,"composite_layout":"","composite_add_to_cart_form_location":"","composite_editable_in_cart":false,"composite_sold_individually_context":"","composite_shop_price_calc":"","composite_components":[],"composite_scenarios":[],"acf":[],"_links":{"self":[{"href":"https:\/\/www.precisionot.com\/de\/wp-json\/wp\/v2\/product\/485","targetHints":{"allow":["GET"]}}],"collection":[{"href":"https:\/\/www.precisionot.com\/de\/wp-json\/wp\/v2\/product"}],"about":[{"href":"https:\/\/www.precisionot.com\/de\/wp-json\/wp\/v2\/types\/product"}],"version-history":[{"count":0,"href":"https:\/\/www.precisionot.com\/de\/wp-json\/wp\/v2\/product\/485\/revisions"}],"wp:featuredmedia":[{"embeddable":true,"href":"https:\/\/www.precisionot.com\/de\/wp-json\/wp\/v2\/media\/24187"}],"wp:attachment":[{"href":"https:\/\/www.precisionot.com\/de\/wp-json\/wp\/v2\/media?parent=485"}],"wp:term":[{"taxonomy":"product_brand","embeddable":true,"href":"https:\/\/www.precisionot.com\/de\/wp-json\/wp\/v2\/product_brand?post=485"},{"taxonomy":"product_cat","embeddable":true,"href":"https:\/\/www.precisionot.com\/de\/wp-json\/wp\/v2\/product_cat?post=485"},{"taxonomy":"product_tag","embeddable":true,"href":"https:\/\/www.precisionot.com\/de\/wp-json\/wp\/v2\/product_tag?post=485"}],"curies":[{"name":"wp","href":"https:\/\/api.w.org\/{rel}","templated":true}]}}