{"id":479,"date":"2020-10-25T19:20:50","date_gmt":"2020-10-25T23:20:50","guid":{"rendered":"https:\/\/www.precisionot.com\/?post_type=product&#038;p=479"},"modified":"2026-02-20T11:41:58","modified_gmt":"2026-02-20T16:41:58","slug":"vor-sfp25g-cu30xxm","status":"publish","type":"product","link":"https:\/\/www.precisionot.com\/de\/product\/pre-sfp25g-cu30xxm\/","title":{"rendered":"PRE-SFP25G-CU30xxM"},"content":{"rendered":"<p><span class=\"NormalTextRun SCXW30168196 BCX0\">Das passive Direct Attach Copper (DAC)-Kabel SFP25G-CU30XXM erm\u00f6glicht 25G-Ethernet-Konnektivit\u00e4t \u00fcber Entfernungen von bis zu <\/span><span class=\"NormalTextRun SpellingErrorV2Themed SCXW30168196 BCX0\">JJ<\/span><span class=\"NormalTextRun SCXW30168196 BCX0\"> Meter mit xx AWG-Kupferleitern. Diese kosteng\u00fcnstige Kabelbaugruppe ist f\u00fcr Hochgeschwindigkeitsverbindungen mit kurzer Reichweite in Rechenzentren, Unternehmensnetzwerken und Telekommunikationsumgebungen konzipiert.<\/span><\/p>\n<hr \/>\n<p><span class=\"NormalTextRun SCXW30168196 BCX0\">Der Betrieb unter kommerziellen Temperaturbedingungen (C-Temp) bietet geringe Latenz und Stromverbrauch f\u00fcr eine effiziente Netzwerkleistung. Das Plug-and-Play-Design erm\u00f6glicht eine schnelle und einfache Installation ohne <\/span><span class=\"NormalTextRun SCXW30168196 BCX0\">zus\u00e4tzlich<\/span><span class=\"NormalTextRun SCXW30168196 BCX0\"> Hardware oder Transceiver, wodurch es ideal f\u00fcr Bereitstellungen mit hoher Dichte ist.<\/span><\/p>","protected":false},"excerpt":{"rendered":"<p><span class=\"NormalTextRun SCXW165163301 BCX0\">Das passive DAC-Kabel SFP25G-CU30XXM unterst\u00fctzt 25G Ethernet \u00fcber <\/span><span class=\"NormalTextRun SpellingErrorV2Themed SCXW165163301 BCX0\">JJ<\/span><span class=\"NormalTextRun SCXW165163301 BCX0\"> Meter mit xx AWG-Kupferleitern, ausgelegt f\u00fcr kosteng\u00fcnstige Konnektivit\u00e4t im Nahbereich.<\/span><\/p>\n<hr \/>\n<p><strong>SFP28, Passiv, DAC, xx AWG, 25G, yy m, C-Temp<\/strong><\/p>","protected":false},"featured_media":12183,"template":"","meta":{"_acf_changed":false,"content-type":"","site-sidebar-layout":"default","site-content-layout":"default","ast-site-content-layout":"default","site-content-style":"default","site-sidebar-style":"default","ast-global-header-display":"","ast-banner-title-visibility":"","ast-main-header-display":"","ast-hfb-above-header-display":"","ast-hfb-below-header-display":"","ast-hfb-mobile-header-display":"","site-post-title":"","ast-breadcrumbs-content":"","ast-featured-img":"","footer-sml-layout":"","ast-disable-related-posts":"","theme-transparent-header-meta":"default","adv-header-id-meta":"","stick-header-meta":"","header-above-stick-meta":"","header-main-stick-meta":"","header-below-stick-meta":"","astra-migrate-meta-layouts":"set","ast-page-background-enabled":"default","ast-page-background-meta":{"desktop":{"background-color":"","background-image":"","background-repeat":"repeat","background-position":"center center","background-size":"auto","background-attachment":"scroll","background-type":"","background-media":"","overlay-type":"","overlay-color":"","overlay-opacity":"","overlay-gradient":""},"tablet":{"background-color":"","background-image":"","background-repeat":"repeat","background-position":"center center","background-size":"auto","background-attachment":"scroll","background-type":"","background-media":"","overlay-type":"","overlay-color":"","overlay-opacity":"","overlay-gradient":""},"mobile":{"background-color":"","background-image":"","background-repeat":"repeat","background-position":"center center","background-size":"auto","background-attachment":"scroll","background-type":"","background-media":"","overlay-type":"","overlay-color":"","overlay-opacity":"","overlay-gradient":""}},"ast-content-background-meta":{"desktop":{"background-color":"var(--ast-global-color-5)","background-image":"","background-repeat":"repeat","background-position":"center center","background-size":"auto","background-attachment":"scroll","background-type":"","background-media":"","overlay-type":"","overlay-color":"","overlay-opacity":"","overlay-gradient":""},"tablet":{"background-color":"var(--ast-global-color-5)","background-image":"","background-repeat":"repeat","background-position":"center center","background-size":"auto","background-attachment":"scroll","background-type":"","background-media":"","overlay-type":"","overlay-color":"","overlay-opacity":"","overlay-gradient":""},"mobile":{"background-color":"var(--ast-global-color-5)","background-image":"","background-repeat":"repeat","background-position":"center center","background-size":"auto","background-attachment":"scroll","background-type":"","background-media":"","overlay-type":"","overlay-color":"","overlay-opacity":"","overlay-gradient":""}}},"product_brand":[],"product_cat":[307,260],"product_tag":[],"class_list":{"0":"post-479","1":"product","2":"type-product","3":"status-publish","4":"has-post-thumbnail","6":"product_cat-sfp28-dac-aoc","7":"product_cat-featured","8":"desktop-align-left","9":"tablet-align-left","10":"mobile-align-left","11":"ast-product-gallery-layout-horizontal-slider","12":"ast-product-gallery-with-no-image","13":"ast-product-tabs-layout-horizontal","15":"first","16":"instock","17":"shipping-taxable","18":"purchasable","19":"product-type-simple"},"composite_virtual":false,"composite_layout":"","composite_add_to_cart_form_location":"","composite_editable_in_cart":false,"composite_sold_individually_context":"","composite_shop_price_calc":"","composite_components":[],"composite_scenarios":[],"acf":[],"_links":{"self":[{"href":"https:\/\/www.precisionot.com\/de\/wp-json\/wp\/v2\/product\/479","targetHints":{"allow":["GET"]}}],"collection":[{"href":"https:\/\/www.precisionot.com\/de\/wp-json\/wp\/v2\/product"}],"about":[{"href":"https:\/\/www.precisionot.com\/de\/wp-json\/wp\/v2\/types\/product"}],"version-history":[{"count":1,"href":"https:\/\/www.precisionot.com\/de\/wp-json\/wp\/v2\/product\/479\/revisions"}],"predecessor-version":[{"id":33627,"href":"https:\/\/www.precisionot.com\/de\/wp-json\/wp\/v2\/product\/479\/revisions\/33627"}],"wp:featuredmedia":[{"embeddable":true,"href":"https:\/\/www.precisionot.com\/de\/wp-json\/wp\/v2\/media\/12183"}],"wp:attachment":[{"href":"https:\/\/www.precisionot.com\/de\/wp-json\/wp\/v2\/media?parent=479"}],"wp:term":[{"taxonomy":"product_brand","embeddable":true,"href":"https:\/\/www.precisionot.com\/de\/wp-json\/wp\/v2\/product_brand?post=479"},{"taxonomy":"product_cat","embeddable":true,"href":"https:\/\/www.precisionot.com\/de\/wp-json\/wp\/v2\/product_cat?post=479"},{"taxonomy":"product_tag","embeddable":true,"href":"https:\/\/www.precisionot.com\/de\/wp-json\/wp\/v2\/product_tag?post=479"}],"curies":[{"name":"wp","href":"https:\/\/api.w.org\/{rel}","templated":true}]}}