{"id":477,"date":"2020-10-25T19:20:11","date_gmt":"2020-10-25T23:20:11","guid":{"rendered":"https:\/\/www.precisionot.com\/?post_type=product&#038;p=477"},"modified":"2024-09-19T15:12:10","modified_gmt":"2024-09-19T19:12:10","slug":"vor-sfp25gaocxxm","status":"publish","type":"product","link":"https:\/\/www.precisionot.com\/de\/product\/pre-sfp25gaocxxm\/","title":{"rendered":"PRE-SFP25GAOCxxM"},"content":{"rendered":"<p><span class=\"TextRun SCXW73190232 BCX0\" lang=\"EN-US\" xml:lang=\"EN-US\" data-contrast=\"auto\"><span class=\"NormalTextRun SCXW73190232 BCX0\">Das aktive optische Kabel (AOC) SFP25GAOCXXM bietet Hochgeschwindigkeits-25G-Ethernet-Konnektivit\u00e4t \u00fcber Entfernungen von bis zu xx Metern bei einer Wellenl\u00e4nge von 850 nm. Dieses AOC wurde f\u00fcr die Daten\u00fcbertragung \u00fcber kurze Entfernungen entwickelt und ist ideal f\u00fcr Rechenzentren, Unternehmensnetzwerke und Hochgeschwindigkeitsverbindungen in Umgebungen mit kommerziellen Temperaturen (C-Temp).<\/span><\/span><\/p>\n<hr \/>\n<p><span class=\"TextRun SCXW73190232 BCX0\" lang=\"EN-US\" xml:lang=\"EN-US\" data-contrast=\"auto\"><span class=\"NormalTextRun SCXW73190232 BCX0\">Das integrierte Digital Diagnostics Monitoring (DDM) erm\u00f6glicht die Leistungs\u00fcberwachung in Echtzeit und gew\u00e4hrleistet <\/span><span class=\"NormalTextRun SCXW73190232 BCX0\">optimal<\/span><span class=\"NormalTextRun SCXW73190232 BCX0\"> Netzwerkbetrieb und -verwaltung. Das Plug-and-Play-Design erm\u00f6glicht eine einfache Installation ohne <\/span><span class=\"NormalTextRun SCXW73190232 BCX0\">zus\u00e4tzlich<\/span><span class=\"NormalTextRun SCXW73190232 BCX0\"> Transceiver oder Hardware und bieten eine kosteng\u00fcnstige und zuverl\u00e4ssige L\u00f6sung f\u00fcr Hochgeschwindigkeitsverbindungen im Nahbereich.<\/span><\/span><span class=\"EOP SCXW73190232 BCX0\" data-ccp-props=\"{&quot;134233117&quot;:false,&quot;134233118&quot;:false,&quot;201341983&quot;:0,&quot;335551550&quot;:0,&quot;335551620&quot;:0,&quot;335559738&quot;:240,&quot;335559739&quot;:240,&quot;335559740&quot;:279}\">\u00a0<\/span><\/p>","protected":false},"excerpt":{"rendered":"<p><span class=\"TextRun SCXW132041789 BCX0\" lang=\"EN-US\" xml:lang=\"EN-US\" data-contrast=\"auto\"><span class=\"NormalTextRun SCXW132041789 BCX0\">Das aktive optische Kabel SFP25GAOCXXM unterst\u00fctzt 25G-Ethernet \u00fcber xx Meter mit einer Wellenl\u00e4nge von 850 nm und ist ideal f\u00fcr Hochgeschwindigkeitsanwendungen mit kurzer Reichweite.<\/span><\/span><\/p>\n<hr \/>\n<p><strong>SFP28, SR, AOC, 850 nm, 25 G, xx m, C-Temp, DDM<\/strong><\/p>","protected":false},"featured_media":12181,"template":"","meta":{"_acf_changed":false,"content-type":"","site-sidebar-layout":"default","site-content-layout":"default","ast-site-content-layout":"default","site-content-style":"default","site-sidebar-style":"default","ast-global-header-display":"","ast-banner-title-visibility":"","ast-main-header-display":"","ast-hfb-above-header-display":"","ast-hfb-below-header-display":"","ast-hfb-mobile-header-display":"","site-post-title":"","ast-breadcrumbs-content":"","ast-featured-img":"","footer-sml-layout":"","ast-disable-related-posts":"","theme-transparent-header-meta":"default","adv-header-id-meta":"","stick-header-meta":"","header-above-stick-meta":"","header-main-stick-meta":"","header-below-stick-meta":"","astra-migrate-meta-layouts":"set","ast-page-background-enabled":"default","ast-page-background-meta":{"desktop":{"background-color":"","background-image":"","background-repeat":"repeat","background-position":"center center","background-size":"auto","background-attachment":"scroll","background-type":"","background-media":"","overlay-type":"","overlay-color":"","overlay-opacity":"","overlay-gradient":""},"tablet":{"background-color":"","background-image":"","background-repeat":"repeat","background-position":"center center","background-size":"auto","background-attachment":"scroll","background-type":"","background-media":"","overlay-type":"","overlay-color":"","overlay-opacity":"","overlay-gradient":""},"mobile":{"background-color":"","background-image":"","background-repeat":"repeat","background-position":"center center","background-size":"auto","background-attachment":"scroll","background-type":"","background-media":"","overlay-type":"","overlay-color":"","overlay-opacity":"","overlay-gradient":""}},"ast-content-background-meta":{"desktop":{"background-color":"var(--ast-global-color-5)","background-image":"","background-repeat":"repeat","background-position":"center center","background-size":"auto","background-attachment":"scroll","background-type":"","background-media":"","overlay-type":"","overlay-color":"","overlay-opacity":"","overlay-gradient":""},"tablet":{"background-color":"var(--ast-global-color-5)","background-image":"","background-repeat":"repeat","background-position":"center center","background-size":"auto","background-attachment":"scroll","background-type":"","background-media":"","overlay-type":"","overlay-color":"","overlay-opacity":"","overlay-gradient":""},"mobile":{"background-color":"var(--ast-global-color-5)","background-image":"","background-repeat":"repeat","background-position":"center center","background-size":"auto","background-attachment":"scroll","background-type":"","background-media":"","overlay-type":"","overlay-color":"","overlay-opacity":"","overlay-gradient":""}}},"product_brand":[],"product_cat":[307,304],"product_tag":[],"class_list":{"0":"post-477","1":"product","2":"type-product","3":"status-publish","4":"has-post-thumbnail","6":"product_cat-sfp28-dac-aoc","7":"product_cat-sfp28","8":"desktop-align-left","9":"tablet-align-left","10":"mobile-align-left","11":"ast-product-gallery-layout-horizontal-slider","12":"ast-product-gallery-with-no-image","13":"ast-product-tabs-layout-horizontal","15":"first","16":"instock","17":"shipping-taxable","18":"purchasable","19":"product-type-simple"},"composite_virtual":false,"composite_layout":"","composite_add_to_cart_form_location":"","composite_editable_in_cart":false,"composite_sold_individually_context":"","composite_shop_price_calc":"","composite_components":[],"composite_scenarios":[],"acf":[],"_links":{"self":[{"href":"https:\/\/www.precisionot.com\/de\/wp-json\/wp\/v2\/product\/477","targetHints":{"allow":["GET"]}}],"collection":[{"href":"https:\/\/www.precisionot.com\/de\/wp-json\/wp\/v2\/product"}],"about":[{"href":"https:\/\/www.precisionot.com\/de\/wp-json\/wp\/v2\/types\/product"}],"version-history":[{"count":0,"href":"https:\/\/www.precisionot.com\/de\/wp-json\/wp\/v2\/product\/477\/revisions"}],"wp:featuredmedia":[{"embeddable":true,"href":"https:\/\/www.precisionot.com\/de\/wp-json\/wp\/v2\/media\/12181"}],"wp:attachment":[{"href":"https:\/\/www.precisionot.com\/de\/wp-json\/wp\/v2\/media?parent=477"}],"wp:term":[{"taxonomy":"product_brand","embeddable":true,"href":"https:\/\/www.precisionot.com\/de\/wp-json\/wp\/v2\/product_brand?post=477"},{"taxonomy":"product_cat","embeddable":true,"href":"https:\/\/www.precisionot.com\/de\/wp-json\/wp\/v2\/product_cat?post=477"},{"taxonomy":"product_tag","embeddable":true,"href":"https:\/\/www.precisionot.com\/de\/wp-json\/wp\/v2\/product_tag?post=477"}],"curies":[{"name":"wp","href":"https:\/\/api.w.org\/{rel}","templated":true}]}}