{"id":461,"date":"2020-10-25T19:09:23","date_gmt":"2020-10-25T23:09:23","guid":{"rendered":"https:\/\/www.precisionot.com\/?post_type=product&#038;p=461"},"modified":"2024-09-17T16:25:40","modified_gmt":"2024-09-17T20:25:40","slug":"vor-qsfp-lr4l","status":"publish","type":"product","link":"https:\/\/www.precisionot.com\/de\/product\/pre-qsfp-lr4l\/","title":{"rendered":"PRE-QSFP-LR4L"},"content":{"rendered":"<p><span class=\"NormalTextRun SCXW219854734 BCX0\">Der optische Transceiver PRE-QSFP-LR4L von Precision Optical Technologies unterst\u00fctzt 40G-Ethernet-Anwendungen bis zu 2 km \u00fcber Singlemode-Glasfaser (SMF). Der QSFP-LR4L verf\u00fcgt \u00fcber DFB-Sender, PIN-Empf\u00e4nger, LC-UPC-Anschlusstyp und digitale Diagnose\u00fcberwachung (DDM). Der QSFP-LR4L wurde f\u00fcr Anwendungen mit hoher Dichte entwickelt und bietet einen kompakten Formfaktor, der eine effiziente Platznutzung in Netzwerkger\u00e4ten unterst\u00fctzt.<\/span><\/p>\n<hr \/>\n<p><span class=\"NormalTextRun SCXW219854734 BCX0\">Die integrierte digitale Diagnose <\/span><span class=\"NormalTextRun ContextualSpellingAndGrammarErrorV2Themed SCXW219854734 BCX0\">bieten<\/span><span class=\"NormalTextRun SCXW219854734 BCX0\"> Echtzeit\u00fcberwachung, <\/span><span class=\"NormalTextRun SCXW219854734 BCX0\">Erleichterung<\/span><span class=\"NormalTextRun SCXW219854734 BCX0\"> proaktives Netzwerkmanagement und Fehlerbehebung. Das Hot-Swap-f\u00e4hige Design erm\u00f6glicht eine vereinfachte Installation und Upgrades ohne Betriebsunterbrechung. Der QSFP-LR4L ist eine ausgezeichnete Wahl f\u00fcr Unternehmen, die eine effektive L\u00f6sung f\u00fcr Hochgeschwindigkeitsdaten\u00fcbertragung ben\u00f6tigen.\u00a0<\/span><\/p>","protected":false},"excerpt":{"rendered":"<p><span class=\"TextRun SCXW94666628 BCX0\" lang=\"EN-US\" xml:lang=\"EN-US\" data-contrast=\"none\"><span class=\"NormalTextRun SCXW94666628 BCX0\">Der optische Transceiver PRE-QSFP-LR4L von Precision Optical Technologies unterst\u00fctzt 40G-Ethernet-Anwendungen bis zu 2 km \u00fcber Singlemode-Glasfaser.<\/span><\/span><\/p>\n<hr \/>\n<p><strong>QSFP+, LR4L, 1310nm, 40G, 2km, SMF\/LC, C-Temp, DDM<\/strong><\/p>","protected":false},"featured_media":27517,"template":"","meta":{"_acf_changed":false,"content-type":"","site-sidebar-layout":"default","site-content-layout":"default","ast-site-content-layout":"default","site-content-style":"default","site-sidebar-style":"default","ast-global-header-display":"","ast-banner-title-visibility":"","ast-main-header-display":"","ast-hfb-above-header-display":"","ast-hfb-below-header-display":"","ast-hfb-mobile-header-display":"","site-post-title":"","ast-breadcrumbs-content":"","ast-featured-img":"","footer-sml-layout":"","ast-disable-related-posts":"","theme-transparent-header-meta":"default","adv-header-id-meta":"","stick-header-meta":"","header-above-stick-meta":"","header-main-stick-meta":"","header-below-stick-meta":"","astra-migrate-meta-layouts":"set","ast-page-background-enabled":"default","ast-page-background-meta":{"desktop":{"background-color":"","background-image":"","background-repeat":"repeat","background-position":"center center","background-size":"auto","background-attachment":"scroll","background-type":"","background-media":"","overlay-type":"","overlay-color":"","overlay-opacity":"","overlay-gradient":""},"tablet":{"background-color":"","background-image":"","background-repeat":"repeat","background-position":"center center","background-size":"auto","background-attachment":"scroll","background-type":"","background-media":"","overlay-type":"","overlay-color":"","overlay-opacity":"","overlay-gradient":""},"mobile":{"background-color":"","background-image":"","background-repeat":"repeat","background-position":"center center","background-size":"auto","background-attachment":"scroll","background-type":"","background-media":"","overlay-type":"","overlay-color":"","overlay-opacity":"","overlay-gradient":""}},"ast-content-background-meta":{"desktop":{"background-color":"var(--ast-global-color-5)","background-image":"","background-repeat":"repeat","background-position":"center center","background-size":"auto","background-attachment":"scroll","background-type":"","background-media":"","overlay-type":"","overlay-color":"","overlay-opacity":"","overlay-gradient":""},"tablet":{"background-color":"var(--ast-global-color-5)","background-image":"","background-repeat":"repeat","background-position":"center center","background-size":"auto","background-attachment":"scroll","background-type":"","background-media":"","overlay-type":"","overlay-color":"","overlay-opacity":"","overlay-gradient":""},"mobile":{"background-color":"var(--ast-global-color-5)","background-image":"","background-repeat":"repeat","background-position":"center center","background-size":"auto","background-attachment":"scroll","background-type":"","background-media":"","overlay-type":"","overlay-color":"","overlay-opacity":"","overlay-gradient":""}}},"product_brand":[],"product_cat":[300],"product_tag":[],"class_list":{"0":"post-461","1":"product","2":"type-product","3":"status-publish","4":"has-post-thumbnail","6":"product_cat-qsfp-standard","7":"desktop-align-left","8":"tablet-align-left","9":"mobile-align-left","10":"ast-product-gallery-layout-horizontal-slider","11":"ast-product-gallery-with-no-image","12":"ast-product-tabs-layout-horizontal","14":"first","15":"instock","16":"shipping-taxable","17":"purchasable","18":"product-type-simple"},"composite_virtual":false,"composite_layout":"","composite_add_to_cart_form_location":"","composite_editable_in_cart":false,"composite_sold_individually_context":"","composite_shop_price_calc":"","composite_components":[],"composite_scenarios":[],"acf":[],"_links":{"self":[{"href":"https:\/\/www.precisionot.com\/de\/wp-json\/wp\/v2\/product\/461","targetHints":{"allow":["GET"]}}],"collection":[{"href":"https:\/\/www.precisionot.com\/de\/wp-json\/wp\/v2\/product"}],"about":[{"href":"https:\/\/www.precisionot.com\/de\/wp-json\/wp\/v2\/types\/product"}],"version-history":[{"count":0,"href":"https:\/\/www.precisionot.com\/de\/wp-json\/wp\/v2\/product\/461\/revisions"}],"wp:featuredmedia":[{"embeddable":true,"href":"https:\/\/www.precisionot.com\/de\/wp-json\/wp\/v2\/media\/27517"}],"wp:attachment":[{"href":"https:\/\/www.precisionot.com\/de\/wp-json\/wp\/v2\/media?parent=461"}],"wp:term":[{"taxonomy":"product_brand","embeddable":true,"href":"https:\/\/www.precisionot.com\/de\/wp-json\/wp\/v2\/product_brand?post=461"},{"taxonomy":"product_cat","embeddable":true,"href":"https:\/\/www.precisionot.com\/de\/wp-json\/wp\/v2\/product_cat?post=461"},{"taxonomy":"product_tag","embeddable":true,"href":"https:\/\/www.precisionot.com\/de\/wp-json\/wp\/v2\/product_tag?post=461"}],"curies":[{"name":"wp","href":"https:\/\/api.w.org\/{rel}","templated":true}]}}