{"id":438,"date":"2020-10-25T17:39:10","date_gmt":"2020-10-25T21:39:10","guid":{"rendered":"https:\/\/www.precisionot.com\/?post_type=product&#038;p=438"},"modified":"2024-09-17T16:04:59","modified_gmt":"2024-09-17T20:04:59","slug":"vor-cfp-lr4","status":"publish","type":"product","link":"https:\/\/www.precisionot.com\/de\/product\/pre-cfp-lr4\/","title":{"rendered":"PRE-CFP-LR4"},"content":{"rendered":"<p><span class=\"NormalTextRun SCXW109729836 BCX0\">Das optische Transceivermodul CFP-LR4 von Precision OT wurde f\u00fcr die 100G-Ethernet-Konnektivit\u00e4t mit Fern\u00fcbertragung entwickelt und erreicht bis zu <\/span><span class=\"NormalTextRun AdvancedProofingIssueV2Themed SCXW109729836 BCX0\">10 Kilometer<\/span><span class=\"NormalTextRun SCXW109729836 BCX0\"> \u00fcber Singlemode-Glasfaser (SMF). Der Transceiver verf\u00fcgt \u00fcber Digital Diagnostics Monitoring (DDM) und EML-Sender, die eine Leistungs\u00fcberwachung in Echtzeit erm\u00f6glichen und ein proaktives Netzwerkmanagement erm\u00f6glichen.<\/span><\/p>\n<hr \/>\n<p><span class=\"NormalTextRun SCXW109729836 BCX0\">Durch das Hot-Swap-f\u00e4hige Design werden Installation und Wartung vereinfacht und es bietet Vielseitigkeit zur Verbesserung der Netzwerkinfrastruktur und -leistung bei minimalen Betriebsunterbrechungen. Der CFP-LR4 wurde f\u00fcr anspruchsvolle Netzwerkanwendungen entwickelt und bietet hervorragende Signalintegrit\u00e4t und geringe Latenz, wodurch auch bei hohem Datenverkehr eine reibungslose Leistung gew\u00e4hrleistet wird. <\/span><span class=\"NormalTextRun SCXW109729836 BCX0\">Es ist<\/span><span class=\"NormalTextRun SCXW109729836 BCX0\"> eine ideale L\u00f6sung f\u00fcr Rechenzentrumsverbindungen \u00fcber gro\u00dfe Entfernungen, Metronetze und Unternehmensnetzwerkumgebungen, die eine schnelle und zuverl\u00e4ssige Kommunikation erfordern.<\/span><\/p>","protected":false},"excerpt":{"rendered":"<p><span class=\"TextRun SCXW198330265 BCX0\" lang=\"EN-US\" xml:lang=\"EN-US\" data-contrast=\"none\"><span class=\"NormalTextRun SCXW198330265 BCX0\">Das optische Transceivermodul CFP-LR4 wurde f\u00fcr die 100G-Ethernet-Konnektivit\u00e4t mit Fern\u00fcbertragung entwickelt und kann <\/span><span class=\"NormalTextRun ContextualSpellingAndGrammarErrorV2Themed SCXW198330265 BCX0\">Reichweite von<\/span><span class=\"NormalTextRun SCXW198330265 BCX0\"> bis zu <\/span><span class=\"NormalTextRun AdvancedProofingIssueV2Themed SCXW198330265 BCX0\">10 Kilometer<\/span><span class=\"NormalTextRun SCXW198330265 BCX0\"> \u00fcber Singlemode-Glasfasern.\u00a0<\/span><\/span><span class=\"EOP SCXW198330265 BCX0\" data-ccp-props=\"{&quot;134233117&quot;:false,&quot;134233118&quot;:false,&quot;201341983&quot;:0,&quot;335557856&quot;:16777215,&quot;335559738&quot;:0,&quot;335559739&quot;:0,&quot;335559740&quot;:279}\">\u00a0<\/span><\/p>\n<hr \/>\n<p><strong>CFP, LR4, LWDM, 100 G, 10 km, SMF\/LC, C-Temp, DDM<\/strong><\/p>","protected":false},"featured_media":26322,"template":"","meta":{"_acf_changed":false,"content-type":"","site-sidebar-layout":"default","site-content-layout":"default","ast-site-content-layout":"default","site-content-style":"default","site-sidebar-style":"default","ast-global-header-display":"","ast-banner-title-visibility":"","ast-main-header-display":"","ast-hfb-above-header-display":"","ast-hfb-below-header-display":"","ast-hfb-mobile-header-display":"","site-post-title":"","ast-breadcrumbs-content":"","ast-featured-img":"","footer-sml-layout":"","ast-disable-related-posts":"","theme-transparent-header-meta":"default","adv-header-id-meta":"","stick-header-meta":"","header-above-stick-meta":"","header-main-stick-meta":"","header-below-stick-meta":"","astra-migrate-meta-layouts":"set","ast-page-background-enabled":"default","ast-page-background-meta":{"desktop":{"background-color":"","background-image":"","background-repeat":"repeat","background-position":"center center","background-size":"auto","background-attachment":"scroll","background-type":"","background-media":"","overlay-type":"","overlay-color":"","overlay-opacity":"","overlay-gradient":""},"tablet":{"background-color":"","background-image":"","background-repeat":"repeat","background-position":"center center","background-size":"auto","background-attachment":"scroll","background-type":"","background-media":"","overlay-type":"","overlay-color":"","overlay-opacity":"","overlay-gradient":""},"mobile":{"background-color":"","background-image":"","background-repeat":"repeat","background-position":"center center","background-size":"auto","background-attachment":"scroll","background-type":"","background-media":"","overlay-type":"","overlay-color":"","overlay-opacity":"","overlay-gradient":""}},"ast-content-background-meta":{"desktop":{"background-color":"var(--ast-global-color-5)","background-image":"","background-repeat":"repeat","background-position":"center center","background-size":"auto","background-attachment":"scroll","background-type":"","background-media":"","overlay-type":"","overlay-color":"","overlay-opacity":"","overlay-gradient":""},"tablet":{"background-color":"var(--ast-global-color-5)","background-image":"","background-repeat":"repeat","background-position":"center center","background-size":"auto","background-attachment":"scroll","background-type":"","background-media":"","overlay-type":"","overlay-color":"","overlay-opacity":"","overlay-gradient":""},"mobile":{"background-color":"var(--ast-global-color-5)","background-image":"","background-repeat":"repeat","background-position":"center center","background-size":"auto","background-attachment":"scroll","background-type":"","background-media":"","overlay-type":"","overlay-color":"","overlay-opacity":"","overlay-gradient":""}}},"product_brand":[],"product_cat":[295],"product_tag":[],"class_list":{"0":"post-438","1":"product","2":"type-product","3":"status-publish","4":"has-post-thumbnail","6":"product_cat-cfp-standard","7":"desktop-align-left","8":"tablet-align-left","9":"mobile-align-left","10":"ast-product-gallery-layout-horizontal-slider","11":"ast-product-gallery-with-no-image","12":"ast-product-tabs-layout-horizontal","14":"first","15":"instock","16":"shipping-taxable","17":"purchasable","18":"product-type-simple"},"composite_virtual":false,"composite_layout":"","composite_add_to_cart_form_location":"","composite_editable_in_cart":false,"composite_sold_individually_context":"","composite_shop_price_calc":"","composite_components":[],"composite_scenarios":[],"acf":[],"_links":{"self":[{"href":"https:\/\/www.precisionot.com\/de\/wp-json\/wp\/v2\/product\/438","targetHints":{"allow":["GET"]}}],"collection":[{"href":"https:\/\/www.precisionot.com\/de\/wp-json\/wp\/v2\/product"}],"about":[{"href":"https:\/\/www.precisionot.com\/de\/wp-json\/wp\/v2\/types\/product"}],"version-history":[{"count":0,"href":"https:\/\/www.precisionot.com\/de\/wp-json\/wp\/v2\/product\/438\/revisions"}],"wp:featuredmedia":[{"embeddable":true,"href":"https:\/\/www.precisionot.com\/de\/wp-json\/wp\/v2\/media\/26322"}],"wp:attachment":[{"href":"https:\/\/www.precisionot.com\/de\/wp-json\/wp\/v2\/media?parent=438"}],"wp:term":[{"taxonomy":"product_brand","embeddable":true,"href":"https:\/\/www.precisionot.com\/de\/wp-json\/wp\/v2\/product_brand?post=438"},{"taxonomy":"product_cat","embeddable":true,"href":"https:\/\/www.precisionot.com\/de\/wp-json\/wp\/v2\/product_cat?post=438"},{"taxonomy":"product_tag","embeddable":true,"href":"https:\/\/www.precisionot.com\/de\/wp-json\/wp\/v2\/product_tag?post=438"}],"curies":[{"name":"wp","href":"https:\/\/api.w.org\/{rel}","templated":true}]}}