{"id":416,"date":"2020-10-25T17:18:49","date_gmt":"2020-10-25T21:18:49","guid":{"rendered":"https:\/\/www.precisionot.com\/?post_type=product&#038;p=416"},"modified":"2024-09-18T15:19:04","modified_gmt":"2024-09-18T19:19:04","slug":"vor-qsfp28-fr","status":"publish","type":"product","link":"https:\/\/www.precisionot.com\/de\/product\/pre-qsfp28-fr\/","title":{"rendered":"PRE-QSFP28-FR"},"content":{"rendered":"<p>Das optische Transceivermodul QSFP28-FR erm\u00f6glicht 100G-Ethernet-\u00dcbertragung \u00fcber Entfernungen von bis zu 2 Kilometern mithilfe von Singlemode-Glasfasern (SMF) mit LC-Duplex-Anschl\u00fcssen. Dieses Modul arbeitet bei einer Wellenl\u00e4nge von 1310 nm und ist f\u00fcr die Daten\u00fcbertragung \u00fcber mittlere Entfernungen optimiert.<\/p>\n<hr \/>\n<p>Es ist mit QSFP56DD- bis 4x100G-Verbindungen kompatibel und stellt damit eine ideale L\u00f6sung f\u00fcr Hochleistungs-Rechenzentren und Telekommunikationsanwendungen dar. Das Hot-Swap-f\u00e4hige Design gew\u00e4hrleistet eine nahtlose Integration oder einen nahtlosen Austausch ohne Dienstunterbrechung, und der energieeffiziente Betrieb des Moduls tr\u00e4gt zur Reduzierung des Stromverbrauchs bei, was es zu einer kosteng\u00fcnstigen L\u00f6sung f\u00fcr Hochgeschwindigkeitsnetzwerke macht.<\/p>","protected":false},"excerpt":{"rendered":"<p>Der optische Transceiver QSFP28-FR unterst\u00fctzt 100G-Ethernet \u00fcber Singlemode-Glasfaser mit einer Reichweite von bis zu 2 Kilometern und ist mit QSFP56DD- bis 4x100G-Verbindungen kompatibel.<\/p>\n<hr \/>\n<p class=\"p2\"><strong>QSFP28, FR, 1310 nm, 100 G, 2 km, SMF\/LC<\/strong><\/p>","protected":false},"featured_media":25683,"template":"","meta":{"_acf_changed":false,"content-type":"","site-sidebar-layout":"default","site-content-layout":"default","ast-site-content-layout":"default","site-content-style":"default","site-sidebar-style":"default","ast-global-header-display":"","ast-banner-title-visibility":"","ast-main-header-display":"","ast-hfb-above-header-display":"","ast-hfb-below-header-display":"","ast-hfb-mobile-header-display":"","site-post-title":"","ast-breadcrumbs-content":"","ast-featured-img":"","footer-sml-layout":"","ast-disable-related-posts":"","theme-transparent-header-meta":"default","adv-header-id-meta":"","stick-header-meta":"","header-above-stick-meta":"","header-main-stick-meta":"","header-below-stick-meta":"","astra-migrate-meta-layouts":"set","ast-page-background-enabled":"default","ast-page-background-meta":{"desktop":{"background-color":"","background-image":"","background-repeat":"repeat","background-position":"center center","background-size":"auto","background-attachment":"scroll","background-type":"","background-media":"","overlay-type":"","overlay-color":"","overlay-opacity":"","overlay-gradient":""},"tablet":{"background-color":"","background-image":"","background-repeat":"repeat","background-position":"center center","background-size":"auto","background-attachment":"scroll","background-type":"","background-media":"","overlay-type":"","overlay-color":"","overlay-opacity":"","overlay-gradient":""},"mobile":{"background-color":"","background-image":"","background-repeat":"repeat","background-position":"center center","background-size":"auto","background-attachment":"scroll","background-type":"","background-media":"","overlay-type":"","overlay-color":"","overlay-opacity":"","overlay-gradient":""}},"ast-content-background-meta":{"desktop":{"background-color":"var(--ast-global-color-5)","background-image":"","background-repeat":"repeat","background-position":"center center","background-size":"auto","background-attachment":"scroll","background-type":"","background-media":"","overlay-type":"","overlay-color":"","overlay-opacity":"","overlay-gradient":""},"tablet":{"background-color":"var(--ast-global-color-5)","background-image":"","background-repeat":"repeat","background-position":"center center","background-size":"auto","background-attachment":"scroll","background-type":"","background-media":"","overlay-type":"","overlay-color":"","overlay-opacity":"","overlay-gradient":""},"mobile":{"background-color":"var(--ast-global-color-5)","background-image":"","background-repeat":"repeat","background-position":"center center","background-size":"auto","background-attachment":"scroll","background-type":"","background-media":"","overlay-type":"","overlay-color":"","overlay-opacity":"","overlay-gradient":""}}},"product_brand":[],"product_cat":[292],"product_tag":[],"class_list":{"0":"post-416","1":"product","2":"type-product","3":"status-publish","4":"has-post-thumbnail","6":"product_cat-qsfp28-single-wave","7":"desktop-align-left","8":"tablet-align-left","9":"mobile-align-left","10":"ast-product-gallery-layout-horizontal-slider","11":"ast-product-gallery-with-no-image","12":"ast-product-tabs-layout-horizontal","14":"first","15":"instock","16":"shipping-taxable","17":"purchasable","18":"product-type-simple"},"composite_virtual":false,"composite_layout":"","composite_add_to_cart_form_location":"","composite_editable_in_cart":false,"composite_sold_individually_context":"","composite_shop_price_calc":"","composite_components":[],"composite_scenarios":[],"acf":[],"_links":{"self":[{"href":"https:\/\/www.precisionot.com\/de\/wp-json\/wp\/v2\/product\/416","targetHints":{"allow":["GET"]}}],"collection":[{"href":"https:\/\/www.precisionot.com\/de\/wp-json\/wp\/v2\/product"}],"about":[{"href":"https:\/\/www.precisionot.com\/de\/wp-json\/wp\/v2\/types\/product"}],"version-history":[{"count":0,"href":"https:\/\/www.precisionot.com\/de\/wp-json\/wp\/v2\/product\/416\/revisions"}],"wp:featuredmedia":[{"embeddable":true,"href":"https:\/\/www.precisionot.com\/de\/wp-json\/wp\/v2\/media\/25683"}],"wp:attachment":[{"href":"https:\/\/www.precisionot.com\/de\/wp-json\/wp\/v2\/media?parent=416"}],"wp:term":[{"taxonomy":"product_brand","embeddable":true,"href":"https:\/\/www.precisionot.com\/de\/wp-json\/wp\/v2\/product_brand?post=416"},{"taxonomy":"product_cat","embeddable":true,"href":"https:\/\/www.precisionot.com\/de\/wp-json\/wp\/v2\/product_cat?post=416"},{"taxonomy":"product_tag","embeddable":true,"href":"https:\/\/www.precisionot.com\/de\/wp-json\/wp\/v2\/product_tag?post=416"}],"curies":[{"name":"wp","href":"https:\/\/api.w.org\/{rel}","templated":true}]}}