{"id":407,"date":"2020-10-25T17:13:05","date_gmt":"2020-10-25T21:13:05","guid":{"rendered":"https:\/\/www.precisionot.com\/?post_type=product&#038;p=407"},"modified":"2024-09-18T11:38:14","modified_gmt":"2024-09-18T15:38:14","slug":"vor-qsfp28-cwdm4","status":"publish","type":"product","link":"https:\/\/www.precisionot.com\/de\/product\/pre-qsfp28-cwdm4\/","title":{"rendered":"PRE-QSFP28-CWDM4"},"content":{"rendered":"<p class=\"p2\">Das optische Transceivermodul QSFP28-CWDM4 ist f\u00fcr die 100G-Ethernet-\u00dcbertragung im Nahbereich unter Verwendung der Coarse Wavelength Division Multiplexing-Technologie (CWDM) konzipiert. Dieser Transceiver unterst\u00fctzt Entfernungen von bis zu 2 Kilometern \u00fcber Singlemode-Glasfasern (SMF) mit LC-Duplex-Anschl\u00fcssen und ist ideal f\u00fcr Rechenzentren und Unternehmensanwendungen, die eine leistungsstarke Konnektivit\u00e4t erfordern.<\/p>\n<hr \/>\n<p class=\"p2\">Der CWDM4-Transceiver arbeitet \u00fcber vier Wellenl\u00e4ngen und nutzt die Kapazit\u00e4t der Glasfaser effizient aus, w\u00e4hrend gleichzeitig ein minimaler Signalverlust gew\u00e4hrleistet wird. Dank der integrierten digitalen Diagnose\u00fcberwachung (DDM) k\u00f6nnen Benutzer auf Leistungsdaten in Echtzeit zugreifen, um den Netzwerkzustand zu \u00fcberwachen und den Betrieb zu optimieren. Das Hot-Swap-Design des Moduls gew\u00e4hrleistet eine schnelle und einfache Integration oder einen schnellen Austausch ohne Beeintr\u00e4chtigung der Netzwerkleistung, w\u00e4hrend der geringe Stromverbrauch die Energieeffizienz verbessert.<\/p>","protected":false},"excerpt":{"rendered":"<p>Das optische Transceivermodul QSFP28-CWDM4 unterst\u00fctzt 100G-Ethernet \u00fcber Singlemode-Glasfaser, optimiert f\u00fcr Entfernungen von bis zu 2 Kilometern.<\/p>\n<hr \/>\n<p class=\"p2\"><strong>QSFP28, CWDM4, 100G, 2 km, SMF\/LC<\/strong><\/p>","protected":false},"featured_media":26806,"template":"","meta":{"_acf_changed":false,"content-type":"","site-sidebar-layout":"default","site-content-layout":"default","ast-site-content-layout":"default","site-content-style":"default","site-sidebar-style":"default","ast-global-header-display":"","ast-banner-title-visibility":"","ast-main-header-display":"","ast-hfb-above-header-display":"","ast-hfb-below-header-display":"","ast-hfb-mobile-header-display":"","site-post-title":"","ast-breadcrumbs-content":"","ast-featured-img":"","footer-sml-layout":"","ast-disable-related-posts":"","theme-transparent-header-meta":"default","adv-header-id-meta":"","stick-header-meta":"","header-above-stick-meta":"","header-main-stick-meta":"","header-below-stick-meta":"","astra-migrate-meta-layouts":"set","ast-page-background-enabled":"default","ast-page-background-meta":{"desktop":{"background-color":"","background-image":"","background-repeat":"repeat","background-position":"center center","background-size":"auto","background-attachment":"scroll","background-type":"","background-media":"","overlay-type":"","overlay-color":"","overlay-opacity":"","overlay-gradient":""},"tablet":{"background-color":"","background-image":"","background-repeat":"repeat","background-position":"center center","background-size":"auto","background-attachment":"scroll","background-type":"","background-media":"","overlay-type":"","overlay-color":"","overlay-opacity":"","overlay-gradient":""},"mobile":{"background-color":"","background-image":"","background-repeat":"repeat","background-position":"center center","background-size":"auto","background-attachment":"scroll","background-type":"","background-media":"","overlay-type":"","overlay-color":"","overlay-opacity":"","overlay-gradient":""}},"ast-content-background-meta":{"desktop":{"background-color":"var(--ast-global-color-5)","background-image":"","background-repeat":"repeat","background-position":"center center","background-size":"auto","background-attachment":"scroll","background-type":"","background-media":"","overlay-type":"","overlay-color":"","overlay-opacity":"","overlay-gradient":""},"tablet":{"background-color":"var(--ast-global-color-5)","background-image":"","background-repeat":"repeat","background-position":"center center","background-size":"auto","background-attachment":"scroll","background-type":"","background-media":"","overlay-type":"","overlay-color":"","overlay-opacity":"","overlay-gradient":""},"mobile":{"background-color":"var(--ast-global-color-5)","background-image":"","background-repeat":"repeat","background-position":"center center","background-size":"auto","background-attachment":"scroll","background-type":"","background-media":"","overlay-type":"","overlay-color":"","overlay-opacity":"","overlay-gradient":""}}},"product_brand":[],"product_cat":[290],"product_tag":[],"class_list":{"0":"post-407","1":"product","2":"type-product","3":"status-publish","4":"has-post-thumbnail","6":"product_cat-qsfp28-standard","7":"desktop-align-left","8":"tablet-align-left","9":"mobile-align-left","10":"ast-product-gallery-layout-horizontal-slider","11":"ast-product-gallery-with-no-image","12":"ast-product-tabs-layout-horizontal","14":"first","15":"instock","16":"shipping-taxable","17":"purchasable","18":"product-type-simple"},"composite_virtual":false,"composite_layout":"","composite_add_to_cart_form_location":"","composite_editable_in_cart":false,"composite_sold_individually_context":"","composite_shop_price_calc":"","composite_components":[],"composite_scenarios":[],"acf":[],"_links":{"self":[{"href":"https:\/\/www.precisionot.com\/de\/wp-json\/wp\/v2\/product\/407","targetHints":{"allow":["GET"]}}],"collection":[{"href":"https:\/\/www.precisionot.com\/de\/wp-json\/wp\/v2\/product"}],"about":[{"href":"https:\/\/www.precisionot.com\/de\/wp-json\/wp\/v2\/types\/product"}],"version-history":[{"count":0,"href":"https:\/\/www.precisionot.com\/de\/wp-json\/wp\/v2\/product\/407\/revisions"}],"wp:featuredmedia":[{"embeddable":true,"href":"https:\/\/www.precisionot.com\/de\/wp-json\/wp\/v2\/media\/26806"}],"wp:attachment":[{"href":"https:\/\/www.precisionot.com\/de\/wp-json\/wp\/v2\/media?parent=407"}],"wp:term":[{"taxonomy":"product_brand","embeddable":true,"href":"https:\/\/www.precisionot.com\/de\/wp-json\/wp\/v2\/product_brand?post=407"},{"taxonomy":"product_cat","embeddable":true,"href":"https:\/\/www.precisionot.com\/de\/wp-json\/wp\/v2\/product_cat?post=407"},{"taxonomy":"product_tag","embeddable":true,"href":"https:\/\/www.precisionot.com\/de\/wp-json\/wp\/v2\/product_tag?post=407"}],"curies":[{"name":"wp","href":"https:\/\/api.w.org\/{rel}","templated":true}]}}