{"id":3953,"date":"2021-02-09T09:46:02","date_gmt":"2021-02-09T14:46:02","guid":{"rendered":"https:\/\/www.precisionot.com\/?post_type=product&#038;p=3953"},"modified":"2024-09-19T14:23:16","modified_gmt":"2024-09-19T18:23:16","slug":"vor-sfp25g-lrl","status":"publish","type":"product","link":"https:\/\/www.precisionot.com\/de\/product\/pre-sfp25g-lrl\/","title":{"rendered":"PRE-SFP25G-LRL"},"content":{"rendered":"<p><span class=\"NormalTextRun SCXW26241545 BCX0\">Das optische Transceivermodul SFP25G-LRL unterst\u00fctzt 25G-Ethernet-\u00dcbertragung \u00fcber Entfernungen von bis zu <\/span><span class=\"NormalTextRun AdvancedProofingIssueV2Themed SCXW26241545 BCX0\">300 Meter<\/span><span class=\"NormalTextRun SCXW26241545 BCX0\"> unter Verwendung von Singlemode-Glasfasern (SMF) mit LC-Duplex-Anschl\u00fcssen. Dieses Modul arbeitet bei einer Wellenl\u00e4nge von 1310 nm und ist f\u00fcr Anwendungen mit kurzer bis mittlerer Reichweite in Rechenzentren, Unternehmensnetzwerken und Telekommunikationsumgebungen konzipiert.<\/span><\/p>\n<hr \/>\n<p><span class=\"NormalTextRun SCXW26241545 BCX0\">Es ist sowohl in den Varianten f\u00fcr kommerzielle Temperaturen (C-temp) als auch f\u00fcr industrielle Temperaturen (I-temp) erh\u00e4ltlich und bietet zuverl\u00e4ssige Leistung unter verschiedenen Betriebsbedingungen. Das Modul verf\u00fcgt \u00fcber eine integrierte digitale Diagnose\u00fcberwachung (DDM) zur Leistungsverfolgung in Echtzeit, die eine effiziente Netzwerkverwaltung erm\u00f6glicht. <\/span><span class=\"NormalTextRun ContextualSpellingAndGrammarErrorV2Themed SCXW26241545 BCX0\">Es ist<\/span><span class=\"NormalTextRun SCXW26241545 BCX0\"> Das Hot-Swap-Design erm\u00f6glicht eine einfache Integration oder einen einfachen Austausch ohne Unterbrechung des Netzwerkbetriebs.<\/span><\/p>","protected":false},"excerpt":{"rendered":"<p><span class=\"TextRun SCXW79954803 BCX0\" lang=\"EN-US\" xml:lang=\"EN-US\" data-contrast=\"auto\"><span class=\"NormalTextRun SCXW79954803 BCX0\">Der optische Transceiver SFP25G-LRL unterst\u00fctzt 25G Ethernet \u00fcber Singlemode-Glasfaser mit einer Reichweite von bis zu <\/span><span class=\"NormalTextRun AdvancedProofingIssueV2Themed SCXW79954803 BCX0\">300 Meter<\/span><span class=\"NormalTextRun SCXW79954803 BCX0\"> mit einer Wellenl\u00e4nge von 1310 nm, verf\u00fcgbar in den Varianten C-Temp und I-Temp.<\/span><\/span><span class=\"EOP SCXW79954803 BCX0\" data-ccp-props=\"{&quot;134233117&quot;:false,&quot;134233118&quot;:false,&quot;201341983&quot;:0,&quot;335557856&quot;:16777215,&quot;335559738&quot;:0,&quot;335559739&quot;:0,&quot;335559740&quot;:279}\">\u00a0<\/span><\/p>\n<hr \/>\n<p><strong>SFP28, LRL, 1310nm, 25G, 300m, SMF\/LC, C-Temp\/I-Temp, DDM<\/strong><\/p>","protected":false},"featured_media":27585,"template":"","meta":{"_acf_changed":false,"content-type":"","site-sidebar-layout":"default","site-content-layout":"default","ast-site-content-layout":"default","site-content-style":"default","site-sidebar-style":"default","ast-global-header-display":"","ast-banner-title-visibility":"","ast-main-header-display":"","ast-hfb-above-header-display":"","ast-hfb-below-header-display":"","ast-hfb-mobile-header-display":"","site-post-title":"","ast-breadcrumbs-content":"","ast-featured-img":"","footer-sml-layout":"","ast-disable-related-posts":"","theme-transparent-header-meta":"default","adv-header-id-meta":"","stick-header-meta":"","header-above-stick-meta":"","header-main-stick-meta":"","header-below-stick-meta":"","astra-migrate-meta-layouts":"set","ast-page-background-enabled":"default","ast-page-background-meta":{"desktop":{"background-color":"","background-image":"","background-repeat":"repeat","background-position":"center center","background-size":"auto","background-attachment":"scroll","background-type":"","background-media":"","overlay-type":"","overlay-color":"","overlay-opacity":"","overlay-gradient":""},"tablet":{"background-color":"","background-image":"","background-repeat":"repeat","background-position":"center center","background-size":"auto","background-attachment":"scroll","background-type":"","background-media":"","overlay-type":"","overlay-color":"","overlay-opacity":"","overlay-gradient":""},"mobile":{"background-color":"","background-image":"","background-repeat":"repeat","background-position":"center center","background-size":"auto","background-attachment":"scroll","background-type":"","background-media":"","overlay-type":"","overlay-color":"","overlay-opacity":"","overlay-gradient":""}},"ast-content-background-meta":{"desktop":{"background-color":"var(--ast-global-color-5)","background-image":"","background-repeat":"repeat","background-position":"center center","background-size":"auto","background-attachment":"scroll","background-type":"","background-media":"","overlay-type":"","overlay-color":"","overlay-opacity":"","overlay-gradient":""},"tablet":{"background-color":"var(--ast-global-color-5)","background-image":"","background-repeat":"repeat","background-position":"center center","background-size":"auto","background-attachment":"scroll","background-type":"","background-media":"","overlay-type":"","overlay-color":"","overlay-opacity":"","overlay-gradient":""},"mobile":{"background-color":"var(--ast-global-color-5)","background-image":"","background-repeat":"repeat","background-position":"center center","background-size":"auto","background-attachment":"scroll","background-type":"","background-media":"","overlay-type":"","overlay-color":"","overlay-opacity":"","overlay-gradient":""}}},"product_brand":[],"product_cat":[305],"product_tag":[],"class_list":{"0":"post-3953","1":"product","2":"type-product","3":"status-publish","4":"has-post-thumbnail","6":"product_cat-sfp28-standard","7":"desktop-align-left","8":"tablet-align-left","9":"mobile-align-left","10":"ast-product-gallery-layout-horizontal-slider","11":"ast-product-gallery-with-no-image","12":"ast-product-tabs-layout-horizontal","14":"first","15":"instock","16":"shipping-taxable","17":"purchasable","18":"product-type-simple"},"composite_virtual":false,"composite_layout":"","composite_add_to_cart_form_location":"","composite_editable_in_cart":false,"composite_sold_individually_context":"","composite_shop_price_calc":"","composite_components":[],"composite_scenarios":[],"acf":[],"_links":{"self":[{"href":"https:\/\/www.precisionot.com\/de\/wp-json\/wp\/v2\/product\/3953","targetHints":{"allow":["GET"]}}],"collection":[{"href":"https:\/\/www.precisionot.com\/de\/wp-json\/wp\/v2\/product"}],"about":[{"href":"https:\/\/www.precisionot.com\/de\/wp-json\/wp\/v2\/types\/product"}],"version-history":[{"count":0,"href":"https:\/\/www.precisionot.com\/de\/wp-json\/wp\/v2\/product\/3953\/revisions"}],"wp:featuredmedia":[{"embeddable":true,"href":"https:\/\/www.precisionot.com\/de\/wp-json\/wp\/v2\/media\/27585"}],"wp:attachment":[{"href":"https:\/\/www.precisionot.com\/de\/wp-json\/wp\/v2\/media?parent=3953"}],"wp:term":[{"taxonomy":"product_brand","embeddable":true,"href":"https:\/\/www.precisionot.com\/de\/wp-json\/wp\/v2\/product_brand?post=3953"},{"taxonomy":"product_cat","embeddable":true,"href":"https:\/\/www.precisionot.com\/de\/wp-json\/wp\/v2\/product_cat?post=3953"},{"taxonomy":"product_tag","embeddable":true,"href":"https:\/\/www.precisionot.com\/de\/wp-json\/wp\/v2\/product_tag?post=3953"}],"curies":[{"name":"wp","href":"https:\/\/api.w.org\/{rel}","templated":true}]}}