{"id":3849,"date":"2021-01-22T12:11:28","date_gmt":"2021-01-22T17:11:28","guid":{"rendered":"https:\/\/www.precisionot.com\/?post_type=product&#038;p=3849"},"modified":"2025-01-27T08:56:58","modified_gmt":"2025-01-27T13:56:58","slug":"vor-sfp25g-b2332-30i","status":"publish","type":"product","link":"https:\/\/www.precisionot.com\/de\/product\/pre-sfp25g-b2332-30i\/","title":{"rendered":"PRE-SFP25G-B23(32)-30(I)"},"content":{"rendered":"<p><span class=\"NormalTextRun SCXW188547227 BCX0\">Das optische Transceivermodul SFP25G-B23(32)-30(I) unterst\u00fctzt 25G Ethernet-\u00dcbertragung \u00fcber Entfernungen von bis zu <\/span><span class=\"NormalTextRun AdvancedProofingIssueV2Themed SCXW188547227 BCX0\">30 Kilometer<\/span><span class=\"NormalTextRun SCXW188547227 BCX0\"> mit bidirektionaler (BIDI) Technologie. Mit 1270nm <\/span><span class=\"NormalTextRun ContextualSpellingAndGrammarErrorV2Themed SCXW188547227 BCX0\">\u00fcbertragen<\/span><span class=\"NormalTextRun SCXW188547227 BCX0\"> (Tx) und 1310 nm Empfangswellenl\u00e4ngen (Rx) erm\u00f6glicht dieses Modul eine effiziente Daten\u00fcbertragung und -empfang \u00fcber eine einzige Faser und maximiert so die <\/span><span class=\"NormalTextRun SCXW188547227 BCX0\">Verwendung<\/span><span class=\"NormalTextRun SCXW188547227 BCX0\"> f\u00fcr Langstreckenanwendungen.<\/span><\/p>\n<hr \/>\n<p><span class=\"NormalTextRun SCXW188547227 BCX0\">Es ist sowohl in den Varianten f\u00fcr kommerzielle Temperaturen (C-temp) als auch f\u00fcr industrielle Temperaturen (I-temp) erh\u00e4ltlich und ist f\u00fcr zuverl\u00e4ssige Leistung in einer Vielzahl von Netzwerkumgebungen ausgelegt, darunter Rechenzentren, Unternehmensnetzwerke und Telekommunikationsinfrastrukturen. Das Hot-Swap-Design erm\u00f6glicht eine schnelle und einfache Integration oder einen schnellen Austausch, ohne den Netzwerkbetrieb zu unterbrechen.<\/span><\/p>","protected":false},"excerpt":{"rendered":"<p><span class=\"NormalTextRun SCXW190526511 BCX0\">The SFP25G-B23(32)-30(I) optical transceiver supports 25G Ethernet over single-mode fiber with a reach of up to <\/span><span class=\"NormalTextRun AdvancedProofingIssueV2Themed SCXW190526511 BCX0\">30 kilometers<\/span><span class=\"NormalTextRun SCXW190526511 BCX0\"> using BIDI technology with 1270nm Tx and 1310nm Rx wavelengths.<\/span><\/p>\n<hr \/>\n<article class=\"w-full text-token-text-primary focus-visible:outline-2 focus-visible:outline-offset-[-4px]\" dir=\"auto\" data-testid=\"conversation-turn-110\" data-scroll-anchor=\"false\">\n<div class=\"text-base py-[18px] px-3 md:px-4 m-auto w-full md:px-5 lg:px-4 xl:px-5\">\n<div class=\"mx-auto flex flex-1 gap-4 text-base md:gap-5 lg:gap-6 md:max-w-3xl lg:max-w-[40rem] xl:max-w-[48rem]\">\n<div class=\"group\/conversation-turn relative flex w-full min-w-0 flex-col\">\n<div class=\"flex-col gap-1 md:gap-3\">\n<div class=\"flex max-w-full flex-col flex-grow\">\n<div class=\"min-h-[20px] text-message flex w-full flex-col items-end gap-2 whitespace-normal break-words [.text-message+&amp;]:mt-5\" dir=\"auto\" data-message-author-role=\"user\" data-message-id=\"aaa28e11-56da-4a88-a7f9-0e67789a0889\">\n<div class=\"flex w-full flex-col gap-1 empty:hidden items-end rtl:items-start\">\n<div class=\"relative max-w-[70%] rounded-3xl px-5 py-2.5 bg-[#f4f4f4] dark:bg-token-main-surface-secondary\">\n<div class=\"whitespace-pre-wrap\"><strong>SFP28, BIDI, 1270 Tx\/1310 Rx, SMF, 30km, 25Gbps, C-Temp\/I-Temp<\/strong><\/div>\n<\/div>\n<\/div>\n<\/div>\n<\/div>\n<\/div>\n<\/div>\n<\/div>\n<\/div>\n<\/article>\n","protected":false},"featured_media":3870,"template":"","meta":{"_acf_changed":false,"content-type":"","site-sidebar-layout":"default","site-content-layout":"default","ast-site-content-layout":"default","site-content-style":"default","site-sidebar-style":"default","ast-global-header-display":"","ast-banner-title-visibility":"","ast-main-header-display":"","ast-hfb-above-header-display":"","ast-hfb-below-header-display":"","ast-hfb-mobile-header-display":"","site-post-title":"","ast-breadcrumbs-content":"","ast-featured-img":"","footer-sml-layout":"","ast-disable-related-posts":"","theme-transparent-header-meta":"default","adv-header-id-meta":"","stick-header-meta":"","header-above-stick-meta":"","header-main-stick-meta":"","header-below-stick-meta":"","astra-migrate-meta-layouts":"set","ast-page-background-enabled":"default","ast-page-background-meta":{"desktop":{"background-color":"","background-image":"","background-repeat":"repeat","background-position":"center center","background-size":"auto","background-attachment":"scroll","background-type":"","background-media":"","overlay-type":"","overlay-color":"","overlay-opacity":"","overlay-gradient":""},"tablet":{"background-color":"","background-image":"","background-repeat":"repeat","background-position":"center center","background-size":"auto","background-attachment":"scroll","background-type":"","background-media":"","overlay-type":"","overlay-color":"","overlay-opacity":"","overlay-gradient":""},"mobile":{"background-color":"","background-image":"","background-repeat":"repeat","background-position":"center center","background-size":"auto","background-attachment":"scroll","background-type":"","background-media":"","overlay-type":"","overlay-color":"","overlay-opacity":"","overlay-gradient":""}},"ast-content-background-meta":{"desktop":{"background-color":"var(--ast-global-color-5)","background-image":"","background-repeat":"repeat","background-position":"center center","background-size":"auto","background-attachment":"scroll","background-type":"","background-media":"","overlay-type":"","overlay-color":"","overlay-opacity":"","overlay-gradient":""},"tablet":{"background-color":"var(--ast-global-color-5)","background-image":"","background-repeat":"repeat","background-position":"center center","background-size":"auto","background-attachment":"scroll","background-type":"","background-media":"","overlay-type":"","overlay-color":"","overlay-opacity":"","overlay-gradient":""},"mobile":{"background-color":"var(--ast-global-color-5)","background-image":"","background-repeat":"repeat","background-position":"center center","background-size":"auto","background-attachment":"scroll","background-type":"","background-media":"","overlay-type":"","overlay-color":"","overlay-opacity":"","overlay-gradient":""}}},"product_brand":[],"product_cat":[257],"product_tag":[],"class_list":{"0":"post-3849","1":"product","2":"type-product","3":"status-publish","4":"has-post-thumbnail","6":"product_cat-25g-sfp28-bidirectional","7":"desktop-align-left","8":"tablet-align-left","9":"mobile-align-left","10":"ast-product-gallery-layout-horizontal-slider","11":"ast-product-gallery-with-no-image","12":"ast-product-tabs-layout-horizontal","14":"first","15":"instock","16":"shipping-taxable","17":"purchasable","18":"product-type-simple"},"composite_virtual":false,"composite_layout":"","composite_add_to_cart_form_location":"","composite_editable_in_cart":false,"composite_sold_individually_context":"","composite_shop_price_calc":"","composite_components":[],"composite_scenarios":[],"acf":[],"_links":{"self":[{"href":"https:\/\/www.precisionot.com\/de\/wp-json\/wp\/v2\/product\/3849","targetHints":{"allow":["GET"]}}],"collection":[{"href":"https:\/\/www.precisionot.com\/de\/wp-json\/wp\/v2\/product"}],"about":[{"href":"https:\/\/www.precisionot.com\/de\/wp-json\/wp\/v2\/types\/product"}],"version-history":[{"count":0,"href":"https:\/\/www.precisionot.com\/de\/wp-json\/wp\/v2\/product\/3849\/revisions"}],"wp:featuredmedia":[{"embeddable":true,"href":"https:\/\/www.precisionot.com\/de\/wp-json\/wp\/v2\/media\/3870"}],"wp:attachment":[{"href":"https:\/\/www.precisionot.com\/de\/wp-json\/wp\/v2\/media?parent=3849"}],"wp:term":[{"taxonomy":"product_brand","embeddable":true,"href":"https:\/\/www.precisionot.com\/de\/wp-json\/wp\/v2\/product_brand?post=3849"},{"taxonomy":"product_cat","embeddable":true,"href":"https:\/\/www.precisionot.com\/de\/wp-json\/wp\/v2\/product_cat?post=3849"},{"taxonomy":"product_tag","embeddable":true,"href":"https:\/\/www.precisionot.com\/de\/wp-json\/wp\/v2\/product_tag?post=3849"}],"curies":[{"name":"wp","href":"https:\/\/api.w.org\/{rel}","templated":true}]}}