{"id":3848,"date":"2021-01-22T12:09:21","date_gmt":"2021-01-22T17:09:21","guid":{"rendered":"https:\/\/www.precisionot.com\/?post_type=product&#038;p=3848"},"modified":"2025-09-18T16:41:13","modified_gmt":"2025-09-18T20:41:13","slug":"vor-sfp25g-b2332-20i","status":"publish","type":"product","link":"https:\/\/www.precisionot.com\/de\/product\/pre-sfp25g-b2332-20i\/","title":{"rendered":"PRE-SFP25G-B23(32)-20(I)"},"content":{"rendered":"<p><span class=\"NormalTextRun SCXW86215321 BCX0\">Das optische Transceivermodul SFP25G-B23(32)-20(I) unterst\u00fctzt 25G Ethernet-\u00dcbertragung \u00fcber Entfernungen von bis zu <\/span><span class=\"NormalTextRun AdvancedProofingIssueV2Themed SCXW86215321 BCX0\">20 Kilometer<\/span><span class=\"NormalTextRun SCXW86215321 BCX0\"> mit bidirektionaler (BIDI) Technologie. Dieses Modul <\/span><span class=\"NormalTextRun SCXW86215321 BCX0\">betreibt<\/span><span class=\"NormalTextRun SCXW86215321 BCX0\"> auf dualen Wellenl\u00e4ngen, 1270 nm und 1330 nm, was eine effiziente Daten\u00fcbertragung und -empfang \u00fcber eine einzige Faser erm\u00f6glicht, <\/span><span class=\"NormalTextRun SCXW86215321 BCX0\">Optimierung<\/span><span class=\"NormalTextRun SCXW86215321 BCX0\"> Glasfasernutzung f\u00fcr Langstreckenanwendungen.<\/span><\/p>\n<hr \/>\n<p><span class=\"NormalTextRun SCXW86215321 BCX0\">Es ist sowohl in den Varianten f\u00fcr kommerzielle Temperaturen (C-temp) als auch f\u00fcr industrielle Temperaturen (I-temp) erh\u00e4ltlich und eignet sich ideal f\u00fcr Rechenzentren, Unternehmensnetzwerke und Telekommunikationsumgebungen. Die integrierte digitale Diagnose\u00fcberwachung (DDM) bietet eine Leistungs\u00fcberwachung in Echtzeit und erm\u00f6glicht so eine proaktive Netzwerkverwaltung. <\/span><span class=\"NormalTextRun ContextualSpellingAndGrammarErrorV2Themed SCXW86215321 BCX0\">Es ist<\/span><span class=\"NormalTextRun SCXW86215321 BCX0\"> Das Hot-Swap-Design gew\u00e4hrleistet eine schnelle und einfache Integration oder einen Austausch ohne Dienstunterbrechung.<\/span><\/p>","protected":false},"excerpt":{"rendered":"<p><span class=\"NormalTextRun SCXW117472414 BCX0\">Der optische Transceiver SFP25G-B23(32)-20(I) unterst\u00fctzt 25G Ethernet \u00fcber Singlemode-Glasfaser mit einer Reichweite von bis zu <\/span><span class=\"NormalTextRun AdvancedProofingIssueV2Themed SCXW117472414 BCX0\">20 Kilometer<\/span><span class=\"NormalTextRun SCXW117472414 BCX0\"> unter Verwendung der BIDI-Technologie mit Wellenl\u00e4ngen von 1270\/1330\u00a0nm.<\/span><\/p>\n<hr \/>\n<p><strong>SFP28, LR, BIDI, 1270\/1330 nm (1330\/1270 nm), 25 G, 20 km, SMF\/LC, C-Temp (I-Temp), DDM<\/strong><\/p>","protected":false},"featured_media":32643,"template":"","meta":{"_acf_changed":false,"content-type":"","site-sidebar-layout":"default","site-content-layout":"default","ast-site-content-layout":"default","site-content-style":"default","site-sidebar-style":"default","ast-global-header-display":"","ast-banner-title-visibility":"","ast-main-header-display":"","ast-hfb-above-header-display":"","ast-hfb-below-header-display":"","ast-hfb-mobile-header-display":"","site-post-title":"","ast-breadcrumbs-content":"","ast-featured-img":"","footer-sml-layout":"","ast-disable-related-posts":"","theme-transparent-header-meta":"default","adv-header-id-meta":"","stick-header-meta":"","header-above-stick-meta":"","header-main-stick-meta":"","header-below-stick-meta":"","astra-migrate-meta-layouts":"set","ast-page-background-enabled":"default","ast-page-background-meta":{"desktop":{"background-color":"","background-image":"","background-repeat":"repeat","background-position":"center center","background-size":"auto","background-attachment":"scroll","background-type":"","background-media":"","overlay-type":"","overlay-color":"","overlay-opacity":"","overlay-gradient":""},"tablet":{"background-color":"","background-image":"","background-repeat":"repeat","background-position":"center center","background-size":"auto","background-attachment":"scroll","background-type":"","background-media":"","overlay-type":"","overlay-color":"","overlay-opacity":"","overlay-gradient":""},"mobile":{"background-color":"","background-image":"","background-repeat":"repeat","background-position":"center center","background-size":"auto","background-attachment":"scroll","background-type":"","background-media":"","overlay-type":"","overlay-color":"","overlay-opacity":"","overlay-gradient":""}},"ast-content-background-meta":{"desktop":{"background-color":"var(--ast-global-color-5)","background-image":"","background-repeat":"repeat","background-position":"center center","background-size":"auto","background-attachment":"scroll","background-type":"","background-media":"","overlay-type":"","overlay-color":"","overlay-opacity":"","overlay-gradient":""},"tablet":{"background-color":"var(--ast-global-color-5)","background-image":"","background-repeat":"repeat","background-position":"center center","background-size":"auto","background-attachment":"scroll","background-type":"","background-media":"","overlay-type":"","overlay-color":"","overlay-opacity":"","overlay-gradient":""},"mobile":{"background-color":"var(--ast-global-color-5)","background-image":"","background-repeat":"repeat","background-position":"center center","background-size":"auto","background-attachment":"scroll","background-type":"","background-media":"","overlay-type":"","overlay-color":"","overlay-opacity":"","overlay-gradient":""}}},"product_brand":[],"product_cat":[257],"product_tag":[],"class_list":{"0":"post-3848","1":"product","2":"type-product","3":"status-publish","4":"has-post-thumbnail","6":"product_cat-25g-sfp28-bidirectional","7":"desktop-align-left","8":"tablet-align-left","9":"mobile-align-left","10":"ast-product-gallery-layout-horizontal-slider","11":"ast-product-gallery-with-no-image","12":"ast-product-tabs-layout-horizontal","14":"first","15":"instock","16":"shipping-taxable","17":"purchasable","18":"product-type-simple"},"composite_virtual":false,"composite_layout":"","composite_add_to_cart_form_location":"","composite_editable_in_cart":false,"composite_sold_individually_context":"","composite_shop_price_calc":"","composite_components":[],"composite_scenarios":[],"acf":[],"_links":{"self":[{"href":"https:\/\/www.precisionot.com\/de\/wp-json\/wp\/v2\/product\/3848","targetHints":{"allow":["GET"]}}],"collection":[{"href":"https:\/\/www.precisionot.com\/de\/wp-json\/wp\/v2\/product"}],"about":[{"href":"https:\/\/www.precisionot.com\/de\/wp-json\/wp\/v2\/types\/product"}],"version-history":[{"count":0,"href":"https:\/\/www.precisionot.com\/de\/wp-json\/wp\/v2\/product\/3848\/revisions"}],"wp:featuredmedia":[{"embeddable":true,"href":"https:\/\/www.precisionot.com\/de\/wp-json\/wp\/v2\/media\/32643"}],"wp:attachment":[{"href":"https:\/\/www.precisionot.com\/de\/wp-json\/wp\/v2\/media?parent=3848"}],"wp:term":[{"taxonomy":"product_brand","embeddable":true,"href":"https:\/\/www.precisionot.com\/de\/wp-json\/wp\/v2\/product_brand?post=3848"},{"taxonomy":"product_cat","embeddable":true,"href":"https:\/\/www.precisionot.com\/de\/wp-json\/wp\/v2\/product_cat?post=3848"},{"taxonomy":"product_tag","embeddable":true,"href":"https:\/\/www.precisionot.com\/de\/wp-json\/wp\/v2\/product_tag?post=3848"}],"curies":[{"name":"wp","href":"https:\/\/api.w.org\/{rel}","templated":true}]}}