{"id":3842,"date":"2021-01-22T11:07:23","date_gmt":"2021-01-22T16:07:23","guid":{"rendered":"https:\/\/www.precisionot.com\/?post_type=product&#038;p=3842"},"modified":"2024-09-19T15:31:10","modified_gmt":"2024-09-19T19:31:10","slug":"vor-sfp25g-b2332-10i","status":"publish","type":"product","link":"https:\/\/www.precisionot.com\/de\/product\/pre-sfp25g-b2332-10i\/","title":{"rendered":"PRE-SFP25G-B23(32)-10(I)"},"content":{"rendered":"<p><span class=\"NormalTextRun SCXW112848630 BCX0\">Das optische Transceivermodul SFP25G-B23(32)-10(I) unterst\u00fctzt 25G Ethernet-\u00dcbertragung \u00fcber Entfernungen von bis zu <\/span><span class=\"NormalTextRun AdvancedProofingIssueV2Themed SCXW112848630 BCX0\">10 Kilometer<\/span><span class=\"NormalTextRun SCXW112848630 BCX0\"> mit bidirektionaler (BIDI) Technologie. Dieses Modul <\/span><span class=\"NormalTextRun SCXW112848630 BCX0\">betreibt<\/span><span class=\"NormalTextRun SCXW112848630 BCX0\"> auf dualen Wellenl\u00e4ngen, 1270 nm und 1330 nm, was die Daten\u00fcbertragung und den Empfang \u00fcber eine einzige Faser erm\u00f6glicht, <\/span><span class=\"NormalTextRun SCXW112848630 BCX0\">Optimierung<\/span><span class=\"NormalTextRun SCXW112848630 BCX0\"> Glasfasernutzung f\u00fcr hocheffiziente Netzwerke.<\/span><\/p>\n<hr \/>\n<p><span class=\"NormalTextRun SCXW112848630 BCX0\">Es ist sowohl in den Varianten f\u00fcr kommerzielle Temperaturen (C-temp) als auch f\u00fcr industrielle Temperaturen (I-temp) erh\u00e4ltlich und f\u00fcr den vielseitigen Einsatz in Rechenzentren, Unternehmensnetzwerken und Telekommunikationsanwendungen konzipiert. Das integrierte Digital Diagnostics Monitoring (DDM) bietet eine Leistungs\u00fcberwachung in Echtzeit und erm\u00f6glicht so eine proaktive Netzwerkverwaltung. <\/span><span class=\"NormalTextRun ContextualSpellingAndGrammarErrorV2Themed SCXW112848630 BCX0\">Es ist<\/span><span class=\"NormalTextRun SCXW112848630 BCX0\"> Das Hot-Swap-Design erm\u00f6glicht eine schnelle und einfache Integration oder einen Austausch ohne Dienstunterbrechung.<\/span><\/p>","protected":false},"excerpt":{"rendered":"<p><span class=\"NormalTextRun SCXW85009339 BCX0\">Der optische Transceiver SFP25G-B23(32)-10(I) unterst\u00fctzt 25G Ethernet \u00fcber Singlemode-Glasfaser mit einer Reichweite von bis zu <\/span><span class=\"NormalTextRun AdvancedProofingIssueV2Themed SCXW85009339 BCX0\">10 Kilometer<\/span><span class=\"NormalTextRun SCXW85009339 BCX0\"> unter Verwendung der BIDI-Technologie mit Wellenl\u00e4ngen von 1270\/1330\u00a0nm.<\/span><\/p>\n<hr \/>\n<p><strong>SFP28, LR, BIDI, 1270\/1330 nm (1330\/1270 nm), 25 G, 10 km, SMF\/LC, C-Temp (I-Temp), DDM<\/strong><\/p>","protected":false},"featured_media":13131,"template":"","meta":{"_acf_changed":false,"content-type":"","site-sidebar-layout":"default","site-content-layout":"default","ast-site-content-layout":"default","site-content-style":"default","site-sidebar-style":"default","ast-global-header-display":"","ast-banner-title-visibility":"","ast-main-header-display":"","ast-hfb-above-header-display":"","ast-hfb-below-header-display":"","ast-hfb-mobile-header-display":"","site-post-title":"","ast-breadcrumbs-content":"","ast-featured-img":"","footer-sml-layout":"","ast-disable-related-posts":"","theme-transparent-header-meta":"default","adv-header-id-meta":"","stick-header-meta":"","header-above-stick-meta":"","header-main-stick-meta":"","header-below-stick-meta":"","astra-migrate-meta-layouts":"set","ast-page-background-enabled":"default","ast-page-background-meta":{"desktop":{"background-color":"","background-image":"","background-repeat":"repeat","background-position":"center center","background-size":"auto","background-attachment":"scroll","background-type":"","background-media":"","overlay-type":"","overlay-color":"","overlay-opacity":"","overlay-gradient":""},"tablet":{"background-color":"","background-image":"","background-repeat":"repeat","background-position":"center center","background-size":"auto","background-attachment":"scroll","background-type":"","background-media":"","overlay-type":"","overlay-color":"","overlay-opacity":"","overlay-gradient":""},"mobile":{"background-color":"","background-image":"","background-repeat":"repeat","background-position":"center center","background-size":"auto","background-attachment":"scroll","background-type":"","background-media":"","overlay-type":"","overlay-color":"","overlay-opacity":"","overlay-gradient":""}},"ast-content-background-meta":{"desktop":{"background-color":"var(--ast-global-color-5)","background-image":"","background-repeat":"repeat","background-position":"center center","background-size":"auto","background-attachment":"scroll","background-type":"","background-media":"","overlay-type":"","overlay-color":"","overlay-opacity":"","overlay-gradient":""},"tablet":{"background-color":"var(--ast-global-color-5)","background-image":"","background-repeat":"repeat","background-position":"center center","background-size":"auto","background-attachment":"scroll","background-type":"","background-media":"","overlay-type":"","overlay-color":"","overlay-opacity":"","overlay-gradient":""},"mobile":{"background-color":"var(--ast-global-color-5)","background-image":"","background-repeat":"repeat","background-position":"center center","background-size":"auto","background-attachment":"scroll","background-type":"","background-media":"","overlay-type":"","overlay-color":"","overlay-opacity":"","overlay-gradient":""}}},"product_brand":[],"product_cat":[257],"product_tag":[],"class_list":{"0":"post-3842","1":"product","2":"type-product","3":"status-publish","4":"has-post-thumbnail","6":"product_cat-25g-sfp28-bidirectional","7":"desktop-align-left","8":"tablet-align-left","9":"mobile-align-left","10":"ast-product-gallery-layout-horizontal-slider","11":"ast-product-gallery-with-no-image","12":"ast-product-tabs-layout-horizontal","14":"first","15":"instock","16":"shipping-taxable","17":"purchasable","18":"product-type-simple"},"composite_virtual":false,"composite_layout":"","composite_add_to_cart_form_location":"","composite_editable_in_cart":false,"composite_sold_individually_context":"","composite_shop_price_calc":"","composite_components":[],"composite_scenarios":[],"acf":[],"_links":{"self":[{"href":"https:\/\/www.precisionot.com\/de\/wp-json\/wp\/v2\/product\/3842","targetHints":{"allow":["GET"]}}],"collection":[{"href":"https:\/\/www.precisionot.com\/de\/wp-json\/wp\/v2\/product"}],"about":[{"href":"https:\/\/www.precisionot.com\/de\/wp-json\/wp\/v2\/types\/product"}],"version-history":[{"count":0,"href":"https:\/\/www.precisionot.com\/de\/wp-json\/wp\/v2\/product\/3842\/revisions"}],"wp:featuredmedia":[{"embeddable":true,"href":"https:\/\/www.precisionot.com\/de\/wp-json\/wp\/v2\/media\/13131"}],"wp:attachment":[{"href":"https:\/\/www.precisionot.com\/de\/wp-json\/wp\/v2\/media?parent=3842"}],"wp:term":[{"taxonomy":"product_brand","embeddable":true,"href":"https:\/\/www.precisionot.com\/de\/wp-json\/wp\/v2\/product_brand?post=3842"},{"taxonomy":"product_cat","embeddable":true,"href":"https:\/\/www.precisionot.com\/de\/wp-json\/wp\/v2\/product_cat?post=3842"},{"taxonomy":"product_tag","embeddable":true,"href":"https:\/\/www.precisionot.com\/de\/wp-json\/wp\/v2\/product_tag?post=3842"}],"curies":[{"name":"wp","href":"https:\/\/api.w.org\/{rel}","templated":true}]}}