{"id":33517,"date":"2026-01-30T11:15:37","date_gmt":"2026-01-30T16:15:37","guid":{"rendered":"https:\/\/www.precisionot.com\/?post_type=product&#038;p=33517"},"modified":"2026-02-19T13:48:20","modified_gmt":"2026-02-19T18:48:20","slug":"glasfaser-extrusions-ummantelungsdienste","status":"publish","type":"product","link":"https:\/\/www.precisionot.com\/de\/product\/fiber-optic-extrusion-upjacketing-services\/","title":{"rendered":"Glasfaser-Extrusions-\/Ummantelungsdienste"},"content":{"rendered":"<p>Precision OT\/Opticonx bietet umfassende Extrusions- und Ummantelungsdienstleistungen f\u00fcr kundenspezifische Glasfaserl\u00f6sungen. Wir verarbeiten nahezu alle Fasertypen und realisieren Ihre individuellen Anforderungen. Unser Ingenieurteam begleitet Sie von der ersten Idee \u00fcber die Konstruktion bis hin zur Fertigung. Zu unseren Leistungen geh\u00f6ren das Puffern, Verkabeln und Ummanteln verschiedenster Fasern.<\/p>\n<p>Mit langj\u00e4hriger Erfahrung und hoher Flexibilit\u00e4t in der Fertigung entwickelt und produziert Precision OT\/Opticonx kundenspezifische Glasfaserkabel nach Ihren individuellen Anforderungen und Spezifikationen f\u00fcr Ihre Anwendung und Ihren Verwendungszweck. Wir verwenden daf\u00fcr sowohl unsere eigenen als auch von Ihnen bereitgestellte Fasern. Kleinserien sind willkommen, und wir bieten Ihnen gerne eine Designberatung an.<\/p>\n<p><strong><u>Zu den Optionen geh\u00f6ren:<\/u><\/strong><\/p>\n<ul>\n<li>Vom Kunden bereitgestellte Glasfaser<\/li>\n<li>Faseranzahl von 1 \u2013 72<\/li>\n<li>Fasertypen: OM1 \u2013 OM5 Multimode, OS2 Singlemode und polarisationserhaltende Fasern.<\/li>\n<li>Dicht gepufferte, lose Rohr-, Flach- und aufrollbare B\u00e4nder und andere Fasertypen<\/li>\n<li>UL-gelistete ONFR- und OFNP-, LSZH-, Indoor\/Outdoor-Jacken<\/li>\n<li>Hybrid-Multimode-\/Singlemode-Konstruktionen<\/li>\n<li>Individuelle Farbgebung und Jackendruck<\/li>\n<\/ul>\n<p><strong><u>F\u00e4higkeiten:<\/u><\/strong><\/p>\n<ul>\n<li>Pufferung optischer Fasern<\/li>\n<li>Ummantelung von optischen Fasern<\/li>\n<li>Verkabelung von Glasfasern<\/li>\n<li>F\u00e4rbung von Glasfasern<\/li>\n<li>Furkationsrohr<\/li>\n<li>F\u00e4higkeit zur Verarbeitung eines breiten Spektrums von Materialien<\/li>\n<li>Standard- und Sonderwerkzeuge<\/li>\n<li>Kleinserien und Produktionsmengen<\/li>\n<li>Standard- und Sonderfarben<\/li>\n<li>Benutzerdefinierte Drucklegenden und Beschriftung<\/li>\n<\/ul>\n<p><strong><u>Verf\u00fcgbare Jacke (Au\u00dfenschlauch), Materialien:<\/u><\/strong><\/p>\n<ul>\n<li>\u00a0PVDF, KYNAR FLEX\u00ae 2950-05 Standard Mod, KYNAR FLEX\u00ae 2850-00 High Mod<\/li>\n<li>TPE, Hytrel\u00ae 6356 Standard, auch 5556, 7246 oder 8238<\/li>\n<li>LDPE, (Polyethylen), Borstar\u00ae LE8706<\/li>\n<li>Nylon, Vestamid\u00ae L2101F Nylon 12<\/li>\n<li>FR-PVC (flammhemmendes Polyvinylchlorid), Westlake Global Compounds\u2122<sup>\u00a0<\/sup>19463<\/li>\n<li>Plenum-PVC, FireGUARD\u00ae 910A-26-NL oder 910A-48-NL<\/li>\n<li>LSZH Polyolefin (HFFR TPO), MtegrityPlus\u2122 2545<\/li>\n<li>LSZH Polyurethan (HFFR TPU), HFC 9140<\/li>\n<li>CPE, GEON\u00ae Flex 1335 CPE Schwarz ODER<\/li>\n<\/ul>\n<p><strong><u>Verf\u00fcgbare Materialien f\u00fcr Fahrradschl\u00e4uche:<\/u><\/strong><\/p>\n<ul>\n<li>Polypropylen, Borealis BC545MO<\/li>\n<li>PVDF, KYNAR FLEX\u00ae 2950-05 Standard Mod, KYNAR FLEX\u00ae 2850-00 High Mod<\/li>\n<li>TPE, Hytrel\u00ae 6356 Standard, auch 5556, 7246 oder 8238<\/li>\n<li>LDPE, (Polyethylen), Borstar\u00ae LE8706<\/li>\n<li>Nylon, Vestamid\u00ae L2101F Nylon 12<\/li>\n<\/ul>\n<p><strong><u>Auftragsfertigung:<\/u><\/strong><\/p>\n<p>Precision OT\/Opticonx bietet eine Vielzahl von optischen Auftragsfertigungsdienstleistungen an, um die Kundenanforderungen zu erf\u00fcllen, darunter:<\/p>\n<ul>\n<li>Benutzerdefinierte Konfiguration<\/li>\n<li>Private Labeling<\/li>\n<li>Kundenspezifische Etikettierung<\/li>\n<li>Kundenspezifische Verpackung<\/li>\n<li>Blindversand<\/li>\n<\/ul>\n<p><strong><u>Wichtige Hinweise zum Ummanteln von kundenseitig bereitgestellten Fasern:<\/u><\/strong><\/p>\n<ul>\n<li>F\u00fcr die Produktion werden ca. 50-100 m zus\u00e4tzliche Fasern ben\u00f6tigt (Start-\/Stopp-Prozess).<\/li>\n<li>Dieser Verkabelungsservice wird nach bestem Wissen und Gewissen durchgef\u00fchrt. Das bedeutet, dass es zwar selten vorkommt, aber die M\u00f6glichkeit besteht, dass vom Kunden bereitgestellte Glasfaser w\u00e4hrend des Verkabelungsprozesses besch\u00e4digt oder zerst\u00f6rt wird (aufgrund von Stromausf\u00e4llen\/-schwankungen oder Problemen mit der Extrusionsanlage).<\/li>\n<li>Precision OT\/Opticonx \u00fcbernimmt keine Haftung f\u00fcr die Kosten besch\u00e4digter Glasfasern.<\/li>\n<li>Precision OT\/Opticonx kann vom Kunden gelieferte Fasern nicht ersetzen, wenn ein Herstellungsfehler auftritt.<\/li>\n<li>Wenn die neue Glasfaser vom Kunden bereitgestellt wird, f\u00fchrt Precision OT\/Opticonx den Auftrag ohne zus\u00e4tzliche Kosten erneut durch.<\/li>\n<li>Die historische Ausfallrate betr\u00e4gt ~ 1%<\/li>\n<\/ul>","protected":false},"excerpt":{"rendered":"<p>PrecisionOT\/Opticonx bietet umfassende Extrusions- und Ummantelungsdienstleistungen f\u00fcr kundenspezifische Glasfaserl\u00f6sungen. Das Unternehmen unterst\u00fctzt nahezu alle Fasertypen und begleitet Produkte von der Konzeption und dem Design bis zur Fertigung. Zu den Leistungen geh\u00f6ren Pufferung, Verkabelung und Ummantelung. Dank flexibler Produktion, Unterst\u00fctzung von Kleinserien und vielf\u00e4ltiger Material- und Konstruktionsoptionen liefert Opticonx ma\u00dfgeschneiderte Glasfaserkabel, die exakt auf die jeweiligen Anwendungsanforderungen zugeschnitten sind \u2013 mit hauseigenen oder kundenseitig bereitgestellten Fasern.<\/p>","protected":false},"featured_media":33536,"template":"","meta":{"_acf_changed":false,"content-type":"","site-sidebar-layout":"default","site-content-layout":"","ast-site-content-layout":"default","site-content-style":"default","site-sidebar-style":"default","ast-global-header-display":"","ast-banner-title-visibility":"","ast-main-header-display":"","ast-hfb-above-header-display":"","ast-hfb-below-header-display":"","ast-hfb-mobile-header-display":"","site-post-title":"","ast-breadcrumbs-content":"","ast-featured-img":"","footer-sml-layout":"","ast-disable-related-posts":"","theme-transparent-header-meta":"default","adv-header-id-meta":"","stick-header-meta":"","header-above-stick-meta":"","header-main-stick-meta":"","header-below-stick-meta":"","astra-migrate-meta-layouts":"set","ast-page-background-enabled":"default","ast-page-background-meta":{"desktop":{"background-color":"","background-image":"","background-repeat":"repeat","background-position":"center center","background-size":"auto","background-attachment":"scroll","background-type":"","background-media":"","overlay-type":"","overlay-color":"","overlay-opacity":"","overlay-gradient":""},"tablet":{"background-color":"","background-image":"","background-repeat":"repeat","background-position":"center center","background-size":"auto","background-attachment":"scroll","background-type":"","background-media":"","overlay-type":"","overlay-color":"","overlay-opacity":"","overlay-gradient":""},"mobile":{"background-color":"","background-image":"","background-repeat":"repeat","background-position":"center center","background-size":"auto","background-attachment":"scroll","background-type":"","background-media":"","overlay-type":"","overlay-color":"","overlay-opacity":"","overlay-gradient":""}},"ast-content-background-meta":{"desktop":{"background-color":"var(--ast-global-color-5)","background-image":"","background-repeat":"repeat","background-position":"center center","background-size":"auto","background-attachment":"scroll","background-type":"","background-media":"","overlay-type":"","overlay-color":"","overlay-opacity":"","overlay-gradient":""},"tablet":{"background-color":"var(--ast-global-color-5)","background-image":"","background-repeat":"repeat","background-position":"center center","background-size":"auto","background-attachment":"scroll","background-type":"","background-media":"","overlay-type":"","overlay-color":"","overlay-opacity":"","overlay-gradient":""},"mobile":{"background-color":"var(--ast-global-color-5)","background-image":"","background-repeat":"repeat","background-position":"center center","background-size":"auto","background-attachment":"scroll","background-type":"","background-media":"","overlay-type":"","overlay-color":"","overlay-opacity":"","overlay-gradient":""}}},"product_brand":[],"product_cat":[437],"product_tag":[],"class_list":{"0":"post-33517","1":"product","2":"type-product","3":"status-publish","4":"has-post-thumbnail","6":"product_cat-fiber-optic-extrusion-upjacketing-services","7":"desktop-align-left","8":"tablet-align-left","9":"mobile-align-left","10":"ast-product-gallery-layout-horizontal-slider","11":"ast-product-gallery-with-no-image","12":"ast-product-tabs-layout-horizontal","14":"first","15":"instock","16":"shipping-taxable","17":"purchasable","18":"product-type-simple"},"composite_virtual":false,"composite_layout":"","composite_add_to_cart_form_location":"","composite_editable_in_cart":false,"composite_sold_individually_context":"","composite_shop_price_calc":"","composite_components":[],"composite_scenarios":[],"acf":[],"_links":{"self":[{"href":"https:\/\/www.precisionot.com\/de\/wp-json\/wp\/v2\/product\/33517","targetHints":{"allow":["GET"]}}],"collection":[{"href":"https:\/\/www.precisionot.com\/de\/wp-json\/wp\/v2\/product"}],"about":[{"href":"https:\/\/www.precisionot.com\/de\/wp-json\/wp\/v2\/types\/product"}],"version-history":[{"count":4,"href":"https:\/\/www.precisionot.com\/de\/wp-json\/wp\/v2\/product\/33517\/revisions"}],"predecessor-version":[{"id":33584,"href":"https:\/\/www.precisionot.com\/de\/wp-json\/wp\/v2\/product\/33517\/revisions\/33584"}],"wp:featuredmedia":[{"embeddable":true,"href":"https:\/\/www.precisionot.com\/de\/wp-json\/wp\/v2\/media\/33536"}],"wp:attachment":[{"href":"https:\/\/www.precisionot.com\/de\/wp-json\/wp\/v2\/media?parent=33517"}],"wp:term":[{"taxonomy":"product_brand","embeddable":true,"href":"https:\/\/www.precisionot.com\/de\/wp-json\/wp\/v2\/product_brand?post=33517"},{"taxonomy":"product_cat","embeddable":true,"href":"https:\/\/www.precisionot.com\/de\/wp-json\/wp\/v2\/product_cat?post=33517"},{"taxonomy":"product_tag","embeddable":true,"href":"https:\/\/www.precisionot.com\/de\/wp-json\/wp\/v2\/product_tag?post=33517"}],"curies":[{"name":"wp","href":"https:\/\/api.w.org\/{rel}","templated":true}]}}