{"id":33071,"date":"2025-11-06T15:42:28","date_gmt":"2025-11-06T20:42:28","guid":{"rendered":"https:\/\/www.precisionot.com\/?post_type=product&#038;p=33071"},"modified":"2025-11-14T13:56:16","modified_gmt":"2025-11-14T18:56:16","slug":"uniboot-patchkabel","status":"publish","type":"product","link":"https:\/\/www.precisionot.com\/de\/product\/uniboot-patch-cords\/","title":{"rendered":"Uniboot-Patchkabel"},"content":{"rendered":"<p>Uniboot-Patchkabel mit umschaltbarer Polarit\u00e4t verf\u00fcgen \u00fcber hochdichte, kompakte LC-Stecker und 2,0 mm Runddraht-Duplexkabel. Sie dienen zum direkten Anschluss von Switches oder Netzwerkger\u00e4ten in Glasfasernetzen oder zur Verbindung strukturierter Verkabelungssysteme innerhalb eines Glasfasernetzes. Die Polarit\u00e4t kann vor Ort schnell und werkzeuglos auf die korrekte Faserpolarit\u00e4t umgeschaltet werden.<\/p>","protected":false},"excerpt":{"rendered":"<p>Uniboot-Patchkabel mit umschaltbarer Polarit\u00e4t verf\u00fcgen \u00fcber hochdichte, kompakte LC-Stecker und 2,0 mm Runddraht-Duplexkabel. Sie dienen zum direkten Anschluss von Switches oder Netzwerkger\u00e4ten in Glasfasernetzen oder zur Verbindung strukturierter Verkabelungssysteme innerhalb eines Glasfasernetzes. Die Polarit\u00e4t kann vor Ort schnell und werkzeuglos auf die korrekte Faserpolarit\u00e4t umgeschaltet werden.<\/p>","protected":false},"featured_media":33179,"template":"","meta":{"_acf_changed":false,"content-type":"","site-sidebar-layout":"default","site-content-layout":"","ast-site-content-layout":"default","site-content-style":"default","site-sidebar-style":"default","ast-global-header-display":"","ast-banner-title-visibility":"","ast-main-header-display":"","ast-hfb-above-header-display":"","ast-hfb-below-header-display":"","ast-hfb-mobile-header-display":"","site-post-title":"","ast-breadcrumbs-content":"","ast-featured-img":"","footer-sml-layout":"","ast-disable-related-posts":"","theme-transparent-header-meta":"default","adv-header-id-meta":"","stick-header-meta":"","header-above-stick-meta":"","header-main-stick-meta":"","header-below-stick-meta":"","astra-migrate-meta-layouts":"set","ast-page-background-enabled":"default","ast-page-background-meta":{"desktop":{"background-color":"","background-image":"","background-repeat":"repeat","background-position":"center center","background-size":"auto","background-attachment":"scroll","background-type":"","background-media":"","overlay-type":"","overlay-color":"","overlay-opacity":"","overlay-gradient":""},"tablet":{"background-color":"","background-image":"","background-repeat":"repeat","background-position":"center center","background-size":"auto","background-attachment":"scroll","background-type":"","background-media":"","overlay-type":"","overlay-color":"","overlay-opacity":"","overlay-gradient":""},"mobile":{"background-color":"","background-image":"","background-repeat":"repeat","background-position":"center center","background-size":"auto","background-attachment":"scroll","background-type":"","background-media":"","overlay-type":"","overlay-color":"","overlay-opacity":"","overlay-gradient":""}},"ast-content-background-meta":{"desktop":{"background-color":"var(--ast-global-color-5)","background-image":"","background-repeat":"repeat","background-position":"center center","background-size":"auto","background-attachment":"scroll","background-type":"","background-media":"","overlay-type":"","overlay-color":"","overlay-opacity":"","overlay-gradient":""},"tablet":{"background-color":"var(--ast-global-color-5)","background-image":"","background-repeat":"repeat","background-position":"center center","background-size":"auto","background-attachment":"scroll","background-type":"","background-media":"","overlay-type":"","overlay-color":"","overlay-opacity":"","overlay-gradient":""},"mobile":{"background-color":"var(--ast-global-color-5)","background-image":"","background-repeat":"repeat","background-position":"center center","background-size":"auto","background-attachment":"scroll","background-type":"","background-media":"","overlay-type":"","overlay-color":"","overlay-opacity":"","overlay-gradient":""}}},"product_brand":[],"product_cat":[430],"product_tag":[],"class_list":{"0":"post-33071","1":"product","2":"type-product","3":"status-publish","4":"has-post-thumbnail","6":"product_cat-cable-assemblies","7":"desktop-align-left","8":"tablet-align-left","9":"mobile-align-left","10":"ast-product-gallery-layout-horizontal-slider","11":"ast-product-gallery-with-no-image","12":"ast-product-tabs-layout-horizontal","14":"first","15":"instock","16":"shipping-taxable","17":"purchasable","18":"product-type-simple"},"composite_virtual":false,"composite_layout":"","composite_add_to_cart_form_location":"","composite_editable_in_cart":false,"composite_sold_individually_context":"","composite_shop_price_calc":"","composite_components":[],"composite_scenarios":[],"acf":[],"_links":{"self":[{"href":"https:\/\/www.precisionot.com\/de\/wp-json\/wp\/v2\/product\/33071","targetHints":{"allow":["GET"]}}],"collection":[{"href":"https:\/\/www.precisionot.com\/de\/wp-json\/wp\/v2\/product"}],"about":[{"href":"https:\/\/www.precisionot.com\/de\/wp-json\/wp\/v2\/types\/product"}],"version-history":[{"count":1,"href":"https:\/\/www.precisionot.com\/de\/wp-json\/wp\/v2\/product\/33071\/revisions"}],"predecessor-version":[{"id":33180,"href":"https:\/\/www.precisionot.com\/de\/wp-json\/wp\/v2\/product\/33071\/revisions\/33180"}],"wp:featuredmedia":[{"embeddable":true,"href":"https:\/\/www.precisionot.com\/de\/wp-json\/wp\/v2\/media\/33179"}],"wp:attachment":[{"href":"https:\/\/www.precisionot.com\/de\/wp-json\/wp\/v2\/media?parent=33071"}],"wp:term":[{"taxonomy":"product_brand","embeddable":true,"href":"https:\/\/www.precisionot.com\/de\/wp-json\/wp\/v2\/product_brand?post=33071"},{"taxonomy":"product_cat","embeddable":true,"href":"https:\/\/www.precisionot.com\/de\/wp-json\/wp\/v2\/product_cat?post=33071"},{"taxonomy":"product_tag","embeddable":true,"href":"https:\/\/www.precisionot.com\/de\/wp-json\/wp\/v2\/product_tag?post=33071"}],"curies":[{"name":"wp","href":"https:\/\/api.w.org\/{rel}","templated":true}]}}