{"id":32838,"date":"2025-11-03T12:14:10","date_gmt":"2025-11-03T17:14:10","guid":{"rendered":"https:\/\/www.precisionot.com\/?post_type=product&#038;p=32838"},"modified":"2025-11-07T09:36:49","modified_gmt":"2025-11-07T14:36:49","slug":"glasfaserkoppler-splitter-zirkulatoren-isolatoren-abzweiger-losungen","status":"publish","type":"product","link":"https:\/\/www.precisionot.com\/de\/product\/fiber-optic-couplers-splitters-circulators-isolators-taps-solutions\/","title":{"rendered":"L\u00f6sungen f\u00fcr Glasfaserkoppler \/ -verteiler \/ -zirkulatoren \/ -isolatoren und -abzweiger"},"content":{"rendered":"<p>Precision OT bietet eine breite Auswahl an kundenspezifischen Glasfaserl\u00f6sungen aus Singlemode- (SM), Multimode- (MM), Spezial- und polarisationserhaltenden (PM) Fasern. Unsere Standardpakete bieten Optionen f\u00fcr die meisten Anwendungen, und unsere kundenspezifischen L\u00f6sungen erm\u00f6glichen es uns, auch anspruchsvollste Anforderungen zu erf\u00fcllen. Wir haben in den folgenden Kategorien die passende L\u00f6sung f\u00fcr Ihre Bed\u00fcrfnisse:<\/p>\n<div class=\"uls2 ul1\">\n<ul>\n<li>Koppler: Wellenl\u00e4ngenunabh\u00e4ngige Koppler (WIC), Wellenl\u00e4ngenabflachungskoppler (WFC), Wellenleiter<\/li>\n<li>Lichtteiler: Optische Lichtleiterschaltungen (PLC), Wellenleiterteiler, Schmalband<\/li>\n<li>Zirkulatoren: Optische<\/li>\n<li>Isolatoren: Optische, polarisationserhaltende Isolatoren<\/li>\n<li>Gewindebohrer: Optische, hochpr\u00e4zise<\/li>\n<li>Wellenl\u00e4ngenmultiplexverfahren (WDM), L\u00f6sungen: Kurs Wellenl\u00e4ngenmultiplexverfahren (CWDM), Dichtes Wellenl\u00e4ngenmultiplexverfahren (DWDM)<\/li>\n<\/ul>\n<\/div>\n<div class=\"uls2 ul2\"><\/div>","protected":false},"excerpt":{"rendered":"<p>Precision OT bietet eine breite Auswahl an kundenspezifischen Glasfaserl\u00f6sungen aus Singlemode- (SM), Multimode- (MM), Spezial- und polarisationserhaltenden (PM) Fasern. Unsere Standardpakete bieten Optionen f\u00fcr die meisten Anwendungen, und dank unserer kundenspezifischen Fertigungsm\u00f6glichkeiten k\u00f6nnen wir auch anspruchsvollste Anforderungen erf\u00fcllen.<\/p>","protected":false},"featured_media":33144,"template":"","meta":{"_acf_changed":false,"content-type":"","site-sidebar-layout":"default","site-content-layout":"","ast-site-content-layout":"default","site-content-style":"default","site-sidebar-style":"default","ast-global-header-display":"","ast-banner-title-visibility":"","ast-main-header-display":"","ast-hfb-above-header-display":"","ast-hfb-below-header-display":"","ast-hfb-mobile-header-display":"","site-post-title":"","ast-breadcrumbs-content":"","ast-featured-img":"","footer-sml-layout":"","ast-disable-related-posts":"","theme-transparent-header-meta":"default","adv-header-id-meta":"","stick-header-meta":"","header-above-stick-meta":"","header-main-stick-meta":"","header-below-stick-meta":"","astra-migrate-meta-layouts":"set","ast-page-background-enabled":"default","ast-page-background-meta":{"desktop":{"background-color":"","background-image":"","background-repeat":"repeat","background-position":"center center","background-size":"auto","background-attachment":"scroll","background-type":"","background-media":"","overlay-type":"","overlay-color":"","overlay-opacity":"","overlay-gradient":""},"tablet":{"background-color":"","background-image":"","background-repeat":"repeat","background-position":"center center","background-size":"auto","background-attachment":"scroll","background-type":"","background-media":"","overlay-type":"","overlay-color":"","overlay-opacity":"","overlay-gradient":""},"mobile":{"background-color":"","background-image":"","background-repeat":"repeat","background-position":"center center","background-size":"auto","background-attachment":"scroll","background-type":"","background-media":"","overlay-type":"","overlay-color":"","overlay-opacity":"","overlay-gradient":""}},"ast-content-background-meta":{"desktop":{"background-color":"var(--ast-global-color-5)","background-image":"","background-repeat":"repeat","background-position":"center center","background-size":"auto","background-attachment":"scroll","background-type":"","background-media":"","overlay-type":"","overlay-color":"","overlay-opacity":"","overlay-gradient":""},"tablet":{"background-color":"var(--ast-global-color-5)","background-image":"","background-repeat":"repeat","background-position":"center center","background-size":"auto","background-attachment":"scroll","background-type":"","background-media":"","overlay-type":"","overlay-color":"","overlay-opacity":"","overlay-gradient":""},"mobile":{"background-color":"var(--ast-global-color-5)","background-image":"","background-repeat":"repeat","background-position":"center center","background-size":"auto","background-attachment":"scroll","background-type":"","background-media":"","overlay-type":"","overlay-color":"","overlay-opacity":"","overlay-gradient":""}}},"product_brand":[],"product_cat":[426],"product_tag":[],"class_list":{"0":"post-32838","1":"product","2":"type-product","3":"status-publish","4":"has-post-thumbnail","6":"product_cat-custom-fiber-solutions","7":"desktop-align-left","8":"tablet-align-left","9":"mobile-align-left","10":"ast-product-gallery-layout-horizontal-slider","11":"ast-product-gallery-with-no-image","12":"ast-product-tabs-layout-horizontal","14":"first","15":"instock","16":"shipping-taxable","17":"purchasable","18":"product-type-simple"},"composite_virtual":false,"composite_layout":"","composite_add_to_cart_form_location":"","composite_editable_in_cart":false,"composite_sold_individually_context":"","composite_shop_price_calc":"","composite_components":[],"composite_scenarios":[],"acf":[],"_links":{"self":[{"href":"https:\/\/www.precisionot.com\/de\/wp-json\/wp\/v2\/product\/32838","targetHints":{"allow":["GET"]}}],"collection":[{"href":"https:\/\/www.precisionot.com\/de\/wp-json\/wp\/v2\/product"}],"about":[{"href":"https:\/\/www.precisionot.com\/de\/wp-json\/wp\/v2\/types\/product"}],"version-history":[{"count":2,"href":"https:\/\/www.precisionot.com\/de\/wp-json\/wp\/v2\/product\/32838\/revisions"}],"predecessor-version":[{"id":33145,"href":"https:\/\/www.precisionot.com\/de\/wp-json\/wp\/v2\/product\/32838\/revisions\/33145"}],"wp:featuredmedia":[{"embeddable":true,"href":"https:\/\/www.precisionot.com\/de\/wp-json\/wp\/v2\/media\/33144"}],"wp:attachment":[{"href":"https:\/\/www.precisionot.com\/de\/wp-json\/wp\/v2\/media?parent=32838"}],"wp:term":[{"taxonomy":"product_brand","embeddable":true,"href":"https:\/\/www.precisionot.com\/de\/wp-json\/wp\/v2\/product_brand?post=32838"},{"taxonomy":"product_cat","embeddable":true,"href":"https:\/\/www.precisionot.com\/de\/wp-json\/wp\/v2\/product_cat?post=32838"},{"taxonomy":"product_tag","embeddable":true,"href":"https:\/\/www.precisionot.com\/de\/wp-json\/wp\/v2\/product_tag?post=32838"}],"curies":[{"name":"wp","href":"https:\/\/api.w.org\/{rel}","templated":true}]}}